{"id":4095,"date":"2023-08-02T15:47:59","date_gmt":"2023-08-02T12:47:59","guid":{"rendered":"https:\/\/bergamatiyatrofestivali.com\/?page_id=4095"},"modified":"2023-08-10T10:54:55","modified_gmt":"2023-08-10T07:54:55","slug":"tuzbiber-stand-up-dogu-can","status":"publish","type":"page","link":"https:\/\/bergamatiyatrofestivali.com\/en\/tuzbiber-stand-up-dogu-can\/","title":{"rendered":"TuzBiber Stand Up &#8211; Do\u011fu Can"},"content":{"rendered":"<div class='flex_column av-8ra5it-7e829cb4e37498c31b1d3b088ac2ea15 av_one_half  avia-builder-el-0  el_before_av_one_half  avia-builder-el-first  first flex_column_div'   ><p>\n<style type=\"text\/css\" data-created_by=\"avia_inline_auto\" id=\"style-css-av-7wntvp-03103327451fd56b98c796d0ec867edc\">\n.avia-image-container.av-7wntvp-03103327451fd56b98c796d0ec867edc .av-image-caption-overlay-center{\ncolor:#ffffff;\n}\n<\/style>\n<div  class='avia-image-container av-7wntvp-03103327451fd56b98c796d0ec867edc av-styling- avia-align-center  avia-builder-el-1  el_before_av_textblock  avia-builder-el-first'  itemprop=\"image\" itemscope=\"itemscope\" itemtype=\"https:\/\/schema.org\/ImageObject\" ><div class=\"avia-image-container-inner\"><div class=\"avia-image-overlay-wrap\"><img decoding=\"async\" class='wp-image-4222 avia-img-lazy-loading-not-4222 avia_image' src=\"https:\/\/bergamatiyatrofestivali.com\/wp-content\/uploads\/2023\/08\/POST-24.jpg\" alt='' title='POST'  height=\"1080\" width=\"1080\"  itemprop=\"thumbnailUrl\" srcset=\"https:\/\/bergamatiyatrofestivali.com\/wp-content\/uploads\/2023\/08\/POST-24.jpg 1080w, https:\/\/bergamatiyatrofestivali.com\/wp-content\/uploads\/2023\/08\/POST-24-300x300.jpg 300w, https:\/\/bergamatiyatrofestivali.com\/wp-content\/uploads\/2023\/08\/POST-24-1030x1030.jpg 1030w, https:\/\/bergamatiyatrofestivali.com\/wp-content\/uploads\/2023\/08\/POST-24-80x80.jpg 80w, https:\/\/bergamatiyatrofestivali.com\/wp-content\/uploads\/2023\/08\/POST-24-768x768.jpg 768w, https:\/\/bergamatiyatrofestivali.com\/wp-content\/uploads\/2023\/08\/POST-24-12x12.jpg 12w, https:\/\/bergamatiyatrofestivali.com\/wp-content\/uploads\/2023\/08\/POST-24-36x36.jpg 36w, https:\/\/bergamatiyatrofestivali.com\/wp-content\/uploads\/2023\/08\/POST-24-180x180.jpg 180w, https:\/\/bergamatiyatrofestivali.com\/wp-content\/uploads\/2023\/08\/POST-24-705x705.jpg 705w\" sizes=\"(max-width: 1080px) 100vw, 1080px\" \/><\/div><\/div><\/div><br \/>\n<section class=\"av_textblock_section\"  itemscope=\"itemscope\" itemtype=\"https:\/\/schema.org\/CreativeWork\" ><div class='avia_textblock  av_inherit_color'  style='color:#1d1d1b; '  itemprop=\"text\" ><h2><strong>TuzBiber Stand Up<\/strong><\/h2>\n<h3><span style=\"font-weight: 400;\">Do\u011fu Can<\/span><\/h3>\n<h4><span style=\"font-weight: 400;\">13 A\u011fustos\/August Pazar-Sunday, 23:00<\/span><\/h4>\n<h5><span style=\"font-weight: 400;\">Tonoz Kendine Has Bah\u00e7e<\/span><\/h5>\n<p>Etkinlik \u00dccretsizdir.<\/p>\n<\/div><\/section><br \/>\n<div  class='hr av-578o5x-e81847a4cb4a9bc272bf8a5d46cdedcf hr-default  avia-builder-el-3  el_after_av_textblock  avia-builder-el-last'><span class='hr-inner'><span class=\"hr-inner-style\"><\/span><\/span><\/div><\/p><\/div><div class='flex_column av-3so41h-0e4fbf300e066135e57e4f7bf6f0d1c8 av_one_half  avia-builder-el-4  el_after_av_one_half  avia-builder-el-last  flex_column_div'   ><p><section class=\"av_textblock_section\"  itemscope=\"itemscope\" itemtype=\"https:\/\/schema.org\/CreativeWork\" ><div class='avia_textblock  av_inherit_color'  style='color:#1d1d1b; '  itemprop=\"text\" ><p><span style=\"font-weight: 400;\">Yepyeni g\u00f6sterisiyle seyirciyle bulu\u015fmak i\u00e7in tarif edilemez fakat anla\u015f\u0131labilir bir heyecan i\u00e7erisinde olan Do\u011fu Can, bu sefer Bergama Tiyatro Festivali\u2019ne konuk oluyor.<\/span><\/p>\n<p>&#8211;<\/p>\n<p><span style=\"font-weight: 400;\">Filled with indescribable yet understandable excitement to meet the audience with his brand new performance, Do\u011fu Can is now a guest at the Bergama Theater Festival.<\/span><\/p>\n<\/div><\/section><br \/>\n<div  class='hr av-1wgwp1-f5130e919114f14680027791788fe141 hr-default  avia-builder-el-6  el_after_av_textblock  el_before_av_textblock'><span class='hr-inner'><span class=\"hr-inner-style\"><\/span><\/span><\/div><br \/>\n<section class=\"av_textblock_section\"  itemscope=\"itemscope\" itemtype=\"https:\/\/schema.org\/CreativeWork\" ><div class='avia_textblock  av_inherit_color'  style='color:#1d1d1b; '  itemprop=\"text\" ><p><b>Etkinlik S\u00fcresi\/Event Duration: <\/b><span style=\"font-weight: 400;\">60 dk.<\/span><\/p>\n<p><b>Ya\u015f\/Age: <\/b><span style=\"font-weight: 400;\">+18<\/span><\/p>\n<\/div><\/section><\/p><\/div><\/p>","protected":false},"excerpt":{"rendered":"","protected":false},"author":2,"featured_media":0,"parent":0,"menu_order":0,"comment_status":"closed","ping_status":"closed","template":"","meta":{"footnotes":""},"class_list":["post-4095","page","type-page","status-publish","hentry"],"_links":{"self":[{"href":"https:\/\/bergamatiyatrofestivali.com\/en\/wp-json\/wp\/v2\/pages\/4095","targetHints":{"allow":["GET"]}}],"collection":[{"href":"https:\/\/bergamatiyatrofestivali.com\/en\/wp-json\/wp\/v2\/pages"}],"about":[{"href":"https:\/\/bergamatiyatrofestivali.com\/en\/wp-json\/wp\/v2\/types\/page"}],"author":[{"embeddable":true,"href":"https:\/\/bergamatiyatrofestivali.com\/en\/wp-json\/wp\/v2\/users\/2"}],"replies":[{"embeddable":true,"href":"https:\/\/bergamatiyatrofestivali.com\/en\/wp-json\/wp\/v2\/comments?post=4095"}],"version-history":[{"count":3,"href":"https:\/\/bergamatiyatrofestivali.com\/en\/wp-json\/wp\/v2\/pages\/4095\/revisions"}],"predecessor-version":[{"id":4223,"href":"https:\/\/bergamatiyatrofestivali.com\/en\/wp-json\/wp\/v2\/pages\/4095\/revisions\/4223"}],"wp:attachment":[{"href":"https:\/\/bergamatiyatrofestivali.com\/en\/wp-json\/wp\/v2\/media?parent=4095"}],"curies":[{"name":"wp","href":"https:\/\/api.w.org\/{rel}","templated":true}]}}