{"id":4088,"date":"2023-08-02T10:08:26","date_gmt":"2023-08-02T07:08:26","guid":{"rendered":"https:\/\/bergamatiyatrofestivali.com\/?page_id=4088"},"modified":"2023-08-11T01:51:51","modified_gmt":"2023-08-10T22:51:51","slug":"symphony-of-missing-room","status":"publish","type":"page","link":"https:\/\/bergamatiyatrofestivali.com\/en\/symphony-of-missing-room\/","title":{"rendered":"Symphony of a Missing Room"},"content":{"rendered":"<div class='flex_column av-8ra5it-7e829cb4e37498c31b1d3b088ac2ea15 av_one_half  avia-builder-el-0  el_before_av_one_half  avia-builder-el-first  first flex_column_div'   ><p>\n<style type=\"text\/css\" data-created_by=\"avia_inline_auto\" id=\"style-css-av-7wntvp-88e511a89b0697985411629a7c43f183\">\n.avia-image-container.av-7wntvp-88e511a89b0697985411629a7c43f183 .av-image-caption-overlay-center{\ncolor:#ffffff;\n}\n<\/style>\n<div  class='avia-image-container av-7wntvp-88e511a89b0697985411629a7c43f183 av-styling- avia-align-center  avia-builder-el-1  el_before_av_textblock  avia-builder-el-first'  itemprop=\"image\" itemscope=\"itemscope\" itemtype=\"https:\/\/schema.org\/ImageObject\" ><div class=\"avia-image-container-inner\"><div class=\"avia-image-overlay-wrap\"><img decoding=\"async\" class='wp-image-4200 avia-img-lazy-loading-not-4200 avia_image' src=\"https:\/\/bergamatiyatrofestivali.com\/wp-content\/uploads\/2023\/08\/POST-21.jpg\" alt='' title='POST'  height=\"1080\" width=\"1080\"  itemprop=\"thumbnailUrl\" srcset=\"https:\/\/bergamatiyatrofestivali.com\/wp-content\/uploads\/2023\/08\/POST-21.jpg 1080w, https:\/\/bergamatiyatrofestivali.com\/wp-content\/uploads\/2023\/08\/POST-21-300x300.jpg 300w, https:\/\/bergamatiyatrofestivali.com\/wp-content\/uploads\/2023\/08\/POST-21-1030x1030.jpg 1030w, https:\/\/bergamatiyatrofestivali.com\/wp-content\/uploads\/2023\/08\/POST-21-80x80.jpg 80w, https:\/\/bergamatiyatrofestivali.com\/wp-content\/uploads\/2023\/08\/POST-21-768x768.jpg 768w, https:\/\/bergamatiyatrofestivali.com\/wp-content\/uploads\/2023\/08\/POST-21-12x12.jpg 12w, https:\/\/bergamatiyatrofestivali.com\/wp-content\/uploads\/2023\/08\/POST-21-36x36.jpg 36w, https:\/\/bergamatiyatrofestivali.com\/wp-content\/uploads\/2023\/08\/POST-21-180x180.jpg 180w, https:\/\/bergamatiyatrofestivali.com\/wp-content\/uploads\/2023\/08\/POST-21-705x705.jpg 705w\" sizes=\"(max-width: 1080px) 100vw, 1080px\" \/><\/div><\/div><\/div><br \/>\n<section class=\"av_textblock_section\"  itemscope=\"itemscope\" itemtype=\"https:\/\/schema.org\/CreativeWork\" ><div class='avia_textblock  av_inherit_color'  style='color:#1d1d1b; '  itemprop=\"text\" ><h2><strong>Symphony of a M\u0131ss\u0131ng Room<\/strong><\/h2>\n<h3><span style=\"font-weight: 400;\">Lundahl &amp; Seitl<\/span><\/h3>\n<h4><span style=\"font-weight: 400;\">12 A\u011fustos\/August Cumartesi-Saturday, 17:00<\/span><\/h4>\n<h4><span style=\"font-weight: 400;\">12 A\u011fustos\/August Cumartesi-Saturday, 19:00<\/span><\/h4>\n<h5><span style=\"font-weight: 400;\">Asclepion<\/span><\/h5>\n<h4><span style=\"font-weight: 400;\">13 A\u011fustos\/August Cumartesi-Saturday, 17:30<\/span><\/h4>\n<h4><span style=\"font-weight: 400;\">13 A\u011fustos\/August Cumartesi-Saturday, 19:00<\/span><\/h4>\n<h5><span style=\"font-weight: 400;\">Akropol<\/span><\/h5>\n<p>*Etkinlik \u00dccretsizdir.<\/p>\n<\/div><\/section><br \/>\n<div  class='hr av-578o5x-e81847a4cb4a9bc272bf8a5d46cdedcf hr-default  avia-builder-el-3  el_after_av_textblock  avia-builder-el-last'><span class='hr-inner'><span class=\"hr-inner-style\"><\/span><\/span><\/div><\/p><\/div>\n<div class='flex_column av-3so41h-0e4fbf300e066135e57e4f7bf6f0d1c8 av_one_half  avia-builder-el-4  el_after_av_one_half  avia-builder-el-last  flex_column_div'   ><p><section class=\"av_textblock_section\"  itemscope=\"itemscope\" itemtype=\"https:\/\/schema.org\/CreativeWork\" ><div class='avia_textblock  av_inherit_color'  style='color:#1d1d1b; '  itemprop=\"text\" ><p><span style=\"font-weight: 400;\">Kay\u0131p Odan\u0131n Senfonisi, mek\u00e2na duyarl\u0131 bir sanat eseri olup, s\u00fcrekli olarak d\u00f6n\u00fc\u015f\u00fcme u\u011frayan bir bile\u015fimdir.<\/span><\/p>\n<p><span style=\"font-weight: 400;\">Kay\u0131p Odan\u0131n Senfonisi&#8217;nde, d\u00fcnyayla aran\u0131zdaki duyusal aray\u00fcz eksiktir. G\u00f6rmeyen bir g\u00f6zl\u00fck takarak, g\u00f6r\u00fcnmeyen bir sanat\u00e7\u0131 taraf\u0131ndan harekete y\u00f6nlendirilirsiniz. \u00dc\u00e7 boyutlu bir ses ve hassas bir koreografi, g\u00f6rsel ve i\u015fitsel organlar ile derinin sinirleri aras\u0131ndaki s\u00fcrt\u00fcnmede, bedenin sinir sistemi ile hayal edilen mek\u00e2n aras\u0131nda \u00e7ok duyulu bir ba\u011flay\u0131c\u0131 d\u00f6ng\u00fc yarat\u0131r.<\/span><\/p>\n<p>*Festival s\u00fcresince etkinli\u011fin ger\u00e7ekle\u015fece\u011fi iki g\u00fcn de 7 adet seans yap\u0131lacak.<br \/>\n**Her yar\u0131m saatte bir seanslar ba\u015flayacak ve 20 dakikal\u0131k s\u00fcrecek.<br \/>\n***Etkinli\u011fe kat\u0131l\u0131m her seans i\u00e7in 5 ki\u015fi ile s\u0131n\u0131rl\u0131 ve kat\u0131l\u0131m s\u0131ras\u0131 kat\u0131l\u0131mc\u0131lar\u0131n geli\u015f s\u0131ras\u0131na g\u00f6re olacak.<\/p>\n<p><strong>Seanslar:<\/strong><br \/>\n12 A\u011fustos Cumartesi (Asklepion): 17:00, 17:30, 18:00,18:30, 19:00, 19:30, 20:00<br \/>\n13 A\u011fustos Pazar (Akropol): 17:30, 18:00, 18:30, 19:00, 19:30, 20:00, 20:30<\/p>\n<p>&#8211;<\/p>\n<p><span style=\"font-weight: 400;\">Symphony of a Missing Room is a site-sensitive artwork, a composite that is constantly mutated. The piece has been continuously adapted and reconfigured to various new contexts.\u00a0<\/span><\/p>\n<p><span style=\"font-weight: 400;\">In Symphony of a Missing Room, your sensory interface to the world is incomplete. Wearing sightless goggles, you are led into movement by an unseen performer. A three-dimensional sound and precise choreography create a multisensory-binding loop between the body&#8217;s nervous system and the imagined space, in friction between visual and auditory organs and the nerves of the skin.<\/span><\/p>\n<p>*There will be 7 sessions each day on the dates event will held during the festival.<br \/>\n**There will be sessions of 20 minutes starting every thirty minutes.<br \/>\n***The capacity for each session is 5 participants and first come first serve will be followed.<\/p>\n<p><strong>Sessions:<\/strong><br \/>\nAugust 12 Saturday (Asklepion): 17:00, 17:30, 18:00,18:30, 19:00, 19:30, 20:00<br \/>\nAugust 13 Sunday (Akropol): 17:30, 18:00, 18:30, 19:00, 19:30,\u00a020:00,\u00a020:30<\/p>\n<\/div><\/section><br \/>\n<div  class='hr av-1wgwp1-f5130e919114f14680027791788fe141 hr-default  avia-builder-el-6  el_after_av_textblock  el_before_av_textblock'><span class='hr-inner'><span class=\"hr-inner-style\"><\/span><\/span><\/div><br \/>\n<section class=\"av_textblock_section\"  itemscope=\"itemscope\" itemtype=\"https:\/\/schema.org\/CreativeWork\" ><div class='avia_textblock  av_inherit_color'  style='color:#1d1d1b; '  itemprop=\"text\" ><p><b>Etkinlik S\u00fcresi\/Event Duration: <\/b><span style=\"font-weight: 400;\">20 dk.<\/span><\/p>\n<\/div><\/section><\/p><\/div>","protected":false},"excerpt":{"rendered":"","protected":false},"author":2,"featured_media":0,"parent":0,"menu_order":0,"comment_status":"closed","ping_status":"closed","template":"","meta":{"footnotes":""},"class_list":["post-4088","page","type-page","status-publish","hentry"],"_links":{"self":[{"href":"https:\/\/bergamatiyatrofestivali.com\/en\/wp-json\/wp\/v2\/pages\/4088","targetHints":{"allow":["GET"]}}],"collection":[{"href":"https:\/\/bergamatiyatrofestivali.com\/en\/wp-json\/wp\/v2\/pages"}],"about":[{"href":"https:\/\/bergamatiyatrofestivali.com\/en\/wp-json\/wp\/v2\/types\/page"}],"author":[{"embeddable":true,"href":"https:\/\/bergamatiyatrofestivali.com\/en\/wp-json\/wp\/v2\/users\/2"}],"replies":[{"embeddable":true,"href":"https:\/\/bergamatiyatrofestivali.com\/en\/wp-json\/wp\/v2\/comments?post=4088"}],"version-history":[{"count":6,"href":"https:\/\/bergamatiyatrofestivali.com\/en\/wp-json\/wp\/v2\/pages\/4088\/revisions"}],"predecessor-version":[{"id":4231,"href":"https:\/\/bergamatiyatrofestivali.com\/en\/wp-json\/wp\/v2\/pages\/4088\/revisions\/4231"}],"wp:attachment":[{"href":"https:\/\/bergamatiyatrofestivali.com\/en\/wp-json\/wp\/v2\/media?parent=4088"}],"curies":[{"name":"wp","href":"https:\/\/api.w.org\/{rel}","templated":true}]}}