{"id":4084,"date":"2023-08-02T03:32:20","date_gmt":"2023-08-02T00:32:20","guid":{"rendered":"https:\/\/bergamatiyatrofestivali.com\/?page_id=4084"},"modified":"2023-08-11T20:57:33","modified_gmt":"2023-08-11T17:57:33","slug":"altin-elma","status":"publish","type":"page","link":"https:\/\/bergamatiyatrofestivali.com\/en\/altin-elma\/","title":{"rendered":"Alt\u0131n Elma &#8220;en g\u00fczel olana&#8221;"},"content":{"rendered":"<div class='flex_column av-8ra5it-7e829cb4e37498c31b1d3b088ac2ea15 av_one_half  avia-builder-el-0  el_before_av_one_half  avia-builder-el-first  first flex_column_div'   ><p>\n<style type=\"text\/css\" data-created_by=\"avia_inline_auto\" id=\"style-css-av-7wntvp-04b26bcebb2b0d05e9e070a7fb8e564f\">\n.avia-image-container.av-7wntvp-04b26bcebb2b0d05e9e070a7fb8e564f .av-image-caption-overlay-center{\ncolor:#ffffff;\n}\n<\/style>\n<div  class='avia-image-container av-7wntvp-04b26bcebb2b0d05e9e070a7fb8e564f av-styling- avia-align-center  avia-builder-el-1  el_before_av_textblock  avia-builder-el-first'  itemprop=\"image\" itemscope=\"itemscope\" itemtype=\"https:\/\/schema.org\/ImageObject\" ><div class=\"avia-image-container-inner\"><div class=\"avia-image-overlay-wrap\"><img decoding=\"async\" class='wp-image-4121 avia-img-lazy-loading-not-4121 avia_image' src=\"https:\/\/bergamatiyatrofestivali.com\/wp-content\/uploads\/2023\/08\/POST-3.jpg\" alt='' title='POST'  height=\"1080\" width=\"1080\"  itemprop=\"thumbnailUrl\" srcset=\"https:\/\/bergamatiyatrofestivali.com\/wp-content\/uploads\/2023\/08\/POST-3.jpg 1080w, https:\/\/bergamatiyatrofestivali.com\/wp-content\/uploads\/2023\/08\/POST-3-300x300.jpg 300w, https:\/\/bergamatiyatrofestivali.com\/wp-content\/uploads\/2023\/08\/POST-3-1030x1030.jpg 1030w, https:\/\/bergamatiyatrofestivali.com\/wp-content\/uploads\/2023\/08\/POST-3-80x80.jpg 80w, https:\/\/bergamatiyatrofestivali.com\/wp-content\/uploads\/2023\/08\/POST-3-768x768.jpg 768w, https:\/\/bergamatiyatrofestivali.com\/wp-content\/uploads\/2023\/08\/POST-3-12x12.jpg 12w, https:\/\/bergamatiyatrofestivali.com\/wp-content\/uploads\/2023\/08\/POST-3-36x36.jpg 36w, https:\/\/bergamatiyatrofestivali.com\/wp-content\/uploads\/2023\/08\/POST-3-180x180.jpg 180w, https:\/\/bergamatiyatrofestivali.com\/wp-content\/uploads\/2023\/08\/POST-3-705x705.jpg 705w\" sizes=\"(max-width: 1080px) 100vw, 1080px\" \/><\/div><\/div><\/div><br \/>\n<section class=\"av_textblock_section\"  itemscope=\"itemscope\" itemtype=\"https:\/\/schema.org\/CreativeWork\" ><div class='avia_textblock  av_inherit_color'  style='color:#1d1d1b; '  itemprop=\"text\" ><h2><strong>Alt\u0131n Elma &#8220;en g\u00fczel olana&#8221;<\/strong><\/h2>\n<h3><em><strong>Golden Apple &#8220;to the most beautiful&#8221;<\/strong><\/em><\/h3>\n<h3><span style=\"font-weight: 400;\">Olas\u0131 &#8220;\u0130\u015fler&#8221;<\/span><\/h3>\n<h4><span style=\"font-weight: 400;\">11 A\u011fustos\/August Cuma-Friday<\/span><span style=\"font-weight: 400;\">, 19:00<\/span><\/h4>\n<h5><span style=\"font-weight: 400;\">Akasya Park<\/span><\/h5>\n<h4><span style=\"font-weight: 400;\">12 A\u011fustos\/August Cumartesi-Saturday, 16:00<\/span><\/h4>\n<h5><span style=\"font-weight: 400;\">Tonoz<\/span><\/h5>\n<p>Etkinlik \u00dccretsizdir.<\/p>\n<\/div><\/section><br \/>\n<div  class='hr av-578o5x-e81847a4cb4a9bc272bf8a5d46cdedcf hr-default  avia-builder-el-3  el_after_av_textblock  avia-builder-el-last'><span class='hr-inner'><span class=\"hr-inner-style\"><\/span><\/span><\/div><\/p><\/div><div class='flex_column av-3so41h-0e4fbf300e066135e57e4f7bf6f0d1c8 av_one_half  avia-builder-el-4  el_after_av_one_half  avia-builder-el-last  flex_column_div'   ><p><section class=\"av_textblock_section\"  itemscope=\"itemscope\" itemtype=\"https:\/\/schema.org\/CreativeWork\" ><div class='avia_textblock  av_inherit_color'  style='color:#1d1d1b; '  itemprop=\"text\" ><p><span style=\"font-weight: 400;\">Sonsuz g\u00fczelli\u011fin \u00fc\u00e7 tanr\u0131\u00e7as\u0131 Afrodit, Athena ve Hera biraz yorulmu\u015f ve ya\u015flanm\u0131\u015f ama hala eski a\u015fk hikayelerindeki mutlulu\u011fu aramaktan vazge\u00e7memi\u015flerdir. Tanr\u0131\u00e7alar\u0131n kuklalar\u0131 bir ak\u015fam \u00fczeri biz fanilerle bir araya geldiklerinde bile, ortak yazg\u0131lar\u0131n\u0131n biricik sorusunu sormadan duram\u0131yor: En g\u00fczel olan kim?<\/span><\/p>\n<p>&#8211;<\/p>\n<p><span style=\"font-weight: 400;\">The three goddesses of eternal beauty Aphrodite, Athena and Hera are a little tired and old but still have not stopped searching for happiness in old love stories. One evening, despite meeting with such mortals like us, their puppets cannot stop asking the unique question of their shared destiny: Who is the most beautiful? <\/span><\/p>\n<\/div><\/section><br \/>\n<div  class='hr av-1wgwp1-f5130e919114f14680027791788fe141 hr-default  avia-builder-el-6  el_after_av_textblock  el_before_av_textblock'><span class='hr-inner'><span class=\"hr-inner-style\"><\/span><\/span><\/div><br \/>\n<section class=\"av_textblock_section\"  itemscope=\"itemscope\" itemtype=\"https:\/\/schema.org\/CreativeWork\" ><div class='avia_textblock  av_inherit_color'  style='color:#1d1d1b; '  itemprop=\"text\" ><p><b>Proje Tasar\u0131m\u0131 ve Y\u00f6neten\/Project Design and Director: <\/b><span style=\"font-weight: 400;\">Hilal Polat<\/span><\/p>\n<p><b>Kukla Tasar\u0131m\u0131 ve Uygulama\/Puppet Design and Implementation: <\/b><span style=\"font-weight: 400;\">Hilal Polat<\/span><\/p>\n<p><b>Yard\u0131mc\u0131 Y\u00f6netmen\/Assistant Director:<\/b><span style=\"font-weight: 400;\"> Utku Kara, Fatma Zehra Durgut<\/span><\/p>\n<p><b>I\u015f\u0131k Tasar\u0131m\u0131\/Lighting Design: <\/b><span style=\"font-weight: 400;\">Utku Kara<\/span><\/p>\n<p><b>Kukla Oynat\u0131c\u0131lar\u0131\/Puppet Players: <\/b><span style=\"font-weight: 400;\">\u00c7a\u011f\u0131l Kaya, Gamze G\u00fczel, G\u00fcray Do\u011fru<\/span><\/p>\n<p><b>Afi\u015f Tasar\u0131m\u0131\/Poster Design:<\/b><span style=\"font-weight: 400;\"> Senta Urgan<\/span><\/p>\n<p><b>Foto\u011fraf\/Photography: <\/b><span style=\"font-weight: 400;\">Mustafa \u00c7ankaya<\/span><\/p>\n<p><b>Yap\u0131m Deste\u011fi\/Production Support:<\/b><span style=\"font-weight: 400;\"> Kad\u0131k\u00f6y Theatron<\/span><\/p>\n<p><b>Performans S\u00fcresi\/Performance Duration: <\/b><span style=\"font-weight: 400;\">60 dk.<\/span><\/p>\n<p><b>Ya\u015f\/Age: <\/b><span style=\"font-weight: 400;\">+5<\/span><\/p>\n<\/div><\/section><\/p><\/div><\/p>","protected":false},"excerpt":{"rendered":"","protected":false},"author":2,"featured_media":0,"parent":0,"menu_order":0,"comment_status":"closed","ping_status":"closed","template":"","meta":{"footnotes":""},"class_list":["post-4084","page","type-page","status-publish","hentry"],"_links":{"self":[{"href":"https:\/\/bergamatiyatrofestivali.com\/en\/wp-json\/wp\/v2\/pages\/4084","targetHints":{"allow":["GET"]}}],"collection":[{"href":"https:\/\/bergamatiyatrofestivali.com\/en\/wp-json\/wp\/v2\/pages"}],"about":[{"href":"https:\/\/bergamatiyatrofestivali.com\/en\/wp-json\/wp\/v2\/types\/page"}],"author":[{"embeddable":true,"href":"https:\/\/bergamatiyatrofestivali.com\/en\/wp-json\/wp\/v2\/users\/2"}],"replies":[{"embeddable":true,"href":"https:\/\/bergamatiyatrofestivali.com\/en\/wp-json\/wp\/v2\/comments?post=4084"}],"version-history":[{"count":6,"href":"https:\/\/bergamatiyatrofestivali.com\/en\/wp-json\/wp\/v2\/pages\/4084\/revisions"}],"predecessor-version":[{"id":4246,"href":"https:\/\/bergamatiyatrofestivali.com\/en\/wp-json\/wp\/v2\/pages\/4084\/revisions\/4246"}],"wp:attachment":[{"href":"https:\/\/bergamatiyatrofestivali.com\/en\/wp-json\/wp\/v2\/media?parent=4084"}],"curies":[{"name":"wp","href":"https:\/\/api.w.org\/{rel}","templated":true}]}}