{"id":4061,"date":"2023-07-31T12:44:47","date_gmt":"2023-07-31T09:44:47","guid":{"rendered":"https:\/\/bergamatiyatrofestivali.com\/?page_id=4061"},"modified":"2023-08-08T00:46:21","modified_gmt":"2023-08-07T21:46:21","slug":"tek-kullanimlik-hikaye","status":"publish","type":"page","link":"https:\/\/bergamatiyatrofestivali.com\/en\/tek-kullanimlik-hikaye\/","title":{"rendered":"Tek Kullan\u0131ml\u0131k Hikaye"},"content":{"rendered":"<div class='flex_column av-8ra5it-7e829cb4e37498c31b1d3b088ac2ea15 av_one_half  avia-builder-el-0  el_before_av_one_half  avia-builder-el-first  first flex_column_div'   ><p>\n<style type=\"text\/css\" data-created_by=\"avia_inline_auto\" id=\"style-css-av-7wntvp-76f010edad613474641d3af05b81eecc\">\n.avia-image-container.av-7wntvp-76f010edad613474641d3af05b81eecc .av-image-caption-overlay-center{\ncolor:#ffffff;\n}\n<\/style>\n<div  class='avia-image-container av-7wntvp-76f010edad613474641d3af05b81eecc av-styling- avia-align-center  avia-builder-el-1  el_before_av_textblock  avia-builder-el-first'  itemprop=\"image\" itemscope=\"itemscope\" itemtype=\"https:\/\/schema.org\/ImageObject\" ><div class=\"avia-image-container-inner\"><div class=\"avia-image-overlay-wrap\"><img decoding=\"async\" class='wp-image-4184 avia-img-lazy-loading-not-4184 avia_image' src=\"https:\/\/bergamatiyatrofestivali.com\/wp-content\/uploads\/2023\/08\/POST-20.jpg\" alt='' title='POST'  height=\"1080\" width=\"1080\"  itemprop=\"thumbnailUrl\" srcset=\"https:\/\/bergamatiyatrofestivali.com\/wp-content\/uploads\/2023\/08\/POST-20.jpg 1080w, https:\/\/bergamatiyatrofestivali.com\/wp-content\/uploads\/2023\/08\/POST-20-300x300.jpg 300w, https:\/\/bergamatiyatrofestivali.com\/wp-content\/uploads\/2023\/08\/POST-20-1030x1030.jpg 1030w, https:\/\/bergamatiyatrofestivali.com\/wp-content\/uploads\/2023\/08\/POST-20-80x80.jpg 80w, https:\/\/bergamatiyatrofestivali.com\/wp-content\/uploads\/2023\/08\/POST-20-768x768.jpg 768w, https:\/\/bergamatiyatrofestivali.com\/wp-content\/uploads\/2023\/08\/POST-20-12x12.jpg 12w, https:\/\/bergamatiyatrofestivali.com\/wp-content\/uploads\/2023\/08\/POST-20-36x36.jpg 36w, https:\/\/bergamatiyatrofestivali.com\/wp-content\/uploads\/2023\/08\/POST-20-180x180.jpg 180w, https:\/\/bergamatiyatrofestivali.com\/wp-content\/uploads\/2023\/08\/POST-20-705x705.jpg 705w\" sizes=\"(max-width: 1080px) 100vw, 1080px\" \/><\/div><\/div><\/div><br \/>\n<section class=\"av_textblock_section\"  itemscope=\"itemscope\" itemtype=\"https:\/\/schema.org\/CreativeWork\" ><div class='avia_textblock  av_inherit_color'  style='color:#1d1d1b; '  itemprop=\"text\" ><h2><strong>Tek Kullan\u0131ml\u0131k Hikaye<\/strong><\/h2>\n<h3><em><strong>Single-Use Story<\/strong><\/em><\/h3>\n<h3><span style=\"font-weight: 400;\">Kumbarac\u013150<\/span><\/h3>\n<h4><span style=\"font-weight: 400;\">12 A\u011fustos\/August Cumartesi-Saturday, 21:00<\/span><\/h4>\n<h5><span style=\"font-weight: 400;\">Asclepeion Ancient Theatre<\/span><\/h5>\n<p>*Etkinlik \u00dccretsizdir.<\/p>\n<\/div><\/section><br \/>\n<div  class='hr av-578o5x-e81847a4cb4a9bc272bf8a5d46cdedcf hr-default  avia-builder-el-3  el_after_av_textblock  avia-builder-el-last'><span class='hr-inner'><span class=\"hr-inner-style\"><\/span><\/span><\/div><\/p><\/div><div class='flex_column av-3so41h-0e4fbf300e066135e57e4f7bf6f0d1c8 av_one_half  avia-builder-el-4  el_after_av_one_half  avia-builder-el-last  flex_column_div'   ><p><section class=\"av_textblock_section\"  itemscope=\"itemscope\" itemtype=\"https:\/\/schema.org\/CreativeWork\" ><div class='avia_textblock  av_inherit_color'  style='color:#1d1d1b; '  itemprop=\"text\" ><p><span style=\"font-weight: 400;\">&#8220;Tek Kullan\u0131ml\u0131k Hikaye&#8221; iklim krizinden yola \u00e7\u0131karak dallan\u0131p budaklan\u0131yor. Melih, Cevdet ve Orhan&#8217;\u0131n kendi hikayelerinin de i\u00e7 i\u00e7e ge\u00e7ti\u011fi \u00e7ok kalabal\u0131k bir oyun.. Kahramanlar\u0131m\u0131z kendi dertlerine D\u00fcnya gezegeninin de derdini ekledi\u011finde ortaya \u00e7\u0131kan kaos oyun boyunca devam ediyor, seyirci de bu y\u00fcksek tempolu yolculu\u011fa ortak oluyor.<\/span><\/p>\n<p>&#8211;<\/p>\n<p><span style=\"font-weight: 400;\">&#8220;Single Use Story&#8221; is branching out from the climate crisis. It is a very crowded play in which Melih, Cevdet and Orhan&#8217;s own stories are intertwined. When our heroes add the troubles of the planet Earth to their own troubles, the chaos that arises continues throughout the play, and the audience becomes a partner in this fast-paced journey.<\/span><\/p>\n<\/div><\/section><br \/>\n<div  class='hr av-1wgwp1-f5130e919114f14680027791788fe141 hr-default  avia-builder-el-6  el_after_av_textblock  el_before_av_textblock'><span class='hr-inner'><span class=\"hr-inner-style\"><\/span><\/span><\/div><br \/>\n<section class=\"av_textblock_section\"  itemscope=\"itemscope\" itemtype=\"https:\/\/schema.org\/CreativeWork\" ><div class='avia_textblock  av_inherit_color'  style='color:#1d1d1b; '  itemprop=\"text\" ><p><b>Yazan\/Written by:<\/b><span style=\"font-weight: 400;\"> Volkan \u00c7\u0131k\u0131nt\u0131o\u011flu<\/span><\/p>\n<p><b>Y\u00f6neten\/Directed by: <\/b><span style=\"font-weight: 400;\">G\u00fclhan Kadim<\/span><\/p>\n<p><b>Y\u00f6netmen Yard\u0131mc\u0131s\u0131\/Assistant Director:<\/b><span style=\"font-weight: 400;\"> Ceyda Akel<\/span><\/p>\n<p><b>Oynayan\/Cast: <\/b><span style=\"font-weight: 400;\">\u0130smail Sa\u011f\u0131r, Meri\u00e7 Rakalar, Murat Kapu<\/span><\/p>\n<p><b>Sahne Tasar\u0131m\u0131\/Stage Design:<\/b><span style=\"font-weight: 400;\"> Kolektif<\/span><\/p>\n<p><b>Sahne Tasar\u0131m Uygulama\/Stage Design Implementation: <\/b><span style=\"font-weight: 400;\">Efe Arslan, Zekeriya Ece\u00a0<\/span><\/p>\n<p><b>Kost\u00fcm Tasar\u0131m\u0131\/Costume Design: <\/b><span style=\"font-weight: 400;\">Riyana Tufanova\u00a0<\/span><\/p>\n<p><b>Kost\u00fcm Asistan\u0131\/Costume Assistant: <\/b><span style=\"font-weight: 400;\">Efe Arslan\u00a0<\/span><\/p>\n<p><b>I\u015f\u0131k Tasar\u0131m\u0131\/Lighting Design:<\/b><span style=\"font-weight: 400;\"> \u0130smail Sa\u011f\u0131r<\/span><\/p>\n<p><b>Oyun S\u00fcresi\/Performance Duration: <\/b><span style=\"font-weight: 400;\">55 dk.<\/span><\/p>\n<p><b>Ya\u015f S\u0131n\u0131r\u0131\/Age: <\/b><span style=\"font-weight: 400;\">+7<\/span><\/p>\n<\/div><\/section><\/p><\/div><\/p>","protected":false},"excerpt":{"rendered":"","protected":false},"author":2,"featured_media":0,"parent":0,"menu_order":0,"comment_status":"closed","ping_status":"closed","template":"","meta":{"footnotes":""},"class_list":["post-4061","page","type-page","status-publish","hentry"],"_links":{"self":[{"href":"https:\/\/bergamatiyatrofestivali.com\/en\/wp-json\/wp\/v2\/pages\/4061","targetHints":{"allow":["GET"]}}],"collection":[{"href":"https:\/\/bergamatiyatrofestivali.com\/en\/wp-json\/wp\/v2\/pages"}],"about":[{"href":"https:\/\/bergamatiyatrofestivali.com\/en\/wp-json\/wp\/v2\/types\/page"}],"author":[{"embeddable":true,"href":"https:\/\/bergamatiyatrofestivali.com\/en\/wp-json\/wp\/v2\/users\/2"}],"replies":[{"embeddable":true,"href":"https:\/\/bergamatiyatrofestivali.com\/en\/wp-json\/wp\/v2\/comments?post=4061"}],"version-history":[{"count":5,"href":"https:\/\/bergamatiyatrofestivali.com\/en\/wp-json\/wp\/v2\/pages\/4061\/revisions"}],"predecessor-version":[{"id":4185,"href":"https:\/\/bergamatiyatrofestivali.com\/en\/wp-json\/wp\/v2\/pages\/4061\/revisions\/4185"}],"wp:attachment":[{"href":"https:\/\/bergamatiyatrofestivali.com\/en\/wp-json\/wp\/v2\/media?parent=4061"}],"curies":[{"name":"wp","href":"https:\/\/api.w.org\/{rel}","templated":true}]}}