{"id":3908,"date":"2023-07-26T07:53:14","date_gmt":"2023-07-26T04:53:14","guid":{"rendered":"https:\/\/bergamatiyatrofestivali.com\/?page_id=3908"},"modified":"2023-08-11T12:12:20","modified_gmt":"2023-08-11T09:12:20","slug":"mask-atolyesi","status":"publish","type":"page","link":"https:\/\/bergamatiyatrofestivali.com\/en\/mask-atolyesi\/","title":{"rendered":"Mask At\u00f6lyesi: Ba\u015fkas\u0131n\u0131n \u00c7\u00f6p\u00fc Benim Hazinemdir"},"content":{"rendered":"<div class='flex_column av-8ra5it-7e829cb4e37498c31b1d3b088ac2ea15 av_one_half  avia-builder-el-0  el_before_av_one_half  avia-builder-el-first  first flex_column_div'   ><p>\n<style type=\"text\/css\" data-created_by=\"avia_inline_auto\" id=\"style-css-av-7wntvp-e656d799cf0d0207100e6bd3e53c5db2\">\n.avia-image-container.av-7wntvp-e656d799cf0d0207100e6bd3e53c5db2 .av-image-caption-overlay-center{\ncolor:#ffffff;\n}\n<\/style>\n<div  class='avia-image-container av-7wntvp-e656d799cf0d0207100e6bd3e53c5db2 av-styling- avia-align-center  avia-builder-el-1  el_before_av_textblock  avia-builder-el-first'  itemprop=\"image\" itemscope=\"itemscope\" itemtype=\"https:\/\/schema.org\/ImageObject\" ><div class=\"avia-image-container-inner\"><div class=\"avia-image-overlay-wrap\"><img decoding=\"async\" class='wp-image-4240 avia-img-lazy-loading-not-4240 avia_image' src=\"https:\/\/bergamatiyatrofestivali.com\/wp-content\/uploads\/2023\/08\/POST-2-2.jpg\" alt='' title='POST-2'  height=\"1080\" width=\"1080\"  itemprop=\"thumbnailUrl\" srcset=\"https:\/\/bergamatiyatrofestivali.com\/wp-content\/uploads\/2023\/08\/POST-2-2.jpg 1080w, https:\/\/bergamatiyatrofestivali.com\/wp-content\/uploads\/2023\/08\/POST-2-2-300x300.jpg 300w, https:\/\/bergamatiyatrofestivali.com\/wp-content\/uploads\/2023\/08\/POST-2-2-1030x1030.jpg 1030w, https:\/\/bergamatiyatrofestivali.com\/wp-content\/uploads\/2023\/08\/POST-2-2-80x80.jpg 80w, https:\/\/bergamatiyatrofestivali.com\/wp-content\/uploads\/2023\/08\/POST-2-2-768x768.jpg 768w, https:\/\/bergamatiyatrofestivali.com\/wp-content\/uploads\/2023\/08\/POST-2-2-12x12.jpg 12w, https:\/\/bergamatiyatrofestivali.com\/wp-content\/uploads\/2023\/08\/POST-2-2-36x36.jpg 36w, https:\/\/bergamatiyatrofestivali.com\/wp-content\/uploads\/2023\/08\/POST-2-2-180x180.jpg 180w, https:\/\/bergamatiyatrofestivali.com\/wp-content\/uploads\/2023\/08\/POST-2-2-705x705.jpg 705w\" sizes=\"(max-width: 1080px) 100vw, 1080px\" \/><\/div><\/div><\/div><br \/>\n<section class=\"av_textblock_section\"  itemscope=\"itemscope\" itemtype=\"https:\/\/schema.org\/CreativeWork\" ><div class='avia_textblock  av_inherit_color'  style='color:#1d1d1b; '  itemprop=\"text\" ><h2><strong>Mask At\u00f6lyesi: Ba\u015fkas\u0131n\u0131n \u00c7\u00f6p\u00fc Benim Hazinemdir<\/strong><\/h2>\n<h3><em><strong>Mask Workshop: Someone Else&#8217;s Trash is My Treasure<\/strong><\/em><\/h3>\n<h3><span style=\"font-weight: 400;\">Hilal Polat<\/span><\/h3>\n<h4><span style=\"font-weight: 400;\">12 A\u011fustos\/August Cumartesi-Saturday, 12:00<\/span><\/h4>\n<h5><span style=\"font-weight: 400;\">Yabets Sinagogu<\/span><\/h5>\n<\/div><\/section><br \/>\n<div  class='hr av-578o5x-e81847a4cb4a9bc272bf8a5d46cdedcf hr-default  avia-builder-el-3  el_after_av_textblock  el_before_av_buttonrow'><span class='hr-inner'><span class=\"hr-inner-style\"><\/span><\/span><\/div><br \/>\n<div  class='avia-buttonrow-wrap av-l34tkru2-d8d00fb5ab84f16fc18bc5eac03df079 avia-buttonrow-left  avia-builder-el-4  el_after_av_hr  avia-builder-el-last'>\n\n<style type=\"text\/css\" data-created_by=\"avia_inline_auto\" id=\"style-css-av-l34tko4x-17bb1d9f0ff26133020742c1f8d96aab\">\n#top #wrap_all .avia-button.av-l34tko4x-17bb1d9f0ff26133020742c1f8d96aab{\nmargin-bottom:5px;\nmargin-right:5px;\n}\n#top #wrap_all .avia-button.av-l34tko4x-17bb1d9f0ff26133020742c1f8d96aab:hover{\nbackground-color:black;\ncolor:#ffffff;\ntransition:all 0.4s ease-in-out;\n-webkit-transition:all 0.4s ease-in-out;\n-moz-transition:all 0.4s ease-in-out;\n-ms-transition:all 0.4s ease-in-out;\n-o-transition:all 0.4s ease-in-out;\n}\n<\/style>\n<a href='https:\/\/mobilet.com\/tr\/event\/22031\/' class='avia-button av-l34tko4x-17bb1d9f0ff26133020742c1f8d96aab avia-icon_select-yes-left-icon avia-size-medium avia-color-black avia-font-color-white' target=\"_blank\" rel=\"noopener noreferrer\"><span class='avia_button_icon avia_button_icon_left' aria-hidden='true' data-av_icon='\ue881' data-av_iconfont='entypo-fontello'><\/span><span class='avia_iconbox_title' >12 A\u011eUSTOS MOB\u0130LET<\/span><\/a>\n<\/div><\/p><\/div><div class='flex_column av-3so41h-0e4fbf300e066135e57e4f7bf6f0d1c8 av_one_half  avia-builder-el-5  el_after_av_one_half  avia-builder-el-last  flex_column_div'   ><p><section class=\"av_textblock_section\"  itemscope=\"itemscope\" itemtype=\"https:\/\/schema.org\/CreativeWork\" ><div class='avia_textblock  av_inherit_color'  style='color:#1d1d1b; '  itemprop=\"text\" ><p><span style=\"font-weight: 400;\">Bu at\u00f6lye etraf\u0131m\u0131zda g\u00f6rd\u00fc\u011f\u00fcm\u00fcz ve hi\u00e7 ilgilenmedi\u011fimiz at\u0131k malzemelerden neler yapabiliriz g\u00f6rmemizi sa\u011flayacak.\u00a0<\/span><\/p>\n<p><span style=\"font-weight: 400;\">\u00c7\u00f6p bu dedi\u011fimiz her \u015feyin ileri d\u00f6n\u00fc\u015f\u00fcm i\u00e7in bir \u015fans\u0131 hak etti\u011fini, etraf\u0131m\u0131za bakarken \u00e7\u00f6p diye g\u00f6rmemezlikten geldi\u011fimiz nesnelere kar\u015f\u0131 alg\u0131m\u0131z\u0131 de\u011fi\u015ftirmeyi ama\u00e7lamaktad\u0131r.<\/span><\/p>\n<p>&#8211;<\/p>\n<p><span style=\"font-weight: 400;\">This workshop will enable us to see what we can do from waste materials that we see around us and that we have never been interested in.<\/span><\/p>\n<p><span style=\"font-weight: 400;\">It aims to change our perception of objects that we ignore as garbage while looking around,\u00a0 that everything we call garbage deserves a chance for upcycling.<\/span><\/p>\n<\/div><\/section><br \/>\n<div  class='hr av-1wgwp1-f5130e919114f14680027791788fe141 hr-default  avia-builder-el-7  el_after_av_textblock  el_before_av_textblock'><span class='hr-inner'><span class=\"hr-inner-style\"><\/span><\/span><\/div><br \/>\n<section class=\"av_textblock_section\"  itemscope=\"itemscope\" itemtype=\"https:\/\/schema.org\/CreativeWork\" ><div class='avia_textblock  av_inherit_color'  style='color:#1d1d1b; '  itemprop=\"text\" ><p><b>Etkinlik S\u00fcresi\/Event Duration:<\/b><span style=\"font-weight: 400;\"> 90 Dakika\u00a0<\/span><\/p>\n<p><b>Ya\u015f\/Age:<\/b><span style=\"font-weight: 400;\">+10<\/span><\/p>\n<\/div><\/section><\/p><\/div><\/p>","protected":false},"excerpt":{"rendered":"","protected":false},"author":1,"featured_media":0,"parent":0,"menu_order":0,"comment_status":"closed","ping_status":"closed","template":"","meta":{"footnotes":""},"class_list":["post-3908","page","type-page","status-publish","hentry"],"_links":{"self":[{"href":"https:\/\/bergamatiyatrofestivali.com\/en\/wp-json\/wp\/v2\/pages\/3908","targetHints":{"allow":["GET"]}}],"collection":[{"href":"https:\/\/bergamatiyatrofestivali.com\/en\/wp-json\/wp\/v2\/pages"}],"about":[{"href":"https:\/\/bergamatiyatrofestivali.com\/en\/wp-json\/wp\/v2\/types\/page"}],"author":[{"embeddable":true,"href":"https:\/\/bergamatiyatrofestivali.com\/en\/wp-json\/wp\/v2\/users\/1"}],"replies":[{"embeddable":true,"href":"https:\/\/bergamatiyatrofestivali.com\/en\/wp-json\/wp\/v2\/comments?post=3908"}],"version-history":[{"count":7,"href":"https:\/\/bergamatiyatrofestivali.com\/en\/wp-json\/wp\/v2\/pages\/3908\/revisions"}],"predecessor-version":[{"id":4241,"href":"https:\/\/bergamatiyatrofestivali.com\/en\/wp-json\/wp\/v2\/pages\/3908\/revisions\/4241"}],"wp:attachment":[{"href":"https:\/\/bergamatiyatrofestivali.com\/en\/wp-json\/wp\/v2\/media?parent=3908"}],"curies":[{"name":"wp","href":"https:\/\/api.w.org\/{rel}","templated":true}]}}