{"id":3737,"date":"2022-11-17T20:15:25","date_gmt":"2022-11-17T17:15:25","guid":{"rendered":"https:\/\/bergamatiyatrofestivali.com\/?page_id=3737"},"modified":"2022-11-19T12:47:50","modified_gmt":"2022-11-19T09:47:50","slug":"partnerler-2","status":"publish","type":"page","link":"https:\/\/bergamatiyatrofestivali.com\/en\/partnerler-2\/","title":{"rendered":"Partnerler"},"content":{"rendered":"<div class='flex_column av-ctrsf-0327e8018753630594ab5569abc767ce av_one_full  avia-builder-el-0  el_before_av_one_full  avia-builder-el-first  fullscreen-deneme fullscreen-deneme first flex_column_div'   id=\"fullscreen-deneme\"  ><style type=\"text\/css\" data-created_by=\"avia_inline_auto\" id=\"style-css-av-l5jqnr7j-ffd0a3a29caa27b7a69ecc006e55489b\">\n.avia-image-container.av-l5jqnr7j-ffd0a3a29caa27b7a69ecc006e55489b .av-image-caption-overlay-center{\ncolor:#ffffff;\n}\n<\/style>\n<div  class='avia-image-container av-l5jqnr7j-ffd0a3a29caa27b7a69ecc006e55489b av-styling-no-styling avia-align-center  avia-builder-el-1  avia-builder-el-no-sibling'  itemprop=\"image\" itemscope=\"itemscope\" itemtype=\"https:\/\/schema.org\/ImageObject\" ><div class=\"avia-image-container-inner\"><div class=\"avia-image-overlay-wrap\"><img decoding=\"async\" class='wp-image-3680 avia-img-lazy-loading-not-3680 avia_image' src=\"https:\/\/bergamatiyatrofestivali.com\/wp-content\/uploads\/2022\/07\/ktb@300x-300x227.png\" alt='' title='ktb@300x'  height=\"227\" width=\"300\"  itemprop=\"thumbnailUrl\" srcset=\"https:\/\/bergamatiyatrofestivali.com\/wp-content\/uploads\/2022\/07\/ktb@300x-300x227.png 300w, https:\/\/bergamatiyatrofestivali.com\/wp-content\/uploads\/2022\/07\/ktb@300x-768x582.png 768w, https:\/\/bergamatiyatrofestivali.com\/wp-content\/uploads\/2022\/07\/ktb@300x-16x12.png 16w, https:\/\/bergamatiyatrofestivali.com\/wp-content\/uploads\/2022\/07\/ktb@300x-705x534.png 705w, https:\/\/bergamatiyatrofestivali.com\/wp-content\/uploads\/2022\/07\/ktb@300x.png 1019w\" sizes=\"(max-width: 300px) 100vw, 300px\" \/><\/div><\/div><\/div><\/div><div class='flex_column av-9rl7d-3ea3b9e43462063712a7e48360c2a29b av_one_full  avia-builder-el-2  el_after_av_one_full  el_before_av_one_fifth  first flex_column_div column-top-margin'   ><div   data-autoplay='false'  data-interval='5'  data-animation='slide'  class='avia-logo-element-container av-border-deactivate avia-logo-grid avia-content-slider avia-smallarrow-slider avia-content-grid-active noHover avia-content-slider1 avia-content-slider-even  avia-builder-el-3  avia-builder-el-no-sibling' ><div class='avia-smallarrow-slider-heading  no-logo-slider-heading'><div class='new-special-heading'>&nbsp;<\/div><\/div><div class='avia-content-slider-inner'><div class='slide-entry-wrap' ><div  class='slide-entry flex_column no_margin post-entry slide-entry-overview slide-loop-1 slide-parity-odd  av_one_sixth first real-thumbnail'><img decoding=\"async\" width=\"501\" height=\"227\" src=\"https:\/\/bergamatiyatrofestivali.com\/wp-content\/uploads\/2022\/11\/Bergama_100px_M@2x.png\" class=\"wp-image-3782 avia-img-lazy-loading-not-3782 attachment-no scaling size-no scaling\" alt=\"\" srcset=\"https:\/\/bergamatiyatrofestivali.com\/wp-content\/uploads\/2022\/11\/Bergama_100px_M@2x.png 501w, https:\/\/bergamatiyatrofestivali.com\/wp-content\/uploads\/2022\/11\/Bergama_100px_M@2x-300x136.png 300w, https:\/\/bergamatiyatrofestivali.com\/wp-content\/uploads\/2022\/11\/Bergama_100px_M@2x-18x8.png 18w\" sizes=\"(max-width: 501px) 100vw, 501px\" \/><\/div><div  class='slide-entry flex_column no_margin post-entry slide-entry-overview slide-loop-2 slide-parity-even  av_one_sixth  real-thumbnail'><img decoding=\"async\" width=\"501\" height=\"227\" src=\"https:\/\/bergamatiyatrofestivali.com\/wp-content\/uploads\/2022\/11\/IBB_100px_M@2x.png\" class=\"wp-image-3781 avia-img-lazy-loading-not-3781 attachment-no scaling size-no scaling\" alt=\"\" srcset=\"https:\/\/bergamatiyatrofestivali.com\/wp-content\/uploads\/2022\/11\/IBB_100px_M@2x.png 501w, https:\/\/bergamatiyatrofestivali.com\/wp-content\/uploads\/2022\/11\/IBB_100px_M@2x-300x136.png 300w, https:\/\/bergamatiyatrofestivali.com\/wp-content\/uploads\/2022\/11\/IBB_100px_M@2x-18x8.png 18w\" sizes=\"(max-width: 501px) 100vw, 501px\" \/><\/div><div  class='slide-entry flex_column no_margin post-entry slide-entry-overview slide-loop-3 slide-parity-odd  av_one_sixth  real-thumbnail'><img decoding=\"async\" width=\"501\" height=\"227\" src=\"https:\/\/bergamatiyatrofestivali.com\/wp-content\/uploads\/2022\/11\/Unesco_100px_M@2x.png\" class=\"wp-image-3783 avia-img-lazy-loading-not-3783 attachment-no scaling size-no scaling\" alt=\"\" srcset=\"https:\/\/bergamatiyatrofestivali.com\/wp-content\/uploads\/2022\/11\/Unesco_100px_M@2x.png 501w, https:\/\/bergamatiyatrofestivali.com\/wp-content\/uploads\/2022\/11\/Unesco_100px_M@2x-300x136.png 300w, https:\/\/bergamatiyatrofestivali.com\/wp-content\/uploads\/2022\/11\/Unesco_100px_M@2x-18x8.png 18w\" sizes=\"(max-width: 501px) 100vw, 501px\" \/><\/div><div  class='slide-entry flex_column no_margin post-entry slide-entry-overview slide-loop-4 slide-parity-even  av_one_sixth  real-thumbnail'><img decoding=\"async\" width=\"501\" height=\"227\" src=\"https:\/\/bergamatiyatrofestivali.com\/wp-content\/uploads\/2022\/11\/Berto_100px_M@2x.png\" class=\"wp-image-3785 avia-img-lazy-loading-not-3785 attachment-no scaling size-no scaling\" alt=\"\" srcset=\"https:\/\/bergamatiyatrofestivali.com\/wp-content\/uploads\/2022\/11\/Berto_100px_M@2x.png 501w, https:\/\/bergamatiyatrofestivali.com\/wp-content\/uploads\/2022\/11\/Berto_100px_M@2x-300x136.png 300w, https:\/\/bergamatiyatrofestivali.com\/wp-content\/uploads\/2022\/11\/Berto_100px_M@2x-18x8.png 18w\" sizes=\"(max-width: 501px) 100vw, 501px\" \/><\/div><div  class='slide-entry flex_column no_margin post-entry slide-entry-overview slide-loop-5 slide-parity-odd  av_one_sixth  real-thumbnail'><img decoding=\"async\" width=\"501\" height=\"227\" src=\"https:\/\/bergamatiyatrofestivali.com\/wp-content\/uploads\/2022\/11\/Berksav_100px_M@2x.png\" class=\"wp-image-3784 avia-img-lazy-loading-not-3784 attachment-no scaling size-no scaling\" alt=\"\" srcset=\"https:\/\/bergamatiyatrofestivali.com\/wp-content\/uploads\/2022\/11\/Berksav_100px_M@2x.png 501w, https:\/\/bergamatiyatrofestivali.com\/wp-content\/uploads\/2022\/11\/Berksav_100px_M@2x-300x136.png 300w, https:\/\/bergamatiyatrofestivali.com\/wp-content\/uploads\/2022\/11\/Berksav_100px_M@2x-18x8.png 18w\" sizes=\"(max-width: 501px) 100vw, 501px\" \/><\/div><div  class='slide-entry flex_column no_margin post-entry slide-entry-overview slide-loop-6 slide-parity-even  post-entry-last  av_one_sixth  real-thumbnail'><img decoding=\"async\" width=\"501\" height=\"227\" src=\"https:\/\/bergamatiyatrofestivali.com\/wp-content\/uploads\/2022\/11\/NeYerdeNeGokte_100px_M@2x.png\" class=\"wp-image-3786 avia-img-lazy-loading-not-3786 attachment-no scaling size-no scaling\" alt=\"\" srcset=\"https:\/\/bergamatiyatrofestivali.com\/wp-content\/uploads\/2022\/11\/NeYerdeNeGokte_100px_M@2x.png 501w, https:\/\/bergamatiyatrofestivali.com\/wp-content\/uploads\/2022\/11\/NeYerdeNeGokte_100px_M@2x-300x136.png 300w, https:\/\/bergamatiyatrofestivali.com\/wp-content\/uploads\/2022\/11\/NeYerdeNeGokte_100px_M@2x-18x8.png 18w\" sizes=\"(max-width: 501px) 100vw, 501px\" \/><\/div><\/div><\/div><\/div><\/div><div class='flex_column av-av_one_fifth-d846867a37b468541bc8830743d44203 av_one_fifth  avia-builder-el-4  el_after_av_one_full  el_before_av_three_fifth  first flex_column_div column-top-margin'   ><\/div><div class='flex_column av-231c95-09708e03e22414d0707a116beb7f26f4 av_three_fifth  avia-builder-el-5  el_after_av_one_fifth  el_before_av_one_fifth  flex_column_div column-top-margin'   ><p>\n<style type=\"text\/css\" data-created_by=\"avia_inline_auto\" id=\"style-css-av-lalc0lf2-00ab550913744826e8a109453074194a\">\n#top .av-special-heading.av-lalc0lf2-00ab550913744826e8a109453074194a{\npadding-bottom:0px;\n}\n<\/style>\n<div  class='av-special-heading av-lalc0lf2-00ab550913744826e8a109453074194a av-special-heading-h4 meta-heading blockquote modern-quote modern-centered  avia-builder-el-6  el_before_av_hr  avia-builder-el-first'><h4 class='av-special-heading-tag'  itemprop=\"headline\"  >FEST\u0130VAL SPONSORLARI<\/h4><div class='special-heading-border'><div class='special-heading-inner-border'><\/div><\/div><\/div><br \/>\n\n<style type=\"text\/css\" data-created_by=\"avia_inline_auto\" id=\"style-css-av-lalc16s0-4d8741da59fd23fde31106fd4dfdc7cf\">\n.hr.av-lalc16s0-4d8741da59fd23fde31106fd4dfdc7cf .hr-inner{\nwidth:50%;\n}\n<\/style>\n<div  class='hr av-lalc16s0-4d8741da59fd23fde31106fd4dfdc7cf hr-custom  avia-builder-el-7  el_after_av_heading  el_before_av_partner  hr-center hr-icon-no'><span class='hr-inner inner-border-av-border-fat'><span class=\"hr-inner-style\"><\/span><\/span><\/div><br \/>\n<div   data-autoplay='false'  data-interval='5'  data-animation='slide'  class='avia-logo-element-container av-border-deactivate avia-logo-grid avia-content-slider avia-smallarrow-slider avia-content-grid-active noHover avia-content-slider2 avia-content-slider-even  avia-builder-el-8  el_after_av_hr  avia-builder-el-last' ><div class='avia-smallarrow-slider-heading  no-logo-slider-heading'><div class='new-special-heading'>&nbsp;<\/div><\/div><div class='avia-content-slider-inner'><div class='slide-entry-wrap' ><div  class='slide-entry flex_column no_margin post-entry slide-entry-overview slide-loop-1 slide-parity-odd  av_one_half first real-thumbnail'><img decoding=\"async\" width=\"211\" height=\"96\" src=\"https:\/\/bergamatiyatrofestivali.com\/wp-content\/uploads\/2022\/11\/Odeabank_95h_M.png\" class=\"wp-image-3819 avia-img-lazy-loading-not-3819 attachment-no scaling size-no scaling\" alt=\"\" srcset=\"https:\/\/bergamatiyatrofestivali.com\/wp-content\/uploads\/2022\/11\/Odeabank_95h_M.png 211w, https:\/\/bergamatiyatrofestivali.com\/wp-content\/uploads\/2022\/11\/Odeabank_95h_M-18x8.png 18w\" sizes=\"(max-width: 211px) 100vw, 211px\" \/><\/div><div  class='slide-entry flex_column no_margin post-entry slide-entry-overview slide-loop-2 slide-parity-even  post-entry-last  av_one_half  real-thumbnail'><img decoding=\"async\" width=\"211\" height=\"96\" src=\"https:\/\/bergamatiyatrofestivali.com\/wp-content\/uploads\/2022\/11\/Mey_95h_M.png\" class=\"wp-image-3820 avia-img-lazy-loading-not-3820 attachment-no scaling size-no scaling\" alt=\"\" srcset=\"https:\/\/bergamatiyatrofestivali.com\/wp-content\/uploads\/2022\/11\/Mey_95h_M.png 211w, https:\/\/bergamatiyatrofestivali.com\/wp-content\/uploads\/2022\/11\/Mey_95h_M-18x8.png 18w\" sizes=\"(max-width: 211px) 100vw, 211px\" \/><\/div><\/div><\/div><\/div><\/p><\/div><div class='flex_column av-av_one_fifth-337486787960716147ecfb4074cb91c6 av_one_fifth  avia-builder-el-9  el_after_av_three_fifth  el_before_av_one_fifth  flex_column_div column-top-margin'   ><\/div><div class='flex_column av-av_one_fifth-d846867a37b468541bc8830743d44203 av_one_fifth  avia-builder-el-10  el_after_av_one_fifth  el_before_av_three_fifth  first flex_column_div column-top-margin'   ><\/div><div class='flex_column av-av_three_fifth-337486787960716147ecfb4074cb91c6 av_three_fifth  avia-builder-el-11  el_after_av_one_fifth  el_before_av_one_fifth  flex_column_div column-top-margin'   ><p>\n<style type=\"text\/css\" data-created_by=\"avia_inline_auto\" id=\"style-css-av-lannywu1-8465adb81f941190f4d79823e462ed32\">\n#top .av-special-heading.av-lannywu1-8465adb81f941190f4d79823e462ed32{\npadding-bottom:0px;\n}\n<\/style>\n<div  class='av-special-heading av-lannywu1-8465adb81f941190f4d79823e462ed32 av-special-heading-h4 meta-heading blockquote modern-quote modern-centered  avia-builder-el-12  el_before_av_hr  avia-builder-el-first'><h4 class='av-special-heading-tag'  itemprop=\"headline\"  >ULUSLARARASI PARTNERLER<\/h4><div class='special-heading-border'><div class='special-heading-inner-border'><\/div><\/div><\/div><br \/>\n\n<style type=\"text\/css\" data-created_by=\"avia_inline_auto\" id=\"style-css-av-lanqfuof-2b924e8a9c91698a417c668d11db66e9\">\n.hr.av-lanqfuof-2b924e8a9c91698a417c668d11db66e9 .hr-inner{\nwidth:50%;\n}\n<\/style>\n<div  class='hr av-lanqfuof-2b924e8a9c91698a417c668d11db66e9 hr-custom  avia-builder-el-13  el_after_av_heading  el_before_av_partner  hr-center hr-icon-no'><span class='hr-inner inner-border-av-border-fat'><span class=\"hr-inner-style\"><\/span><\/span><\/div><br \/>\n<div   data-autoplay='false'  data-interval='5'  data-animation='slide'  class='avia-logo-element-container av-border-deactivate avia-logo-grid avia-content-slider avia-smallarrow-slider avia-content-grid-active noHover avia-content-slider3 avia-content-slider-even  avia-builder-el-14  el_after_av_hr  avia-builder-el-last' ><div class='avia-smallarrow-slider-heading  no-logo-slider-heading'><div class='new-special-heading'>&nbsp;<\/div><\/div><div class='avia-content-slider-inner'><div class='slide-entry-wrap' ><div  class='slide-entry flex_column no_margin post-entry slide-entry-overview slide-loop-1 slide-parity-odd  av_one_half first real-thumbnail'><img decoding=\"async\" width=\"211\" height=\"96\" src=\"https:\/\/bergamatiyatrofestivali.com\/wp-content\/uploads\/2022\/11\/KofN_95h_M.png\" class=\"wp-image-3842 avia-img-lazy-loading-not-3842 attachment-no scaling size-no scaling\" alt=\"\" srcset=\"https:\/\/bergamatiyatrofestivali.com\/wp-content\/uploads\/2022\/11\/KofN_95h_M.png 211w, https:\/\/bergamatiyatrofestivali.com\/wp-content\/uploads\/2022\/11\/KofN_95h_M-18x8.png 18w\" sizes=\"(max-width: 211px) 100vw, 211px\" \/><\/div><div  class='slide-entry flex_column no_margin post-entry slide-entry-overview slide-loop-2 slide-parity-even  post-entry-last  av_one_half  real-thumbnail'><img decoding=\"async\" width=\"211\" height=\"96\" src=\"https:\/\/bergamatiyatrofestivali.com\/wp-content\/uploads\/2022\/11\/Lizst_95h_M.png\" class=\"wp-image-3843 avia-img-lazy-loading-not-3843 attachment-no scaling size-no scaling\" alt=\"\" srcset=\"https:\/\/bergamatiyatrofestivali.com\/wp-content\/uploads\/2022\/11\/Lizst_95h_M.png 211w, https:\/\/bergamatiyatrofestivali.com\/wp-content\/uploads\/2022\/11\/Lizst_95h_M-18x8.png 18w\" sizes=\"(max-width: 211px) 100vw, 211px\" \/><\/div><\/div><\/div><\/div><\/p><\/div><div class='flex_column av-av_one_fifth-337486787960716147ecfb4074cb91c6 av_one_fifth  avia-builder-el-15  el_after_av_three_fifth  el_before_av_one_fifth  flex_column_div column-top-margin'   ><\/div><div class='flex_column av-av_one_fifth-d846867a37b468541bc8830743d44203 av_one_fifth  avia-builder-el-16  el_after_av_one_fifth  el_before_av_three_fifth  first flex_column_div column-top-margin'   ><\/div><div class='flex_column av-av_three_fifth-337486787960716147ecfb4074cb91c6 av_three_fifth  avia-builder-el-17  el_after_av_one_fifth  el_before_av_one_fifth  flex_column_div column-top-margin'   ><p>\n<style type=\"text\/css\" data-created_by=\"avia_inline_auto\" id=\"style-css-av-lanqieva-6c96777849fea7a8ba001149e2371705\">\n#top .av-special-heading.av-lanqieva-6c96777849fea7a8ba001149e2371705{\npadding-bottom:0px;\n}\n<\/style>\n<div  class='av-special-heading av-lanqieva-6c96777849fea7a8ba001149e2371705 av-special-heading-h4 meta-heading blockquote modern-quote modern-centered  avia-builder-el-18  el_before_av_hr  avia-builder-el-first'><h4 class='av-special-heading-tag'  itemprop=\"headline\"  >ORGAN\u0130ZASYON<\/h4><div class='special-heading-border'><div class='special-heading-inner-border'><\/div><\/div><\/div><br \/>\n\n<style type=\"text\/css\" data-created_by=\"avia_inline_auto\" id=\"style-css-av-lanqrqu0-8834891f04d59948d4d14eefa187a7ae\">\n.hr.av-lanqrqu0-8834891f04d59948d4d14eefa187a7ae .hr-inner{\nwidth:50%;\n}\n<\/style>\n<div  class='hr av-lanqrqu0-8834891f04d59948d4d14eefa187a7ae hr-custom  avia-builder-el-19  el_after_av_heading  el_before_av_partner  hr-center hr-icon-no'><span class='hr-inner inner-border-av-border-fat'><span class=\"hr-inner-style\"><\/span><\/span><\/div><br \/>\n<div   data-autoplay='false'  data-interval='5'  data-animation='slide'  class='avia-logo-element-container av-border-deactivate avia-logo-grid avia-content-slider avia-smallarrow-slider avia-content-grid-active noHover avia-content-slider4 avia-content-slider-even  avia-builder-el-20  el_after_av_hr  avia-builder-el-last' ><div class='avia-smallarrow-slider-heading  no-logo-slider-heading'><div class='new-special-heading'>&nbsp;<\/div><\/div><div class='avia-content-slider-inner'><div class='slide-entry-wrap' ><div  class='slide-entry flex_column no_margin post-entry slide-entry-overview slide-loop-1 slide-parity-odd  av_one_half first real-thumbnail'><img decoding=\"async\" width=\"212\" height=\"96\" src=\"https:\/\/bergamatiyatrofestivali.com\/wp-content\/uploads\/2022\/11\/Beraber_95h_M.png\" class=\"wp-image-3845 avia-img-lazy-loading-not-3845 attachment-no scaling size-no scaling\" alt=\"\" srcset=\"https:\/\/bergamatiyatrofestivali.com\/wp-content\/uploads\/2022\/11\/Beraber_95h_M.png 212w, https:\/\/bergamatiyatrofestivali.com\/wp-content\/uploads\/2022\/11\/Beraber_95h_M-18x8.png 18w\" sizes=\"(max-width: 212px) 100vw, 212px\" \/><\/div><div  class='slide-entry flex_column no_margin post-entry slide-entry-overview slide-loop-2 slide-parity-even  post-entry-last  av_one_half  real-thumbnail'><img decoding=\"async\" width=\"211\" height=\"96\" src=\"https:\/\/bergamatiyatrofestivali.com\/wp-content\/uploads\/2022\/11\/3dots_95h_M.png\" class=\"wp-image-3846 avia-img-lazy-loading-not-3846 attachment-no scaling size-no scaling\" alt=\"\" srcset=\"https:\/\/bergamatiyatrofestivali.com\/wp-content\/uploads\/2022\/11\/3dots_95h_M.png 211w, https:\/\/bergamatiyatrofestivali.com\/wp-content\/uploads\/2022\/11\/3dots_95h_M-18x8.png 18w\" sizes=\"(max-width: 211px) 100vw, 211px\" \/><\/div><\/div><\/div><\/div><\/p><\/div><div class='flex_column av-av_one_fifth-337486787960716147ecfb4074cb91c6 av_one_fifth  avia-builder-el-21  el_after_av_three_fifth  el_before_av_one_full  flex_column_div column-top-margin'   ><\/div><div class='flex_column av-av_one_full-d846867a37b468541bc8830743d44203 av_one_full  avia-builder-el-22  el_after_av_one_fifth  avia-builder-el-last  first flex_column_div column-top-margin'   ><section class=\"av_textblock_section\"  itemscope=\"itemscope\" itemtype=\"https:\/\/schema.org\/CreativeWork\" ><div class='avia_textblock'  style='font-size:12px; '  itemprop=\"text\" ><p style=\"text-align: center;\">K\u00fclt\u00fcr ve Turizm Bakanl\u0131\u011f\u0131&#8217;n\u0131n deste\u011fi ile haz\u0131rlanan bu projenin i\u00e7eri\u011fi hi\u00e7bir surette K\u00fclt\u00fcr ve Turizm Bakanl\u0131\u011f\u0131&#8217;n\u0131n g\u00f6r\u00fc\u015flerini yans\u0131tmamakta olup, i\u00e7erik ile ilgili tek sorumluluk (destek alan) Bergama K\u00fclt\u00fcr ve Sanat Vakf\u0131 (BERKSAV), 3dots ve BERaBER&#8217;e aittir.<\/p>\n<\/div><\/section><\/div><\/p>","protected":false},"excerpt":{"rendered":"","protected":false},"author":2,"featured_media":0,"parent":0,"menu_order":0,"comment_status":"closed","ping_status":"closed","template":"","meta":{"footnotes":""},"class_list":["post-3737","page","type-page","status-publish","hentry"],"_links":{"self":[{"href":"https:\/\/bergamatiyatrofestivali.com\/en\/wp-json\/wp\/v2\/pages\/3737","targetHints":{"allow":["GET"]}}],"collection":[{"href":"https:\/\/bergamatiyatrofestivali.com\/en\/wp-json\/wp\/v2\/pages"}],"about":[{"href":"https:\/\/bergamatiyatrofestivali.com\/en\/wp-json\/wp\/v2\/types\/page"}],"author":[{"embeddable":true,"href":"https:\/\/bergamatiyatrofestivali.com\/en\/wp-json\/wp\/v2\/users\/2"}],"replies":[{"embeddable":true,"href":"https:\/\/bergamatiyatrofestivali.com\/en\/wp-json\/wp\/v2\/comments?post=3737"}],"version-history":[{"count":54,"href":"https:\/\/bergamatiyatrofestivali.com\/en\/wp-json\/wp\/v2\/pages\/3737\/revisions"}],"predecessor-version":[{"id":3849,"href":"https:\/\/bergamatiyatrofestivali.com\/en\/wp-json\/wp\/v2\/pages\/3737\/revisions\/3849"}],"wp:attachment":[{"href":"https:\/\/bergamatiyatrofestivali.com\/en\/wp-json\/wp\/v2\/media?parent=3737"}],"curies":[{"name":"wp","href":"https:\/\/api.w.org\/{rel}","templated":true}]}}