{"id":3590,"date":"2022-06-04T17:18:39","date_gmt":"2022-06-04T14:18:39","guid":{"rendered":"https:\/\/bergamatiyatrofestivali.com\/?page_id=3590"},"modified":"2022-06-05T20:03:07","modified_gmt":"2022-06-05T17:03:07","slug":"etkinlik-iptali-hakkinda-duyurular","status":"publish","type":"page","link":"https:\/\/bergamatiyatrofestivali.com\/en\/etkinlik-iptali-hakkinda-duyurular\/","title":{"rendered":"Etkinlik \u0130ptali Hakk\u0131nda Duyurular"},"content":{"rendered":"<div class='flex_column av-21c7we-85bfe79915c04fdf4a0a01e75d812250 av_one_full  avia-builder-el-0  avia-builder-el-no-sibling  first flex_column_div'   ><section class=\"av_textblock_section\"  itemscope=\"itemscope\" itemtype=\"https:\/\/schema.org\/CreativeWork\" ><div class='avia_textblock'   itemprop=\"text\" ><h6>Etkinlik \u0130ptali Hakk\u0131nda Duyurular\u0131<\/h6>\n<p><em>05.06.2022<\/em><\/p>\n<p><strong><span style=\"color: #333333;\">11:00 &#8211; Adviye<\/span><\/strong><\/p>\n<p>Etkinli\u011fimiz iptal olmu\u015ftur.<\/p>\n<p><em>04.06.2022<\/em><\/p>\n<p><strong><span style=\"color: #333333;\">11:00 &#8211; Tiyatro Teknik Prod\u00fcksiyon At\u00f6lyesi<\/span><\/strong><\/p>\n<p><strong><span style=\"color: #333333;\">12:00 &#8211; BTF Clown ve G\u00f6steri Sanatlar\u0131 Ekibi<\/span><\/strong><\/p>\n<p>Etkinlikleri iptal olmu\u015ftur.<\/p>\n<p><em>03.06.2022<\/em><\/p>\n<p>Mitolojik Hikayeler etkinli\u011fi iptal olmu\u015ftur. Bilet alan seyircilerimize biletinin iadesi yap\u0131lacakt\u0131r.<\/p>\n<\/div><\/section><\/div>","protected":false},"excerpt":{"rendered":"","protected":false},"author":2,"featured_media":0,"parent":0,"menu_order":0,"comment_status":"closed","ping_status":"closed","template":"","meta":{"footnotes":""},"class_list":["post-3590","page","type-page","status-publish","hentry"],"_links":{"self":[{"href":"https:\/\/bergamatiyatrofestivali.com\/en\/wp-json\/wp\/v2\/pages\/3590","targetHints":{"allow":["GET"]}}],"collection":[{"href":"https:\/\/bergamatiyatrofestivali.com\/en\/wp-json\/wp\/v2\/pages"}],"about":[{"href":"https:\/\/bergamatiyatrofestivali.com\/en\/wp-json\/wp\/v2\/types\/page"}],"author":[{"embeddable":true,"href":"https:\/\/bergamatiyatrofestivali.com\/en\/wp-json\/wp\/v2\/users\/2"}],"replies":[{"embeddable":true,"href":"https:\/\/bergamatiyatrofestivali.com\/en\/wp-json\/wp\/v2\/comments?post=3590"}],"version-history":[{"count":5,"href":"https:\/\/bergamatiyatrofestivali.com\/en\/wp-json\/wp\/v2\/pages\/3590\/revisions"}],"predecessor-version":[{"id":3607,"href":"https:\/\/bergamatiyatrofestivali.com\/en\/wp-json\/wp\/v2\/pages\/3590\/revisions\/3607"}],"wp:attachment":[{"href":"https:\/\/bergamatiyatrofestivali.com\/en\/wp-json\/wp\/v2\/media?parent=3590"}],"curies":[{"name":"wp","href":"https:\/\/api.w.org\/{rel}","templated":true}]}}