{"id":3577,"date":"2022-06-04T13:56:12","date_gmt":"2022-06-04T10:56:12","guid":{"rendered":"https:\/\/bergamatiyatrofestivali.com\/?page_id=3577"},"modified":"2022-06-04T13:57:53","modified_gmt":"2022-06-04T10:57:53","slug":"ertelenme-duyurusu-dans-eden-grafiti","status":"publish","type":"page","link":"https:\/\/bergamatiyatrofestivali.com\/en\/ertelenme-duyurusu-dans-eden-grafiti\/","title":{"rendered":"Ertelenme Duyurusu &#8211; Dans Eden Grafiti"},"content":{"rendered":"<div class='flex_column av-2hnba1-4fca5b437266b165d28da4c6ea7dafa9 av_one_half  avia-builder-el-0  el_before_av_one_full  avia-builder-el-first  first flex_column_div'   ><style type=\"text\/css\" data-created_by=\"avia_inline_auto\" id=\"style-css-av-l3x8118u-368c000dea55ec32cd449115ee0ae525\">\n.avia-image-container.av-l3x8118u-368c000dea55ec32cd449115ee0ae525 .av-image-caption-overlay-center{\ncolor:#ffffff;\n}\n<\/style>\n<div  class='avia-image-container av-l3x8118u-368c000dea55ec32cd449115ee0ae525 av-styling- avia_animated_image avia_animate_when_almost_visible pop-up avia-align-center  avia-builder-el-1  avia-builder-el-no-sibling'  itemprop=\"image\" itemscope=\"itemscope\" itemtype=\"https:\/\/schema.org\/ImageObject\" ><div class=\"avia-image-container-inner\"><div class=\"avia-image-overlay-wrap\"><img decoding=\"async\" class='wp-image-3576 avia-img-lazy-loading-not-3576 avia_image' src=\"https:\/\/bergamatiyatrofestivali.com\/wp-content\/uploads\/2022\/06\/WhatsApp-Image-2022-06-04-at-12.08.45-PM-300x300.jpeg\" alt='' title='WhatsApp Image 2022-06-04 at 12.08.45 PM'  height=\"300\" width=\"300\"  itemprop=\"thumbnailUrl\" srcset=\"https:\/\/bergamatiyatrofestivali.com\/wp-content\/uploads\/2022\/06\/WhatsApp-Image-2022-06-04-at-12.08.45-PM-300x300.jpeg 300w, https:\/\/bergamatiyatrofestivali.com\/wp-content\/uploads\/2022\/06\/WhatsApp-Image-2022-06-04-at-12.08.45-PM-1030x1030.jpeg 1030w, https:\/\/bergamatiyatrofestivali.com\/wp-content\/uploads\/2022\/06\/WhatsApp-Image-2022-06-04-at-12.08.45-PM-80x80.jpeg 80w, https:\/\/bergamatiyatrofestivali.com\/wp-content\/uploads\/2022\/06\/WhatsApp-Image-2022-06-04-at-12.08.45-PM-768x768.jpeg 768w, https:\/\/bergamatiyatrofestivali.com\/wp-content\/uploads\/2022\/06\/WhatsApp-Image-2022-06-04-at-12.08.45-PM-12x12.jpeg 12w, https:\/\/bergamatiyatrofestivali.com\/wp-content\/uploads\/2022\/06\/WhatsApp-Image-2022-06-04-at-12.08.45-PM-36x36.jpeg 36w, https:\/\/bergamatiyatrofestivali.com\/wp-content\/uploads\/2022\/06\/WhatsApp-Image-2022-06-04-at-12.08.45-PM-180x180.jpeg 180w, https:\/\/bergamatiyatrofestivali.com\/wp-content\/uploads\/2022\/06\/WhatsApp-Image-2022-06-04-at-12.08.45-PM-705x705.jpeg 705w, https:\/\/bergamatiyatrofestivali.com\/wp-content\/uploads\/2022\/06\/WhatsApp-Image-2022-06-04-at-12.08.45-PM.jpeg 1080w\" sizes=\"(max-width: 300px) 100vw, 300px\" \/><\/div><\/div><\/div><\/div>\n<div class='flex_column av-21c7we-85bfe79915c04fdf4a0a01e75d812250 av_one_full  avia-builder-el-2  el_after_av_one_half  avia-builder-el-last  first flex_column_div column-top-margin'   ><section class=\"av_textblock_section\"  itemscope=\"itemscope\" itemtype=\"https:\/\/schema.org\/CreativeWork\" ><div class='avia_textblock'   itemprop=\"text\" ><p><em>04.06.2022<\/em><\/p>\n<h5>Dans Eden Grafiti Performans\u0131 Saat De\u011fi\u015fikli\u011fi:<\/h5>\n<p>20:00&#8217;da Bayatl\u0131 Sitesi &#8211; 3 Ada&#8217;da ger\u00e7ekle\u015fecek olan performans\u0131n saati 20:30&#8217;a al\u0131nd\u0131.<\/p>\n<\/div><\/section><\/div>","protected":false},"excerpt":{"rendered":"","protected":false},"author":2,"featured_media":0,"parent":0,"menu_order":0,"comment_status":"closed","ping_status":"closed","template":"","meta":{"footnotes":""},"class_list":["post-3577","page","type-page","status-publish","hentry"],"_links":{"self":[{"href":"https:\/\/bergamatiyatrofestivali.com\/en\/wp-json\/wp\/v2\/pages\/3577","targetHints":{"allow":["GET"]}}],"collection":[{"href":"https:\/\/bergamatiyatrofestivali.com\/en\/wp-json\/wp\/v2\/pages"}],"about":[{"href":"https:\/\/bergamatiyatrofestivali.com\/en\/wp-json\/wp\/v2\/types\/page"}],"author":[{"embeddable":true,"href":"https:\/\/bergamatiyatrofestivali.com\/en\/wp-json\/wp\/v2\/users\/2"}],"replies":[{"embeddable":true,"href":"https:\/\/bergamatiyatrofestivali.com\/en\/wp-json\/wp\/v2\/comments?post=3577"}],"version-history":[{"count":2,"href":"https:\/\/bergamatiyatrofestivali.com\/en\/wp-json\/wp\/v2\/pages\/3577\/revisions"}],"predecessor-version":[{"id":3580,"href":"https:\/\/bergamatiyatrofestivali.com\/en\/wp-json\/wp\/v2\/pages\/3577\/revisions\/3580"}],"wp:attachment":[{"href":"https:\/\/bergamatiyatrofestivali.com\/en\/wp-json\/wp\/v2\/media?parent=3577"}],"curies":[{"name":"wp","href":"https:\/\/api.w.org\/{rel}","templated":true}]}}