{"id":3565,"date":"2022-06-03T22:19:14","date_gmt":"2022-06-03T19:19:14","guid":{"rendered":"https:\/\/bergamatiyatrofestivali.com\/?page_id=3565"},"modified":"2022-06-05T20:02:54","modified_gmt":"2022-06-05T17:02:54","slug":"performanslar-hakkinda-duyuru","status":"publish","type":"page","link":"https:\/\/bergamatiyatrofestivali.com\/en\/performanslar-hakkinda-duyuru\/","title":{"rendered":"Performanslar Hakk\u0131nda Duyuru"},"content":{"rendered":"<div class='flex_column av-21c7we-85bfe79915c04fdf4a0a01e75d812250 av_one_full  avia-builder-el-0  avia-builder-el-no-sibling  first flex_column_div'   ><section class=\"av_textblock_section\"  itemscope=\"itemscope\" itemtype=\"https:\/\/schema.org\/CreativeWork\" ><div class='avia_textblock'   itemprop=\"text\" ><h6>Performanslar Hakk\u0131nda Duyuru<\/h6>\n<p><em>05.06.2022<\/em><\/p>\n<p>Festival \u00d6zel performans\u0131 Klavikula 19.00\u2019 da ba\u015fl\u0131yor.<\/p>\n<p>Akropol\u2019de ger\u00e7ekle\u015fecek performans i\u00e7in, hava ko\u015fullar\u0131n\u0131n olumsuz bir durum olu\u015fturmad\u0131\u011f\u0131 takdirde teleferik se\u00e7ene\u011finden faydalanabilirsiniz.<\/p>\n<p>Etkinli\u011fe kat\u0131l\u0131m i\u00e7im s\u0131n\u0131rl\u0131 say\u0131daki servis ara\u00e7lar\u0131m\u0131z;<\/p>\n<p>K\u0131z\u0131lavlu &#8211; Akropol 18.30<br \/>\nAkropol &#8211; K\u0131z\u0131lavlu 19.45<\/p>\n<p>transferleri yapacaklar.<\/p>\n<p>Akropol\u2019e kendi imkanlar\u0131n\u0131zla ula\u015fman\u0131z\u0131 \u00f6neriyoruz.<\/p>\n<p><em>05.06.2022<\/em><\/p>\n<p><strong><span style=\"color: #333333;\">13:00 &#8211; Mutlu De\u011filim ama Kahr\u0131mdan da \u00d6lm\u00fcyorum<\/span><\/strong><\/p>\n<p>Tabakhanelerde ger\u00e7ekle\u015fecek olan etkinli\u011fimiz Tonoz&#8217;a al\u0131nm\u0131\u015ft\u0131r.<\/p>\n<p><em>05.06.2022<\/em><\/p>\n<p><strong><span style=\"color: #333333;\">13:00 &#8211; Sihir G\u00f6sterisi<\/span><\/strong><\/p>\n<p>Etkinlik bug\u00fcn saat 13:00&#8217;de Kale Mahallesi&#8217;nde 14 Eyl\u00fcl \u0130lkokulu&#8217;nda<\/p>\n<p><em>04.06.2022<\/em><\/p>\n<p>Bug\u00fcn ger\u00e7ekle\u015fecek olan Performanslar se\u00e7kisindeki oyunlarda T\u00fcrk\u00e7e \/ \u0130ngilizce \u00fcstyaz\u0131 yap\u0131lacakt\u0131r.<\/p>\n<p><strong><span style=\"color: #333333;\">21:00 &#8211; Timsah Ate\u015fi<\/span><\/strong><\/p>\n<p>\u00c7olpan \u0130lhan &amp; Sadri Al\u0131\u015f\u0131k Tiyatrosu &amp; PiuEntertainment<br \/>\nAsclepeion Ancient Theatre<br \/>\nBug\u00fcn ger\u00e7ekle\u015fecek olan Performanslar se\u00e7kisindeki oyunlarda T\u00fcrk\u00e7e \/ \u0130ngilizce \u00fcstyaz\u0131 yap\u0131lacakt\u0131r.<\/p>\n<p>&#8211;<\/p>\n<p><em>03.06.2022<\/em><\/p>\n<p><strong><span style=\"color: #333333;\">19:00 \u2043 Ist\u0131rap Korosu<\/span><\/strong><br \/>\nBam \u0130stanbul<br \/>\nBerKM - Bergama Cultural Center<\/p>\n<p><strong><span style=\"color: #333333;\">20:30 &#8211; \u2043 \u015eatonun Alt\u0131nda<\/span><\/strong><br \/>\nFiziksel Tiyatro Ara\u015ft\u0131rmalar\u0131<br \/>\nTanneries<\/p>\n<p>Announcement About Performances:<\/p>\n<p>The plays in the Performances selection that will take place today will be covered in Turkish \/ English.<\/p>\n<p>Friday, June 03<br \/>\n19.00 &#8211; BerKm<br \/>\n\u2043 Chorus of Agony<br \/>\nBam \u0130stanbul<\/p>\n<p>20.30 &#8211; Tanneries<br \/>\n\u2043 Under The Castle<br \/>\nFiziksel Tiyatro Ara\u015ft\u0131rmalar\u0131<\/p>\n<\/div><\/section><\/div>","protected":false},"excerpt":{"rendered":"","protected":false},"author":1,"featured_media":0,"parent":0,"menu_order":0,"comment_status":"closed","ping_status":"closed","template":"","meta":{"footnotes":""},"class_list":["post-3565","page","type-page","status-publish","hentry"],"_links":{"self":[{"href":"https:\/\/bergamatiyatrofestivali.com\/en\/wp-json\/wp\/v2\/pages\/3565","targetHints":{"allow":["GET"]}}],"collection":[{"href":"https:\/\/bergamatiyatrofestivali.com\/en\/wp-json\/wp\/v2\/pages"}],"about":[{"href":"https:\/\/bergamatiyatrofestivali.com\/en\/wp-json\/wp\/v2\/types\/page"}],"author":[{"embeddable":true,"href":"https:\/\/bergamatiyatrofestivali.com\/en\/wp-json\/wp\/v2\/users\/1"}],"replies":[{"embeddable":true,"href":"https:\/\/bergamatiyatrofestivali.com\/en\/wp-json\/wp\/v2\/comments?post=3565"}],"version-history":[{"count":6,"href":"https:\/\/bergamatiyatrofestivali.com\/en\/wp-json\/wp\/v2\/pages\/3565\/revisions"}],"predecessor-version":[{"id":3634,"href":"https:\/\/bergamatiyatrofestivali.com\/en\/wp-json\/wp\/v2\/pages\/3565\/revisions\/3634"}],"wp:attachment":[{"href":"https:\/\/bergamatiyatrofestivali.com\/en\/wp-json\/wp\/v2\/media?parent=3565"}],"curies":[{"name":"wp","href":"https:\/\/api.w.org\/{rel}","templated":true}]}}