{"id":3560,"date":"2022-06-03T22:12:57","date_gmt":"2022-06-03T19:12:57","guid":{"rendered":"https:\/\/bergamatiyatrofestivali.com\/?page_id=3560"},"modified":"2022-06-05T17:58:58","modified_gmt":"2022-06-05T14:58:58","slug":"yan-etkinlikler-hakkinda-duyuru-1","status":"publish","type":"page","link":"https:\/\/bergamatiyatrofestivali.com\/en\/yan-etkinlikler-hakkinda-duyuru-1\/","title":{"rendered":"Yan Etkinlikler Hakkinda Duyuru 1"},"content":{"rendered":"<div class='flex_column av-21c7we-85bfe79915c04fdf4a0a01e75d812250 av_one_full  avia-builder-el-0  avia-builder-el-no-sibling  first flex_column_div'   ><section class=\"av_textblock_section\"  itemscope=\"itemscope\" itemtype=\"https:\/\/schema.org\/CreativeWork\" ><div class='avia_textblock'   itemprop=\"text\" ><h5>Yan Etkinlikler Hakk\u0131nda Duyurular<\/h5>\n<p><em>05.06.2022<\/em><\/p>\n<p><strong><span style=\"color: #000000;\">13:00 &#8211; Sihir G\u00f6sterisi<\/span><\/strong><\/p>\n<p>Etkinli\u011fimiz bug\u00fcn saat 13:00&#8217;de Kale Mahallesi&#8217;nde 14 Eyl\u00fcl \u0130lkokulu&#8217;nda ger\u00e7ekle\u015fecektir.<\/p>\n<p><em>04.06.2022<\/em><\/p>\n<p>Bug\u00fcn ba\u015flayacak Konu\u015fmalar se\u00e7kimizin t\u00fcm etkinliklerinde i\u015faret dili terc\u00fcmesi ve simultane \u00e7eviri yap\u0131lacakt\u0131r.<\/p>\n<p><strong><span style=\"color: #333333;\">14:30 &#8211; Yarat\u0131c\u0131 Alanda E\u015fitlik<\/span><\/strong><\/p>\n<p><em>Moderat\u00f6r:<\/em> \u00d6zlem Ece\u00a0 <em>Konu\u015fmac\u0131:<\/em> Esra A. Aysun<\/p>\n<p>Yabets Sinagogu<\/p>\n<p><strong><span style=\"color: #333333;\">16:30 &#8211; K\u00dcLT\u00dcREL HAKLAR: Kim \u0130\u00e7in, Ne \u0130\u00e7in?\u00a0<\/span><\/strong><\/p>\n<p><em>Moderat\u00f6r:<\/em> Serhan Ada\u00a0 <em>Konu\u015fmac\u0131:<\/em> Saliha Yavuz, Volkan Aslan<\/p>\n<p>Yabets Sinagogu<\/p>\n<p><em>03.06.2022<\/em><\/p>\n<p>Bug\u00fcn ba\u015flayacak Konu\u015fmalar se\u00e7kimizin t\u00fcm etkinliklerinde i\u015faret dili terc\u00fcmesi ve simultane \u00e7eviri yap\u0131lacakt\u0131r.<\/p>\n<p><strong><span style=\"color: #333333;\">13:00 &#8211; Her Alan A\u00e7\u0131k Bir Sahnedir: Assos G\u00f6steri Sanatlar\u0131 Festivali \u00d6rne\u011fi<\/span><\/strong> Konu\u015fmac\u0131lar: Asiye Cengiz, Ayd\u0131n Teker, Sel\u00e7uk G\u00fcr\u0131\u015f\u0131k, Zeynep G\u00fcns\u00fcr Y\u00fcceil<\/p>\n<p>Yabets Sinagogu<\/p>\n<p><strong><span style=\"color: #333333;\">15:00 &#8211; Kitlenize Kar\u015f\u0131 Nas\u0131l Daha Kapsay\u0131c\u0131 Olabilirsiniz?<\/span><\/strong><\/p>\n<p>Moderat\u00f6r: Hakan Silahs\u0131zo\u011flu, Konu\u015fmac\u0131lar: Sharon Gavrielov, Or Alterman Barnea<\/p>\n<p>Yabets Sinagogu<\/p>\n<p><strong><span style=\"color: #333333;\">Saat 17.00 &#8211; K\u00fclt\u00fcrel Diyalog ve Etkile\u015fim<\/span><\/strong><br \/>\nModerat\u00f6r: G\u00f6k\u00e7e Dervi\u015fo\u011flu Okandan, Kon\u0131\u015fmac\u0131lar: Melih G\u00f6rg\u00fcn, Mehmet Osman \u00c7etiner, Nazey Erdilek<\/p>\n<p>Yabets Sinagogu<\/p>\n<p><em>03.06.2022<\/em><\/p>\n<p>\u0130ngilizce ger\u00e7ekle\u015fecek at\u00f6lyelerimizin t\u00fcm\u00fcnde Ard\u0131l \u00c7eviri yap\u0131lacaktir.<\/p>\n<p><strong><span style=\"color: #333333;\">10:00 \u2043 Commedia Dell\u2019arte At\u00f6lyesi (1. oturum)<\/span><\/strong><\/p>\n<p>Panayiotis Stathopoulos<\/p>\n<p>Tonoz<\/p>\n<p><strong><span style=\"color: #333333;\">13:00 \u2043 Ki\u015fiselden Evrensele: Somatik Yarat\u0131c\u0131l\u0131k At\u00f6lyesi <\/span><\/strong><\/p>\n<p>Erika Batdorf<\/p>\n<p>Tonoz<\/p>\n<p>&#8211;<br \/>\n<em>Announcement about Side Events: <\/em><\/p>\n<p><em>Consecutive Translation will be provided in all of our workshops in English.<\/em><\/p>\n<p><em>Friday, June 03<\/em><br \/>\n<em> 10.00 &#8211; Tonoz<\/em><br \/>\n<em> \u2043 Commedia Dell\u2019arte Workshop (1st session)<\/em><br \/>\n<em> Panayiotis Stathopoulos<\/em><\/p>\n<p><em>13:00 &#8211; Tonoz<\/em><br \/>\n<em> \u2043 From Personal to Universal: Somatic Creativity Workshop<\/em><br \/>\n<em> Erika Batdorf<\/em><\/p>\n<\/div><\/section><\/div>","protected":false},"excerpt":{"rendered":"","protected":false},"author":1,"featured_media":0,"parent":0,"menu_order":0,"comment_status":"closed","ping_status":"closed","template":"","meta":{"footnotes":""},"class_list":["post-3560","page","type-page","status-publish","hentry"],"_links":{"self":[{"href":"https:\/\/bergamatiyatrofestivali.com\/en\/wp-json\/wp\/v2\/pages\/3560","targetHints":{"allow":["GET"]}}],"collection":[{"href":"https:\/\/bergamatiyatrofestivali.com\/en\/wp-json\/wp\/v2\/pages"}],"about":[{"href":"https:\/\/bergamatiyatrofestivali.com\/en\/wp-json\/wp\/v2\/types\/page"}],"author":[{"embeddable":true,"href":"https:\/\/bergamatiyatrofestivali.com\/en\/wp-json\/wp\/v2\/users\/1"}],"replies":[{"embeddable":true,"href":"https:\/\/bergamatiyatrofestivali.com\/en\/wp-json\/wp\/v2\/comments?post=3560"}],"version-history":[{"count":4,"href":"https:\/\/bergamatiyatrofestivali.com\/en\/wp-json\/wp\/v2\/pages\/3560\/revisions"}],"predecessor-version":[{"id":3606,"href":"https:\/\/bergamatiyatrofestivali.com\/en\/wp-json\/wp\/v2\/pages\/3560\/revisions\/3606"}],"wp:attachment":[{"href":"https:\/\/bergamatiyatrofestivali.com\/en\/wp-json\/wp\/v2\/media?parent=3560"}],"curies":[{"name":"wp","href":"https:\/\/api.w.org\/{rel}","templated":true}]}}