{"id":3557,"date":"2022-06-03T22:06:46","date_gmt":"2022-06-03T19:06:46","guid":{"rendered":"https:\/\/bergamatiyatrofestivali.com\/?page_id=3557"},"modified":"2022-06-03T22:06:46","modified_gmt":"2022-06-03T19:06:46","slug":"bergama-sokaklari-duyuru","status":"publish","type":"page","link":"https:\/\/bergamatiyatrofestivali.com\/en\/bergama-sokaklari-duyuru\/","title":{"rendered":"Bug\u00fcn Bergama Sokaklar\u0131&#8217;nda ger\u00e7ekle\u015fecek etkinlikler hakk\u0131nda duyuru!"},"content":{"rendered":"<div class='flex_column av-21c7we-85bfe79915c04fdf4a0a01e75d812250 av_one_full  avia-builder-el-0  avia-builder-el-no-sibling  first flex_column_div'   ><section class=\"av_textblock_section\"  itemscope=\"itemscope\" itemtype=\"https:\/\/schema.org\/CreativeWork\" ><div class='avia_textblock'   itemprop=\"text\" ><p><em>03.06.2022<\/em><\/p>\n<h6>Bug\u00fcn Bergama Sokaklar\u0131&#8217;nda ger\u00e7ekle\u015fecek etkinlikler hakk\u0131nda duyuru!<\/h6>\n<p>BTF Clown ve Sirk Sanatlar\u0131 Ekibi<br \/>\nSaat 16:00 &#8211; Fatih Mahallesi Hamdi Ar\u0131kan Park\u0131<\/p>\n<p>E\u015fit Masallar &#8211; Odeabank<br \/>\nSaat 18:00 &#8211; Mert \u00d6zt\u00fcre \u0130lkokulu \/ Bayatli Mahallesi<\/p>\n<\/div><\/section><\/div>","protected":false},"excerpt":{"rendered":"","protected":false},"author":1,"featured_media":0,"parent":0,"menu_order":0,"comment_status":"closed","ping_status":"closed","template":"","meta":{"footnotes":""},"class_list":["post-3557","page","type-page","status-publish","hentry"],"_links":{"self":[{"href":"https:\/\/bergamatiyatrofestivali.com\/en\/wp-json\/wp\/v2\/pages\/3557","targetHints":{"allow":["GET"]}}],"collection":[{"href":"https:\/\/bergamatiyatrofestivali.com\/en\/wp-json\/wp\/v2\/pages"}],"about":[{"href":"https:\/\/bergamatiyatrofestivali.com\/en\/wp-json\/wp\/v2\/types\/page"}],"author":[{"embeddable":true,"href":"https:\/\/bergamatiyatrofestivali.com\/en\/wp-json\/wp\/v2\/users\/1"}],"replies":[{"embeddable":true,"href":"https:\/\/bergamatiyatrofestivali.com\/en\/wp-json\/wp\/v2\/comments?post=3557"}],"version-history":[{"count":2,"href":"https:\/\/bergamatiyatrofestivali.com\/en\/wp-json\/wp\/v2\/pages\/3557\/revisions"}],"predecessor-version":[{"id":3559,"href":"https:\/\/bergamatiyatrofestivali.com\/en\/wp-json\/wp\/v2\/pages\/3557\/revisions\/3559"}],"wp:attachment":[{"href":"https:\/\/bergamatiyatrofestivali.com\/en\/wp-json\/wp\/v2\/media?parent=3557"}],"curies":[{"name":"wp","href":"https:\/\/api.w.org\/{rel}","templated":true}]}}