{"id":3529,"date":"2022-06-02T19:17:50","date_gmt":"2022-06-02T16:17:50","guid":{"rendered":"https:\/\/bergamatiyatrofestivali.com\/?page_id=3529"},"modified":"2022-06-02T19:23:24","modified_gmt":"2022-06-02T16:23:24","slug":"bugun-panayir-aksami","status":"publish","type":"page","link":"https:\/\/bergamatiyatrofestivali.com\/en\/bugun-panayir-aksami\/","title":{"rendered":"Bug\u00fcn Panay\u0131r Ak\u015fam\u0131!"},"content":{"rendered":"<div class='flex_column av-fxtgu-f245fe0be2d3e74a96b843fbff284c0d av_one_half  avia-builder-el-0  el_before_av_one_half  avia-builder-el-first  first flex_column_div'   ><style type=\"text\/css\" data-created_by=\"avia_inline_auto\" id=\"style-css-av-l10pxvvm-2bf35aa49735a04b9ce20f5ea58b9c6e\">\n.avia-image-container.av-l10pxvvm-2bf35aa49735a04b9ce20f5ea58b9c6e .av-image-caption-overlay-center{\ncolor:#ffffff;\n}\n<\/style>\n<div  class='avia-image-container av-l10pxvvm-2bf35aa49735a04b9ce20f5ea58b9c6e av-styling- avia_animated_image avia_animate_when_almost_visible pop-up avia-align-center  avia-builder-el-1  avia-builder-el-no-sibling'  itemprop=\"image\" itemscope=\"itemscope\" itemtype=\"https:\/\/schema.org\/ImageObject\" ><div class=\"avia-image-container-inner\"><div class=\"avia-image-overlay-wrap\"><img decoding=\"async\" class='wp-image-3530 avia-img-lazy-loading-not-3530 avia_image' src=\"https:\/\/bergamatiyatrofestivali.com\/wp-content\/uploads\/2022\/06\/WhatsApp-Image-2022-06-02-at-6.45.28-PM-1030x1030.jpeg\" alt='' title='WhatsApp Image 2022-06-02 at 6.45.28 PM'  height=\"1030\" width=\"1030\"  itemprop=\"thumbnailUrl\" srcset=\"https:\/\/bergamatiyatrofestivali.com\/wp-content\/uploads\/2022\/06\/WhatsApp-Image-2022-06-02-at-6.45.28-PM-1030x1030.jpeg 1030w, https:\/\/bergamatiyatrofestivali.com\/wp-content\/uploads\/2022\/06\/WhatsApp-Image-2022-06-02-at-6.45.28-PM-300x300.jpeg 300w, https:\/\/bergamatiyatrofestivali.com\/wp-content\/uploads\/2022\/06\/WhatsApp-Image-2022-06-02-at-6.45.28-PM-80x80.jpeg 80w, https:\/\/bergamatiyatrofestivali.com\/wp-content\/uploads\/2022\/06\/WhatsApp-Image-2022-06-02-at-6.45.28-PM-768x768.jpeg 768w, https:\/\/bergamatiyatrofestivali.com\/wp-content\/uploads\/2022\/06\/WhatsApp-Image-2022-06-02-at-6.45.28-PM-12x12.jpeg 12w, https:\/\/bergamatiyatrofestivali.com\/wp-content\/uploads\/2022\/06\/WhatsApp-Image-2022-06-02-at-6.45.28-PM-36x36.jpeg 36w, https:\/\/bergamatiyatrofestivali.com\/wp-content\/uploads\/2022\/06\/WhatsApp-Image-2022-06-02-at-6.45.28-PM-180x180.jpeg 180w, https:\/\/bergamatiyatrofestivali.com\/wp-content\/uploads\/2022\/06\/WhatsApp-Image-2022-06-02-at-6.45.28-PM-705x705.jpeg 705w, https:\/\/bergamatiyatrofestivali.com\/wp-content\/uploads\/2022\/06\/WhatsApp-Image-2022-06-02-at-6.45.28-PM.jpeg 1080w\" sizes=\"(max-width: 1030px) 100vw, 1030px\" \/><\/div><\/div><\/div><\/div>\n<div class='flex_column av-2hnba1-676c839a7f788158e8096fd964c94f76 av_one_half  avia-builder-el-2  el_after_av_one_half  el_before_av_one_full  flex_column_div'   ><style type=\"text\/css\" data-created_by=\"avia_inline_auto\" id=\"style-css-av-l3x8118u-9d91b7437b55c9ae1f5e71b56032c385\">\n.avia-image-container.av-l3x8118u-9d91b7437b55c9ae1f5e71b56032c385 .av-image-caption-overlay-center{\ncolor:#ffffff;\n}\n<\/style>\n<div  class='avia-image-container av-l3x8118u-9d91b7437b55c9ae1f5e71b56032c385 av-styling- avia_animated_image avia_animate_when_almost_visible pop-up avia-align-center  avia-builder-el-3  avia-builder-el-no-sibling'  itemprop=\"image\" itemscope=\"itemscope\" itemtype=\"https:\/\/schema.org\/ImageObject\" ><div class=\"avia-image-container-inner\"><div class=\"avia-image-overlay-wrap\"><img decoding=\"async\" class='wp-image-3526 avia-img-lazy-loading-not-3526 avia_image' src=\"https:\/\/bergamatiyatrofestivali.com\/wp-content\/uploads\/2022\/06\/WhatsApp-Image-2022-06-02-at-6.45.30-PM-1030x1030.jpeg\" alt='' title='WhatsApp Image 2022-06-02 at 6.45.30 PM'  height=\"1030\" width=\"1030\"  itemprop=\"thumbnailUrl\" srcset=\"https:\/\/bergamatiyatrofestivali.com\/wp-content\/uploads\/2022\/06\/WhatsApp-Image-2022-06-02-at-6.45.30-PM-1030x1030.jpeg 1030w, https:\/\/bergamatiyatrofestivali.com\/wp-content\/uploads\/2022\/06\/WhatsApp-Image-2022-06-02-at-6.45.30-PM-300x300.jpeg 300w, https:\/\/bergamatiyatrofestivali.com\/wp-content\/uploads\/2022\/06\/WhatsApp-Image-2022-06-02-at-6.45.30-PM-80x80.jpeg 80w, https:\/\/bergamatiyatrofestivali.com\/wp-content\/uploads\/2022\/06\/WhatsApp-Image-2022-06-02-at-6.45.30-PM-768x768.jpeg 768w, https:\/\/bergamatiyatrofestivali.com\/wp-content\/uploads\/2022\/06\/WhatsApp-Image-2022-06-02-at-6.45.30-PM-1536x1536.jpeg 1536w, https:\/\/bergamatiyatrofestivali.com\/wp-content\/uploads\/2022\/06\/WhatsApp-Image-2022-06-02-at-6.45.30-PM-12x12.jpeg 12w, https:\/\/bergamatiyatrofestivali.com\/wp-content\/uploads\/2022\/06\/WhatsApp-Image-2022-06-02-at-6.45.30-PM-36x36.jpeg 36w, https:\/\/bergamatiyatrofestivali.com\/wp-content\/uploads\/2022\/06\/WhatsApp-Image-2022-06-02-at-6.45.30-PM-180x180.jpeg 180w, https:\/\/bergamatiyatrofestivali.com\/wp-content\/uploads\/2022\/06\/WhatsApp-Image-2022-06-02-at-6.45.30-PM-1500x1500.jpeg 1500w, https:\/\/bergamatiyatrofestivali.com\/wp-content\/uploads\/2022\/06\/WhatsApp-Image-2022-06-02-at-6.45.30-PM-705x705.jpeg 705w, https:\/\/bergamatiyatrofestivali.com\/wp-content\/uploads\/2022\/06\/WhatsApp-Image-2022-06-02-at-6.45.30-PM.jpeg 1600w\" sizes=\"(max-width: 1030px) 100vw, 1030px\" \/><\/div><\/div><\/div><\/div>\n<div class='flex_column av-21c7we-85bfe79915c04fdf4a0a01e75d812250 av_one_full  avia-builder-el-4  el_after_av_one_half  avia-builder-el-last  first flex_column_div column-top-margin'   ><section class=\"av_textblock_section\"  itemscope=\"itemscope\" itemtype=\"https:\/\/schema.org\/CreativeWork\" ><div class='avia_textblock'   itemprop=\"text\" ><p><em>02.06.2022<\/em><\/p>\n<h5>BTF\u201922 A\u00e7\u0131l\u0131\u015f Panay\u0131r\u0131 (A\u00e7\u0131l\u0131\u015f Konseri: MABEL MAT\u0130Z &amp; Festival Se\u00e7kisi) Etkinlik Duyurusu<\/h5>\n<p>Bug\u00fcn Panay\u0131r Ak\u015fam\u0131!<\/p>\n<p>BETF&#8217;22 A\u00e7\u0131l\u0131\u015f Panay\u0131r\u0131 (A\u00e7\u0131l\u0131\u015f Konseri: MABEL MAT\u0130Z ve Festival Se\u00e7kisi) kap\u0131 a\u00e7\u0131l\u0131\u015f\u0131 saat 19:00 itibariyle ba\u015fl\u0131yor!<\/p>\n<p>Mobilet&#8217;te 100 \u00f6\u011frenci bileti daha sat\u0131\u015fa \u00e7\u0131km\u0131\u015ft\u0131r.<\/p>\n<p>Asklepion ak\u015famlar\u0131 serinoluyor. Etkinlikleri izlemeye haz\u0131rl\u0131kl\u0131 gelminizi tavsiye ederiz.<\/p>\n<p>\u015eimdiden iyi seyirler!<\/p>\n<\/div><\/section><\/div>","protected":false},"excerpt":{"rendered":"","protected":false},"author":1,"featured_media":0,"parent":0,"menu_order":0,"comment_status":"closed","ping_status":"closed","template":"","meta":{"footnotes":""},"class_list":["post-3529","page","type-page","status-publish","hentry"],"_links":{"self":[{"href":"https:\/\/bergamatiyatrofestivali.com\/en\/wp-json\/wp\/v2\/pages\/3529","targetHints":{"allow":["GET"]}}],"collection":[{"href":"https:\/\/bergamatiyatrofestivali.com\/en\/wp-json\/wp\/v2\/pages"}],"about":[{"href":"https:\/\/bergamatiyatrofestivali.com\/en\/wp-json\/wp\/v2\/types\/page"}],"author":[{"embeddable":true,"href":"https:\/\/bergamatiyatrofestivali.com\/en\/wp-json\/wp\/v2\/users\/1"}],"replies":[{"embeddable":true,"href":"https:\/\/bergamatiyatrofestivali.com\/en\/wp-json\/wp\/v2\/comments?post=3529"}],"version-history":[{"count":2,"href":"https:\/\/bergamatiyatrofestivali.com\/en\/wp-json\/wp\/v2\/pages\/3529\/revisions"}],"predecessor-version":[{"id":3533,"href":"https:\/\/bergamatiyatrofestivali.com\/en\/wp-json\/wp\/v2\/pages\/3529\/revisions\/3533"}],"wp:attachment":[{"href":"https:\/\/bergamatiyatrofestivali.com\/en\/wp-json\/wp\/v2\/media?parent=3529"}],"curies":[{"name":"wp","href":"https:\/\/api.w.org\/{rel}","templated":true}]}}