{"id":3523,"date":"2022-06-02T19:03:30","date_gmt":"2022-06-02T16:03:30","guid":{"rendered":"https:\/\/bergamatiyatrofestivali.com\/?page_id=3523"},"modified":"2022-06-05T20:04:09","modified_gmt":"2022-06-05T17:04:09","slug":"festival-suresince-ulasim-duyurusu","status":"publish","type":"page","link":"https:\/\/bergamatiyatrofestivali.com\/en\/festival-suresince-ulasim-duyurusu\/","title":{"rendered":"Festival S\u00fcresince Ula\u015f\u0131m Duyurusu"},"content":{"rendered":"<div class='flex_column av-fxtgu-f245fe0be2d3e74a96b843fbff284c0d av_one_full  avia-builder-el-0  el_before_av_one_full  avia-builder-el-first  first flex_column_div'   ><style type=\"text\/css\" data-created_by=\"avia_inline_auto\" id=\"style-css-av-l10pxvvm-89896569e2ee4183c0029d326dd7eece\">\n.avia-image-container.av-l10pxvvm-89896569e2ee4183c0029d326dd7eece .av-image-caption-overlay-center{\ncolor:#ffffff;\n}\n<\/style>\n<div  class='avia-image-container av-l10pxvvm-89896569e2ee4183c0029d326dd7eece av-styling- avia_animated_image avia_animate_when_almost_visible pop-up avia-align-center  avia-builder-el-1  avia-builder-el-no-sibling'  itemprop=\"image\" itemscope=\"itemscope\" itemtype=\"https:\/\/schema.org\/ImageObject\" ><div class=\"avia-image-container-inner\"><div class=\"avia-image-overlay-wrap\"><img decoding=\"async\" class='wp-image-3631 avia-img-lazy-loading-not-3631 avia_image' src=\"https:\/\/bergamatiyatrofestivali.com\/wp-content\/uploads\/2022\/06\/WhatsApp-Image-2022-06-05-at-11.23.33-AM.jpeg\" alt='' title='WhatsApp Image 2022-06-05 at 11.23.33 AM'  height=\"1078\" width=\"1613\"  itemprop=\"thumbnailUrl\" srcset=\"https:\/\/bergamatiyatrofestivali.com\/wp-content\/uploads\/2022\/06\/WhatsApp-Image-2022-06-05-at-11.23.33-AM.jpeg 1613w, https:\/\/bergamatiyatrofestivali.com\/wp-content\/uploads\/2022\/06\/WhatsApp-Image-2022-06-05-at-11.23.33-AM-300x200.jpeg 300w, https:\/\/bergamatiyatrofestivali.com\/wp-content\/uploads\/2022\/06\/WhatsApp-Image-2022-06-05-at-11.23.33-AM-1030x688.jpeg 1030w, https:\/\/bergamatiyatrofestivali.com\/wp-content\/uploads\/2022\/06\/WhatsApp-Image-2022-06-05-at-11.23.33-AM-768x513.jpeg 768w, https:\/\/bergamatiyatrofestivali.com\/wp-content\/uploads\/2022\/06\/WhatsApp-Image-2022-06-05-at-11.23.33-AM-1536x1027.jpeg 1536w, https:\/\/bergamatiyatrofestivali.com\/wp-content\/uploads\/2022\/06\/WhatsApp-Image-2022-06-05-at-11.23.33-AM-18x12.jpeg 18w, https:\/\/bergamatiyatrofestivali.com\/wp-content\/uploads\/2022\/06\/WhatsApp-Image-2022-06-05-at-11.23.33-AM-1500x1002.jpeg 1500w, https:\/\/bergamatiyatrofestivali.com\/wp-content\/uploads\/2022\/06\/WhatsApp-Image-2022-06-05-at-11.23.33-AM-705x471.jpeg 705w\" sizes=\"(max-width: 1613px) 100vw, 1613px\" \/><\/div><\/div><\/div><\/div>\n<div class='flex_column av-21c7we-85bfe79915c04fdf4a0a01e75d812250 av_one_full  avia-builder-el-2  el_after_av_one_full  avia-builder-el-last  first flex_column_div column-top-margin'   ><section class=\"av_textblock_section\"  itemscope=\"itemscope\" itemtype=\"https:\/\/schema.org\/CreativeWork\" ><div class='avia_textblock'   itemprop=\"text\" ><h5>Festival S\u00fcresince Ula\u015f\u0131m Duyurusu<\/h5>\n<p><em>05.06.2022<\/em><\/p>\n<p>Akropol\u2019deki etkinli\u011fimizden sonra saat 20.00\u2019de K\u0131z\u0131lavlu\u2019dan Asklepion\u2019a bir otob\u00fcs\u00fcm\u00fcz kalkacakt\u0131r.<\/p>\n<p>2-5 Haziran aras\u0131nda her g\u00fcn saat 11:00\u2019den 18:00\u2019a kadar Bergama giri\u015fi ve Asklepion aras\u0131nda ring \u015feklinde tur otob\u00fcs\u00fc sefer yapacakt\u0131r.<\/p>\n<p><em>02.06.2022<\/em><\/p>\n<h6><span style=\"color: #000000;\"><strong>Duraklar:<\/strong><\/span><\/h6>\n<p>1. BerKM<br \/>\n2. Cumhuriyet Meydan\u0131<br \/>\n3. \u00c7\u0131narl\u0131 Kahve<br \/>\n4. K\u0131z\u0131lavlu<br \/>\n<em>\u00dc\u00e7 Kemer caddesi \u00fczerinden Adnan Menderes Bulvar\u0131ndan ge\u00e7erek<\/em><br \/>\n5. Bayrakl\u0131 Park<br \/>\n6. BerKM<\/p>\n<p>&#8211;<\/p>\n<p>2 &#8211; 4 &#8211; 5 Haziran&#8217;da K\u0131z\u0131lavlu &#8211; BerKM ve Asklepion aras\u0131nda Asklepion\u2019da ger\u00e7ekle\u015fecek etkinlikler i\u00e7in saat 18.00-21.00 aras\u0131 ring seferler yap\u0131lacakt\u0131r.<br \/>\nEtkinlik bitiminde Asklepion&#8217;dan d\u00f6n\u00fc\u015f ring seferleri yap\u0131lacakt\u0131r.<\/p>\n<p>2 Haziran, 19.00 : BTF&#8217;22 A\u00e7\u0131l\u0131\u015f Panay\u0131r\u0131 (A\u00e7\u0131l\u0131\u015f Konseri: MABEL MAT\u0130Z &amp; Festival Se\u00e7kisi)<br \/>\n4 Haziran, 21.00: Timsah Ate\u015fi<br \/>\n5 Haziran, 21.00: A\u015fk Ge\u00e7mi\u015fim<\/p>\n<\/div><\/section><\/div>","protected":false},"excerpt":{"rendered":"","protected":false},"author":2,"featured_media":0,"parent":0,"menu_order":0,"comment_status":"closed","ping_status":"closed","template":"","meta":{"footnotes":""},"class_list":["post-3523","page","type-page","status-publish","hentry"],"_links":{"self":[{"href":"https:\/\/bergamatiyatrofestivali.com\/en\/wp-json\/wp\/v2\/pages\/3523","targetHints":{"allow":["GET"]}}],"collection":[{"href":"https:\/\/bergamatiyatrofestivali.com\/en\/wp-json\/wp\/v2\/pages"}],"about":[{"href":"https:\/\/bergamatiyatrofestivali.com\/en\/wp-json\/wp\/v2\/types\/page"}],"author":[{"embeddable":true,"href":"https:\/\/bergamatiyatrofestivali.com\/en\/wp-json\/wp\/v2\/users\/2"}],"replies":[{"embeddable":true,"href":"https:\/\/bergamatiyatrofestivali.com\/en\/wp-json\/wp\/v2\/comments?post=3523"}],"version-history":[{"count":6,"href":"https:\/\/bergamatiyatrofestivali.com\/en\/wp-json\/wp\/v2\/pages\/3523\/revisions"}],"predecessor-version":[{"id":3635,"href":"https:\/\/bergamatiyatrofestivali.com\/en\/wp-json\/wp\/v2\/pages\/3523\/revisions\/3635"}],"wp:attachment":[{"href":"https:\/\/bergamatiyatrofestivali.com\/en\/wp-json\/wp\/v2\/media?parent=3523"}],"curies":[{"name":"wp","href":"https:\/\/api.w.org\/{rel}","templated":true}]}}