{"id":3349,"date":"2022-05-31T02:06:03","date_gmt":"2022-05-30T23:06:03","guid":{"rendered":"https:\/\/bergamatiyatrofestivali.com\/?page_id=3349"},"modified":"2022-05-31T02:06:03","modified_gmt":"2022-05-30T23:06:03","slug":"artsmap","status":"publish","type":"page","link":"https:\/\/bergamatiyatrofestivali.com\/en\/artsmap\/","title":{"rendered":"Artsmap"},"content":{"rendered":"<div class='flex_column av-fxtgu-f245fe0be2d3e74a96b843fbff284c0d av_one_full  avia-builder-el-0  el_before_av_one_full  avia-builder-el-first  first flex_column_div'   ><style type=\"text\/css\" data-created_by=\"avia_inline_auto\" id=\"style-css-av-l10pxvvm-7be9078fce0a84ecab7c75b44c4bf66c\">\n.avia-image-container.av-l10pxvvm-7be9078fce0a84ecab7c75b44c4bf66c .av-image-caption-overlay-center{\ncolor:#ffffff;\n}\n<\/style>\n<div  class='avia-image-container av-l10pxvvm-7be9078fce0a84ecab7c75b44c4bf66c av-styling- avia_animated_image avia_animate_when_almost_visible pop-up avia-align-center  avia-builder-el-1  avia-builder-el-no-sibling'  itemprop=\"image\" itemscope=\"itemscope\" itemtype=\"https:\/\/schema.org\/ImageObject\" ><div class=\"avia-image-container-inner\"><div class=\"avia-image-overlay-wrap\"><img decoding=\"async\" class='wp-image-3350 avia-img-lazy-loading-not-3350 avia_image' src=\"https:\/\/bergamatiyatrofestivali.com\/wp-content\/uploads\/2022\/05\/2CCFC678-37ED-4B17-8757-6DC5CE8A57D6-300x300.jpg\" alt='' title='2CCFC678-37ED-4B17-8757-6DC5CE8A57D6'  height=\"300\" width=\"300\"  itemprop=\"thumbnailUrl\" srcset=\"https:\/\/bergamatiyatrofestivali.com\/wp-content\/uploads\/2022\/05\/2CCFC678-37ED-4B17-8757-6DC5CE8A57D6-300x300.jpg 300w, https:\/\/bergamatiyatrofestivali.com\/wp-content\/uploads\/2022\/05\/2CCFC678-37ED-4B17-8757-6DC5CE8A57D6-1030x1030.jpg 1030w, https:\/\/bergamatiyatrofestivali.com\/wp-content\/uploads\/2022\/05\/2CCFC678-37ED-4B17-8757-6DC5CE8A57D6-80x80.jpg 80w, https:\/\/bergamatiyatrofestivali.com\/wp-content\/uploads\/2022\/05\/2CCFC678-37ED-4B17-8757-6DC5CE8A57D6-768x768.jpg 768w, https:\/\/bergamatiyatrofestivali.com\/wp-content\/uploads\/2022\/05\/2CCFC678-37ED-4B17-8757-6DC5CE8A57D6-12x12.jpg 12w, https:\/\/bergamatiyatrofestivali.com\/wp-content\/uploads\/2022\/05\/2CCFC678-37ED-4B17-8757-6DC5CE8A57D6-36x36.jpg 36w, https:\/\/bergamatiyatrofestivali.com\/wp-content\/uploads\/2022\/05\/2CCFC678-37ED-4B17-8757-6DC5CE8A57D6-180x180.jpg 180w, https:\/\/bergamatiyatrofestivali.com\/wp-content\/uploads\/2022\/05\/2CCFC678-37ED-4B17-8757-6DC5CE8A57D6-705x705.jpg 705w, https:\/\/bergamatiyatrofestivali.com\/wp-content\/uploads\/2022\/05\/2CCFC678-37ED-4B17-8757-6DC5CE8A57D6.jpg 1417w\" sizes=\"(max-width: 300px) 100vw, 300px\" \/><\/div><\/div><\/div><\/div><div class='flex_column av-21c7we-85bfe79915c04fdf4a0a01e75d812250 av_one_full  avia-builder-el-2  el_after_av_one_full  avia-builder-el-last  first flex_column_div column-top-margin'   ><section class=\"av_textblock_section\"  itemscope=\"itemscope\" itemtype=\"https:\/\/schema.org\/CreativeWork\" ><div class='avia_textblock'   itemprop=\"text\" ><p><em>27.05.2022<\/em><\/p>\n<p><span style=\"font-weight: 400;\">Artsmap ve Ku\u0308ltu\u0308r ic\u0327in Alan is\u0327 birlig\u0306iyle 3-4 Haziran 2022 tarihleri aras\u0131nda \u201cSahneyi Su\u0308rdu\u0308r!\u201d Eg\u0306itmen Eg\u0306itimi Bergama Tiyatro Festivali\u2019nde ger\u00e7ekle\u015fecek. Performans sanatlar\u0131 temas\u0131 c\u0327erc\u0327evesinde \u015fekillenen \u201cSahneyi Su\u0308rdu\u0308r!\u201du\u0308n bu versiyonunda I\u0307zmir, Diyarbak\u0131r, Gaziantep ve koms\u0327u s\u0327ehirlerden davet edilen kat\u0131l\u0131mc\u0131lar, &#8220;Su\u0308rdu\u0308ru\u0308lebilir pratikleri kendi uygulamalar\u0131m\u0131za nas\u0131l adapte edebiliriz?&#8221; sorusuna odaklanacak.<\/span><\/p>\n<p><span style=\"font-weight: 400;\">&#8211;<\/span><\/p>\n<p><span style=\"font-weight: 400;\">Train the Trainer event \u201cSustain the Stage!\u201d will take place at the Bergama Theatre Festival between 3rd-4th June 2022 in collaboration with Artsmap and Spaces of Culture. In this edition of &#8216;Sustain the Stage!\u2019, invited participants from Izmir, Diyarbakir, Gaziantep, and their neighbouring cities will explore the forms of adopting sustainable practices focusing on performing arts.<\/span><\/p>\n<\/div><\/section><\/div><\/p>","protected":false},"excerpt":{"rendered":"","protected":false},"author":2,"featured_media":0,"parent":0,"menu_order":0,"comment_status":"closed","ping_status":"closed","template":"","meta":{"footnotes":""},"class_list":["post-3349","page","type-page","status-publish","hentry"],"_links":{"self":[{"href":"https:\/\/bergamatiyatrofestivali.com\/en\/wp-json\/wp\/v2\/pages\/3349","targetHints":{"allow":["GET"]}}],"collection":[{"href":"https:\/\/bergamatiyatrofestivali.com\/en\/wp-json\/wp\/v2\/pages"}],"about":[{"href":"https:\/\/bergamatiyatrofestivali.com\/en\/wp-json\/wp\/v2\/types\/page"}],"author":[{"embeddable":true,"href":"https:\/\/bergamatiyatrofestivali.com\/en\/wp-json\/wp\/v2\/users\/2"}],"replies":[{"embeddable":true,"href":"https:\/\/bergamatiyatrofestivali.com\/en\/wp-json\/wp\/v2\/comments?post=3349"}],"version-history":[{"count":1,"href":"https:\/\/bergamatiyatrofestivali.com\/en\/wp-json\/wp\/v2\/pages\/3349\/revisions"}],"predecessor-version":[{"id":3351,"href":"https:\/\/bergamatiyatrofestivali.com\/en\/wp-json\/wp\/v2\/pages\/3349\/revisions\/3351"}],"wp:attachment":[{"href":"https:\/\/bergamatiyatrofestivali.com\/en\/wp-json\/wp\/v2\/media?parent=3349"}],"curies":[{"name":"wp","href":"https:\/\/api.w.org\/{rel}","templated":true}]}}