{"id":2919,"date":"2022-05-15T22:16:13","date_gmt":"2022-05-15T19:16:13","guid":{"rendered":"https:\/\/bergamatiyatrofestivali.com\/?page_id=2919"},"modified":"2022-05-31T15:41:16","modified_gmt":"2022-05-31T12:41:16","slug":"mutlu-degilim-ama-kahrimdan-da-olmuyorum","status":"publish","type":"page","link":"https:\/\/bergamatiyatrofestivali.com\/en\/mutlu-degilim-ama-kahrimdan-da-olmuyorum\/","title":{"rendered":"Mutlu De\u011filim Ama Kahr\u0131mdan da \u00d6lm\u00fcyorum"},"content":{"rendered":"<div class='flex_column av-6cjq8n-23a36fc28bd6e164207cfe0c04807368 av_one_half  avia-builder-el-0  el_before_av_one_half  avia-builder-el-first  first flex_column_div'   ><p>\n<style type=\"text\/css\" data-created_by=\"avia_inline_auto\" id=\"style-css-av-4a3orb-5bd80c653796ce7551e96e23058c5ee3\">\n.avia-image-container.av-4a3orb-5bd80c653796ce7551e96e23058c5ee3 .av-image-caption-overlay-center{\ncolor:#ffffff;\n}\n<\/style>\n<div  class='avia-image-container av-4a3orb-5bd80c653796ce7551e96e23058c5ee3 av-styling- avia-align-center  avia-builder-el-1  el_before_av_textblock  avia-builder-el-first'  itemprop=\"image\" itemscope=\"itemscope\" itemtype=\"https:\/\/schema.org\/ImageObject\" ><div class=\"avia-image-container-inner\"><div class=\"avia-image-overlay-wrap\"><img decoding=\"async\" class='wp-image-3431 avia-img-lazy-loading-not-3431 avia_image' src=\"https:\/\/bergamatiyatrofestivali.com\/wp-content\/uploads\/2022\/05\/mutlu-degilim-ama-kahrimdan-da-olmuyorum-post.png\" alt='' title='mutlu de\u011filim ama kahr\u0131mdan da \u00f6lm\u00fcyorum-post'  height=\"1080\" width=\"1080\"  itemprop=\"thumbnailUrl\" srcset=\"https:\/\/bergamatiyatrofestivali.com\/wp-content\/uploads\/2022\/05\/mutlu-degilim-ama-kahrimdan-da-olmuyorum-post.png 1080w, https:\/\/bergamatiyatrofestivali.com\/wp-content\/uploads\/2022\/05\/mutlu-degilim-ama-kahrimdan-da-olmuyorum-post-300x300.png 300w, https:\/\/bergamatiyatrofestivali.com\/wp-content\/uploads\/2022\/05\/mutlu-degilim-ama-kahrimdan-da-olmuyorum-post-1030x1030.png 1030w, https:\/\/bergamatiyatrofestivali.com\/wp-content\/uploads\/2022\/05\/mutlu-degilim-ama-kahrimdan-da-olmuyorum-post-80x80.png 80w, https:\/\/bergamatiyatrofestivali.com\/wp-content\/uploads\/2022\/05\/mutlu-degilim-ama-kahrimdan-da-olmuyorum-post-768x768.png 768w, https:\/\/bergamatiyatrofestivali.com\/wp-content\/uploads\/2022\/05\/mutlu-degilim-ama-kahrimdan-da-olmuyorum-post-12x12.png 12w, https:\/\/bergamatiyatrofestivali.com\/wp-content\/uploads\/2022\/05\/mutlu-degilim-ama-kahrimdan-da-olmuyorum-post-36x36.png 36w, https:\/\/bergamatiyatrofestivali.com\/wp-content\/uploads\/2022\/05\/mutlu-degilim-ama-kahrimdan-da-olmuyorum-post-180x180.png 180w, https:\/\/bergamatiyatrofestivali.com\/wp-content\/uploads\/2022\/05\/mutlu-degilim-ama-kahrimdan-da-olmuyorum-post-705x705.png 705w\" sizes=\"(max-width: 1080px) 100vw, 1080px\" \/><\/div><\/div><\/div><br \/>\n<section class=\"av_textblock_section\"  itemscope=\"itemscope\" itemtype=\"https:\/\/schema.org\/CreativeWork\" ><div class='avia_textblock  av_inherit_color'  style='color:#1d1d1b; '  itemprop=\"text\" ><h2><strong>Mutlu De\u011filim ama Kahr\u0131mdan da \u00d6lm\u00fcyorum<\/strong><\/h2>\n<h3><em><strong>I Am Not Happy, But I Am Not Dying of Despair Either<\/strong><\/em><\/h3>\n<h3><span style=\"font-weight: 400;\">Boa Sahne\u00a0<\/span><\/h3>\n<h4><span style=\"font-weight: 400;\">5 Haziran &#8211; June \/ Pazar &#8211; Sunday, 19:30<\/span><\/h4>\n<h5><span style=\"font-weight: 400;\">Bergama Sokaklar\u0131 \/ Bergama Streets\u00a0<\/span><\/h5>\n<p><span style=\"font-weight: 400;\">Etkinlik \u00fccretsizdir. This event is free.<\/span><\/p>\n<\/div><\/section><\/p><\/div><div class='flex_column av-3aa1af-a1a6dc10b31c76b12c5ca8d006b81cea av_one_half  avia-builder-el-3  el_after_av_one_half  avia-builder-el-last  flex_column_div'   ><p><section class=\"av_textblock_section\"  itemscope=\"itemscope\" itemtype=\"https:\/\/schema.org\/CreativeWork\" ><div class='avia_textblock  av_inherit_color'  style='color:#1d1d1b; '  itemprop=\"text\" ><p><span style=\"font-weight: 400;\">Yakantopta en \u00f6nden vurulanlar\u0131n, siniri midesine vuranlar\u0131n, bir \u00f6nceki g\u00fcn\u00fcn kazas\u0131n\u0131 k\u0131lmaktan Allah\u2019a hep bor\u00e7lu kalanlar\u0131n hikayesi\u2026 Ba\u015f\u0131 \u0131slak gezenlerin, a\u011fz\u0131 kira isteyenlerin, akl\u0131 nazar almayanlar\u0131n\u2026 Yaln\u0131zlar\u0131n, a\u015f\u0131klar\u0131n, dertlilerin, \u015fa\u015fk\u0131nlar\u0131n, g\u00fcl\u00fcn\u00e7lerin\u2026 Bir \u00e7ift eski ayakkab\u0131n\u0131n\u2026 Ve \u00fcst\u00fc kabuk ba\u011flayan bir \u00e7orban\u0131n\u2026<\/span><\/p>\n<p><span style=\"font-weight: 400;\">Mutlu De\u011filim ama Kahr\u0131mdan da \u00d6lm\u00fcyorum, Hasret\u2019in o\u011fluna uyku e\u011fitimi vermeye karar veri\u015finin hikayesi. Bir de durduk yere akl\u0131na gelen kendi annesinin\u2026 Ve m\u0131\u015f\u0131l m\u0131\u015f\u0131l uyuyor zannetti\u011fi \u00e7ocuklu\u011funun\u2026 On bir ki\u015filik bir hikaye, 90\u2019lardan g\u00fcn\u00fcm\u00fcze.<\/span><\/p>\n<p><span style=\"font-weight: 400;\">Siz dinleyin ben anlat\u0131r\u0131m, ben zaten al\u0131\u015fk\u0131n\u0131m kendi kendime konu\u015fmaya!<\/span><\/p>\n<p><span style=\"font-weight: 400;\">&#8211;<\/span><\/p>\n<p><span style=\"font-weight: 400;\">The story of those who were out first in dodgeball, whose anger upsets their stomach, those who were always indebted to God for performing the prayer of the previous day\u2026Those who walk with their heads wet, those who constantly want something, those who do not comprehend the evil eye\u2026<\/span><\/p>\n<p><span style=\"font-weight: 400;\">The story of the lonely, the lovers, the troubled, the confused, the ridiculous\u2026 a pair of old shoes\u2019 and a soup with a crust forming on the top\u2026<\/span><\/p>\n<p><span style=\"font-weight: 400;\">\u2018I Am Not Happy, But I Am Not Dying of Despair Either\u2019 is the story of Hasret&#8217;s decision to sleep-train her son. And her own mother, who suddenly came to her mind\u2026 And her childhood, which she thought was sleeping soundly\u2026 A story of eleven people, from the 90s to the present.<\/span><\/p>\n<p><span style=\"font-weight: 400;\">You listen, I will tell you, I&#8217;m already used to talking to myself!<\/span><\/p>\n<p><span style=\"font-weight: 400;\">*Odeabank&#8217;\u0131n katk\u0131lar\u0131yla haz\u0131rlanan &#8221;E\u015fit Ya\u015fam E\u015fit Sahne&#8221; temas\u0131 kapsam\u0131nda ger\u00e7ekle\u015fmektedir.<\/span><\/p>\n<p><i><span style=\"font-weight: 400;\">*The event takes place within the scope of the &#8220;Equal Life, Equal Stage&#8221; theme, prepared with the contributions of Odeabank.<\/span><\/i><\/p>\n<\/div><\/section><br \/>\n\n<style type=\"text\/css\" data-created_by=\"avia_inline_auto\" id=\"style-css-av-l37oh7az-720af31cf57eec4af4512a37ad2301ec\">\n#top .hr.hr-invisible.av-l37oh7az-720af31cf57eec4af4512a37ad2301ec{\nheight:20px;\n}\n<\/style>\n<div  class='hr av-l37oh7az-720af31cf57eec4af4512a37ad2301ec hr-invisible  avia-builder-el-5  el_after_av_textblock  el_before_av_textblock'><span class='hr-inner'><span class=\"hr-inner-style\"><\/span><\/span><\/div><br \/>\n<section class=\"av_textblock_section\"  itemscope=\"itemscope\" itemtype=\"https:\/\/schema.org\/CreativeWork\" ><div class='avia_textblock  av_inherit_color'  style='color:#1d1d1b; '  itemprop=\"text\" ><p><b>Yazan &amp; Oynayan \/ Written by &amp; Cast: <\/b><span style=\"font-weight: 400;\">\u00d6zge Korkmaz<\/span><\/p>\n<p><b>Y\u00f6neten \/ Directed by:<\/b> <span style=\"font-weight: 400;\">Berfin Zenderlio\u011flu<\/span><\/p>\n<p><b>I\u015f\u0131k Tasar\u0131m\u0131 \/ Lighting Design: <\/b><span style=\"font-weight: 400;\">Alev Topal<\/span><\/p>\n<p><b>Sahne Tasar\u0131m\u0131 \/ Stage Design:<\/b> <span style=\"font-weight: 400;\">\u00a0Serkan Kavurt<\/span><\/p>\n<p><b>Kost\u00fcm Tasar\u0131m\u0131 \/ Costume Design: <\/b><span style=\"font-weight: 400;\">Hilal Polat<\/span><\/p>\n<p><b>Ses Tasar\u0131m \/ Sound Design:<\/b><span style=\"font-weight: 400;\"> Bar\u0131\u015f Hamarat<\/span><\/p>\n<p><b>Foto\u011fraf &amp; Afi\u015f Tasar\u0131m\u0131 \/ Photography &amp; Poster Design: <\/b><span style=\"font-weight: 400;\">Emre Yunuso\u011flu<\/span><\/p>\n<p><b>Afi\u015f Tasar\u0131m \/ Poster Design:<\/b><span style=\"font-weight: 400;\"> M\u00fcjde Ba\u015fkale<\/span><\/p>\n<p><b>Tan\u0131t\u0131m Filmi \/ Promotional Film: <\/b><span style=\"font-weight: 400;\">\u00d6zg\u00fcrcan Uzunya\u015fa<\/span><\/p>\n<p><b>Oyun Asistan\u0131 \/ Performance Assistant:<\/b><span style=\"font-weight: 400;\"> Murat K\u00fc\u00e7\u00fck\u00a0<\/span><\/p>\n<p><b>Yap\u0131mc\u0131 \/ Producer:<\/b><span style=\"font-weight: 400;\"> G\u00f6khan G\u00fcr\u00fcn<\/span><\/p>\n<p><b>Sanat Y\u00f6netmeni \/ Art Director :<\/b><span style=\"font-weight: 400;\"> Aytekin Atabey<\/span><\/p>\n<p><b>Yap\u0131m \/ Production:<\/b><span style=\"font-weight: 400;\"> Kad\u0131k\u00f6y Boa Sahne<\/span><\/p>\n<p><b>Oyun S\u00fcresi \/ Performance Duration:<\/b><span style=\"font-weight: 400;\"> 70\u2019<\/span><\/p>\n<p><b>Ya\u015f \/ Age : <\/b><span style=\"font-weight: 400;\">&#8211; <\/span><\/p>\n<\/div><\/section><\/p><\/div><\/p>","protected":false},"excerpt":{"rendered":"","protected":false},"author":1,"featured_media":0,"parent":0,"menu_order":0,"comment_status":"closed","ping_status":"closed","template":"","meta":{"footnotes":""},"class_list":["post-2919","page","type-page","status-publish","hentry"],"_links":{"self":[{"href":"https:\/\/bergamatiyatrofestivali.com\/en\/wp-json\/wp\/v2\/pages\/2919","targetHints":{"allow":["GET"]}}],"collection":[{"href":"https:\/\/bergamatiyatrofestivali.com\/en\/wp-json\/wp\/v2\/pages"}],"about":[{"href":"https:\/\/bergamatiyatrofestivali.com\/en\/wp-json\/wp\/v2\/types\/page"}],"author":[{"embeddable":true,"href":"https:\/\/bergamatiyatrofestivali.com\/en\/wp-json\/wp\/v2\/users\/1"}],"replies":[{"embeddable":true,"href":"https:\/\/bergamatiyatrofestivali.com\/en\/wp-json\/wp\/v2\/comments?post=2919"}],"version-history":[{"count":4,"href":"https:\/\/bergamatiyatrofestivali.com\/en\/wp-json\/wp\/v2\/pages\/2919\/revisions"}],"predecessor-version":[{"id":3435,"href":"https:\/\/bergamatiyatrofestivali.com\/en\/wp-json\/wp\/v2\/pages\/2919\/revisions\/3435"}],"wp:attachment":[{"href":"https:\/\/bergamatiyatrofestivali.com\/en\/wp-json\/wp\/v2\/media?parent=2919"}],"curies":[{"name":"wp","href":"https:\/\/api.w.org\/{rel}","templated":true}]}}