{"id":2916,"date":"2022-05-15T22:11:41","date_gmt":"2022-05-15T19:11:41","guid":{"rendered":"https:\/\/bergamatiyatrofestivali.com\/?page_id=2916"},"modified":"2022-06-28T18:05:48","modified_gmt":"2022-06-28T15:05:48","slug":"klavikula","status":"publish","type":"page","link":"https:\/\/bergamatiyatrofestivali.com\/en\/klavikula\/","title":{"rendered":"Klavikula"},"content":{"rendered":"<div class='flex_column av-5me5ms-7ecfc2dd966e1e2e645e8ac5b2f9f98e av_one_half  avia-builder-el-0  el_before_av_one_half  avia-builder-el-first  first flex_column_div'   ><p>\n<style type=\"text\/css\" data-created_by=\"avia_inline_auto\" id=\"style-css-av-3om5j8-3b057ce10529b4bd4a05b282c6fb19f8\">\n.avia-image-container.av-3om5j8-3b057ce10529b4bd4a05b282c6fb19f8 .av-image-caption-overlay-center{\ncolor:#ffffff;\n}\n<\/style>\n<div  class='avia-image-container av-3om5j8-3b057ce10529b4bd4a05b282c6fb19f8 av-styling- avia-align-center  avia-builder-el-1  el_before_av_textblock  avia-builder-el-first'  itemprop=\"image\" itemscope=\"itemscope\" itemtype=\"https:\/\/schema.org\/ImageObject\" ><div class=\"avia-image-container-inner\"><div class=\"avia-image-overlay-wrap\"><img decoding=\"async\" class='wp-image-3427 avia-img-lazy-loading-not-3427 avia_image' src=\"https:\/\/bergamatiyatrofestivali.com\/wp-content\/uploads\/2022\/05\/klavikula-post.png\" alt='' title='klavikula post'  height=\"1080\" width=\"1080\"  itemprop=\"thumbnailUrl\" srcset=\"https:\/\/bergamatiyatrofestivali.com\/wp-content\/uploads\/2022\/05\/klavikula-post.png 1080w, https:\/\/bergamatiyatrofestivali.com\/wp-content\/uploads\/2022\/05\/klavikula-post-300x300.png 300w, https:\/\/bergamatiyatrofestivali.com\/wp-content\/uploads\/2022\/05\/klavikula-post-1030x1030.png 1030w, https:\/\/bergamatiyatrofestivali.com\/wp-content\/uploads\/2022\/05\/klavikula-post-80x80.png 80w, https:\/\/bergamatiyatrofestivali.com\/wp-content\/uploads\/2022\/05\/klavikula-post-768x768.png 768w, https:\/\/bergamatiyatrofestivali.com\/wp-content\/uploads\/2022\/05\/klavikula-post-12x12.png 12w, https:\/\/bergamatiyatrofestivali.com\/wp-content\/uploads\/2022\/05\/klavikula-post-36x36.png 36w, https:\/\/bergamatiyatrofestivali.com\/wp-content\/uploads\/2022\/05\/klavikula-post-180x180.png 180w, https:\/\/bergamatiyatrofestivali.com\/wp-content\/uploads\/2022\/05\/klavikula-post-705x705.png 705w\" sizes=\"(max-width: 1080px) 100vw, 1080px\" \/><\/div><\/div><\/div><br \/>\n<section class=\"av_textblock_section\"  itemscope=\"itemscope\" itemtype=\"https:\/\/schema.org\/CreativeWork\" ><div class='avia_textblock  av_inherit_color'  style='color:#1d1d1b; '  itemprop=\"text\" ><h2><strong>Klavikula<\/strong><\/h2>\n<h3><em><strong>Clavicle<\/strong><\/em><\/h3>\n<h3 data-uw-styling-context=\"true\">Konsept&amp;Y\u00f6netim: Tu\u011f\u00e7e Ulug\u00fcn Tuna<\/h3>\n<h4 data-uw-styling-context=\"true\">Performans: P\u0131nar Aky\u00fcz, Hilal Sibel Pekel, Burak Benli, Umut \u00d6zdalo\u011flu, M\u00fcge Konuk, H\u00fcseyin Savc\u0131, Ebru Savc\u0131, Esra G\u00fcle\u00e7, Serpil Kotlu, Haydar Polat, Tu\u011f\u00e7e U. Tuna.<\/h4>\n<h4 data-uw-styling-context=\"true\"><span data-uw-styling-context=\"true\">5 Haziran\/June \u2013\u00a0 Pazar\/Sunday, 19.00<\/span><\/h4>\n<h5 data-uw-styling-context=\"true\"><span data-uw-styling-context=\"true\">Akropol \/ Acropolis\u00a0<\/span><\/h5>\n<p data-uw-styling-context=\"true\"><span data-uw-styling-context=\"true\">Etkinlik \u00fccretsizdir. This event is free.<\/span><\/p>\n<\/div><\/section><\/p><\/div><div class='flex_column av-300b3o-80cdcac1c0b79632386808b875d9eb39 av_one_half  avia-builder-el-3  el_after_av_one_half  avia-builder-el-last  flex_column_div'   ><p><section class=\"av_textblock_section\"  itemscope=\"itemscope\" itemtype=\"https:\/\/schema.org\/CreativeWork\" ><div class='avia_textblock  av_inherit_color'  style='color:#1d1d1b; '  itemprop=\"text\" ><p><i><span style=\"font-weight: 400;\">\u2018Beden, en iyi zaman ta\u015f\u0131ma arac\u0131d\u0131r. Bedenden bedene aktar\u0131lan miras esas k\u00fclt\u00fcr<\/span><\/i><\/p>\n<p><i><span style=\"font-weight: 400;\">miras\u0131d\u0131r. Bedenin, mekan ve zaman aras\u0131nda bir k\u00f6pr\u00fc ve \u2018ge\u00e7it alan\u0131\u2019 yaratt\u0131\u011f\u0131n\u0131<\/span><\/i><\/p>\n<p><i><span style=\"font-weight: 400;\">d\u00fc\u015f\u00fcn\u00fcyorum.\u2019\u00a0<\/span><\/i><\/p>\n<p><span style=\"font-weight: 400;\">Tu\u011f\u00e7e Ulug\u00fcn Tuna, \u0130stanbul, 2020<\/span><\/p>\n<p><span style=\"font-weight: 400;\">\u2018Klavikula\u2019 k\u00f6pr\u00fcc\u00fck kemi\u011fidir, k\u00fc\u00e7\u00fck anahtar anlam\u0131na gelir. Kollar\u0131n g\u00f6vdeyle olan<\/span><\/p>\n<p><span style=\"font-weight: 400;\">ba\u011flant\u0131s\u0131n\u0131 sa\u011flar. Bir anlamda \u00f6n ve arka tarafta olan hareketi birbirine aktar\u0131r, dengeler.<\/span><\/p>\n<p><span style=\"font-weight: 400;\">Bir nefeste ge\u00e7mi\u015fle gelecek, hayallerle ger\u00e7ek aras\u0131nda k\u00f6pr\u00fc olur. Anahtar\u0131 \u00e7evirebilirsek<\/span><\/p>\n<p><span style=\"font-weight: 400;\">bizi zamanda bir ba\u015fka boyuta ge\u00e7irebilir.<\/span><\/p>\n<p><span style=\"font-weight: 400;\">Bergama, suyun sesini takip ederek y\u00fcr\u00fcd\u00fc\u011f\u00fcm, zamanda kaybolmay\u0131 istedi\u011fim alan.<\/span><\/p>\n<p><span style=\"font-weight: 400;\">Bo\u015flu\u011fun g\u00fcc\u00fcn\u00fc anlad\u0131\u011f\u0131m yer.<\/span><\/p>\n<p><span style=\"font-weight: 400;\">Ge\u00e7mi\u015fle gelecek aras\u0131nda k\u00f6pr\u00fc olan kinestetik haf\u0131zay\u0131 alanlarla eklemlendirmek, zamanlar aras\u0131nda kalabilme \u00f6zg\u00fcrl\u00fc\u011f\u00fcn\u00fc deneyimlemeye niyetliyim, \u2018Klavikula\u2019 bu niyetlerle<\/span><\/p>\n<p><span style=\"font-weight: 400;\">tasarlan\u0131yor. \u2018Klavikula\u2019 eseri Bergama\u2019ya dair\u2026 Bergama\u2019da \u00fcretilecek ve payla\u015f\u0131lacak.<\/span><\/p>\n<p><span style=\"font-weight: 400;\">Performansa profesyonel dans sanat\u00e7\u0131lar\u0131 ve Bergama ve \u00e7evresinde ya\u015fayanlar hayat verecek.<\/span><\/p>\n<p><span style=\"font-weight: 400;\">&#8211;<\/span><\/p>\n<p><span style=\"font-weight: 400;\">\u2018The body is the best time-transporter. Heritage transferred from body to body is the real cultural heritage. I believe that the body creates a bridge and &#8216;gateway&#8217; between space and time.\u2019<\/span><\/p>\n<p><span style=\"font-weight: 400;\">&#8216;Clavicle&#8217; is the collarbone, meaning little key. It provides the connection of the arms with the body. In a sense, it transfers and balances the movement in the front and back.<\/span><\/p>\n<p><span style=\"font-weight: 400;\">In one breath, it becomes a bridge between the past and the future, between dreams and reality. If we can turn the key, it can take us to another dimension in time.<\/span><\/p>\n<p><span style=\"font-weight: 400;\">Bergama is the place where I walk by following the sound of water and want to get lost in time.<\/span><\/p>\n<p><span style=\"font-weight: 400;\">The place where I understand the power of emptiness.<\/span><\/p>\n<p><span style=\"font-weight: 400;\">I intend to articulate the kinesthetic memory, which is a bridge between the past and the future, with the areas, to experience the freedom of staying between the times. The &#8216;Clavicle&#8217; is designed with these intentions. The work &#8216;Clavicle&#8217; is about Bergama. It will be produced and shared in Bergama.\u00a0 Professional dancers and people living in Bergama and its surroundings will bring the performance to life.<\/span><\/p>\n<p><span style=\"font-weight: 400;\">*Odeabank&#8217;\u0131n katk\u0131lar\u0131yla haz\u0131rlanan &#8221;E\u015fit Ya\u015fam E\u015fit Sahne&#8221; temas\u0131 kapsam\u0131nda ger\u00e7ekle\u015fmektedir.<\/span><\/p>\n<p><i><span style=\"font-weight: 400;\">*The event takes place within the scope of the &#8220;Equal Life, Equal Stage&#8221; theme, prepared with the contributions of Odeabank.<\/span><\/i><\/p>\n<\/div><\/section><br \/>\n\n<style type=\"text\/css\" data-created_by=\"avia_inline_auto\" id=\"style-css-av-l37o674w-b014319cd67b9bd874ceaf99e3a4eaac\">\n#top .hr.hr-invisible.av-l37o674w-b014319cd67b9bd874ceaf99e3a4eaac{\nheight:20px;\n}\n<\/style>\n<div  class='hr av-l37o674w-b014319cd67b9bd874ceaf99e3a4eaac hr-invisible  avia-builder-el-5  el_after_av_textblock  el_before_av_textblock'><span class='hr-inner'><span class=\"hr-inner-style\"><\/span><\/span><\/div><br \/>\n<section class=\"av_textblock_section\"  itemscope=\"itemscope\" itemtype=\"https:\/\/schema.org\/CreativeWork\" ><div class='avia_textblock  av_inherit_color'  style='color:#1d1d1b; '  itemprop=\"text\" ><p><b>Konsept, Koreografi, Y\u00f6neten \/ Concept, <\/b><b>Choreography, <\/b><b>Directed by: <\/b><span style=\"font-weight: 400;\">Tu\u011f\u00e7e Ulug\u00fcn Tuna<\/span><\/p>\n<\/div><\/section><\/p><\/div><\/p>","protected":false},"excerpt":{"rendered":"","protected":false},"author":1,"featured_media":0,"parent":0,"menu_order":0,"comment_status":"closed","ping_status":"closed","template":"","meta":{"footnotes":""},"class_list":["post-2916","page","type-page","status-publish","hentry"],"_links":{"self":[{"href":"https:\/\/bergamatiyatrofestivali.com\/en\/wp-json\/wp\/v2\/pages\/2916","targetHints":{"allow":["GET"]}}],"collection":[{"href":"https:\/\/bergamatiyatrofestivali.com\/en\/wp-json\/wp\/v2\/pages"}],"about":[{"href":"https:\/\/bergamatiyatrofestivali.com\/en\/wp-json\/wp\/v2\/types\/page"}],"author":[{"embeddable":true,"href":"https:\/\/bergamatiyatrofestivali.com\/en\/wp-json\/wp\/v2\/users\/1"}],"replies":[{"embeddable":true,"href":"https:\/\/bergamatiyatrofestivali.com\/en\/wp-json\/wp\/v2\/comments?post=2916"}],"version-history":[{"count":6,"href":"https:\/\/bergamatiyatrofestivali.com\/en\/wp-json\/wp\/v2\/pages\/2916\/revisions"}],"predecessor-version":[{"id":3645,"href":"https:\/\/bergamatiyatrofestivali.com\/en\/wp-json\/wp\/v2\/pages\/2916\/revisions\/3645"}],"wp:attachment":[{"href":"https:\/\/bergamatiyatrofestivali.com\/en\/wp-json\/wp\/v2\/media?parent=2916"}],"curies":[{"name":"wp","href":"https:\/\/api.w.org\/{rel}","templated":true}]}}