{"id":2913,"date":"2022-05-15T22:04:32","date_gmt":"2022-05-15T19:04:32","guid":{"rendered":"https:\/\/bergamatiyatrofestivali.com\/?page_id=2913"},"modified":"2022-05-31T15:39:36","modified_gmt":"2022-05-31T12:39:36","slug":"club-guy-roni-dans-ve-hareket-atolyesi","status":"publish","type":"page","link":"https:\/\/bergamatiyatrofestivali.com\/en\/club-guy-roni-dans-ve-hareket-atolyesi\/","title":{"rendered":"Club Guy &#038; Roni Dans ve Hareket At\u00f6lyesi"},"content":{"rendered":"<div class='flex_column av-6hj4kh-b2a2e8d5ec6111a49e495590780aafa7 av_one_half  avia-builder-el-0  el_before_av_one_half  avia-builder-el-first  first flex_column_div'   ><p>\n<style type=\"text\/css\" data-created_by=\"avia_inline_auto\" id=\"style-css-av-4d8fe9-315785d2c4ca0a48895a56d783b8601b\">\n.avia-image-container.av-4d8fe9-315785d2c4ca0a48895a56d783b8601b .av-image-caption-overlay-center{\ncolor:#ffffff;\n}\n<\/style>\n<div  class='avia-image-container av-4d8fe9-315785d2c4ca0a48895a56d783b8601b av-styling- avia-align-center  avia-builder-el-1  el_before_av_textblock  avia-builder-el-first'  itemprop=\"image\" itemscope=\"itemscope\" itemtype=\"https:\/\/schema.org\/ImageObject\" ><div class=\"avia-image-container-inner\"><div class=\"avia-image-overlay-wrap\"><img decoding=\"async\" class='wp-image-3426 avia-img-lazy-loading-not-3426 avia_image' src=\"https:\/\/bergamatiyatrofestivali.com\/wp-content\/uploads\/2022\/05\/Dance-and-Movement-post.png\" alt='' title='Dance and Movement-post'  height=\"1080\" width=\"1080\"  itemprop=\"thumbnailUrl\" srcset=\"https:\/\/bergamatiyatrofestivali.com\/wp-content\/uploads\/2022\/05\/Dance-and-Movement-post.png 1080w, https:\/\/bergamatiyatrofestivali.com\/wp-content\/uploads\/2022\/05\/Dance-and-Movement-post-300x300.png 300w, https:\/\/bergamatiyatrofestivali.com\/wp-content\/uploads\/2022\/05\/Dance-and-Movement-post-1030x1030.png 1030w, https:\/\/bergamatiyatrofestivali.com\/wp-content\/uploads\/2022\/05\/Dance-and-Movement-post-80x80.png 80w, https:\/\/bergamatiyatrofestivali.com\/wp-content\/uploads\/2022\/05\/Dance-and-Movement-post-768x768.png 768w, https:\/\/bergamatiyatrofestivali.com\/wp-content\/uploads\/2022\/05\/Dance-and-Movement-post-12x12.png 12w, https:\/\/bergamatiyatrofestivali.com\/wp-content\/uploads\/2022\/05\/Dance-and-Movement-post-36x36.png 36w, https:\/\/bergamatiyatrofestivali.com\/wp-content\/uploads\/2022\/05\/Dance-and-Movement-post-180x180.png 180w, https:\/\/bergamatiyatrofestivali.com\/wp-content\/uploads\/2022\/05\/Dance-and-Movement-post-705x705.png 705w\" sizes=\"(max-width: 1080px) 100vw, 1080px\" \/><\/div><\/div><\/div><br \/>\n<section class=\"av_textblock_section\"  itemscope=\"itemscope\" itemtype=\"https:\/\/schema.org\/CreativeWork\" ><div class='avia_textblock  av_inherit_color'  style='color:#1d1d1b; '  itemprop=\"text\" ><h2><strong>Club Guy &amp; Roni Dans ve Hareket At\u00f6lyesi<\/strong><\/h2>\n<h3><strong><em>Dance and Movement Workshop Club Guy &amp; Roni<\/em><\/strong><\/h3>\n<h3><span style=\"font-weight: 400;\">Adam Peterson, Wim de Vries (Club Guy &amp; Roni + NITE)<\/span><\/h3>\n<h4><span style=\"font-weight: 400;\">5 Haziran &#8211; June \/ Pazar &#8211; Sunday, 16:30<\/span><\/h4>\n<h5><span style=\"font-weight: 400;\">Tonoz\u00a0<\/span><\/h5>\n<\/div><\/section><br \/>\n<div  class='avia-buttonrow-wrap av-l37nxxqj-4e38a9d90e1648c1fd74960eb3774803 avia-buttonrow-left  avia-builder-el-3  el_after_av_textblock  avia-builder-el-last'>\n\n<style type=\"text\/css\" data-created_by=\"avia_inline_auto\" id=\"style-css-av-l37nxur4-bca1b641931cd5fdfb5face169207f08\">\n#top #wrap_all .avia-button.av-l37nxur4-bca1b641931cd5fdfb5face169207f08{\nmargin-bottom:5px;\nmargin-right:5px;\n}\n#top #wrap_all .avia-button.av-l37nxur4-bca1b641931cd5fdfb5face169207f08:hover{\nbackground-color:black;\ncolor:#ffffff;\ntransition:all 0.4s ease-in-out;\n-webkit-transition:all 0.4s ease-in-out;\n-moz-transition:all 0.4s ease-in-out;\n-ms-transition:all 0.4s ease-in-out;\n-o-transition:all 0.4s ease-in-out;\n}\n<\/style>\n<a href='https:\/\/www.mobilet.com\/event\/dans-ve-hareket-atolyesi-adam-peterson-wim-de-vries-11836-39a3' class='avia-button av-l37nxur4-bca1b641931cd5fdfb5face169207f08 avia-icon_select-yes-left-icon avia-size-medium avia-color-black avia-font-color-white' target=\"_blank\" rel=\"noopener noreferrer\"><span class='avia_button_icon avia_button_icon_left' aria-hidden='true' data-av_icon='\ue881' data-av_iconfont='entypo-fontello'><\/span><span class='avia_iconbox_title' >MOB\u0130LET<\/span><\/a>\n<\/div><\/p><\/div><div class='flex_column av-2e9cdd-1a7bcffba136c5696baf9c7bef8cfea9 av_one_half  avia-builder-el-4  el_after_av_one_half  avia-builder-el-last  flex_column_div'   ><p><section class=\"av_textblock_section\"  itemscope=\"itemscope\" itemtype=\"https:\/\/schema.org\/CreativeWork\" ><div class='avia_textblock  av_inherit_color'  style='color:#1d1d1b; '  itemprop=\"text\" ><p><span style=\"font-weight: 400;\">Hareket etmeye ve dans etmeye merakl\u0131 olan ve Club Guy &amp; Roni&#8217;nin \u00e7al\u0131\u015fmalar\u0131n\u0131 deneyimlemek ve ke\u015ffetmek isteyen herkes i\u00e7in. Topluluk dans\u00e7\u0131s\u0131 Adam Peterson, Club Guy &amp; Roni&#8217;nin kreasyonlar\u0131nda kullan\u0131lan hareket dilini ke\u015ffetmenizi sa\u011flayacak. At\u00f6lye \u0130ngilizce olarak yap\u0131lacakt\u0131r.<\/span><\/p>\n<p><span style=\"font-weight: 400;\">Club Guy &amp; Roni, Hollandal\u0131 ulusal bir dans toplulu\u011fudur. Dans ve di\u011fer sanat disiplinleri aras\u0131ndaki s\u0131n\u0131rlar\u0131 ke\u015ffederek \u00e7a\u011fda\u015f dans\u0131 yarat\u0131r ve yenilerler. Hollanda&#8217;n\u0131n en b\u00fcy\u00fck tiyatro topluluklar\u0131ndan biri olan Noord Nederlands Toneel ile birlikte NITE: <\/span><span style=\"font-weight: 400;\">National Interdisciplinary Theatre Ensemble\u2019y\u0131<\/span><span style=\"font-weight: 400;\"> olu\u015ftururlar. NITE, yeni koreografi \u00fcreterek, yeni metinler yazarak ve yeni m\u00fczikler besteleyerek yeni bir repertuar olu\u015fturur.<\/span><\/p>\n<p><span style=\"font-weight: 400;\">&#8211;<\/span><\/p>\n<p><span style=\"font-weight: 400;\">For everyone who is curious to move and dance and wants to experience and explore the work of Club Guy &amp; Roni. Ensemble dancer Adam Peterson will let you discover the movement language used in creations by Club Guy &amp; Roni. The workshop will be held in English.<\/span><\/p>\n<p><span style=\"font-weight: 400;\">Club Guy &amp; Roni is a national dance company from The Netherlands. They create and innovate contemporary dance exploring the boundaries between dance and other art disciplines. Together with one of the largest theater companies in the Netherlands, Noord Nederlands Toneel, they form NITE: National Interdisciplinary Theatre Ensemble. NITE creates a new repertoire by generating new choreography, writing new texts and composing new music.<\/span><\/p>\n<\/div><\/section><br \/>\n\n<style type=\"text\/css\" data-created_by=\"avia_inline_auto\" id=\"style-css-av-l37nwek3-17fdaae9797cd3f8e4f0b7dcb25fbd5b\">\n#top .hr.hr-invisible.av-l37nwek3-17fdaae9797cd3f8e4f0b7dcb25fbd5b{\nheight:20px;\n}\n<\/style>\n<div  class='hr av-l37nwek3-17fdaae9797cd3f8e4f0b7dcb25fbd5b hr-invisible  avia-builder-el-6  el_after_av_textblock  el_before_av_textblock'><span class='hr-inner'><span class=\"hr-inner-style\"><\/span><\/span><\/div><br \/>\n<section class=\"av_textblock_section\"  itemscope=\"itemscope\" itemtype=\"https:\/\/schema.org\/CreativeWork\" ><div class='avia_textblock  av_inherit_color'  style='color:#1d1d1b; '  itemprop=\"text\" ><p><b>At\u00f6lye S\u00fcresi \/ Workshop Duration: <\/b><span style=\"font-weight: 400;\">60\u2019<\/span><\/p>\n<p><b>Kat\u0131l\u0131mc\u0131 Say\u0131s\u0131 \/ Number of Participants: <\/b><span style=\"font-weight: 400;\">25<\/span><\/p>\n<p><b>Ya\u015f \/ Age: <\/b><span style=\"font-weight: 400;\">+18<\/span><\/p>\n<p><span style=\"font-weight: 400;\">*Etkinlik s\u0131ras\u0131nda T\u00fcrk\u00e7e \u00e7eviri yap\u0131lacakt\u0131r.<\/span><\/p>\n<p><i><span style=\"font-weight: 400;\">*Simultaneous translation into Turkish will be provided during the event.<\/span><\/i><\/p>\n<\/div><\/section><\/p><\/div><\/p>","protected":false},"excerpt":{"rendered":"","protected":false},"author":1,"featured_media":0,"parent":0,"menu_order":0,"comment_status":"closed","ping_status":"closed","template":"","meta":{"footnotes":""},"class_list":["post-2913","page","type-page","status-publish","hentry"],"_links":{"self":[{"href":"https:\/\/bergamatiyatrofestivali.com\/en\/wp-json\/wp\/v2\/pages\/2913","targetHints":{"allow":["GET"]}}],"collection":[{"href":"https:\/\/bergamatiyatrofestivali.com\/en\/wp-json\/wp\/v2\/pages"}],"about":[{"href":"https:\/\/bergamatiyatrofestivali.com\/en\/wp-json\/wp\/v2\/types\/page"}],"author":[{"embeddable":true,"href":"https:\/\/bergamatiyatrofestivali.com\/en\/wp-json\/wp\/v2\/users\/1"}],"replies":[{"embeddable":true,"href":"https:\/\/bergamatiyatrofestivali.com\/en\/wp-json\/wp\/v2\/comments?post=2913"}],"version-history":[{"count":4,"href":"https:\/\/bergamatiyatrofestivali.com\/en\/wp-json\/wp\/v2\/pages\/2913\/revisions"}],"predecessor-version":[{"id":3429,"href":"https:\/\/bergamatiyatrofestivali.com\/en\/wp-json\/wp\/v2\/pages\/2913\/revisions\/3429"}],"wp:attachment":[{"href":"https:\/\/bergamatiyatrofestivali.com\/en\/wp-json\/wp\/v2\/media?parent=2913"}],"curies":[{"name":"wp","href":"https:\/\/api.w.org\/{rel}","templated":true}]}}