{"id":2910,"date":"2022-05-15T21:58:03","date_gmt":"2022-05-15T18:58:03","guid":{"rendered":"https:\/\/bergamatiyatrofestivali.com\/?page_id=2910"},"modified":"2022-05-31T15:37:34","modified_gmt":"2022-05-31T12:37:34","slug":"sihir-atolyesi","status":"publish","type":"page","link":"https:\/\/bergamatiyatrofestivali.com\/en\/sihir-atolyesi\/","title":{"rendered":"Magic Workshop"},"content":{"rendered":"<div class='flex_column av-8mdjm6-af3da49b06b93bbb493d4d92d43bbee3 av_one_half  avia-builder-el-0  el_before_av_one_half  avia-builder-el-first  first flex_column_div'   ><p>\n<style type=\"text\/css\" data-created_by=\"avia_inline_auto\" id=\"style-css-av-q6x5a-9aac1fa617750a956d98d682826175a5\">\n.avia-image-container.av-q6x5a-9aac1fa617750a956d98d682826175a5 .av-image-caption-overlay-center{\ncolor:#ffffff;\n}\n<\/style>\n<div  class='avia-image-container av-q6x5a-9aac1fa617750a956d98d682826175a5 av-styling- avia-align-center  avia-builder-el-1  el_before_av_textblock  avia-builder-el-first'  itemprop=\"image\" itemscope=\"itemscope\" itemtype=\"https:\/\/schema.org\/ImageObject\" ><div class=\"avia-image-container-inner\"><div class=\"avia-image-overlay-wrap\"><img decoding=\"async\" class='wp-image-3423 avia-img-lazy-loading-not-3423 avia_image' src=\"https:\/\/bergamatiyatrofestivali.com\/wp-content\/uploads\/2022\/05\/Sihir-Atolyesi.png\" alt='' title='Magic Workshop'  height=\"1080\" width=\"1080\"  itemprop=\"thumbnailUrl\" srcset=\"https:\/\/bergamatiyatrofestivali.com\/wp-content\/uploads\/2022\/05\/Sihir-Atolyesi.png 1080w, https:\/\/bergamatiyatrofestivali.com\/wp-content\/uploads\/2022\/05\/Sihir-Atolyesi-300x300.png 300w, https:\/\/bergamatiyatrofestivali.com\/wp-content\/uploads\/2022\/05\/Sihir-Atolyesi-1030x1030.png 1030w, https:\/\/bergamatiyatrofestivali.com\/wp-content\/uploads\/2022\/05\/Sihir-Atolyesi-80x80.png 80w, https:\/\/bergamatiyatrofestivali.com\/wp-content\/uploads\/2022\/05\/Sihir-Atolyesi-768x768.png 768w, https:\/\/bergamatiyatrofestivali.com\/wp-content\/uploads\/2022\/05\/Sihir-Atolyesi-12x12.png 12w, https:\/\/bergamatiyatrofestivali.com\/wp-content\/uploads\/2022\/05\/Sihir-Atolyesi-36x36.png 36w, https:\/\/bergamatiyatrofestivali.com\/wp-content\/uploads\/2022\/05\/Sihir-Atolyesi-180x180.png 180w, https:\/\/bergamatiyatrofestivali.com\/wp-content\/uploads\/2022\/05\/Sihir-Atolyesi-705x705.png 705w\" sizes=\"(max-width: 1080px) 100vw, 1080px\" \/><\/div><\/div><\/div><br \/>\n<section class=\"av_textblock_section\"  itemscope=\"itemscope\" itemtype=\"https:\/\/schema.org\/CreativeWork\" ><div class='avia_textblock  av_inherit_color'  style='color:#1d1d1b; '  itemprop=\"text\" ><h2><strong>Magic Workshop<\/strong><\/h2>\n<h3><strong><em>Magic Workshop<\/em><\/strong><\/h3>\n<h3><span style=\"font-weight: 400;\">\u00d6zlem Kurtulu\u015f\u00a0<\/span><\/h3>\n<h4><span style=\"font-weight: 400;\">5 Haziran &#8211; June Pazar-Sunday, 16:00 (4-6 Ya\u015f \/ 4-6 Year Olds),<\/span><\/h4>\n<h4><span style=\"font-weight: 400;\">17:30 (7-9 Ya\u015f \/ 7-9 Year Olds)<\/span><\/h4>\n<h5><span style=\"font-weight: 400;\">K\u0131z\u0131lavlu \/ Red Hall Basilica<\/span><\/h5>\n<\/div><\/section><br \/>\n\n<style type=\"text\/css\" data-created_by=\"avia_inline_auto\" id=\"style-css-av-4tvhr2-615d17bc6942b27dac1089d797334724\">\n#top .hr.hr-invisible.av-4tvhr2-615d17bc6942b27dac1089d797334724{\nheight:20px;\n}\n<\/style>\n<div  class='hr av-4tvhr2-615d17bc6942b27dac1089d797334724 hr-invisible  avia-builder-el-3  el_after_av_textblock  el_before_av_buttonrow'><span class='hr-inner'><span class=\"hr-inner-style\"><\/span><\/span><\/div><br \/>\n<div  class='avia-buttonrow-wrap av-l37ntsdb-f9f738f4406a8112ee0e58c4de550bea avia-buttonrow-left  avia-builder-el-4  el_after_av_hr  avia-builder-el-last'>\n\n<style type=\"text\/css\" data-created_by=\"avia_inline_auto\" id=\"style-css-av-l37ntoqn-f6794fda17024e9c977e2920f6da9a14\">\n#top #wrap_all .avia-button.av-l37ntoqn-f6794fda17024e9c977e2920f6da9a14{\nmargin-bottom:5px;\nmargin-right:5px;\n}\n#top #wrap_all .avia-button.av-l37ntoqn-f6794fda17024e9c977e2920f6da9a14:hover{\nbackground-color:black;\ncolor:#ffffff;\ntransition:all 0.4s ease-in-out;\n-webkit-transition:all 0.4s ease-in-out;\n-moz-transition:all 0.4s ease-in-out;\n-ms-transition:all 0.4s ease-in-out;\n-o-transition:all 0.4s ease-in-out;\n}\n<\/style>\n<a href='https:\/\/www.mobilet.com\/event\/sihir-atolyesi-ozlem-kurtulus-11873-481b' class='avia-button av-l37ntoqn-f6794fda17024e9c977e2920f6da9a14 avia-icon_select-yes-left-icon avia-size-medium avia-color-black avia-font-color-white' target=\"_blank\" rel=\"noopener noreferrer\"><span class='avia_button_icon avia_button_icon_left' aria-hidden='true' data-av_icon='\ue881' data-av_iconfont='entypo-fontello'><\/span><span class='avia_iconbox_title' >MOB\u0130LET 16:00<\/span><\/a>\n\n<style type=\"text\/css\" data-created_by=\"avia_inline_auto\" id=\"style-css-av-l37ntoqn-c6a455df7c1b97700a5cdfe4ac6e344d\">\n#top #wrap_all .avia-button.av-l37ntoqn-c6a455df7c1b97700a5cdfe4ac6e344d{\nmargin-bottom:5px;\nmargin-right:5px;\n}\n#top #wrap_all .avia-button.av-l37ntoqn-c6a455df7c1b97700a5cdfe4ac6e344d:hover{\nbackground-color:black;\ncolor:#ffffff;\ntransition:all 0.4s ease-in-out;\n-webkit-transition:all 0.4s ease-in-out;\n-moz-transition:all 0.4s ease-in-out;\n-ms-transition:all 0.4s ease-in-out;\n-o-transition:all 0.4s ease-in-out;\n}\n<\/style>\n<a href='https:\/\/www.mobilet.com\/event\/sihir-atolyesi-ozlem-kurtulus-11874-121d' class='avia-button av-l37ntoqn-c6a455df7c1b97700a5cdfe4ac6e344d avia-icon_select-yes-left-icon avia-size-medium avia-color-black avia-font-color-white' target=\"_blank\" rel=\"noopener noreferrer\"><span class='avia_button_icon avia_button_icon_left' aria-hidden='true' data-av_icon='\ue881' data-av_iconfont='entypo-fontello'><\/span><span class='avia_iconbox_title' >MOB\u0130LET 17:30<\/span><\/a>\n<\/div><\/p><\/div><div class='flex_column av-3093ge-db87a52858e408ec451e753d0957516c av_one_half  avia-builder-el-5  el_after_av_one_half  avia-builder-el-last  flex_column_div'   ><p><section class=\"av_textblock_section\"  itemscope=\"itemscope\" itemtype=\"https:\/\/schema.org\/CreativeWork\" ><div class='avia_textblock  av_inherit_color'  style='color:#1d1d1b; '  itemprop=\"text\" ><p><span style=\"font-weight: 400;\">Bu at\u00f6lyede bir sihirbaz izlemiyoruz! Burada hayal edebilen herkes sihirbaz! At\u00f6lyede bir yandan sihir izlerken bir yandan bu sihirleri \u00e7\u00f6zmeye \u00e7al\u0131\u015faca\u011f\u0131z. Kendi sihir malzemelerimizi yap\u0131p t\u00fcm izleyicileri \u015fa\u015f\u0131rtaca\u011f\u0131z!\u00a0<\/span><\/p>\n<p><span style=\"font-weight: 400;\">MSGS\u00dc Devlet Konservatuvar\u0131 M\u00fczikoloji b\u00f6l\u00fcm\u00fcnde olan, ill\u00fczyonist, e\u011fitmen ve performans sanat\u00e7\u0131s\u0131 \u00d6zlem Kurtulu\u015f, 2017 y\u0131l\u0131ndan bu yana UniqHall, Zorlu PSM gibi sahnelerde \u00e7ocuk g\u00f6sterileri ile miniklerle bulu\u015fuyor. Sihir g\u00f6sterileriyle beraber 2021 y\u0131l\u0131ndan bu yana Aridu interaktif \u00e7ocuk tiyatrosunda Melizma karakteriyle sahne kariyerine devam etmektedir.<\/span><\/p>\n<p><span style=\"font-weight: 400;\">&#8211;<\/span><\/p>\n<p><span style=\"font-weight: 400;\">We are not watching a magician in this workshop! Anyone who can imagine is a magician! While watching magic in the workshop, we will try to solve these magic tricks. We will make our own magical ingredients and surprise all of the audience!<\/span><\/p>\n<p><span style=\"font-weight: 400;\">\u00d6zlem Kurtulu\u015f, who is an illusionist, trainer and performance artist in the Musicology Department of MSGS\u00dc State Conservatory, has been meeting with little ones with her children&#8217;s shows at venues such as UniqHall and Zorlu PSM since 2017. She has been continuing her stage career with the character of Melizma, in the Aridu Interactive Children&#8217;s Theater since 2021 with magic shows.<\/span><\/p>\n<h2><\/h2>\n<\/div><\/section><br \/>\n\n<style type=\"text\/css\" data-created_by=\"avia_inline_auto\" id=\"style-css-av-l37nn0nh-0bc8097e697c612dde79e196d6be96bc\">\n#top .hr.hr-invisible.av-l37nn0nh-0bc8097e697c612dde79e196d6be96bc{\nheight:20px;\n}\n<\/style>\n<div  class='hr av-l37nn0nh-0bc8097e697c612dde79e196d6be96bc hr-invisible  avia-builder-el-7  el_after_av_textblock  el_before_av_textblock'><span class='hr-inner'><span class=\"hr-inner-style\"><\/span><\/span><\/div><br \/>\n<section class=\"av_textblock_section\"  itemscope=\"itemscope\" itemtype=\"https:\/\/schema.org\/CreativeWork\" ><div class='avia_textblock  av_inherit_color'  style='color:#1d1d1b; '  itemprop=\"text\" ><p><b>At\u00f6lye S\u00fcresi \/ Workshop Duration: <\/b><span style=\"font-weight: 400;\">60\u2019<\/span><\/p>\n<p><b>Kat\u0131l\u0131mc\u0131 Say\u0131s\u0131 \/ Number of Participants:<\/b><span style=\"font-weight: 400;\"> 15<\/span><b>\u00a0<\/b><\/p>\n<p><b>Ya\u015f \/ Age: <\/b><span style=\"font-weight: 400;\">4-6 ya\u015f\u00a0 \/ 7-9 Year Olds<\/span><\/p>\n<h2><\/h2>\n<\/div><\/section><\/p><\/div><\/p>","protected":false},"excerpt":{"rendered":"","protected":false},"author":1,"featured_media":0,"parent":0,"menu_order":0,"comment_status":"closed","ping_status":"closed","template":"","meta":{"footnotes":""},"class_list":["post-2910","page","type-page","status-publish","hentry"],"_links":{"self":[{"href":"https:\/\/bergamatiyatrofestivali.com\/en\/wp-json\/wp\/v2\/pages\/2910","targetHints":{"allow":["GET"]}}],"collection":[{"href":"https:\/\/bergamatiyatrofestivali.com\/en\/wp-json\/wp\/v2\/pages"}],"about":[{"href":"https:\/\/bergamatiyatrofestivali.com\/en\/wp-json\/wp\/v2\/types\/page"}],"author":[{"embeddable":true,"href":"https:\/\/bergamatiyatrofestivali.com\/en\/wp-json\/wp\/v2\/users\/1"}],"replies":[{"embeddable":true,"href":"https:\/\/bergamatiyatrofestivali.com\/en\/wp-json\/wp\/v2\/comments?post=2910"}],"version-history":[{"count":4,"href":"https:\/\/bergamatiyatrofestivali.com\/en\/wp-json\/wp\/v2\/pages\/2910\/revisions"}],"predecessor-version":[{"id":3425,"href":"https:\/\/bergamatiyatrofestivali.com\/en\/wp-json\/wp\/v2\/pages\/2910\/revisions\/3425"}],"wp:attachment":[{"href":"https:\/\/bergamatiyatrofestivali.com\/en\/wp-json\/wp\/v2\/media?parent=2910"}],"curies":[{"name":"wp","href":"https:\/\/api.w.org\/{rel}","templated":true}]}}