{"id":2904,"date":"2022-05-15T21:40:27","date_gmt":"2022-05-15T18:40:27","guid":{"rendered":"https:\/\/bergamatiyatrofestivali.com\/?page_id=2904"},"modified":"2022-05-31T15:36:44","modified_gmt":"2022-05-31T12:36:44","slug":"azizname","status":"publish","type":"page","link":"https:\/\/bergamatiyatrofestivali.com\/en\/azizname\/","title":{"rendered":"AZ\u0130ZNAME"},"content":{"rendered":"<div class='flex_column av-7fzp20-9ba3b3e42647ad37746e198005965815 av_one_half  avia-builder-el-0  el_before_av_one_half  avia-builder-el-first  first flex_column_div'   ><p>\n<style type=\"text\/css\" data-created_by=\"avia_inline_auto\" id=\"style-css-av-5r9ws8-d83c695f2fb550cd5e567b80990b7ab6\">\n.avia-image-container.av-5r9ws8-d83c695f2fb550cd5e567b80990b7ab6 .av-image-caption-overlay-center{\ncolor:#ffffff;\n}\n<\/style>\n<div  class='avia-image-container av-5r9ws8-d83c695f2fb550cd5e567b80990b7ab6 av-styling- avia-align-center  avia-builder-el-1  el_before_av_textblock  avia-builder-el-first'  itemprop=\"image\" itemscope=\"itemscope\" itemtype=\"https:\/\/schema.org\/ImageObject\" ><div class=\"avia-image-container-inner\"><div class=\"avia-image-overlay-wrap\"><img decoding=\"async\" class='wp-image-3419 avia-img-lazy-loading-not-3419 avia_image' src=\"https:\/\/bergamatiyatrofestivali.com\/wp-content\/uploads\/2022\/05\/Azizname-Post-17.jpg\" alt='' title='Azizname Post-17'  height=\"1080\" width=\"1080\"  itemprop=\"thumbnailUrl\" srcset=\"https:\/\/bergamatiyatrofestivali.com\/wp-content\/uploads\/2022\/05\/Azizname-Post-17.jpg 1080w, https:\/\/bergamatiyatrofestivali.com\/wp-content\/uploads\/2022\/05\/Azizname-Post-17-300x300.jpg 300w, https:\/\/bergamatiyatrofestivali.com\/wp-content\/uploads\/2022\/05\/Azizname-Post-17-1030x1030.jpg 1030w, https:\/\/bergamatiyatrofestivali.com\/wp-content\/uploads\/2022\/05\/Azizname-Post-17-80x80.jpg 80w, https:\/\/bergamatiyatrofestivali.com\/wp-content\/uploads\/2022\/05\/Azizname-Post-17-768x768.jpg 768w, https:\/\/bergamatiyatrofestivali.com\/wp-content\/uploads\/2022\/05\/Azizname-Post-17-12x12.jpg 12w, https:\/\/bergamatiyatrofestivali.com\/wp-content\/uploads\/2022\/05\/Azizname-Post-17-36x36.jpg 36w, https:\/\/bergamatiyatrofestivali.com\/wp-content\/uploads\/2022\/05\/Azizname-Post-17-180x180.jpg 180w, https:\/\/bergamatiyatrofestivali.com\/wp-content\/uploads\/2022\/05\/Azizname-Post-17-705x705.jpg 705w\" sizes=\"(max-width: 1080px) 100vw, 1080px\" \/><\/div><\/div><\/div><br \/>\n<section class=\"av_textblock_section\"  itemscope=\"itemscope\" itemtype=\"https:\/\/schema.org\/CreativeWork\" ><div class='avia_textblock  av_inherit_color'  style='color:#1d1d1b; '  itemprop=\"text\" ><h2><strong>Azizname\u00a0<\/strong><\/h2>\n<h3><span style=\"font-weight: 400;\">\u0130zmir \u015eehir Tiyatrolar\u0131\u00a0<\/span><\/h3>\n<h4><span style=\"font-weight: 400;\">5 Haziran\/June &#8211; Pazar\/Sunday, 14:00<\/span><\/h4>\n<h5><span style=\"font-weight: 400;\">BerKM \/ <\/span><span style=\"font-weight: 400;\">Bergama Cultural Center<\/span><span style=\"font-weight: 400;\">\u00a0<\/span><\/h5>\n<p><span style=\"font-weight: 400;\">Etkinlik \u00fccretsizdir. This event is free.<\/span><\/p>\n<\/div><\/section><\/p><\/div><div class='flex_column av-2y5v48-6512518dfb4eff49086fa44939656d85 av_one_half  avia-builder-el-3  el_after_av_one_half  avia-builder-el-last  flex_column_div'   ><p><section class=\"av_textblock_section\"  itemscope=\"itemscope\" itemtype=\"https:\/\/schema.org\/CreativeWork\" ><div class='avia_textblock  av_inherit_color'  style='color:#1d1d1b; '  itemprop=\"text\" ><p><span style=\"font-weight: 400;\">Y\u00fccel Erten taraf\u0131ndan uyarlanan \u2018Azizname\u2019, \u0130zmir seyircisine \u0130zmir \u015eehir Tiyatrolar\u0131 kadrosuyla yeniden merhaba diyor. D\u00fcnya pr\u00f6miyeri 1995 y\u0131l\u0131nda Berlin\u2019de yap\u0131lan ve \u00e7eyrek y\u00fczy\u0131ld\u0131r sahnelerimizde yer bulan \u2018Azizname\u2019, Aziz Nesin ta\u015flamalar\u0131 ve \u00f6yk\u00fclerini ge\u00e7mi\u015ften g\u00fcn\u00fcm\u00fcze giden bir yolculu\u011fun manzaras\u0131na yerle\u015ftiriyor ve bu yolculu\u011fa seyircisiyle beraber \u00e7\u0131kmak i\u00e7in sizleri bekliyor.<\/span><\/p>\n<p><span style=\"font-weight: 400;\">&#8211;<\/span><\/p>\n<p><span style=\"font-weight: 400;\">&#8216;Azizname,&#8217; adapted by Y\u00fccel Erten, welcomes the Izmir audience once again with the roster of the Izmir City Theatre. &#8216;Azizname,&#8217; which had its world premiere in Berlin in 1995 and has been on our stages for a quarter of a century, places the satires and stories of Aziz Nesin in the landscape of a journey from the past to the present. It is waiting for you to go on this journey once again with its new audience.<\/span><\/p>\n<h2><\/h2>\n<\/div><\/section><br \/>\n\n<style type=\"text\/css\" data-created_by=\"avia_inline_auto\" id=\"style-css-av-l37n63ki-8e02eafd5da3a60526e12baec392adfc\">\n#top .hr.hr-invisible.av-l37n63ki-8e02eafd5da3a60526e12baec392adfc{\nheight:20px;\n}\n<\/style>\n<div  class='hr av-l37n63ki-8e02eafd5da3a60526e12baec392adfc hr-invisible  avia-builder-el-5  el_after_av_textblock  el_before_av_textblock'><span class='hr-inner'><span class=\"hr-inner-style\"><\/span><\/span><\/div><br \/>\n<section class=\"av_textblock_section\"  itemscope=\"itemscope\" itemtype=\"https:\/\/schema.org\/CreativeWork\" ><div class='avia_textblock  av_inherit_color'  style='color:#1d1d1b; '  itemprop=\"text\" ><p><b>Yazan \/ Written by:<\/b><span style=\"font-weight: 400;\"> Aziz Nesin\u00a0<\/span><\/p>\n<p><b>Uyarlayan &amp; Y\u00f6neten \/ Adapted &amp; Directed by: <\/b><span style=\"font-weight: 400;\">Y\u00fccel Erten\u00a0<\/span><\/p>\n<p><b>Oyuncular \/ Casts: <\/b><span style=\"font-weight: 400;\">Ufuk A\u015far, Melis Caba, Efe \u00c7etinel, Ozan \u00c7olak, Ercan Erdil, Devrim Karakoyun, I\u015f\u0131l Keskin Peynirci, Burak \u015eent\u00fcrk\u00a0<\/span><\/p>\n<p><b>M\u00fczik \/ Music: <\/b><span style=\"font-weight: 400;\">Turgay Erdener<\/span><b>\u00a0<\/b><\/p>\n<p><b>Dans D\u00fczeni \/ Dance Formation<\/b><span style=\"font-weight: 400;\">: Salima S\u00f6kmen<\/span><\/p>\n<p><b>M\u00fczik Direkt\u00f6r\u00fc \/ Music Director:<\/b><span style=\"font-weight: 400;\"> \u00c7i\u011fdem Erken\u00a0<\/span><\/p>\n<p><b>Sahne Tasar\u0131m\u0131 \/ Stage Design:<\/b><span style=\"font-weight: 400;\"> An\u0131l I\u015f\u0131k\u00a0<\/span><\/p>\n<p><b>Kost\u00fcm Tasar\u0131m\u0131 \/ Costume Design: <\/b><span style=\"font-weight: 400;\">Deniz \u00c7a\u011fr\u0131 Bilgili\u00a0<\/span><\/p>\n<p><b>I\u015f\u0131k Tasar\u0131m\u0131 \/ Lighting Design: <\/b><span style=\"font-weight: 400;\">Ruzhdi Aliji\u00a0<\/span><\/p>\n<p><b>Y\u00f6netmen Yard\u0131mc\u0131s\u0131 \/ Assistant Director: <\/b><span style=\"font-weight: 400;\">Burak \u015eent\u00fcrk\u00a0<\/span><\/p>\n<p><b>Repetit\u00f6r \/ Repeater :<\/b><span style=\"font-weight: 400;\"> P\u0131nar G\u00fclkapan\u00a0<\/span><\/p>\n<p><b>Oyun S\u00fcresi \/ Performance Duration:<\/b><span style=\"font-weight: 400;\"> 150\u2019 2 perde\u00a0<\/span><\/p>\n<p><b>Ya\u015f \/ Age: <\/b><span style=\"font-weight: 400;\">+15<\/span><\/p>\n<h2><\/h2>\n<\/div><\/section><\/p><\/div><\/p>","protected":false},"excerpt":{"rendered":"","protected":false},"author":1,"featured_media":0,"parent":0,"menu_order":0,"comment_status":"closed","ping_status":"closed","template":"","meta":{"footnotes":""},"class_list":["post-2904","page","type-page","status-publish","hentry"],"_links":{"self":[{"href":"https:\/\/bergamatiyatrofestivali.com\/en\/wp-json\/wp\/v2\/pages\/2904","targetHints":{"allow":["GET"]}}],"collection":[{"href":"https:\/\/bergamatiyatrofestivali.com\/en\/wp-json\/wp\/v2\/pages"}],"about":[{"href":"https:\/\/bergamatiyatrofestivali.com\/en\/wp-json\/wp\/v2\/types\/page"}],"author":[{"embeddable":true,"href":"https:\/\/bergamatiyatrofestivali.com\/en\/wp-json\/wp\/v2\/users\/1"}],"replies":[{"embeddable":true,"href":"https:\/\/bergamatiyatrofestivali.com\/en\/wp-json\/wp\/v2\/comments?post=2904"}],"version-history":[{"count":3,"href":"https:\/\/bergamatiyatrofestivali.com\/en\/wp-json\/wp\/v2\/pages\/2904\/revisions"}],"predecessor-version":[{"id":3422,"href":"https:\/\/bergamatiyatrofestivali.com\/en\/wp-json\/wp\/v2\/pages\/2904\/revisions\/3422"}],"wp:attachment":[{"href":"https:\/\/bergamatiyatrofestivali.com\/en\/wp-json\/wp\/v2\/media?parent=2904"}],"curies":[{"name":"wp","href":"https:\/\/api.w.org\/{rel}","templated":true}]}}