{"id":2901,"date":"2022-05-15T21:36:13","date_gmt":"2022-05-15T18:36:13","guid":{"rendered":"https:\/\/bergamatiyatrofestivali.com\/?page_id=2901"},"modified":"2022-05-31T15:31:42","modified_gmt":"2022-05-31T12:31:42","slug":"tragedyalar-ile-cocuklarla-felsefe","status":"publish","type":"page","link":"https:\/\/bergamatiyatrofestivali.com\/en\/tragedyalar-ile-cocuklarla-felsefe\/","title":{"rendered":"Tragedyalar ile \u00c7ocuklarla Felsefe"},"content":{"rendered":"<div class='flex_column av-859byt-347f2fcb9895f29cd764f23b5e7118dd av_one_half  avia-builder-el-0  el_before_av_one_half  avia-builder-el-first  first flex_column_div'   ><p>\n<style type=\"text\/css\" data-created_by=\"avia_inline_auto\" id=\"style-css-av-iv2ol-292906084e74a7ca6949817e04c83fd7\">\n.avia-image-container.av-iv2ol-292906084e74a7ca6949817e04c83fd7 .av-image-caption-overlay-center{\ncolor:#ffffff;\n}\n<\/style>\n<div  class='avia-image-container av-iv2ol-292906084e74a7ca6949817e04c83fd7 av-styling- avia-align-center  avia-builder-el-1  el_before_av_textblock  avia-builder-el-first'  itemprop=\"image\" itemscope=\"itemscope\" itemtype=\"https:\/\/schema.org\/ImageObject\" ><div class=\"avia-image-container-inner\"><div class=\"avia-image-overlay-wrap\"><img decoding=\"async\" class='wp-image-3415 avia-img-lazy-loading-not-3415 avia_image' src=\"https:\/\/bergamatiyatrofestivali.com\/wp-content\/uploads\/2022\/05\/Tragedyalar-ile-Cocuklara-Felsefe-Post.png\" alt='' title='Tragedyalar ile \u00c7ocuklara Felsefe - Post'  height=\"1080\" width=\"1080\"  itemprop=\"thumbnailUrl\" srcset=\"https:\/\/bergamatiyatrofestivali.com\/wp-content\/uploads\/2022\/05\/Tragedyalar-ile-Cocuklara-Felsefe-Post.png 1080w, https:\/\/bergamatiyatrofestivali.com\/wp-content\/uploads\/2022\/05\/Tragedyalar-ile-Cocuklara-Felsefe-Post-300x300.png 300w, https:\/\/bergamatiyatrofestivali.com\/wp-content\/uploads\/2022\/05\/Tragedyalar-ile-Cocuklara-Felsefe-Post-1030x1030.png 1030w, https:\/\/bergamatiyatrofestivali.com\/wp-content\/uploads\/2022\/05\/Tragedyalar-ile-Cocuklara-Felsefe-Post-80x80.png 80w, https:\/\/bergamatiyatrofestivali.com\/wp-content\/uploads\/2022\/05\/Tragedyalar-ile-Cocuklara-Felsefe-Post-768x768.png 768w, https:\/\/bergamatiyatrofestivali.com\/wp-content\/uploads\/2022\/05\/Tragedyalar-ile-Cocuklara-Felsefe-Post-12x12.png 12w, https:\/\/bergamatiyatrofestivali.com\/wp-content\/uploads\/2022\/05\/Tragedyalar-ile-Cocuklara-Felsefe-Post-36x36.png 36w, https:\/\/bergamatiyatrofestivali.com\/wp-content\/uploads\/2022\/05\/Tragedyalar-ile-Cocuklara-Felsefe-Post-180x180.png 180w, https:\/\/bergamatiyatrofestivali.com\/wp-content\/uploads\/2022\/05\/Tragedyalar-ile-Cocuklara-Felsefe-Post-705x705.png 705w\" sizes=\"(max-width: 1080px) 100vw, 1080px\" \/><\/div><\/div><\/div><br \/>\n<section class=\"av_textblock_section\"  itemscope=\"itemscope\" itemtype=\"https:\/\/schema.org\/CreativeWork\" ><div class='avia_textblock  av_inherit_color'  style='color:#1d1d1b; '  itemprop=\"text\" ><h2><strong>Tragedyalar ile \u00c7ocuklarla Felsefe<\/strong><\/h2>\n<h3><em><strong>Philosophy With Children &#8211; A Look At Tragedy Texts<\/strong><\/em><\/h3>\n<h3><span style=\"font-weight: 400;\">Nur\u015fah Y\u0131lmaz, Y\u0131lmaz Murat Bilican (\u00c7ocuklar i\u00e7in Felsefe Derne\u011fi)<\/span><\/h3>\n<h4><span style=\"font-weight: 400;\">5 Haziran &#8211; June \/ Pazar &#8211; Sunday, 14:00 (7-9 ya\u015f \/ years old)<\/span><\/h4>\n<h4><span style=\"font-weight: 400;\">15:30 (9-12 ya\u015f \/ years old)<\/span><\/h4>\n<h5><span style=\"font-weight: 400;\">Les Pergamon Hotel<\/span><\/h5>\n<\/div><\/section><br \/>\n\n<style type=\"text\/css\" data-created_by=\"avia_inline_auto\" id=\"style-css-av-l37mwlxm-38b14d5396779815042df7bf385f31f6\">\n#top .hr.hr-invisible.av-l37mwlxm-38b14d5396779815042df7bf385f31f6{\nheight:20px;\n}\n<\/style>\n<div  class='hr av-l37mwlxm-38b14d5396779815042df7bf385f31f6 hr-invisible  avia-builder-el-3  el_after_av_textblock  el_before_av_buttonrow'><span class='hr-inner'><span class=\"hr-inner-style\"><\/span><\/span><\/div><br \/>\n<div  class='avia-buttonrow-wrap av-l37mxpog-d984769f616d2a7925f4a0f683a42f59 avia-buttonrow-left  avia-builder-el-4  el_after_av_hr  avia-builder-el-last'>\n\n<style type=\"text\/css\" data-created_by=\"avia_inline_auto\" id=\"style-css-av-l37mxlh3-423ea1de5b19f12f4bd27f006a028be9\">\n#top #wrap_all .avia-button.av-l37mxlh3-423ea1de5b19f12f4bd27f006a028be9{\nmargin-bottom:5px;\nmargin-right:5px;\n}\n#top #wrap_all .avia-button.av-l37mxlh3-423ea1de5b19f12f4bd27f006a028be9:hover{\nbackground-color:black;\ncolor:#ffffff;\ntransition:all 0.4s ease-in-out;\n-webkit-transition:all 0.4s ease-in-out;\n-moz-transition:all 0.4s ease-in-out;\n-ms-transition:all 0.4s ease-in-out;\n-o-transition:all 0.4s ease-in-out;\n}\n<\/style>\n<a href='https:\/\/www.mobilet.com\/event\/tragedyalar-ile-cocuklarla-felsefe-nursah-yilmaz-yilmaz-murat-bilican-11875-fc16' class='avia-button av-l37mxlh3-423ea1de5b19f12f4bd27f006a028be9 avia-icon_select-yes-left-icon avia-size-medium avia-color-black avia-font-color-white' target=\"_blank\" rel=\"noopener noreferrer\"><span class='avia_button_icon avia_button_icon_left' aria-hidden='true' data-av_icon='\ue881' data-av_iconfont='entypo-fontello'><\/span><span class='avia_iconbox_title' >MOB\u0130LET 14:00<\/span><\/a>\n\n<style type=\"text\/css\" data-created_by=\"avia_inline_auto\" id=\"style-css-av-l37mxlh3-82a03dfaa0deeae76188f0f565a10890\">\n#top #wrap_all .avia-button.av-l37mxlh3-82a03dfaa0deeae76188f0f565a10890{\nmargin-bottom:5px;\nmargin-right:5px;\n}\n#top #wrap_all .avia-button.av-l37mxlh3-82a03dfaa0deeae76188f0f565a10890:hover{\nbackground-color:black;\ncolor:#ffffff;\ntransition:all 0.4s ease-in-out;\n-webkit-transition:all 0.4s ease-in-out;\n-moz-transition:all 0.4s ease-in-out;\n-ms-transition:all 0.4s ease-in-out;\n-o-transition:all 0.4s ease-in-out;\n}\n<\/style>\n<a href='https:\/\/www.mobilet.com\/event\/tragedyalar-ile-cocuklarla-felsefe-nursah-yilmaz-yilmaz-murat-bilican-11876-5c16' class='avia-button av-l37mxlh3-82a03dfaa0deeae76188f0f565a10890 avia-icon_select-yes-left-icon avia-size-medium avia-color-black avia-font-color-white' target=\"_blank\" rel=\"noopener noreferrer\"><span class='avia_button_icon avia_button_icon_left' aria-hidden='true' data-av_icon='\ue881' data-av_iconfont='entypo-fontello'><\/span><span class='avia_iconbox_title' >MOB\u0130LET 15:30<\/span><\/a>\n<\/div><\/p><\/div><div class='flex_column av-ewr85-09da75d5e9f09b9c3676cae9182fa277 av_one_half  avia-builder-el-5  el_after_av_one_half  avia-builder-el-last  flex_column_div'   ><p><section class=\"av_textblock_section\"  itemscope=\"itemscope\" itemtype=\"https:\/\/schema.org\/CreativeWork\" ><div class='avia_textblock  av_inherit_color'  style='color:#1d1d1b; '  itemprop=\"text\" ><p><span style=\"font-weight: 400;\">Bu at\u00f6lyede, se\u00e7ilmi\u015f bir tragedya metninden al\u0131nt\u0131lar e\u015fli\u011finde, P4C (\u00c7ocuklar i\u00e7in Felsefe) y\u00f6ntemiyle \u00e7ocuklar\u0131n ya\u015f grubuna uygun olarak bir soru\u015fturma y\u00fcr\u00fct\u00fclecektir. \u201c\u00c7ocuklar\u0131n do\u011fu\u015ftan filozof\u201d oldu\u011fu kabul\u00fcyle, onlara felsefe bilgisi vermek gibi bir giri\u015fimden uzak duraca\u011f\u0131z.\u00a0<\/span><\/p>\n<p><span style=\"font-weight: 400;\">At\u00f6lyenin amac\u0131, \u00e7ocuklar\u0131n klasik bir tragedya metnini daha yak\u0131ndan tan\u0131malar\u0131n\u0131, \u00f6te yandan tragedya metninin i\u015faret etti\u011fi problemler ve kavramlar \u00fczerinde toplulukla birlikte d\u00fc\u015f\u00fcnme, g\u00f6r\u00fc\u015flerini ifade edebilme ve tart\u0131\u015fmalar\u0131n\u0131 sa\u011flamakt\u0131r.\u00a0<\/span><\/p>\n<p><span style=\"font-weight: 400;\">Y\u0131lmaz Murat Bilican: Felsefeci, yazar, P4C E\u011fitmeni. Halen T24 sayfalar\u0131nda g\u00fcncel yaz\u0131lar yaz\u0131yor.\u00a0<\/span><\/p>\n<p><span style=\"font-weight: 400;\">Nur\u015fah Y\u0131lmaz: Felsefeci, yazar, P4C E\u011fitmeni. Halen TED \u0130zmir Koleji felsefe \u00f6\u011fretmenli\u011fi yap\u0131yor ve \u00c7ocuklar \u0130\u00e7in Felsefe Derne\u011fi\u2019nde \u00e7ocuk at\u00f6lyeleri organize ediyor.<\/span><\/p>\n<p><span style=\"font-weight: 400;\">&#8211;<\/span><\/p>\n<p><span style=\"font-weight: 400;\">In this workshop, using the P4C (Philosophy for Children) method, an analysis of different excerpts from a selected tragedy text will be carried out in accordance with the age group of the children. Assuming that \u201cchildren are born philosophers,\u201d we will refrain from attempting to teach them philosophy.<\/span><\/p>\n<p><span style=\"font-weight: 400;\">The aim of the workshop is to enable children to get to know a classical tragedy text more closely, and to think, express and discuss with the community about the problems and concepts pointed out by the tragedy text.<\/span><\/p>\n<p><span style=\"font-weight: 400;\">Y\u0131lmaz Murat Bilican: Philosopher, writer, P4C Trainer. He still writes up-to-date articles on T24 pages.<\/span><\/p>\n<p><span style=\"font-weight: 400;\">Nur\u015fah Y\u0131lmaz: Philosopher, writer, P4C Trainer. She still teaches philosophy at TED Izmir College and organizes children&#8217;s workshops at the Philosophy for Children Association.<\/span><\/p>\n<\/div><\/section><br \/>\n\n<style type=\"text\/css\" data-created_by=\"avia_inline_auto\" id=\"style-css-av-2tjr6d-0b8215b7f690feb5b8371280dfb323a4\">\n#top .hr.hr-invisible.av-2tjr6d-0b8215b7f690feb5b8371280dfb323a4{\nheight:20px;\n}\n<\/style>\n<div  class='hr av-2tjr6d-0b8215b7f690feb5b8371280dfb323a4 hr-invisible  avia-builder-el-7  el_after_av_textblock  el_before_av_textblock'><span class='hr-inner'><span class=\"hr-inner-style\"><\/span><\/span><\/div><br \/>\n<section class=\"av_textblock_section\"  itemscope=\"itemscope\" itemtype=\"https:\/\/schema.org\/CreativeWork\" ><div class='avia_textblock  av_inherit_color'  style='color:#1d1d1b; '  itemprop=\"text\" ><p><b>At\u00f6lye S\u00fcresi \/ Workshop Duration: <\/b><span style=\"font-weight: 400;\">60\u2019<\/span><\/p>\n<p><b>Kat\u0131l\u0131mc\u0131 Say\u0131s\u0131 \/ Number of Participants: <\/b><span style=\"font-weight: 400;\">15<\/span><\/p>\n<\/div><\/section><\/p><\/div><\/p>","protected":false},"excerpt":{"rendered":"","protected":false},"author":1,"featured_media":0,"parent":0,"menu_order":0,"comment_status":"closed","ping_status":"closed","template":"","meta":{"footnotes":""},"class_list":["post-2901","page","type-page","status-publish","hentry"],"_links":{"self":[{"href":"https:\/\/bergamatiyatrofestivali.com\/en\/wp-json\/wp\/v2\/pages\/2901","targetHints":{"allow":["GET"]}}],"collection":[{"href":"https:\/\/bergamatiyatrofestivali.com\/en\/wp-json\/wp\/v2\/pages"}],"about":[{"href":"https:\/\/bergamatiyatrofestivali.com\/en\/wp-json\/wp\/v2\/types\/page"}],"author":[{"embeddable":true,"href":"https:\/\/bergamatiyatrofestivali.com\/en\/wp-json\/wp\/v2\/users\/1"}],"replies":[{"embeddable":true,"href":"https:\/\/bergamatiyatrofestivali.com\/en\/wp-json\/wp\/v2\/comments?post=2901"}],"version-history":[{"count":4,"href":"https:\/\/bergamatiyatrofestivali.com\/en\/wp-json\/wp\/v2\/pages\/2901\/revisions"}],"predecessor-version":[{"id":3417,"href":"https:\/\/bergamatiyatrofestivali.com\/en\/wp-json\/wp\/v2\/pages\/2901\/revisions\/3417"}],"wp:attachment":[{"href":"https:\/\/bergamatiyatrofestivali.com\/en\/wp-json\/wp\/v2\/media?parent=2901"}],"curies":[{"name":"wp","href":"https:\/\/api.w.org\/{rel}","templated":true}]}}