{"id":2892,"date":"2022-05-15T21:15:32","date_gmt":"2022-05-15T18:15:32","guid":{"rendered":"https:\/\/bergamatiyatrofestivali.com\/?page_id=2892"},"modified":"2022-05-31T15:25:36","modified_gmt":"2022-05-31T12:25:36","slug":"sihir-gosterisi","status":"publish","type":"page","link":"https:\/\/bergamatiyatrofestivali.com\/en\/sihir-gosterisi\/","title":{"rendered":"Magic Performance"},"content":{"rendered":"<div class='flex_column av-854m7g-b26331afe2cc3583862981fa38e2b4ed av_one_half  avia-builder-el-0  el_before_av_one_half  avia-builder-el-first  first flex_column_div'   ><p>\n<style type=\"text\/css\" data-created_by=\"avia_inline_auto\" id=\"style-css-av-55p5t8-026b606254cb6892743227dddbe103d6\">\n.avia-image-container.av-55p5t8-026b606254cb6892743227dddbe103d6 .av-image-caption-overlay-center{\ncolor:#ffffff;\n}\n<\/style>\n<div  class='avia-image-container av-55p5t8-026b606254cb6892743227dddbe103d6 av-styling- avia-align-center  avia-builder-el-1  el_before_av_textblock  avia-builder-el-first'  itemprop=\"image\" itemscope=\"itemscope\" itemtype=\"https:\/\/schema.org\/ImageObject\" ><div class=\"avia-image-container-inner\"><div class=\"avia-image-overlay-wrap\"><img decoding=\"async\" class='wp-image-3358 avia-img-lazy-loading-not-3358 avia_image' src=\"https:\/\/bergamatiyatrofestivali.com\/wp-content\/uploads\/2022\/05\/Sihir-Gosterisi-post.png\" alt='' title='Sihir G\u00f6sterisi-post'  height=\"1080\" width=\"1080\"  itemprop=\"thumbnailUrl\" srcset=\"https:\/\/bergamatiyatrofestivali.com\/wp-content\/uploads\/2022\/05\/Sihir-Gosterisi-post.png 1080w, https:\/\/bergamatiyatrofestivali.com\/wp-content\/uploads\/2022\/05\/Sihir-Gosterisi-post-300x300.png 300w, https:\/\/bergamatiyatrofestivali.com\/wp-content\/uploads\/2022\/05\/Sihir-Gosterisi-post-1030x1030.png 1030w, https:\/\/bergamatiyatrofestivali.com\/wp-content\/uploads\/2022\/05\/Sihir-Gosterisi-post-80x80.png 80w, https:\/\/bergamatiyatrofestivali.com\/wp-content\/uploads\/2022\/05\/Sihir-Gosterisi-post-768x768.png 768w, https:\/\/bergamatiyatrofestivali.com\/wp-content\/uploads\/2022\/05\/Sihir-Gosterisi-post-12x12.png 12w, https:\/\/bergamatiyatrofestivali.com\/wp-content\/uploads\/2022\/05\/Sihir-Gosterisi-post-36x36.png 36w, https:\/\/bergamatiyatrofestivali.com\/wp-content\/uploads\/2022\/05\/Sihir-Gosterisi-post-180x180.png 180w, https:\/\/bergamatiyatrofestivali.com\/wp-content\/uploads\/2022\/05\/Sihir-Gosterisi-post-705x705.png 705w\" sizes=\"(max-width: 1080px) 100vw, 1080px\" \/><\/div><\/div><\/div><br \/>\n<section class=\"av_textblock_section\"  itemscope=\"itemscope\" itemtype=\"https:\/\/schema.org\/CreativeWork\" ><div class='avia_textblock  av_inherit_color'  style='color:#1d1d1b; '  itemprop=\"text\" ><h2><strong>Magic Performance<\/strong><\/h2>\n<h3><em><strong>Magic Performance<\/strong><\/em><\/h3>\n<h3><span style=\"font-weight: 400;\">\u00d6zlem Kurtulu\u015f<\/span><\/h3>\n<h4><span style=\"font-weight: 400;\">5 Haziran \/ June Pazar \/ Sunday, 13:00<\/span><\/h4>\n<h5><span style=\"font-weight: 400;\">Bergama Sokaklar\u0131 \/ Bergama Streets<\/span><\/h5>\n<p><span style=\"font-weight: 400;\">Etkinlik \u00fccretsizdir. This event is free.<\/span><\/p>\n<\/div><\/section><\/p><\/div><div class='flex_column av-2rkdq4-ae21d724988441014335c1dfdc1a0ec4 av_one_half  avia-builder-el-3  el_after_av_one_half  avia-builder-el-last  flex_column_div'   ><p><section class=\"av_textblock_section\"  itemscope=\"itemscope\" itemtype=\"https:\/\/schema.org\/CreativeWork\" ><div class='avia_textblock  av_inherit_color'  style='color:#1d1d1b; '  itemprop=\"text\" ><p><span style=\"font-weight: 400;\">Hep birlikte sihir yapmaya haz\u0131r m\u0131s\u0131n\u0131z? 45 dakika s\u00fcren bu interaktif renkli yolculukta sihirle beraber beyin f\u0131rt\u0131nalar\u0131 yapaca\u011f\u0131z. \u201cHayal g\u00fcc\u00fc\u201d temal\u0131 bu g\u00f6steri cocuklara \u201chayal etti\u011fin her \u015fey ger\u00e7ekle\u015febilir\u201d ana fikrini sihir ile birlikte sunuyor. \u015ea\u015f\u0131rmaya ve bol kahkaha atmaya haz\u0131r olun!<\/span><\/p>\n<p><span style=\"font-weight: 400;\">&#8211;<\/span><\/p>\n<p><span style=\"font-weight: 400;\">Are you ready to do magic together? We will brainstorm with magic in this interactive, colorful journey which will last 45 minutes. This show, with the theme of &#8220;Imagination,&#8221; offers children the main idea of &#8220;anything you dream can come true&#8221; along with magic. Get ready to be surprised and have lots of laughter!<\/span><\/p>\n<h2><\/h2>\n<\/div><\/section><br \/>\n\n<style type=\"text\/css\" data-created_by=\"avia_inline_auto\" id=\"style-css-av-l37ma5q6-cbeead500bf34588504fe859b8589c55\">\n#top .hr.hr-invisible.av-l37ma5q6-cbeead500bf34588504fe859b8589c55{\nheight:20px;\n}\n<\/style>\n<div  class='hr av-l37ma5q6-cbeead500bf34588504fe859b8589c55 hr-invisible  avia-builder-el-5  el_after_av_textblock  el_before_av_textblock'><span class='hr-inner'><span class=\"hr-inner-style\"><\/span><\/span><\/div><br \/>\n<section class=\"av_textblock_section\"  itemscope=\"itemscope\" itemtype=\"https:\/\/schema.org\/CreativeWork\" ><div class='avia_textblock  av_inherit_color'  style='color:#1d1d1b; '  itemprop=\"text\" ><p><b>Tasarlayan, Sunan, \u0130ll\u00fczyonist \/ Designed and Presented by, Illusionist:<\/b><span style=\"font-weight: 400;\"> \u00d6zlem Kurtulu\u015f<\/span><\/p>\n<p><b>Oyun S\u00fcresi \/ Performance Duration :<\/b><span style=\"font-weight: 400;\"> 45\u2019<\/span><\/p>\n<p><b>Ya\u015f \/ Age : 4-7 ya\u015f \/ 4-7 Year Olds<\/b><\/p>\n<h2><\/h2>\n<\/div><\/section><\/p><\/div><\/p>","protected":false},"excerpt":{"rendered":"","protected":false},"author":2,"featured_media":0,"parent":0,"menu_order":0,"comment_status":"closed","ping_status":"closed","template":"","meta":{"footnotes":""},"class_list":["post-2892","page","type-page","status-publish","hentry"],"_links":{"self":[{"href":"https:\/\/bergamatiyatrofestivali.com\/en\/wp-json\/wp\/v2\/pages\/2892","targetHints":{"allow":["GET"]}}],"collection":[{"href":"https:\/\/bergamatiyatrofestivali.com\/en\/wp-json\/wp\/v2\/pages"}],"about":[{"href":"https:\/\/bergamatiyatrofestivali.com\/en\/wp-json\/wp\/v2\/types\/page"}],"author":[{"embeddable":true,"href":"https:\/\/bergamatiyatrofestivali.com\/en\/wp-json\/wp\/v2\/users\/2"}],"replies":[{"embeddable":true,"href":"https:\/\/bergamatiyatrofestivali.com\/en\/wp-json\/wp\/v2\/comments?post=2892"}],"version-history":[{"count":3,"href":"https:\/\/bergamatiyatrofestivali.com\/en\/wp-json\/wp\/v2\/pages\/2892\/revisions"}],"predecessor-version":[{"id":3413,"href":"https:\/\/bergamatiyatrofestivali.com\/en\/wp-json\/wp\/v2\/pages\/2892\/revisions\/3413"}],"wp:attachment":[{"href":"https:\/\/bergamatiyatrofestivali.com\/en\/wp-json\/wp\/v2\/media?parent=2892"}],"curies":[{"name":"wp","href":"https:\/\/api.w.org\/{rel}","templated":true}]}}