{"id":2889,"date":"2022-05-15T21:10:58","date_gmt":"2022-05-15T18:10:58","guid":{"rendered":"https:\/\/bergamatiyatrofestivali.com\/?page_id=2889"},"modified":"2022-05-31T15:25:27","modified_gmt":"2022-05-31T12:25:27","slug":"genclerle-yaratici-drama","status":"publish","type":"page","link":"https:\/\/bergamatiyatrofestivali.com\/en\/genclerle-yaratici-drama\/","title":{"rendered":"Gen\u00e7lerle Yarat\u0131c\u0131 Drama"},"content":{"rendered":"<div class='flex_column av-99mb21-2037d7fcdd7ef58547d5c07cbb12158a av_one_half  avia-builder-el-0  el_before_av_one_half  avia-builder-el-first  first flex_column_div'   ><p>\n<style type=\"text\/css\" data-created_by=\"avia_inline_auto\" id=\"style-css-av-874uih-22da293c8c4e15125165d0a2f144b9d2\">\n.avia-image-container.av-874uih-22da293c8c4e15125165d0a2f144b9d2 .av-image-caption-overlay-center{\ncolor:#ffffff;\n}\n<\/style>\n<div  class='avia-image-container av-874uih-22da293c8c4e15125165d0a2f144b9d2 av-styling- avia-align-center  avia-builder-el-1  el_before_av_textblock  avia-builder-el-first'  itemprop=\"image\" itemscope=\"itemscope\" itemtype=\"https:\/\/schema.org\/ImageObject\" ><div class=\"avia-image-container-inner\"><div class=\"avia-image-overlay-wrap\"><img decoding=\"async\" class='wp-image-3411 avia-img-lazy-loading-not-3411 avia_image' src=\"https:\/\/bergamatiyatrofestivali.com\/wp-content\/uploads\/2022\/05\/Genclerle-Yaratici-Drama-Atolyesi-Post.png\" alt='' title='Gen\u00e7lerle Yarat\u0131c\u0131 Drama At\u00f6lyesi - Post'  height=\"1080\" width=\"1080\"  itemprop=\"thumbnailUrl\" srcset=\"https:\/\/bergamatiyatrofestivali.com\/wp-content\/uploads\/2022\/05\/Genclerle-Yaratici-Drama-Atolyesi-Post.png 1080w, https:\/\/bergamatiyatrofestivali.com\/wp-content\/uploads\/2022\/05\/Genclerle-Yaratici-Drama-Atolyesi-Post-300x300.png 300w, https:\/\/bergamatiyatrofestivali.com\/wp-content\/uploads\/2022\/05\/Genclerle-Yaratici-Drama-Atolyesi-Post-1030x1030.png 1030w, https:\/\/bergamatiyatrofestivali.com\/wp-content\/uploads\/2022\/05\/Genclerle-Yaratici-Drama-Atolyesi-Post-80x80.png 80w, https:\/\/bergamatiyatrofestivali.com\/wp-content\/uploads\/2022\/05\/Genclerle-Yaratici-Drama-Atolyesi-Post-768x768.png 768w, https:\/\/bergamatiyatrofestivali.com\/wp-content\/uploads\/2022\/05\/Genclerle-Yaratici-Drama-Atolyesi-Post-12x12.png 12w, https:\/\/bergamatiyatrofestivali.com\/wp-content\/uploads\/2022\/05\/Genclerle-Yaratici-Drama-Atolyesi-Post-36x36.png 36w, https:\/\/bergamatiyatrofestivali.com\/wp-content\/uploads\/2022\/05\/Genclerle-Yaratici-Drama-Atolyesi-Post-180x180.png 180w, https:\/\/bergamatiyatrofestivali.com\/wp-content\/uploads\/2022\/05\/Genclerle-Yaratici-Drama-Atolyesi-Post-705x705.png 705w\" sizes=\"(max-width: 1080px) 100vw, 1080px\" \/><\/div><\/div><\/div><br \/>\n<section class=\"av_textblock_section\"  itemscope=\"itemscope\" itemtype=\"https:\/\/schema.org\/CreativeWork\" ><div class='avia_textblock  av_inherit_color'  style='color:#1d1d1b; '  itemprop=\"text\" ><h2><strong>Gen\u00e7lerle Yarat\u0131c\u0131 Drama At\u00f6lyesi<\/strong><\/h2>\n<h3><strong><em>Creative Drama Workshop for Young People<\/em><\/strong><\/h3>\n<h3><span style=\"font-weight: 400;\">Gonca Atam\u00a0<\/span><\/h3>\n<h4><span style=\"font-weight: 400;\">5 Haziran &#8211; June \/ Pazar &#8211; Sunday, 11:00<\/span><\/h4>\n<h5><span style=\"font-weight: 400;\">Les Pergamon Hotel<\/span><\/h5>\n<\/div><\/section><br \/>\n\n<style type=\"text\/css\" data-created_by=\"avia_inline_auto\" id=\"style-css-av-4snrnt-f83aba4c628f709d74abf838ec6341bd\">\n#top .hr.hr-invisible.av-4snrnt-f83aba4c628f709d74abf838ec6341bd{\nheight:20px;\n}\n<\/style>\n<div  class='hr av-4snrnt-f83aba4c628f709d74abf838ec6341bd hr-invisible  avia-builder-el-3  el_after_av_textblock  el_before_av_buttonrow'><span class='hr-inner'><span class=\"hr-inner-style\"><\/span><\/span><\/div><br \/>\n<div  class='avia-buttonrow-wrap av-l37m4c8b-d2b55329501b3a37856731d6cac4e71a avia-buttonrow-left  avia-builder-el-4  el_after_av_hr  avia-builder-el-last'>\n\n<style type=\"text\/css\" data-created_by=\"avia_inline_auto\" id=\"style-css-av-l37m489w-55e7160bcf4448b78dcc98a79e881f59\">\n#top #wrap_all .avia-button.av-l37m489w-55e7160bcf4448b78dcc98a79e881f59{\nmargin-bottom:5px;\nmargin-right:5px;\n}\n#top #wrap_all .avia-button.av-l37m489w-55e7160bcf4448b78dcc98a79e881f59:hover{\nbackground-color:black;\ncolor:#ffffff;\ntransition:all 0.4s ease-in-out;\n-webkit-transition:all 0.4s ease-in-out;\n-moz-transition:all 0.4s ease-in-out;\n-ms-transition:all 0.4s ease-in-out;\n-o-transition:all 0.4s ease-in-out;\n}\n<\/style>\n<a href='https:\/\/www.mobilet.com\/event\/genclerle-yaratici-drama-gonca-atam-11855-e72c' class='avia-button av-l37m489w-55e7160bcf4448b78dcc98a79e881f59 avia-icon_select-yes-left-icon avia-size-medium avia-color-black avia-font-color-white' target=\"_blank\" rel=\"noopener noreferrer\"><span class='avia_button_icon avia_button_icon_left' aria-hidden='true' data-av_icon='\ue881' data-av_iconfont='entypo-fontello'><\/span><span class='avia_iconbox_title' >MOB\u0130LET<\/span><\/a>\n<\/div><\/p><\/div><div class='flex_column av-3aygw9-2304997eefe70e20d73df6c058e6609c av_one_half  avia-builder-el-5  el_after_av_one_half  avia-builder-el-last  flex_column_div'   ><p><section class=\"av_textblock_section\"  itemscope=\"itemscope\" itemtype=\"https:\/\/schema.org\/CreativeWork\" ><div class='avia_textblock  av_inherit_color'  style='color:#1d1d1b; '  itemprop=\"text\" ><p><span style=\"font-weight: 400;\">Do\u011fa\u00e7lama disiplininden yola \u00e7\u0131karak, olaylar kar\u015f\u0131s\u0131nda spontane durumlar yaratarak bu y\u00f6ntemin sahneye uyarlanmas\u0131 i\u00e7in \u00e7al\u0131\u015fmalar yap\u0131lacakt\u0131r.\u00a0<\/span><\/p>\n<p><span style=\"font-weight: 400;\">Gonca Atam 19 Ocak 1984 y\u0131l\u0131nda Ayd\u0131n&#8217;da do\u011fdu. 13 y\u0131ld\u0131r yarat\u0131c\u0131 drama \u00f6\u011fretmeni olarak \u00e7al\u0131\u015fmakta olup bunun yan\u0131nda gen\u00e7lere y\u00f6nelik do\u011fa\u00e7lama tiyatro e\u011fitimi vermektedir. Ayn\u0131 zamanda bir masal anlat\u0131c\u0131s\u0131 olarak hikayelerin dilden dile aktar\u0131lmas\u0131nda k\u00fclt\u00fcrel bir g\u00f6rev almaktad\u0131r.<\/span><\/p>\n<p><span style=\"font-weight: 400;\">&#8211;<\/span><\/p>\n<p><span style=\"font-weight: 400;\">Based on the discipline of improvisation, studies will be carried out to adapt this method to the stage by creating spontaneous situations.<\/span><\/p>\n<p><span style=\"font-weight: 400;\">Gonca Atam was born on January 19, 1984 in Ayd\u0131n. She has been working as a creative drama teacher for 13 years and also gives improvisational theatre training to young people. At the same time, as a storyteller, she takes on a cultural task in transferring stories from language to language.<\/span><\/p>\n<h2><\/h2>\n<\/div><\/section><br \/>\n\n<style type=\"text\/css\" data-created_by=\"avia_inline_auto\" id=\"style-css-av-l37m3lj7-3495995e865af551586a02a1a521e0a9\">\n#top .hr.hr-invisible.av-l37m3lj7-3495995e865af551586a02a1a521e0a9{\nheight:20px;\n}\n<\/style>\n<div  class='hr av-l37m3lj7-3495995e865af551586a02a1a521e0a9 hr-invisible  avia-builder-el-7  el_after_av_textblock  el_before_av_textblock'><span class='hr-inner'><span class=\"hr-inner-style\"><\/span><\/span><\/div><br \/>\n<section class=\"av_textblock_section\"  itemscope=\"itemscope\" itemtype=\"https:\/\/schema.org\/CreativeWork\" ><div class='avia_textblock  av_inherit_color'  style='color:#1d1d1b; '  itemprop=\"text\" ><p><b>At\u00f6lye S\u00fcresi \/ Workshop Duration: <\/b><span style=\"font-weight: 400;\">90\u2019<\/span><\/p>\n<p><b>Kat\u0131l\u0131mc\u0131 Say\u0131s\u0131 \/ Number of Participants: <\/b><span style=\"font-weight: 400;\">15<\/span><\/p>\n<p><b>Ya\u015f \/ Age:<\/b> <span style=\"font-weight: 400;\">13-17 Ya\u015f \/ 13-17 Year Olds<\/span><\/p>\n<h2><\/h2>\n<\/div><\/section><\/p><\/div><\/p>","protected":false},"excerpt":{"rendered":"","protected":false},"author":1,"featured_media":0,"parent":0,"menu_order":0,"comment_status":"closed","ping_status":"closed","template":"","meta":{"footnotes":""},"class_list":["post-2889","page","type-page","status-publish","hentry"],"_links":{"self":[{"href":"https:\/\/bergamatiyatrofestivali.com\/en\/wp-json\/wp\/v2\/pages\/2889","targetHints":{"allow":["GET"]}}],"collection":[{"href":"https:\/\/bergamatiyatrofestivali.com\/en\/wp-json\/wp\/v2\/pages"}],"about":[{"href":"https:\/\/bergamatiyatrofestivali.com\/en\/wp-json\/wp\/v2\/types\/page"}],"author":[{"embeddable":true,"href":"https:\/\/bergamatiyatrofestivali.com\/en\/wp-json\/wp\/v2\/users\/1"}],"replies":[{"embeddable":true,"href":"https:\/\/bergamatiyatrofestivali.com\/en\/wp-json\/wp\/v2\/comments?post=2889"}],"version-history":[{"count":4,"href":"https:\/\/bergamatiyatrofestivali.com\/en\/wp-json\/wp\/v2\/pages\/2889\/revisions"}],"predecessor-version":[{"id":3412,"href":"https:\/\/bergamatiyatrofestivali.com\/en\/wp-json\/wp\/v2\/pages\/2889\/revisions\/3412"}],"wp:attachment":[{"href":"https:\/\/bergamatiyatrofestivali.com\/en\/wp-json\/wp\/v2\/media?parent=2889"}],"curies":[{"name":"wp","href":"https:\/\/api.w.org\/{rel}","templated":true}]}}