{"id":2886,"date":"2022-05-15T21:06:08","date_gmt":"2022-05-15T18:06:08","guid":{"rendered":"https:\/\/bergamatiyatrofestivali.com\/?page_id=2886"},"modified":"2022-05-31T15:24:47","modified_gmt":"2022-05-31T12:24:47","slug":"parsomen-atolyesi","status":"publish","type":"page","link":"https:\/\/bergamatiyatrofestivali.com\/en\/parsomen-atolyesi\/","title":{"rendered":"Par\u015f\u00f6men At\u00f6lyesi"},"content":{"rendered":"<div class='flex_column av-7v6192-99d6100c54ca0852fbb268dfb18dc678 av_one_half  avia-builder-el-0  el_before_av_one_half  avia-builder-el-first  first flex_column_div'   ><p>\n<style type=\"text\/css\" data-created_by=\"avia_inline_auto\" id=\"style-css-av-5dy0ja-25e9adb75e3c2c23b343e65238c2ec1f\">\n.avia-image-container.av-5dy0ja-25e9adb75e3c2c23b343e65238c2ec1f .av-image-caption-overlay-center{\ncolor:#ffffff;\n}\n<\/style>\n<div  class='avia-image-container av-5dy0ja-25e9adb75e3c2c23b343e65238c2ec1f av-styling- avia-align-center  avia-builder-el-1  el_before_av_textblock  avia-builder-el-first'  itemprop=\"image\" itemscope=\"itemscope\" itemtype=\"https:\/\/schema.org\/ImageObject\" ><div class=\"avia-image-container-inner\"><div class=\"avia-image-overlay-wrap\"><img decoding=\"async\" class='wp-image-3406 avia-img-lazy-loading-not-3406 avia_image' src=\"https:\/\/bergamatiyatrofestivali.com\/wp-content\/uploads\/2022\/05\/Parsomen-Atolyesi-Post.jpg\" alt='' title='Par\u015f\u00f6men At\u00f6lyesi - Post'  height=\"1080\" width=\"1080\"  itemprop=\"thumbnailUrl\" srcset=\"https:\/\/bergamatiyatrofestivali.com\/wp-content\/uploads\/2022\/05\/Parsomen-Atolyesi-Post.jpg 1080w, https:\/\/bergamatiyatrofestivali.com\/wp-content\/uploads\/2022\/05\/Parsomen-Atolyesi-Post-300x300.jpg 300w, https:\/\/bergamatiyatrofestivali.com\/wp-content\/uploads\/2022\/05\/Parsomen-Atolyesi-Post-1030x1030.jpg 1030w, https:\/\/bergamatiyatrofestivali.com\/wp-content\/uploads\/2022\/05\/Parsomen-Atolyesi-Post-80x80.jpg 80w, https:\/\/bergamatiyatrofestivali.com\/wp-content\/uploads\/2022\/05\/Parsomen-Atolyesi-Post-768x768.jpg 768w, https:\/\/bergamatiyatrofestivali.com\/wp-content\/uploads\/2022\/05\/Parsomen-Atolyesi-Post-12x12.jpg 12w, https:\/\/bergamatiyatrofestivali.com\/wp-content\/uploads\/2022\/05\/Parsomen-Atolyesi-Post-36x36.jpg 36w, https:\/\/bergamatiyatrofestivali.com\/wp-content\/uploads\/2022\/05\/Parsomen-Atolyesi-Post-180x180.jpg 180w, https:\/\/bergamatiyatrofestivali.com\/wp-content\/uploads\/2022\/05\/Parsomen-Atolyesi-Post-705x705.jpg 705w\" sizes=\"(max-width: 1080px) 100vw, 1080px\" \/><\/div><\/div><\/div><br \/>\n<section class=\"av_textblock_section\"  itemscope=\"itemscope\" itemtype=\"https:\/\/schema.org\/CreativeWork\" ><div class='avia_textblock  av_inherit_color'  style='color:#1d1d1b; '  itemprop=\"text\" ><h2><strong>Par\u015f\u00f6men At\u00f6lyesi<\/strong><\/h2>\n<h3><em><strong>Parchment Workshop\u00a0<\/strong><\/em><\/h3>\n<h3><span style=\"font-weight: 400;\">Halime Meltem Demirel &amp; Mustafa Sinan Demirel (Bergama Par\u015f\u00f6men \/ Pergamon Parchment)<\/span><\/h3>\n<h4><span style=\"font-weight: 400;\">5 Haziran &#8211; June \/ Pazar &#8211; Sunday, 10.00\u00a0<\/span><\/h4>\n<h5><span style=\"font-weight: 400;\">BERKSAV Bah\u00e7e \/ Garden<\/span><\/h5>\n<p>\u00dccretsiz Etkinlik. This event is free.<\/p>\n<\/div><\/section><\/p><\/div><div class='flex_column av-4qj912-5fce6b4f153d9b299bfe42b34e86adb9 av_one_half  avia-builder-el-3  el_after_av_one_half  avia-builder-el-last  flex_column_div'   ><p><section class=\"av_textblock_section\"  itemscope=\"itemscope\" itemtype=\"https:\/\/schema.org\/CreativeWork\" ><div class='avia_textblock  av_inherit_color'  style='color:#1d1d1b; '  itemprop=\"text\" ><p><span style=\"font-weight: 400;\">Par\u015f\u00f6men d\u00fckkan\u0131m\u0131z\u0131n \u00fcst\u00fcnde bulunan bah\u00e7ede par\u015f\u00f6menin tarih\u00e7esini, g\u00fcn\u00fcm\u00fcze kadar nas\u0131l bir yol izledi\u011fini anlataca\u011f\u0131z. Uygulamal\u0131 \u015fekilde par\u015f\u00f6men yap\u0131m\u0131n\u0131 kat\u0131l\u0131mc\u0131lara g\u00f6sterece\u011fiz. Sonraki a\u015famada par\u015f\u00f6menin kullan\u0131m alanlar\u0131n\u0131 anlat\u0131p kat\u0131l\u0131mc\u0131lara par\u00e7a par\u015f\u00f6men hediye edece\u011fiz.<\/span><\/p>\n<p><span style=\"font-weight: 400;\">At\u00f6lye y\u00fcr\u00fct\u00fcc\u00fcleri olarak e\u015fimle beraber 2018&#8217;den beri Bergama Par\u015f\u00f6men adl\u0131 d\u00fckkan\u0131 i\u015fletmekteyiz. Par\u015f\u00f6menle 2014 y\u0131l\u0131nda Macit G\u00f6nl\u00fcg\u00fcr sayesinde par\u015f\u00f6men ile tan\u0131\u015ft\u0131k. Ustam\u0131z \u0130smail Ara\u00e7 e\u015fim ve beni \u00e7\u0131rakl\u0131\u011fa kabul ettikten sonra benim ustal\u0131\u011f\u0131m\u0131 19.02.2022&#8217;de onaylad\u0131. Amac\u0131m\u0131z par\u015f\u00f6men k\u00fclt\u00fcr\u00fcn\u00fcn gelecek nesillere aktar\u0131lmas\u0131n\u0131 sa\u011flamakt\u0131r.<\/span><\/p>\n<p><span style=\"font-weight: 400;\">&#8211;<\/span><\/p>\n<p><span style=\"font-weight: 400;\">In the garden above our parchment shop, we will discuss the history of parchment and how it has developed until the present. We will show participants how to practically make parchment. In the next stage, we will explain the usage areas of parchment and present a piece of parchment to the participants.<\/span><\/p>\n<p><span style=\"font-weight: 400;\">As workshop coordinators, my wife and I have been running a shop called Bergama Par\u015f\u00f6men since 2018. We were introduced to parchment in 2014 thanks to Macit G\u00f6nl\u00fcg\u00fcr. Our master \u0130smail Ara\u00e7 approved my mastery on 19.02.2022 after accepting my wife and me for apprenticeship. Our aim is to transfer the parchment culture to future generations.<\/span><\/p>\n<h2><\/h2>\n<\/div><\/section><br \/>\n\n<style type=\"text\/css\" data-created_by=\"avia_inline_auto\" id=\"style-css-av-3ad1ae-e1f831d35f35f66c0e0e52ff99248cfc\">\n#top .hr.hr-invisible.av-3ad1ae-e1f831d35f35f66c0e0e52ff99248cfc{\nheight:20px;\n}\n<\/style>\n<div  class='hr av-3ad1ae-e1f831d35f35f66c0e0e52ff99248cfc hr-invisible  avia-builder-el-5  el_after_av_textblock  el_before_av_textblock'><span class='hr-inner'><span class=\"hr-inner-style\"><\/span><\/span><\/div><br \/>\n<section class=\"av_textblock_section\"  itemscope=\"itemscope\" itemtype=\"https:\/\/schema.org\/CreativeWork\" ><div class='avia_textblock  av_inherit_color'  style='color:#1d1d1b; '  itemprop=\"text\" ><p><b>At\u00f6lye S\u00fcresi \/ Workshop Duration: <\/b><span style=\"font-weight: 400;\">120\u2019<\/span><\/p>\n<p><b>Kat\u0131l\u0131mc\u0131 Say\u0131s\u0131 \/ Number of Participants: <\/b><span style=\"font-weight: 400;\">40<\/span><\/p>\n<p><b>Ya\u015f \/ Age: <\/b><span style=\"font-weight: 400;\">+16<\/span><\/p>\n<h2><\/h2>\n<\/div><\/section><\/p><\/div><\/p>","protected":false},"excerpt":{"rendered":"","protected":false},"author":2,"featured_media":0,"parent":0,"menu_order":0,"comment_status":"closed","ping_status":"closed","template":"","meta":{"footnotes":""},"class_list":["post-2886","page","type-page","status-publish","hentry"],"_links":{"self":[{"href":"https:\/\/bergamatiyatrofestivali.com\/en\/wp-json\/wp\/v2\/pages\/2886","targetHints":{"allow":["GET"]}}],"collection":[{"href":"https:\/\/bergamatiyatrofestivali.com\/en\/wp-json\/wp\/v2\/pages"}],"about":[{"href":"https:\/\/bergamatiyatrofestivali.com\/en\/wp-json\/wp\/v2\/types\/page"}],"author":[{"embeddable":true,"href":"https:\/\/bergamatiyatrofestivali.com\/en\/wp-json\/wp\/v2\/users\/2"}],"replies":[{"embeddable":true,"href":"https:\/\/bergamatiyatrofestivali.com\/en\/wp-json\/wp\/v2\/comments?post=2886"}],"version-history":[{"count":4,"href":"https:\/\/bergamatiyatrofestivali.com\/en\/wp-json\/wp\/v2\/pages\/2886\/revisions"}],"predecessor-version":[{"id":3410,"href":"https:\/\/bergamatiyatrofestivali.com\/en\/wp-json\/wp\/v2\/pages\/2886\/revisions\/3410"}],"wp:attachment":[{"href":"https:\/\/bergamatiyatrofestivali.com\/en\/wp-json\/wp\/v2\/media?parent=2886"}],"curies":[{"name":"wp","href":"https:\/\/api.w.org\/{rel}","templated":true}]}}