{"id":2883,"date":"2022-05-15T21:01:10","date_gmt":"2022-05-15T18:01:10","guid":{"rendered":"https:\/\/bergamatiyatrofestivali.com\/?page_id=2883"},"modified":"2022-05-31T15:24:37","modified_gmt":"2022-05-31T12:24:37","slug":"club-guy-roni-dansci","status":"publish","type":"page","link":"https:\/\/bergamatiyatrofestivali.com\/en\/club-guy-roni-dansci\/","title":{"rendered":"Club Guy &#038; Roni Dans\u00e7\u0131"},"content":{"rendered":"<div class='flex_column av-7l2b43-b9189aaf2db264b564726310950916b3 av_one_half  avia-builder-el-0  el_before_av_one_half  avia-builder-el-first  first flex_column_div'   ><p>\n<style type=\"text\/css\" data-created_by=\"avia_inline_auto\" id=\"style-css-av-mzlw3-2d776e3ad9a163848e0052462c968ce5\">\n.avia-image-container.av-mzlw3-2d776e3ad9a163848e0052462c968ce5 .av-image-caption-overlay-center{\ncolor:#ffffff;\n}\n<\/style>\n<div  class='avia-image-container av-mzlw3-2d776e3ad9a163848e0052462c968ce5 av-styling- avia-align-center  avia-builder-el-1  el_before_av_textblock  avia-builder-el-first'  itemprop=\"image\" itemscope=\"itemscope\" itemtype=\"https:\/\/schema.org\/ImageObject\" ><div class=\"avia-image-container-inner\"><div class=\"avia-image-overlay-wrap\"><img decoding=\"async\" class='wp-image-3405 avia-img-lazy-loading-not-3405 avia_image' src=\"https:\/\/bergamatiyatrofestivali.com\/wp-content\/uploads\/2022\/05\/Dansci-Adam-Post.png\" alt='' title='Dans\u00e7\u0131 Adam-Post'  height=\"1080\" width=\"1080\"  itemprop=\"thumbnailUrl\" srcset=\"https:\/\/bergamatiyatrofestivali.com\/wp-content\/uploads\/2022\/05\/Dansci-Adam-Post.png 1080w, https:\/\/bergamatiyatrofestivali.com\/wp-content\/uploads\/2022\/05\/Dansci-Adam-Post-300x300.png 300w, https:\/\/bergamatiyatrofestivali.com\/wp-content\/uploads\/2022\/05\/Dansci-Adam-Post-1030x1030.png 1030w, https:\/\/bergamatiyatrofestivali.com\/wp-content\/uploads\/2022\/05\/Dansci-Adam-Post-80x80.png 80w, https:\/\/bergamatiyatrofestivali.com\/wp-content\/uploads\/2022\/05\/Dansci-Adam-Post-768x768.png 768w, https:\/\/bergamatiyatrofestivali.com\/wp-content\/uploads\/2022\/05\/Dansci-Adam-Post-12x12.png 12w, https:\/\/bergamatiyatrofestivali.com\/wp-content\/uploads\/2022\/05\/Dansci-Adam-Post-36x36.png 36w, https:\/\/bergamatiyatrofestivali.com\/wp-content\/uploads\/2022\/05\/Dansci-Adam-Post-180x180.png 180w, https:\/\/bergamatiyatrofestivali.com\/wp-content\/uploads\/2022\/05\/Dansci-Adam-Post-705x705.png 705w\" sizes=\"(max-width: 1080px) 100vw, 1080px\" \/><\/div><\/div><\/div><br \/>\n<section class=\"av_textblock_section\"  itemscope=\"itemscope\" itemtype=\"https:\/\/schema.org\/CreativeWork\" ><div class='avia_textblock  av_inherit_color'  style='color:#1d1d1b; '  itemprop=\"text\" ><h2><strong>Club Guy &amp; Roni Dans\u00e7\u0131 Adam Peterson ile (Gen\u00e7) Profesyoneller i\u00e7in Yo\u011funla\u015ft\u0131r\u0131lm\u0131\u015f At\u00f6lye<\/strong><\/h2>\n<h3><strong><em>Intensive Workshop for (young) Professionals with Club Guy &amp; Roni Dancer Adam Peterson<\/em><\/strong><\/h3>\n<h3><span style=\"font-weight: 400;\">Adam Peterson, Wim de Vries (Club Guy &amp; Roni + NITE)<\/span><\/h3>\n<h4><span style=\"font-weight: 400;\">5 Haziran &#8211; June \/ Pazar &#8211; Sunday, 09.00<\/span><\/h4>\n<h5><span style=\"font-weight: 400;\">Tonoz\u00a0<\/span><\/h5>\n<\/div><\/section><br \/>\n\n<style type=\"text\/css\" data-created_by=\"avia_inline_auto\" id=\"style-css-av-3kf1oz-7b232c85390646464ab06e2cf38fde83\">\n#top .hr.hr-invisible.av-3kf1oz-7b232c85390646464ab06e2cf38fde83{\nheight:20px;\n}\n<\/style>\n<div  class='hr av-3kf1oz-7b232c85390646464ab06e2cf38fde83 hr-invisible  avia-builder-el-3  el_after_av_textblock  el_before_av_buttonrow'><span class='hr-inner'><span class=\"hr-inner-style\"><\/span><\/span><\/div><br \/>\n<div  class='avia-buttonrow-wrap av-l37lo4g9-a846686306523e1faf4a9a65f363f3d3 avia-buttonrow-left  avia-builder-el-4  el_after_av_hr  avia-builder-el-last'>\n\n<style type=\"text\/css\" data-created_by=\"avia_inline_auto\" id=\"style-css-av-l37lo0dp-7dc99324b6fcfa74ab3f6380b1cdc518\">\n#top #wrap_all .avia-button.av-l37lo0dp-7dc99324b6fcfa74ab3f6380b1cdc518{\nmargin-bottom:5px;\nmargin-right:5px;\n}\n#top #wrap_all .avia-button.av-l37lo0dp-7dc99324b6fcfa74ab3f6380b1cdc518:hover{\nbackground-color:black;\ncolor:#ffffff;\ntransition:all 0.4s ease-in-out;\n-webkit-transition:all 0.4s ease-in-out;\n-moz-transition:all 0.4s ease-in-out;\n-ms-transition:all 0.4s ease-in-out;\n-o-transition:all 0.4s ease-in-out;\n}\n<\/style>\n<a href='https:\/\/www.mobilet.com\/event\/adam-peterson-ile-genc-profesyoneller-icin-yogunlastirilmis-atolye-11837-f59a' class='avia-button av-l37lo0dp-7dc99324b6fcfa74ab3f6380b1cdc518 avia-icon_select-yes-left-icon avia-size-medium avia-color-black avia-font-color-white' target=\"_blank\" rel=\"noopener noreferrer\"><span class='avia_button_icon avia_button_icon_left' aria-hidden='true' data-av_icon='\ue881' data-av_iconfont='entypo-fontello'><\/span><span class='avia_iconbox_title' >MOB\u0130LET<\/span><\/a>\n<\/div><\/p><\/div><div class='flex_column av-bul5v-05342e967101a30ccfda672ba9dc2e9a av_one_half  avia-builder-el-5  el_after_av_one_half  avia-builder-el-last  flex_column_div'   ><p><section class=\"av_textblock_section\"  itemscope=\"itemscope\" itemtype=\"https:\/\/schema.org\/CreativeWork\" ><div class='avia_textblock  av_inherit_color'  style='color:#1d1d1b; '  itemprop=\"text\" ><p><span style=\"font-weight: 400;\">Topluluk dans\u00e7\u0131s\u0131 Adam Peterson taraf\u0131ndan y\u00f6netilen bu yo\u011fun \u00e7a\u011fda\u015f dans at\u00f6lyesinde, Club Guy &amp; Roni&#8217;nin repertuar\u0131n\u0131 ke\u015ffedeceksiniz. Adam Peterson, Mekanik Co\u015fku ve Ku\u011fu G\u00f6l\u00fc (orijinal baleyle alakas\u0131z) \u00f6rneklerinde oldu\u011fu gibi, toplulu\u011fun kreasyonlar\u0131nda kullan\u0131lan hareket dili ve teknikleri hakk\u0131nda bilgi payla\u015facak. At\u00f6lye \u0130ngilizce yap\u0131lacakt\u0131r.<\/span><\/p>\n<p><span style=\"font-weight: 400;\">Adam, 2011 y\u0131l\u0131nda San Francisco&#8217;daki Alonzo King LINES Balesi&#8217;nden mezun oldu ve 2012&#8217;de Club Guy &amp; Roni&#8217;ye kat\u0131ld\u0131.<\/span><\/p>\n<p><span style=\"font-weight: 400;\">&#8211;<\/span><\/p>\n<p><span style=\"font-weight: 400;\">In this intensive contemporary dance workshop, led by ensemble dancer Adam Peterson, you will explore the repertoire of Club Guy &amp; Roni. He will share insights of the movement language and techniques used in the company\u2019s creations like Mechanical Ecstasy and Swan Lake (nothing like the original ballet). The workshop will be held in English.<\/span><\/p>\n<p><span style=\"font-weight: 400;\">Adam graduated in 2011 from the Alonzo King LINES Ballet in San Francisco and joined Club Guy &amp; Roni in 2012. <\/span><\/p>\n<\/div><\/section><br \/>\n\n<style type=\"text\/css\" data-created_by=\"avia_inline_auto\" id=\"style-css-av-l37ln4dr-3ea1339f34416eec8127b61f2b683f95\">\n#top .hr.hr-invisible.av-l37ln4dr-3ea1339f34416eec8127b61f2b683f95{\nheight:20px;\n}\n<\/style>\n<div  class='hr av-l37ln4dr-3ea1339f34416eec8127b61f2b683f95 hr-invisible  avia-builder-el-7  el_after_av_textblock  el_before_av_textblock'><span class='hr-inner'><span class=\"hr-inner-style\"><\/span><\/span><\/div><br \/>\n<section class=\"av_textblock_section\"  itemscope=\"itemscope\" itemtype=\"https:\/\/schema.org\/CreativeWork\" ><div class='avia_textblock  av_inherit_color'  style='color:#1d1d1b; '  itemprop=\"text\" ><p><b>At\u00f6lye S\u00fcresi \/ Workshop Duration: <\/b><span style=\"font-weight: 400;\">180\u2019<\/span><\/p>\n<p><b>Kat\u0131l\u0131mc\u0131 Say\u0131s\u0131 \/ Number of Participants: <\/b><span style=\"font-weight: 400;\">25<\/span><\/p>\n<p><b>Ya\u015f \/ Age: <\/b><span style=\"font-weight: 400;\">+18<\/span><\/p>\n<p><span style=\"font-weight: 400;\">*Bu etkinlik profesyonel kat\u0131l\u0131mc\u0131lara y\u00f6neliktir.<\/span><\/p>\n<p><em><span style=\"font-weight: 400;\">*This event is intended for professionals.<\/span><\/em><\/p>\n<p><span style=\"font-weight: 400;\">*Etkinlik s\u0131ras\u0131nda T\u00fcrk\u00e7e \u00e7eviri yap\u0131lacakt\u0131r.<\/span><\/p>\n<p><i><span style=\"font-weight: 400;\">*Simultaneous translation into Turkish will be provided during the event.<\/span><\/i><\/p>\n<\/div><\/section><\/p><\/div><\/p>","protected":false},"excerpt":{"rendered":"","protected":false},"author":1,"featured_media":0,"parent":0,"menu_order":0,"comment_status":"closed","ping_status":"closed","template":"","meta":{"footnotes":""},"class_list":["post-2883","page","type-page","status-publish","hentry"],"_links":{"self":[{"href":"https:\/\/bergamatiyatrofestivali.com\/en\/wp-json\/wp\/v2\/pages\/2883","targetHints":{"allow":["GET"]}}],"collection":[{"href":"https:\/\/bergamatiyatrofestivali.com\/en\/wp-json\/wp\/v2\/pages"}],"about":[{"href":"https:\/\/bergamatiyatrofestivali.com\/en\/wp-json\/wp\/v2\/types\/page"}],"author":[{"embeddable":true,"href":"https:\/\/bergamatiyatrofestivali.com\/en\/wp-json\/wp\/v2\/users\/1"}],"replies":[{"embeddable":true,"href":"https:\/\/bergamatiyatrofestivali.com\/en\/wp-json\/wp\/v2\/comments?post=2883"}],"version-history":[{"count":5,"href":"https:\/\/bergamatiyatrofestivali.com\/en\/wp-json\/wp\/v2\/pages\/2883\/revisions"}],"predecessor-version":[{"id":3407,"href":"https:\/\/bergamatiyatrofestivali.com\/en\/wp-json\/wp\/v2\/pages\/2883\/revisions\/3407"}],"wp:attachment":[{"href":"https:\/\/bergamatiyatrofestivali.com\/en\/wp-json\/wp\/v2\/media?parent=2883"}],"curies":[{"name":"wp","href":"https:\/\/api.w.org\/{rel}","templated":true}]}}