{"id":2880,"date":"2022-05-15T20:52:49","date_gmt":"2022-05-15T17:52:49","guid":{"rendered":"https:\/\/bergamatiyatrofestivali.com\/?page_id=2880"},"modified":"2024-08-02T14:37:35","modified_gmt":"2024-08-02T11:37:35","slug":"bergama-sinemalarinin-izinde-1231","status":"publish","type":"page","link":"https:\/\/bergamatiyatrofestivali.com\/en\/bergama-sinemalarinin-izinde-1231\/","title":{"rendered":"Bergama Sinemalar\u0131n\u0131n \u0130zinde"},"content":{"rendered":"<div class='flex_column av-57ngo0-099dbd5c7912b75e695099dad8fbdde8 av_one_half  avia-builder-el-0  el_before_av_one_half  avia-builder-el-first  first flex_column_div'   ><p>\n<style type=\"text\/css\" data-created_by=\"avia_inline_auto\" id=\"style-css-av-gbzcg-55c5980e76a7151ea0f433b71f704ae1\">\n.avia-image-container.av-gbzcg-55c5980e76a7151ea0f433b71f704ae1 .av-image-caption-overlay-center{\ncolor:#ffffff;\n}\n<\/style>\n<div  class='avia-image-container av-gbzcg-55c5980e76a7151ea0f433b71f704ae1 av-styling- avia-align-center  avia-builder-el-1  el_before_av_textblock  avia-builder-el-first'  itemprop=\"image\" itemscope=\"itemscope\" itemtype=\"https:\/\/schema.org\/ImageObject\" ><div class=\"avia-image-container-inner\"><div class=\"avia-image-overlay-wrap\"><img decoding=\"async\" class='wp-image-3403 avia-img-lazy-loading-not-3403 avia_image' src=\"https:\/\/bergamatiyatrofestivali.com\/wp-content\/uploads\/2022\/05\/Bergama-Sinemalarinin-Izinde-Post.png\" alt='' title='Bergama Sinemalar\u0131n\u0131n \u0130zinde - Post'  height=\"1080\" width=\"1080\"  itemprop=\"thumbnailUrl\" srcset=\"https:\/\/bergamatiyatrofestivali.com\/wp-content\/uploads\/2022\/05\/Bergama-Sinemalarinin-Izinde-Post.png 1080w, https:\/\/bergamatiyatrofestivali.com\/wp-content\/uploads\/2022\/05\/Bergama-Sinemalarinin-Izinde-Post-300x300.png 300w, https:\/\/bergamatiyatrofestivali.com\/wp-content\/uploads\/2022\/05\/Bergama-Sinemalarinin-Izinde-Post-1030x1030.png 1030w, https:\/\/bergamatiyatrofestivali.com\/wp-content\/uploads\/2022\/05\/Bergama-Sinemalarinin-Izinde-Post-80x80.png 80w, https:\/\/bergamatiyatrofestivali.com\/wp-content\/uploads\/2022\/05\/Bergama-Sinemalarinin-Izinde-Post-768x768.png 768w, https:\/\/bergamatiyatrofestivali.com\/wp-content\/uploads\/2022\/05\/Bergama-Sinemalarinin-Izinde-Post-12x12.png 12w, https:\/\/bergamatiyatrofestivali.com\/wp-content\/uploads\/2022\/05\/Bergama-Sinemalarinin-Izinde-Post-36x36.png 36w, https:\/\/bergamatiyatrofestivali.com\/wp-content\/uploads\/2022\/05\/Bergama-Sinemalarinin-Izinde-Post-180x180.png 180w, https:\/\/bergamatiyatrofestivali.com\/wp-content\/uploads\/2022\/05\/Bergama-Sinemalarinin-Izinde-Post-705x705.png 705w\" sizes=\"(max-width: 1080px) 100vw, 1080px\" \/><\/div><\/div><\/div><br \/>\n<section class=\"av_textblock_section\"  itemscope=\"itemscope\" itemtype=\"https:\/\/schema.org\/CreativeWork\" ><div class='avia_textblock  av_inherit_color'  style='color:#1d1d1b; '  itemprop=\"text\" ><h2><strong>Bergama Sinemalar\u0131n\u0131n \u0130zinde<\/strong><\/h2>\n<h3><em><strong>In the Footsteps of Bergama\u2019s Cinemas<\/strong><\/em><\/h3>\n<h3><span style=\"font-weight: 400;\">Y\u00fccel Tunca (Sar\u0131 Denizalt\u0131 \u0130nisiyatifi)<\/span><\/h3>\n<h4><span style=\"font-weight: 400;\">5 Haziran &#8211; June \/ Pazar &#8211; Sunday, 09.00<\/span><\/h4>\n<h5><span style=\"font-weight: 400;\">K\u0131z\u0131lavlu \/ Red Hall <\/span><span style=\"font-weight: 400;\">Basilica<\/span><\/h5>\n<\/div><\/section><br \/>\n\n<style type=\"text\/css\" data-created_by=\"avia_inline_auto\" id=\"style-css-av-358hrk-3a9205d932b63a054235ecbfb1d05b63\">\n#top .hr.hr-invisible.av-358hrk-3a9205d932b63a054235ecbfb1d05b63{\nheight:20px;\n}\n<\/style>\n<div  class='hr av-358hrk-3a9205d932b63a054235ecbfb1d05b63 hr-invisible  avia-builder-el-3  el_after_av_textblock  el_before_av_buttonrow'><span class='hr-inner'><span class=\"hr-inner-style\"><\/span><\/span><\/div><br \/>\n<div  class='avia-buttonrow-wrap av-l37qhz2s-637c3daebe6dde8ecf629612679098e4 avia-buttonrow-left  avia-builder-el-4  el_after_av_hr  avia-builder-el-last'>\n\n<style type=\"text\/css\" data-created_by=\"avia_inline_auto\" id=\"style-css-av-l37qhod3-b3487c3887aa78792c4542d1d5b8cfcf\">\n#top #wrap_all .avia-button.av-l37qhod3-b3487c3887aa78792c4542d1d5b8cfcf{\nmargin-bottom:5px;\nmargin-right:5px;\n}\n#top #wrap_all .avia-button.av-l37qhod3-b3487c3887aa78792c4542d1d5b8cfcf:hover{\nbackground-color:black;\ncolor:#ffffff;\ntransition:all 0.4s ease-in-out;\n-webkit-transition:all 0.4s ease-in-out;\n-moz-transition:all 0.4s ease-in-out;\n-ms-transition:all 0.4s ease-in-out;\n-o-transition:all 0.4s ease-in-out;\n}\n<\/style>\n<a href='https:\/\/www.mobilet.com\/event\/bergama-sinemalarinin-izinde-yucel-tunca-11870-9f55' class='avia-button av-l37qhod3-b3487c3887aa78792c4542d1d5b8cfcf avia-icon_select-yes-left-icon avia-size-medium avia-color-black avia-font-color-white' target=\"_blank\" rel=\"noopener noreferrer\"><span class='avia_button_icon avia_button_icon_left' aria-hidden='true' data-av_icon='\ue881' data-av_iconfont='entypo-fontello'><\/span><span class='avia_iconbox_title' >MOB\u0130LET<\/span><\/a>\n<\/div><\/p><\/div><div class='flex_column av-3axtqo-48b2eb630ed98138dc8450f59f46344b av_one_half  avia-builder-el-5  el_after_av_one_half  avia-builder-el-last  flex_column_div'   ><p><section class=\"av_textblock_section\"  itemscope=\"itemscope\" itemtype=\"https:\/\/schema.org\/CreativeWork\" ><div class='avia_textblock  av_inherit_color'  style='color:#1d1d1b; '  itemprop=\"text\" ><p><span style=\"font-weight: 400;\">Bergama&#8217;n\u0131n 1925 y\u0131l\u0131nda faaliyete ba\u015flayan ilk sinemas\u0131ndan g\u00fcn\u00fcm\u00fcze kadar a\u00e7\u0131lm\u0131\u015f, kapanm\u0131\u015f; halen \u00e7al\u0131\u015fan veya fiziki hi\u00e7bir iz b\u0131rakmadan yok olup kent belle\u011finde ya\u015famaya devam eden sinema salonlar\u0131n\u0131n, bu salonlarda hayat bulmu\u015f insan hikayelerinin, seyir pratiklerinin, ezc\u00fcmle Bergama&#8217;n\u0131n sinema ekseninde sokak sokak, kap\u0131 kap\u0131 dola\u015f\u0131p yak\u0131n tarihinin izini s\u00fcrece\u011fimiz bir y\u00fcr\u00fcy\u00fc\u015f deneyimi.<\/span><\/p>\n<p><span style=\"font-weight: 400;\">&#8211;<\/span><\/p>\n<p><span style=\"font-weight: 400;\">In this walking experience, we will trace the cinema halls that have been opened and closed since the first cinema in Bergama, which started operating in 1925.\u00a0 We will discover cinemas that are still operating or have disappeared without leaving any physical traces, but continue to live in the city&#8217;s memory. We will walk through the stories of the people that came to life in these halls, the viewing practices, and in short, walk through the streets, door-to-door, and trace the recent history of the city in the light of Bergama&#8217;s cinemas.<\/span><\/p>\n<\/div><\/section><br \/>\n\n<style type=\"text\/css\" data-created_by=\"avia_inline_auto\" id=\"style-css-av-l37leuz2-1a21e684995fd2873af84f28e59baeb1\">\n#top .hr.hr-invisible.av-l37leuz2-1a21e684995fd2873af84f28e59baeb1{\nheight:20px;\n}\n<\/style>\n<div  class='hr av-l37leuz2-1a21e684995fd2873af84f28e59baeb1 hr-invisible  avia-builder-el-7  el_after_av_textblock  el_before_av_textblock'><span class='hr-inner'><span class=\"hr-inner-style\"><\/span><\/span><\/div><br \/>\n<section class=\"av_textblock_section\"  itemscope=\"itemscope\" itemtype=\"https:\/\/schema.org\/CreativeWork\" ><div class='avia_textblock  av_inherit_color'  style='color:#1d1d1b; '  itemprop=\"text\" ><p><b>Etkinlik S\u00fcresi \/ Event Duration: <\/b><span style=\"font-weight: 400;\">90\u2019<\/span><\/p>\n<p><b>Kat\u0131l\u0131mc\u0131 Say\u0131s\u0131 \/ Number of Participants:<\/b><span style=\"font-weight: 400;\"> 15<\/span><\/p>\n<p><b>Ya\u015f \/ Age: <\/b><span style=\"font-weight: 400;\">+16<\/span><\/p>\n<\/div><\/section><\/p><\/div><\/p>","protected":false},"excerpt":{"rendered":"","protected":false},"author":2,"featured_media":0,"parent":0,"menu_order":0,"comment_status":"closed","ping_status":"closed","template":"","meta":{"footnotes":""},"class_list":["post-2880","page","type-page","status-publish","hentry"],"_links":{"self":[{"href":"https:\/\/bergamatiyatrofestivali.com\/en\/wp-json\/wp\/v2\/pages\/2880","targetHints":{"allow":["GET"]}}],"collection":[{"href":"https:\/\/bergamatiyatrofestivali.com\/en\/wp-json\/wp\/v2\/pages"}],"about":[{"href":"https:\/\/bergamatiyatrofestivali.com\/en\/wp-json\/wp\/v2\/types\/page"}],"author":[{"embeddable":true,"href":"https:\/\/bergamatiyatrofestivali.com\/en\/wp-json\/wp\/v2\/users\/2"}],"replies":[{"embeddable":true,"href":"https:\/\/bergamatiyatrofestivali.com\/en\/wp-json\/wp\/v2\/comments?post=2880"}],"version-history":[{"count":4,"href":"https:\/\/bergamatiyatrofestivali.com\/en\/wp-json\/wp\/v2\/pages\/2880\/revisions"}],"predecessor-version":[{"id":3409,"href":"https:\/\/bergamatiyatrofestivali.com\/en\/wp-json\/wp\/v2\/pages\/2880\/revisions\/3409"}],"wp:attachment":[{"href":"https:\/\/bergamatiyatrofestivali.com\/en\/wp-json\/wp\/v2\/media?parent=2880"}],"curies":[{"name":"wp","href":"https:\/\/api.w.org\/{rel}","templated":true}]}}