{"id":2876,"date":"2022-05-15T20:36:27","date_gmt":"2022-05-15T17:36:27","guid":{"rendered":"https:\/\/bergamatiyatrofestivali.com\/?page_id=2876"},"modified":"2022-05-31T15:13:53","modified_gmt":"2022-05-31T12:13:53","slug":"timsah-atesi","status":"publish","type":"page","link":"https:\/\/bergamatiyatrofestivali.com\/en\/timsah-atesi\/","title":{"rendered":"Crocodile Fever"},"content":{"rendered":"<div class='flex_column av-847lx8-7aa6996fa7f69b6ca3a34fe59850573b av_one_half  avia-builder-el-0  el_before_av_one_half  avia-builder-el-first  first flex_column_div'   ><p>\n<style type=\"text\/css\" data-created_by=\"avia_inline_auto\" id=\"style-css-av-5amez0-cce2cc76697142ecb9f06061882ce7d1\">\n.avia-image-container.av-5amez0-cce2cc76697142ecb9f06061882ce7d1 .av-image-caption-overlay-center{\ncolor:#ffffff;\n}\n<\/style>\n<div  class='avia-image-container av-5amez0-cce2cc76697142ecb9f06061882ce7d1 av-styling- avia-align-center  avia-builder-el-1  el_before_av_textblock  avia-builder-el-first'  itemprop=\"image\" itemscope=\"itemscope\" itemtype=\"https:\/\/schema.org\/ImageObject\" ><div class=\"avia-image-container-inner\"><div class=\"avia-image-overlay-wrap\"><img decoding=\"async\" class='wp-image-3383 avia-img-lazy-loading-not-3383 avia_image' src=\"https:\/\/bergamatiyatrofestivali.com\/wp-content\/uploads\/2022\/05\/Timsah-Atesi_post.jpg\" alt='' title='Timsah Ate\u015fi_post'  height=\"2250\" width=\"2250\"  itemprop=\"thumbnailUrl\" srcset=\"https:\/\/bergamatiyatrofestivali.com\/wp-content\/uploads\/2022\/05\/Timsah-Atesi_post.jpg 2250w, https:\/\/bergamatiyatrofestivali.com\/wp-content\/uploads\/2022\/05\/Timsah-Atesi_post-300x300.jpg 300w, https:\/\/bergamatiyatrofestivali.com\/wp-content\/uploads\/2022\/05\/Timsah-Atesi_post-1030x1030.jpg 1030w, https:\/\/bergamatiyatrofestivali.com\/wp-content\/uploads\/2022\/05\/Timsah-Atesi_post-80x80.jpg 80w, https:\/\/bergamatiyatrofestivali.com\/wp-content\/uploads\/2022\/05\/Timsah-Atesi_post-768x768.jpg 768w, https:\/\/bergamatiyatrofestivali.com\/wp-content\/uploads\/2022\/05\/Timsah-Atesi_post-1536x1536.jpg 1536w, https:\/\/bergamatiyatrofestivali.com\/wp-content\/uploads\/2022\/05\/Timsah-Atesi_post-2048x2048.jpg 2048w, https:\/\/bergamatiyatrofestivali.com\/wp-content\/uploads\/2022\/05\/Timsah-Atesi_post-12x12.jpg 12w, https:\/\/bergamatiyatrofestivali.com\/wp-content\/uploads\/2022\/05\/Timsah-Atesi_post-36x36.jpg 36w, https:\/\/bergamatiyatrofestivali.com\/wp-content\/uploads\/2022\/05\/Timsah-Atesi_post-180x180.jpg 180w, https:\/\/bergamatiyatrofestivali.com\/wp-content\/uploads\/2022\/05\/Timsah-Atesi_post-1500x1500.jpg 1500w, https:\/\/bergamatiyatrofestivali.com\/wp-content\/uploads\/2022\/05\/Timsah-Atesi_post-705x705.jpg 705w\" sizes=\"(max-width: 2250px) 100vw, 2250px\" \/><\/div><\/div><\/div><br \/>\n<section class=\"av_textblock_section\"  itemscope=\"itemscope\" itemtype=\"https:\/\/schema.org\/CreativeWork\" ><div class='avia_textblock  av_inherit_color'  style='color:#1d1d1b; '  itemprop=\"text\" ><h2><strong>Crocodile Fever<\/strong><\/h2>\n<h3><em><strong>Crocodile Fever<\/strong><\/em><\/h3>\n<h3><span style=\"font-weight: 400;\">\u00c7olpan \u0130lhan &#8211; Sadri Al\u0131\u015f\u0131k Tiyatrosu &amp; Piu Entertainment<\/span><\/h3>\n<h4><span style=\"font-weight: 400;\">4 Haziran \/ June &#8211; Cumartesi \/ Saturday, 21:00<\/span><\/h4>\n<h5><span style=\"font-weight: 400;\">Asklepion Antik Sahne \/ Asclepeion<\/span><span style=\"font-weight: 400;\"> Ancient Theatre<\/span><\/h5>\n<\/div><\/section><br \/>\n\n<style type=\"text\/css\" data-created_by=\"avia_inline_auto\" id=\"style-css-av-l37ktavl-59fd3181b9deb648c3af94789e72665b\">\n#top .hr.hr-invisible.av-l37ktavl-59fd3181b9deb648c3af94789e72665b{\nheight:20px;\n}\n<\/style>\n<div  class='hr av-l37ktavl-59fd3181b9deb648c3af94789e72665b hr-invisible  avia-builder-el-3  el_after_av_textblock  el_before_av_buttonrow'><span class='hr-inner'><span class=\"hr-inner-style\"><\/span><\/span><\/div><br \/>\n<div  class='avia-buttonrow-wrap av-l37ktya5-a32484a065b85770c416903a7a67261d avia-buttonrow-left  avia-builder-el-4  el_after_av_hr  avia-builder-el-last'>\n\n<style type=\"text\/css\" data-created_by=\"avia_inline_auto\" id=\"style-css-av-l37ktuvi-d22cb146ef3f096b2f59de0e0058db01\">\n#top #wrap_all .avia-button.av-l37ktuvi-d22cb146ef3f096b2f59de0e0058db01{\nmargin-bottom:5px;\nmargin-right:5px;\n}\n#top #wrap_all .avia-button.av-l37ktuvi-d22cb146ef3f096b2f59de0e0058db01:hover{\nbackground-color:black;\ncolor:#ffffff;\ntransition:all 0.4s ease-in-out;\n-webkit-transition:all 0.4s ease-in-out;\n-moz-transition:all 0.4s ease-in-out;\n-ms-transition:all 0.4s ease-in-out;\n-o-transition:all 0.4s ease-in-out;\n}\n<\/style>\n<a href='https:\/\/www.mobilet.com\/event\/timsah-atesi-colpan-ilhan-and-sadri-alisik-tiyatrosu-11680-d530' class='avia-button av-l37ktuvi-d22cb146ef3f096b2f59de0e0058db01 avia-icon_select-yes-left-icon avia-size-medium avia-color-black avia-font-color-white' target=\"_blank\" rel=\"noopener noreferrer\"><span class='avia_button_icon avia_button_icon_left' aria-hidden='true' data-av_icon='\ue881' data-av_iconfont='entypo-fontello'><\/span><span class='avia_iconbox_title' >MOB\u0130LET<\/span><\/a>\n<\/div><\/p><\/div><div class='flex_column av-f5buk-5a52fcb836238b9f991c6e783d940ea6 av_one_half  avia-builder-el-5  el_after_av_one_half  avia-builder-el-last  flex_column_div'   ><p><section class=\"av_textblock_section\"  itemscope=\"itemscope\" itemtype=\"https:\/\/schema.org\/CreativeWork\" ><div class='avia_textblock  av_inherit_color'  style='color:#1d1d1b; '  itemprop=\"text\" ><p><span style=\"font-weight: 400;\">Y\u00f6netmenli\u011fini Mehmet Ergen\u2019in \u00fcstlendi\u011fi, 2019 y\u0131l\u0131nda Edinburgh Fringe Tiyatro Festivali\u2019nin en iyi oyunlar\u0131 aras\u0131nda yer alan Timsah Ate\u015fi&#8217;nin ba\u015frollerinde Funda Eryi\u011fit, Hazar Erg\u00fc\u00e7l\u00fc ve Kubilay Tun\u00e7er yer al\u0131yor. Oyun z\u0131t kutuplarda ya\u015fayan iki k\u0131z karde\u015fin babalar\u0131yla olan \u00e7alkant\u0131l\u0131 hikayesini anlat\u0131yor.<\/span><\/p>\n<p><span style=\"font-weight: 400;\">1989 y\u0131l\u0131nda Kuzey \u0130rlanda\u2019da ge\u00e7en, sevgisiz bir ev, k\u00f6t\u00fcr\u00fcm bir baba, i\u015flemedi\u011fi bir su\u00e7 y\u00fcz\u00fcnden 8 y\u0131l hapis yatan asi bir k\u0131z Fianna (Hazar Erg\u00fc\u00e7l\u00fc) ile dindar ablas\u0131 Alannah\u2019\u0131n (Funda Eryi\u011fit) hikayesi, temposu bir an olsun d\u00fc\u015fmeyen, s\u00fcrreal, grotesk bir kara-komedi.<\/span><\/p>\n<p><span style=\"font-weight: 400;\">&#8211;<\/span><\/p>\n<p><span style=\"font-weight: 400;\">Funda Eryi\u011fit, Hazar Erg\u00fc\u00e7l\u00fc and Kubilay Tun\u00e7er play the leading roles in Crocodile Fever, directed by Mehmet Ergen and which was selected as one of the best plays of the Edinburgh Fringe Theatre Festival in 2019. The play tells the tumultuous story of two polar opposite sisters and their father.<\/span><\/p>\n<p><span style=\"font-weight: 400;\">Set in Northern Ireland in 1989, a loveless home, a crippled father, a rebellious girl who was imprisoned for 8 years for a crime she did not commit, Fianna (Hazar Erg\u00fc\u00e7l\u00fc) and her religious older sister Alannah\u2019s (Funda Eryi\u011fit) story, whose pace never slows down, is a surreal, grotesque dark comedy.<\/span><\/p>\n<\/div><\/section><br \/>\n\n<style type=\"text\/css\" data-created_by=\"avia_inline_auto\" id=\"style-css-av-27v5b0-f7389238e2c5a5e3f129f2b5c34091c6\">\n#top .hr.hr-invisible.av-27v5b0-f7389238e2c5a5e3f129f2b5c34091c6{\nheight:20px;\n}\n<\/style>\n<div  class='hr av-27v5b0-f7389238e2c5a5e3f129f2b5c34091c6 hr-invisible  avia-builder-el-7  el_after_av_textblock  el_before_av_textblock'><span class='hr-inner'><span class=\"hr-inner-style\"><\/span><\/span><\/div><br \/>\n<section class=\"av_textblock_section\"  itemscope=\"itemscope\" itemtype=\"https:\/\/schema.org\/CreativeWork\" ><div class='avia_textblock  av_inherit_color'  style='color:#1d1d1b; '  itemprop=\"text\" ><p><b>Yap\u0131mc\u0131 \/ Producer: <\/b><span style=\"font-weight: 400;\">\u00c7olpan \u0130lhan-Sadri Al\u0131\u015f\u0131k Tiyatrosu &amp; Piu Entertainment\u00a0<\/span><\/p>\n<p><b>Yazan \/ Written by: <\/b><span style=\"font-weight: 400;\">Meghan Tyler<\/span><\/p>\n<p><b>\u00c7eviri \/ Translation: <\/b><span style=\"font-weight: 400;\">Zeynep Anacan<\/span><\/p>\n<p><b>Y\u00f6neten \/ Directed by:<\/b> <span style=\"font-weight: 400;\">Mehmet Ergen<\/span><\/p>\n<p><b>Oyuncular \/ Cast: <\/b><span style=\"font-weight: 400;\">Funda Eryi\u011fit, Hazar Erg\u00fc\u00e7l\u00fc, Kubilay Tun\u00e7er, Okan Demirok<\/span><\/p>\n<p><b>Dekor Tasar\u0131m\u0131 \/ Decor Design: <\/b><span style=\"font-weight: 400;\">Merve Y\u00f6r\u00fck<\/span><\/p>\n<p><b>I\u015f\u0131k Tasar\u0131m\u0131 \/ Lighting Design: <\/b><span style=\"font-weight: 400;\">Richard Williamson\u00a0<\/span><\/p>\n<p><b>Kost\u00fcm Tasar\u0131m\u0131 \/ Costume Design: <\/b><span style=\"font-weight: 400;\">G\u00fcl Sa\u011fer<\/span><\/p>\n<p><b>Ses &amp; Efekt Tasar\u0131m\u0131 \/ Sound &amp; Effect Design :<\/b><span style=\"font-weight: 400;\"> Ersin A\u015far<\/span><\/p>\n<p><b>Y\u00f6netmen Yard\u0131mc\u0131s\u0131 \/ Assistant Director: <\/b><span style=\"font-weight: 400;\">Melda Narin G\u00fcler\u00a0<\/span><\/p>\n<p><b>Yarat\u0131c\u0131 Ajans \/ Creative Agency:<\/b><span style=\"font-weight: 400;\"> Happy People Project<\/span><\/p>\n<p><b>Foto\u011fraflar \/ Photography: <\/b><span style=\"font-weight: 400;\">Levent \u00d6zdemir<\/span><\/p>\n<p><b>\u015eark\u0131 S\u00f6z\u00fc \u00c7evirmeni \/ Lyrics Translation:<\/b><span style=\"font-weight: 400;\"> Ceren G\u00fcndo\u011fdu &amp; Mehmet Ergen<\/span><\/p>\n<p><b>Sahne Tasar\u0131m Asistan\u0131 \/ Stage Design Assistant :<\/b> <span style=\"font-weight: 400;\">Ilgaz Kasapo\u011flu<\/span><\/p>\n<p><b>Asistanlar \/ Assistants:<\/b><span style=\"font-weight: 400;\"> Dilay Y\u0131ld\u0131z, Zehra Barto, Ay\u015fenur Erman<\/span><\/p>\n<p><b>Oyun S\u00fcresi \/ Performance Duration:<\/b><span style=\"font-weight: 400;\"> 100\u2019 2 perde \/ 100\u2019 2 acts<\/span><\/p>\n<p><b>Ya\u015f \/ Age: <\/b><span style=\"font-weight: 400;\">+16<\/span><\/p>\n<\/div><\/section><\/p><\/div><\/p>","protected":false},"excerpt":{"rendered":"","protected":false},"author":1,"featured_media":0,"parent":0,"menu_order":0,"comment_status":"closed","ping_status":"closed","template":"","meta":{"footnotes":""},"class_list":["post-2876","page","type-page","status-publish","hentry"],"_links":{"self":[{"href":"https:\/\/bergamatiyatrofestivali.com\/en\/wp-json\/wp\/v2\/pages\/2876","targetHints":{"allow":["GET"]}}],"collection":[{"href":"https:\/\/bergamatiyatrofestivali.com\/en\/wp-json\/wp\/v2\/pages"}],"about":[{"href":"https:\/\/bergamatiyatrofestivali.com\/en\/wp-json\/wp\/v2\/types\/page"}],"author":[{"embeddable":true,"href":"https:\/\/bergamatiyatrofestivali.com\/en\/wp-json\/wp\/v2\/users\/1"}],"replies":[{"embeddable":true,"href":"https:\/\/bergamatiyatrofestivali.com\/en\/wp-json\/wp\/v2\/comments?post=2876"}],"version-history":[{"count":5,"href":"https:\/\/bergamatiyatrofestivali.com\/en\/wp-json\/wp\/v2\/pages\/2876\/revisions"}],"predecessor-version":[{"id":3384,"href":"https:\/\/bergamatiyatrofestivali.com\/en\/wp-json\/wp\/v2\/pages\/2876\/revisions\/3384"}],"wp:attachment":[{"href":"https:\/\/bergamatiyatrofestivali.com\/en\/wp-json\/wp\/v2\/media?parent=2876"}],"curies":[{"name":"wp","href":"https:\/\/api.w.org\/{rel}","templated":true}]}}