{"id":2873,"date":"2022-05-15T20:31:27","date_gmt":"2022-05-15T17:31:27","guid":{"rendered":"https:\/\/bergamatiyatrofestivali.com\/?page_id=2873"},"modified":"2022-05-31T15:15:57","modified_gmt":"2022-05-31T12:15:57","slug":"dans-eden-grafiti","status":"publish","type":"page","link":"https:\/\/bergamatiyatrofestivali.com\/en\/dans-eden-grafiti\/","title":{"rendered":"Dancing Graffiti"},"content":{"rendered":"<div class='flex_column av-5en3ax-ce21fe125c1ebab61524d6943bbf76eb av_one_half  avia-builder-el-0  el_before_av_one_half  avia-builder-el-first  first flex_column_div'   ><p>\n<style type=\"text\/css\" data-created_by=\"avia_inline_auto\" id=\"style-css-av-1kuyx-81add90ee8ece192cae73af3c6856dae\">\n.avia-image-container.av-1kuyx-81add90ee8ece192cae73af3c6856dae .av-image-caption-overlay-center{\ncolor:#ffffff;\n}\n<\/style>\n<div  class='avia-image-container av-1kuyx-81add90ee8ece192cae73af3c6856dae av-styling- avia-align-center  avia-builder-el-1  el_before_av_textblock  avia-builder-el-first'  itemprop=\"image\" itemscope=\"itemscope\" itemtype=\"https:\/\/schema.org\/ImageObject\" ><div class=\"avia-image-container-inner\"><div class=\"avia-image-overlay-wrap\"><img decoding=\"async\" class='wp-image-3387 avia-img-lazy-loading-not-3387 avia_image' src=\"https:\/\/bergamatiyatrofestivali.com\/wp-content\/uploads\/2022\/05\/dans-eden-grafiti-post.png\" alt='' title='dans eden grafiti-post'  height=\"1080\" width=\"1080\"  itemprop=\"thumbnailUrl\" srcset=\"https:\/\/bergamatiyatrofestivali.com\/wp-content\/uploads\/2022\/05\/dans-eden-grafiti-post.png 1080w, https:\/\/bergamatiyatrofestivali.com\/wp-content\/uploads\/2022\/05\/dans-eden-grafiti-post-300x300.png 300w, https:\/\/bergamatiyatrofestivali.com\/wp-content\/uploads\/2022\/05\/dans-eden-grafiti-post-1030x1030.png 1030w, https:\/\/bergamatiyatrofestivali.com\/wp-content\/uploads\/2022\/05\/dans-eden-grafiti-post-80x80.png 80w, https:\/\/bergamatiyatrofestivali.com\/wp-content\/uploads\/2022\/05\/dans-eden-grafiti-post-768x768.png 768w, https:\/\/bergamatiyatrofestivali.com\/wp-content\/uploads\/2022\/05\/dans-eden-grafiti-post-12x12.png 12w, https:\/\/bergamatiyatrofestivali.com\/wp-content\/uploads\/2022\/05\/dans-eden-grafiti-post-36x36.png 36w, https:\/\/bergamatiyatrofestivali.com\/wp-content\/uploads\/2022\/05\/dans-eden-grafiti-post-180x180.png 180w, https:\/\/bergamatiyatrofestivali.com\/wp-content\/uploads\/2022\/05\/dans-eden-grafiti-post-705x705.png 705w\" sizes=\"(max-width: 1080px) 100vw, 1080px\" \/><\/div><\/div><\/div><br \/>\n<section class=\"av_textblock_section\"  itemscope=\"itemscope\" itemtype=\"https:\/\/schema.org\/CreativeWork\" ><div class='avia_textblock  av_inherit_color'  style='color:#1d1d1b; '  itemprop=\"text\" ><h2><strong>Dancing Graffiti\u00a0<\/strong><\/h2>\n<h3><em><strong>Dancing Graffiti<\/strong><\/em><\/h3>\n<h3><span style=\"font-weight: 400;\">Bandart Productions<\/span><\/h3>\n<h4><span style=\"font-weight: 400;\">4 Haziran \/ June &#8211; Cumartesi \/ Saturday, 20:00<\/span><\/h4>\n<h5><span style=\"font-weight: 400;\">Bergama Sokaklar\u0131 \/ Bergama Streets<\/span><\/h5>\n<p><span style=\"font-weight: 400;\">Etkinlik \u00fccretsizdir. This event is free.\u00a0<\/span><\/p>\n<\/div><\/section><\/p><\/div><div class='flex_column av-2d4ekp-f9b8bf2cebc0714289b89dd045b5800b av_one_half  avia-builder-el-3  el_after_av_one_half  avia-builder-el-last  flex_column_div'   ><p><section class=\"av_textblock_section\"  itemscope=\"itemscope\" itemtype=\"https:\/\/schema.org\/CreativeWork\" ><div class='avia_textblock  av_inherit_color'  style='color:#1d1d1b; '  itemprop=\"text\" ><p><span style=\"font-weight: 400;\">\u00c7ok say\u0131da \u00f6d\u00fcl kazanan, dans\u0131 canl\u0131 dijital grafiti sanat\u0131yla birle\u015ftiren Dancing Graffiti disiplinler aras\u0131 benzersiz bir sokak tiyatrosu performans\u0131d\u0131r. Konusu \u00f6zel, kamusal ve ki\u015fisel duvarlar\u0131n rolleri hakk\u0131ndad\u0131r. Performans her t\u00fcrden kentsel grafitiyi e\u011flenceli bir hikayede topluyor. Hikaye, bir karakterin do\u011fumundan \u00f6zel g\u00fc\u00e7lerini ke\u015ffedene kadar ge\u00e7irdi\u011fi evrimi ve ya\u015fad\u0131\u011f\u0131 m\u00fccadeleleri konu ediyor.<\/span><\/p>\n<p><span style=\"font-weight: 400;\">&#8211;<\/span><\/p>\n<p><span style=\"font-weight: 400;\">The multiple award-winning Dancing Graffiti is a unique interdisciplinary street theatre performance about the roles of private, public and personal walls that combine dance with live digital graffiti art. The performance collects all kinds of urban graffiti into one playful story that follows the evolution of a character from her birth, through her fights, until she discovers her special inner powers.\u00a0<\/span><\/p>\n<\/div><\/section><br \/>\n\n<style type=\"text\/css\" data-created_by=\"avia_inline_auto\" id=\"style-css-av-l37klstj-705db23780e0f19049d03538810bc018\">\n#top .hr.hr-invisible.av-l37klstj-705db23780e0f19049d03538810bc018{\nheight:20px;\n}\n<\/style>\n<div  class='hr av-l37klstj-705db23780e0f19049d03538810bc018 hr-invisible  avia-builder-el-5  el_after_av_textblock  el_before_av_textblock'><span class='hr-inner'><span class=\"hr-inner-style\"><\/span><\/span><\/div><br \/>\n<section class=\"av_textblock_section\"  itemscope=\"itemscope\" itemtype=\"https:\/\/schema.org\/CreativeWork\" ><div class='avia_textblock  av_inherit_color'  style='color:#1d1d1b; '  itemprop=\"text\" ><p><b>Hikaye &amp; Fikir &amp; Y\u00f6neten \/ Story &amp; Idea &amp; Directed by:<\/b><span style=\"font-weight: 400;\"> BANDART<\/span><\/p>\n<p><b>Koreografi &amp; Dans \/ Choreography &amp; Dance :<\/b><span style=\"font-weight: 400;\"> Katalin Lengyel<\/span><\/p>\n<p><b>Canl\u0131 \u00c7izim&amp;Programlama&amp;M\u00fczik \/ Live drawing &amp; Programming &amp; Music: <\/b><span style=\"font-weight: 400;\">Szabolcs T\u00f3th-Zs<\/span><\/p>\n<p><b>Oyun S\u00fcresi \/ Performance Duration:<\/b><span style=\"font-weight: 400;\"> 25\u2019<\/span><\/p>\n<p><b>Ya\u015f \/ Age : <\/b><span style=\"font-weight: 400;\">+10<\/span><\/p>\n<\/div><\/section><\/p><\/div><\/p>","protected":false},"excerpt":{"rendered":"","protected":false},"author":1,"featured_media":0,"parent":0,"menu_order":0,"comment_status":"closed","ping_status":"closed","template":"","meta":{"footnotes":""},"class_list":["post-2873","page","type-page","status-publish","hentry"],"_links":{"self":[{"href":"https:\/\/bergamatiyatrofestivali.com\/en\/wp-json\/wp\/v2\/pages\/2873","targetHints":{"allow":["GET"]}}],"collection":[{"href":"https:\/\/bergamatiyatrofestivali.com\/en\/wp-json\/wp\/v2\/pages"}],"about":[{"href":"https:\/\/bergamatiyatrofestivali.com\/en\/wp-json\/wp\/v2\/types\/page"}],"author":[{"embeddable":true,"href":"https:\/\/bergamatiyatrofestivali.com\/en\/wp-json\/wp\/v2\/users\/1"}],"replies":[{"embeddable":true,"href":"https:\/\/bergamatiyatrofestivali.com\/en\/wp-json\/wp\/v2\/comments?post=2873"}],"version-history":[{"count":3,"href":"https:\/\/bergamatiyatrofestivali.com\/en\/wp-json\/wp\/v2\/pages\/2873\/revisions"}],"predecessor-version":[{"id":3389,"href":"https:\/\/bergamatiyatrofestivali.com\/en\/wp-json\/wp\/v2\/pages\/2873\/revisions\/3389"}],"wp:attachment":[{"href":"https:\/\/bergamatiyatrofestivali.com\/en\/wp-json\/wp\/v2\/media?parent=2873"}],"curies":[{"name":"wp","href":"https:\/\/api.w.org\/{rel}","templated":true}]}}