{"id":2870,"date":"2022-05-15T20:25:40","date_gmt":"2022-05-15T17:25:40","guid":{"rendered":"https:\/\/bergamatiyatrofestivali.com\/?page_id=2870"},"modified":"2022-05-31T15:16:08","modified_gmt":"2022-05-31T12:16:08","slug":"harika-seyler-listesi","status":"publish","type":"page","link":"https:\/\/bergamatiyatrofestivali.com\/en\/harika-seyler-listesi\/","title":{"rendered":"A List of Wonderful Things"},"content":{"rendered":"<div class='flex_column av-7mdw2e-c4d999dea79ef0cf1a63b6e65bc1c055 av_one_half  avia-builder-el-0  el_before_av_one_half  avia-builder-el-first  first flex_column_div'   ><p>\n<style type=\"text\/css\" data-created_by=\"avia_inline_auto\" id=\"style-css-av-kvqee-bd9991429f6806f999b095c901d7277a\">\n.avia-image-container.av-kvqee-bd9991429f6806f999b095c901d7277a .av-image-caption-overlay-center{\ncolor:#ffffff;\n}\n<\/style>\n<div  class='avia-image-container av-kvqee-bd9991429f6806f999b095c901d7277a av-styling- avia-align-center  avia-builder-el-1  el_before_av_textblock  avia-builder-el-first'  itemprop=\"image\" itemscope=\"itemscope\" itemtype=\"https:\/\/schema.org\/ImageObject\" ><div class=\"avia-image-container-inner\"><div class=\"avia-image-overlay-wrap\"><img decoding=\"async\" class='wp-image-3388 avia-img-lazy-loading-not-3388 avia_image' src=\"https:\/\/bergamatiyatrofestivali.com\/wp-content\/uploads\/2022\/05\/Harika-Seyler-Listesi_post-08.jpg\" alt='' title='Harika \u015eeyler Listesi_post-08'  height=\"1080\" width=\"1080\"  itemprop=\"thumbnailUrl\" srcset=\"https:\/\/bergamatiyatrofestivali.com\/wp-content\/uploads\/2022\/05\/Harika-Seyler-Listesi_post-08.jpg 1080w, https:\/\/bergamatiyatrofestivali.com\/wp-content\/uploads\/2022\/05\/Harika-Seyler-Listesi_post-08-300x300.jpg 300w, https:\/\/bergamatiyatrofestivali.com\/wp-content\/uploads\/2022\/05\/Harika-Seyler-Listesi_post-08-1030x1030.jpg 1030w, https:\/\/bergamatiyatrofestivali.com\/wp-content\/uploads\/2022\/05\/Harika-Seyler-Listesi_post-08-80x80.jpg 80w, https:\/\/bergamatiyatrofestivali.com\/wp-content\/uploads\/2022\/05\/Harika-Seyler-Listesi_post-08-768x768.jpg 768w, https:\/\/bergamatiyatrofestivali.com\/wp-content\/uploads\/2022\/05\/Harika-Seyler-Listesi_post-08-12x12.jpg 12w, https:\/\/bergamatiyatrofestivali.com\/wp-content\/uploads\/2022\/05\/Harika-Seyler-Listesi_post-08-36x36.jpg 36w, https:\/\/bergamatiyatrofestivali.com\/wp-content\/uploads\/2022\/05\/Harika-Seyler-Listesi_post-08-180x180.jpg 180w, https:\/\/bergamatiyatrofestivali.com\/wp-content\/uploads\/2022\/05\/Harika-Seyler-Listesi_post-08-705x705.jpg 705w\" sizes=\"(max-width: 1080px) 100vw, 1080px\" \/><\/div><\/div><\/div><br \/>\n<section class=\"av_textblock_section\"  itemscope=\"itemscope\" itemtype=\"https:\/\/schema.org\/CreativeWork\" ><div class='avia_textblock  av_inherit_color'  style='color:#1d1d1b; '  itemprop=\"text\" ><h2><strong>A List of Wonderful Things<\/strong><\/h2>\n<h3><em><strong>A List of Wonderful Things<\/strong><\/em><\/h3>\n<h3><span style=\"font-weight: 400;\">BerKM \/ Bergama Cultural Center\u00a0<\/span><\/h3>\n<h4><span style=\"font-weight: 400;\">4 Haziran \/ June &#8211; Cumartesi \/ Saturday, 19:00<\/span><\/h4>\n<h5><span style=\"font-weight: 400;\">Talimhane Tiyatrosu<\/span><\/h5>\n<\/div><\/section><br \/>\n\n<style type=\"text\/css\" data-created_by=\"avia_inline_auto\" id=\"style-css-av-l37iyxeq-45494b9480cc9f4bf29fbec104ce2e40\">\n#top .hr.hr-invisible.av-l37iyxeq-45494b9480cc9f4bf29fbec104ce2e40{\nheight:20px;\n}\n<\/style>\n<div  class='hr av-l37iyxeq-45494b9480cc9f4bf29fbec104ce2e40 hr-invisible  avia-builder-el-3  el_after_av_textblock  el_before_av_buttonrow'><span class='hr-inner'><span class=\"hr-inner-style\"><\/span><\/span><\/div><br \/>\n<div  class='avia-buttonrow-wrap av-l37kixwb-29849bd615dc829bb47ae525bc49364a avia-buttonrow-left  avia-builder-el-4  el_after_av_hr  avia-builder-el-last'>\n\n<style type=\"text\/css\" data-created_by=\"avia_inline_auto\" id=\"style-css-av-l37kitpx-12b633a6fd91152bdb50d7b20324a90f\">\n#top #wrap_all .avia-button.av-l37kitpx-12b633a6fd91152bdb50d7b20324a90f{\nmargin-bottom:5px;\nmargin-right:5px;\n}\n#top #wrap_all .avia-button.av-l37kitpx-12b633a6fd91152bdb50d7b20324a90f:hover{\nbackground-color:black;\ncolor:#ffffff;\ntransition:all 0.4s ease-in-out;\n-webkit-transition:all 0.4s ease-in-out;\n-moz-transition:all 0.4s ease-in-out;\n-ms-transition:all 0.4s ease-in-out;\n-o-transition:all 0.4s ease-in-out;\n}\n<\/style>\n<a href='https:\/\/www.mobilet.com\/event\/harika-seyler-listesi-talimhane-tiyatrosu-11810-4d5c' class='avia-button av-l37kitpx-12b633a6fd91152bdb50d7b20324a90f avia-icon_select-yes-left-icon avia-size-medium avia-color-black avia-font-color-white' target=\"_blank\" rel=\"noopener noreferrer\"><span class='avia_button_icon avia_button_icon_left' aria-hidden='true' data-av_icon='\ue881' data-av_iconfont='entypo-fontello'><\/span><span class='avia_iconbox_title' >MOB\u0130LET<\/span><\/a>\n<\/div><\/p><\/div><div class='flex_column av-3srz0m-a3955d532fc7a20fecea7445994f3d8f av_one_half  avia-builder-el-5  el_after_av_one_half  avia-builder-el-last  flex_column_div'   ><p><section class=\"av_textblock_section\"  itemscope=\"itemscope\" itemtype=\"https:\/\/schema.org\/CreativeWork\" ><div class='avia_textblock  av_inherit_color'  style='color:#1d1d1b; '  itemprop=\"text\" ><p><span style=\"font-weight: 400;\">Her \u015fey alt\u0131 ya\u015f\u0131nda bir \u00e7ocu\u011fun yazd\u0131\u011f\u0131 bir listeyle ba\u015flar.\u00a0<\/span><\/p>\n<p><span style=\"font-weight: 400;\">D\u00fcnyadaki en harika \u015feylerin listesi.\u00a0<\/span><\/p>\n<p><span style=\"font-weight: 400;\">Ya\u015famaya de\u011fer \u015feylerin listesi.<\/span><\/p>\n<p><span style=\"font-weight: 400;\">&#8211; Dondurma<\/span><\/p>\n<p><span style=\"font-weight: 400;\">&#8211; Su sava\u015f\u0131<\/span><\/p>\n<p><span style=\"font-weight: 400;\">&#8211; Uyku saatini ge\u00e7irip ge\u00e7 saate kadar televizyon seyretmene izin verilmesi<\/span><\/p>\n<p><span style=\"font-weight: 400;\">Ya\u015famaya de\u011fer bir sebep bulamayan annesinin hastaneye kald\u0131r\u0131ld\u0131\u011f\u0131n\u0131 \u00f6\u011frenen \u00e7ocu\u011fun, ona bir hediye olarak yazd\u0131\u011f\u0131 bu liste, zaman i\u00e7inde ya\u015fam alg\u0131s\u0131n\u0131 de\u011fi\u015ftiren bamba\u015fka bir \u015feye d\u00f6n\u00fc\u015f\u00fcr.<\/span><\/p>\n<p>&#8211;<\/p>\n<p><span style=\"font-weight: 400;\">It all starts with a list written by a six-year-old.<\/span><\/p>\n<p><span style=\"font-weight: 400;\">A list of the most wonderful things in the world.<\/span><\/p>\n<p><span style=\"font-weight: 400;\">A list of things worth living for.<\/span><\/p>\n<p><span style=\"font-weight: 400;\">&#8211; Ice cream<\/span><\/p>\n<p><span style=\"font-weight: 400;\">&#8211; A water fight<\/span><\/p>\n<p><span style=\"font-weight: 400;\">&#8211; Permission to skip bedtime and watch television until late<\/span><\/p>\n<p><span style=\"font-weight: 400;\">This list, written as a gift by the child to his mother, after learning that she was hospitalized and could not find a reason to live, turns into something completely different over time, which changes his perception of life.<\/span><\/p>\n<\/div><\/section><br \/>\n\n<style type=\"text\/css\" data-created_by=\"avia_inline_auto\" id=\"style-css-av-2x7kiu-920b15a2f1214237d844b3d2379c99a2\">\n#top .hr.hr-invisible.av-2x7kiu-920b15a2f1214237d844b3d2379c99a2{\nheight:20px;\n}\n<\/style>\n<div  class='hr av-2x7kiu-920b15a2f1214237d844b3d2379c99a2 hr-invisible  avia-builder-el-7  el_after_av_textblock  el_before_av_textblock'><span class='hr-inner'><span class=\"hr-inner-style\"><\/span><\/span><\/div><br \/>\n<section class=\"av_textblock_section\"  itemscope=\"itemscope\" itemtype=\"https:\/\/schema.org\/CreativeWork\" ><div class='avia_textblock  av_inherit_color'  style='color:#1d1d1b; '  itemprop=\"text\" ><p><b>Yazan \/ Written by:<\/b> <span style=\"font-weight: 400;\">Duncan Macmillan, Jonny Donahoe<\/span><\/p>\n<p><b>Y\u00f6neten \/ Directed by: <\/b><span style=\"font-weight: 400;\">Lerzan Pamir<\/span><b>\u00a0<\/b><\/p>\n<p><b>\u00c7eviri \/ Translation: <\/b><span style=\"font-weight: 400;\">Se\u00e7il Honeywill<\/span><\/p>\n<p><b>Oyuncu \/ Cast:<\/b> <span style=\"font-weight: 400;\">Bora Akka\u015f<\/span><\/p>\n<p><b>Oyun S\u00fcresi \/ Performance Duration:<\/b><span style=\"font-weight: 400;\"> 75\u2019<\/span><\/p>\n<p><b>Ya\u015f \/ Age: <\/b><span style=\"font-weight: 400;\">+15<\/span><\/p>\n<\/div><\/section><\/p><\/div><\/p>","protected":false},"excerpt":{"rendered":"","protected":false},"author":1,"featured_media":0,"parent":0,"menu_order":0,"comment_status":"closed","ping_status":"closed","template":"","meta":{"footnotes":""},"class_list":["post-2870","page","type-page","status-publish","hentry"],"_links":{"self":[{"href":"https:\/\/bergamatiyatrofestivali.com\/en\/wp-json\/wp\/v2\/pages\/2870","targetHints":{"allow":["GET"]}}],"collection":[{"href":"https:\/\/bergamatiyatrofestivali.com\/en\/wp-json\/wp\/v2\/pages"}],"about":[{"href":"https:\/\/bergamatiyatrofestivali.com\/en\/wp-json\/wp\/v2\/types\/page"}],"author":[{"embeddable":true,"href":"https:\/\/bergamatiyatrofestivali.com\/en\/wp-json\/wp\/v2\/users\/1"}],"replies":[{"embeddable":true,"href":"https:\/\/bergamatiyatrofestivali.com\/en\/wp-json\/wp\/v2\/comments?post=2870"}],"version-history":[{"count":4,"href":"https:\/\/bergamatiyatrofestivali.com\/en\/wp-json\/wp\/v2\/pages\/2870\/revisions"}],"predecessor-version":[{"id":3390,"href":"https:\/\/bergamatiyatrofestivali.com\/en\/wp-json\/wp\/v2\/pages\/2870\/revisions\/3390"}],"wp:attachment":[{"href":"https:\/\/bergamatiyatrofestivali.com\/en\/wp-json\/wp\/v2\/media?parent=2870"}],"curies":[{"name":"wp","href":"https:\/\/api.w.org\/{rel}","templated":true}]}}