{"id":2864,"date":"2022-05-15T19:31:05","date_gmt":"2022-05-15T16:31:05","guid":{"rendered":"https:\/\/bergamatiyatrofestivali.com\/?page_id=2864"},"modified":"2022-05-31T16:07:47","modified_gmt":"2022-05-31T13:07:47","slug":"bergama-yemekleri-ve-baglar","status":"publish","type":"page","link":"https:\/\/bergamatiyatrofestivali.com\/en\/bergama-yemekleri-ve-baglar\/","title":{"rendered":"Bergama Yemekleri ve Ba\u011flar"},"content":{"rendered":"<div class='flex_column av-8xsuog-0baadbe7eff2bf1530a1f4731e4ba879 av_one_half  avia-builder-el-0  el_before_av_one_half  avia-builder-el-first  first flex_column_div'   ><p>\n<style type=\"text\/css\" data-created_by=\"avia_inline_auto\" id=\"style-css-av-77ku8w-38c966c4aba87843fa23bc2db6c9ebeb\">\n.avia-image-container.av-77ku8w-38c966c4aba87843fa23bc2db6c9ebeb .av-image-caption-overlay-center{\ncolor:#ffffff;\n}\n<\/style>\n<div  class='avia-image-container av-77ku8w-38c966c4aba87843fa23bc2db6c9ebeb av-styling- avia-align-center  avia-builder-el-1  el_before_av_textblock  avia-builder-el-first'  itemprop=\"image\" itemscope=\"itemscope\" itemtype=\"https:\/\/schema.org\/ImageObject\" ><div class=\"avia-image-container-inner\"><div class=\"avia-image-overlay-wrap\"><img decoding=\"async\" class='wp-image-3437 avia-img-lazy-loading-not-3437 avia_image' src=\"https:\/\/bergamatiyatrofestivali.com\/wp-content\/uploads\/2022\/05\/bergama-yemekleri-Post.png\" alt='' title='bergama yemekleri - Post'  height=\"1080\" width=\"1080\"  itemprop=\"thumbnailUrl\" srcset=\"https:\/\/bergamatiyatrofestivali.com\/wp-content\/uploads\/2022\/05\/bergama-yemekleri-Post.png 1080w, https:\/\/bergamatiyatrofestivali.com\/wp-content\/uploads\/2022\/05\/bergama-yemekleri-Post-300x300.png 300w, https:\/\/bergamatiyatrofestivali.com\/wp-content\/uploads\/2022\/05\/bergama-yemekleri-Post-1030x1030.png 1030w, https:\/\/bergamatiyatrofestivali.com\/wp-content\/uploads\/2022\/05\/bergama-yemekleri-Post-80x80.png 80w, https:\/\/bergamatiyatrofestivali.com\/wp-content\/uploads\/2022\/05\/bergama-yemekleri-Post-768x768.png 768w, https:\/\/bergamatiyatrofestivali.com\/wp-content\/uploads\/2022\/05\/bergama-yemekleri-Post-12x12.png 12w, https:\/\/bergamatiyatrofestivali.com\/wp-content\/uploads\/2022\/05\/bergama-yemekleri-Post-36x36.png 36w, https:\/\/bergamatiyatrofestivali.com\/wp-content\/uploads\/2022\/05\/bergama-yemekleri-Post-180x180.png 180w, https:\/\/bergamatiyatrofestivali.com\/wp-content\/uploads\/2022\/05\/bergama-yemekleri-Post-705x705.png 705w\" sizes=\"(max-width: 1080px) 100vw, 1080px\" \/><\/div><\/div><\/div><br \/>\n<section class=\"av_textblock_section\"  itemscope=\"itemscope\" itemtype=\"https:\/\/schema.org\/CreativeWork\" ><div class='avia_textblock  av_inherit_color'  style='color:#1d1d1b; '  itemprop=\"text\" ><h2><strong>Bergama Yemekleri ve Ba\u011flar<\/strong><\/h2>\n<h3><em><b>Bergama Cuisine and Vineyards<\/b><\/em><\/h3>\n<h3><span style=\"font-weight: 400;\">Bergama G\u00fczel \u0130\u015fler Derne\u011fi, Bergama Kad\u0131n Kooperatifi, Yerlitahtac\u0131 K\u00f6y\u00fc Sakinleri<\/span><span style=\"font-weight: 400;\">\u00a0<\/span><\/h3>\n<h4><span style=\"font-weight: 400;\">4 Haziran &#8211; June \/ Cumartesi &#8211; Saturday 17:00<\/span><\/h4>\n<h5><span style=\"font-weight: 400;\">Ba\u011flar, Vineyards<\/span><\/h5>\n<h5><span style=\"font-weight: 400;\">K\u0131z\u0131lavlu \/ Red Hall Basilica, 16.30<\/span><\/h5>\n<\/div><\/section><br \/>\n\n<style type=\"text\/css\" data-created_by=\"avia_inline_auto\" id=\"style-css-av-nbtow-c7edcfa427e32fca2870e36429cc0f60\">\n#top .hr.hr-invisible.av-nbtow-c7edcfa427e32fca2870e36429cc0f60{\nheight:20px;\n}\n<\/style>\n<div  class='hr av-nbtow-c7edcfa427e32fca2870e36429cc0f60 hr-invisible  avia-builder-el-3  el_after_av_textblock  el_before_av_buttonrow'><span class='hr-inner'><span class=\"hr-inner-style\"><\/span><\/span><\/div><br \/>\n<div  class='avia-buttonrow-wrap av-l37ikt2y-1ec3bfad77046df8716870bc9cdaf687 avia-buttonrow-left  avia-builder-el-4  el_after_av_hr  el_before_av_textblock'>\n\n<style type=\"text\/css\" data-created_by=\"avia_inline_auto\" id=\"style-css-av-l37ikpef-08a6abd2d145ea364dd835b95091901d\">\n#top #wrap_all .avia-button.av-l37ikpef-08a6abd2d145ea364dd835b95091901d{\nmargin-bottom:5px;\nmargin-right:5px;\n}\n#top #wrap_all .avia-button.av-l37ikpef-08a6abd2d145ea364dd835b95091901d:hover{\nbackground-color:black;\ncolor:#ffffff;\ntransition:all 0.4s ease-in-out;\n-webkit-transition:all 0.4s ease-in-out;\n-moz-transition:all 0.4s ease-in-out;\n-ms-transition:all 0.4s ease-in-out;\n-o-transition:all 0.4s ease-in-out;\n}\n<\/style>\n<a href='https:\/\/www.mobilet.com\/event\/bergama-yemekleri-ve-baglar-guzel-isler-dernegi-bergama-kadin-koop-yerlitahtaci-koyu-sakinleri-11862-5e12' class='avia-button av-l37ikpef-08a6abd2d145ea364dd835b95091901d avia-icon_select-yes-left-icon avia-size-medium avia-color-black avia-font-color-white' target=\"_blank\" rel=\"noopener noreferrer\"><span class='avia_button_icon avia_button_icon_left' aria-hidden='true' data-av_icon='\ue881' data-av_iconfont='entypo-fontello'><\/span><span class='avia_iconbox_title' >MOB\u0130LET<\/span><\/a>\n<\/div><br \/>\n<section class=\"av_textblock_section\"  itemscope=\"itemscope\" itemtype=\"https:\/\/schema.org\/CreativeWork\" ><div class='avia_textblock  av_inherit_color'  style='color:#1d1d1b; '  itemprop=\"text\" ><p><span style=\"font-weight: 400;\">*Odeabank&#8217;\u0131n katk\u0131lar\u0131yla haz\u0131rlanan &#8221;E\u015fit Ya\u015fam E\u015fit Sahne&#8221; temas\u0131 kapsam\u0131nda ger\u00e7ekle\u015fmektedir.\u00a0<\/span><\/p>\n<p><i><span style=\"font-weight: 400;\">*The event takes place within the scope of the &#8220;Equal Life, Equal Stage&#8221; theme, prepared with the contributions of Odeabank.<\/span><\/i><\/p>\n<\/div><\/section><\/p><\/div><div class='flex_column av-3znyhc-8d2b795704a3a8f6f5bdd4db3826c643 av_one_half  avia-builder-el-6  el_after_av_one_half  avia-builder-el-last  flex_column_div'   ><p><section class=\"av_textblock_section\"  itemscope=\"itemscope\" itemtype=\"https:\/\/schema.org\/CreativeWork\" ><div class='avia_textblock  av_inherit_color'  style='color:#1d1d1b; '  itemprop=\"text\" ><p><span style=\"font-weight: 400;\">Bergama Ba\u011flar mevkiinde, k\u00fclt\u00fcr ve y\u00f6re yemekleri deneyimine davetlisiniz!<\/span><\/p>\n<p><span style=\"font-weight: 400;\">Bergama&#8217;n\u0131n \u00e7ok katmanl\u0131 k\u00fclt\u00fcrel miras\u0131n\u0131n bir \u00f6\u011fesi olan, kentte ya\u015fayan farkl\u0131 topluluklar\u0131n kendi k\u00fclt\u00fcrlerinin \u00f6yk\u00fclerini, geleneklerini ve tarihini dinleme ve yemeklerini tatma imk\u00e2n\u0131 ya\u015fayaca\u011f\u0131n\u0131z, G\u00fczel \u0130\u015fler Derne\u011fi <\/span><span style=\"font-weight: 400;\">ve Bergama Kad\u0131n Kooperatifi<\/span><span style=\"font-weight: 400;\"> i\u015fbirli\u011fi ile yap\u0131lan, kad\u0131n eme\u011fi odakl\u0131 bir deneyim at\u00f6lyesi.<\/span><\/p>\n<p><span style=\"font-weight: 400;\">Bergama ba\u011f k\u00fclt\u00fcr\u00fcnde, y\u00f6re insan\u0131 tarih\u00ee ba\u011f evleri ve arazilerinde; \u00fcz\u00fcm, incir, dut, meyve, pekmez ve \u015farap gibi \u00fcr\u00fcnler yeti\u015ftirip, yaz aylar\u0131nda aileleriyle birlikte Ba\u011flar B\u00f6lgesi&#8217;nde ya\u015f\u0131yorlar. Tarihte Kale Mahallesi&#8217;nde ya\u015fayan Rum vatanda\u015flar\u0131n\u0131n yazl\u0131k evlerinin oldu\u011fu bu b\u00f6lge, hem do\u011fas\u0131 hem de Rumlar\u0131n \u00fcretim ile ilgili tercihlerinden dolay\u0131 se\u00e7ilmi\u015ftir.<\/span><\/p>\n<p><span style=\"font-weight: 400;\">&#8211;<\/span><\/p>\n<p><span style=\"font-weight: 400;\">You are welcome to a culture and local food experience in the Bergama Ba\u011flar District (Vineyard Region).<\/span><\/p>\n<p><span style=\"font-weight: 400;\">An experience-based workshop in cooperation with the Social Good Association, where you will have the opportunity to listen to the stories, traditions and history of the cultures of different communities living in the city, which is an element of Bergama&#8217;s multi-layered cultural heritage, and of course, to taste their food.<\/span><\/p>\n<p><span style=\"font-weight: 400;\">With Bergama\u2019s vineyard culture, local people grow grapes, figs, mulberries, fruits, molasses and wine in historical vineyard houses and lands; and live with their families in the Ba\u011flar District (Vineyard Region) during the summer months. This region, where the Greek citizens living in the Kale District had their summer homes in the past, is chosen because of both its nature and the preferences of the Greeks regarding production.<\/span><\/p>\n<\/div><\/section><br \/>\n\n<style type=\"text\/css\" data-created_by=\"avia_inline_auto\" id=\"style-css-av-l37ifs3c-61f16041b3adb0ab4776eb0eb7d7fb0a\">\n#top .hr.hr-invisible.av-l37ifs3c-61f16041b3adb0ab4776eb0eb7d7fb0a{\nheight:20px;\n}\n<\/style>\n<div  class='hr av-l37ifs3c-61f16041b3adb0ab4776eb0eb7d7fb0a hr-invisible  avia-builder-el-8  el_after_av_textblock  el_before_av_textblock'><span class='hr-inner'><span class=\"hr-inner-style\"><\/span><\/span><\/div><br \/>\n<section class=\"av_textblock_section\"  itemscope=\"itemscope\" itemtype=\"https:\/\/schema.org\/CreativeWork\" ><div class='avia_textblock  av_inherit_color'  style='color:#1d1d1b; '  itemprop=\"text\" ><p><b>At\u00f6lye S\u00fcresi \/ Workshop Duration: <\/b><span style=\"font-weight: 400;\">120\u2019<\/span><\/p>\n<p><b>Kat\u0131l\u0131mc\u0131 Say\u0131s\u0131 \/ Number of Participants: <\/b><span style=\"font-weight: 400;\">15<\/span><\/p>\n<p><b>Ya\u015f \/ Age: <\/b><span style=\"font-weight: 400;\">+16<\/span><\/p>\n<\/div><\/section><\/p><\/div><\/p>","protected":false},"excerpt":{"rendered":"","protected":false},"author":2,"featured_media":0,"parent":0,"menu_order":0,"comment_status":"closed","ping_status":"closed","template":"","meta":{"footnotes":""},"class_list":["post-2864","page","type-page","status-publish","hentry"],"_links":{"self":[{"href":"https:\/\/bergamatiyatrofestivali.com\/en\/wp-json\/wp\/v2\/pages\/2864","targetHints":{"allow":["GET"]}}],"collection":[{"href":"https:\/\/bergamatiyatrofestivali.com\/en\/wp-json\/wp\/v2\/pages"}],"about":[{"href":"https:\/\/bergamatiyatrofestivali.com\/en\/wp-json\/wp\/v2\/types\/page"}],"author":[{"embeddable":true,"href":"https:\/\/bergamatiyatrofestivali.com\/en\/wp-json\/wp\/v2\/users\/2"}],"replies":[{"embeddable":true,"href":"https:\/\/bergamatiyatrofestivali.com\/en\/wp-json\/wp\/v2\/comments?post=2864"}],"version-history":[{"count":4,"href":"https:\/\/bergamatiyatrofestivali.com\/en\/wp-json\/wp\/v2\/pages\/2864\/revisions"}],"predecessor-version":[{"id":3440,"href":"https:\/\/bergamatiyatrofestivali.com\/en\/wp-json\/wp\/v2\/pages\/2864\/revisions\/3440"}],"wp:attachment":[{"href":"https:\/\/bergamatiyatrofestivali.com\/en\/wp-json\/wp\/v2\/media?parent=2864"}],"curies":[{"name":"wp","href":"https:\/\/api.w.org\/{rel}","templated":true}]}}