{"id":2861,"date":"2022-05-15T19:23:21","date_gmt":"2022-05-15T16:23:21","guid":{"rendered":"https:\/\/bergamatiyatrofestivali.com\/?page_id=2861"},"modified":"2022-05-30T18:36:21","modified_gmt":"2022-05-30T15:36:21","slug":"bergama-kale-mahallesi-yuruyus","status":"publish","type":"page","link":"https:\/\/bergamatiyatrofestivali.com\/en\/bergama-kale-mahallesi-yuruyus\/","title":{"rendered":"Bergama Kale Mahallesi Y\u00fcr\u00fcy\u00fc\u015f"},"content":{"rendered":"<div class='flex_column av-s4ktp-ff7ff168bdb4e414c6917fcba60ea423 av_one_half  avia-builder-el-0  el_before_av_one_half  avia-builder-el-first  first flex_column_div'   ><p>\n<style type=\"text\/css\" data-created_by=\"avia_inline_auto\" id=\"style-css-av-5smzq5-a5ef2d0a33056895e595798c88d68bf1\">\n.avia-image-container.av-5smzq5-a5ef2d0a33056895e595798c88d68bf1 .av-image-caption-overlay-center{\ncolor:#ffffff;\n}\n<\/style>\n<div  class='avia-image-container av-5smzq5-a5ef2d0a33056895e595798c88d68bf1 av-styling- avia-align-center  avia-builder-el-1  el_before_av_textblock  avia-builder-el-first'  itemprop=\"image\" itemscope=\"itemscope\" itemtype=\"https:\/\/schema.org\/ImageObject\" ><div class=\"avia-image-container-inner\"><div class=\"avia-image-overlay-wrap\"><img decoding=\"async\" class='wp-image-3268 avia-img-lazy-loading-not-3268 avia_image' src=\"https:\/\/bergamatiyatrofestivali.com\/wp-content\/uploads\/2022\/05\/bergama-kale-mahallesi.png\" alt='' title='bergama kale mahallesi'  height=\"1080\" width=\"1080\"  itemprop=\"thumbnailUrl\" srcset=\"https:\/\/bergamatiyatrofestivali.com\/wp-content\/uploads\/2022\/05\/bergama-kale-mahallesi.png 1080w, https:\/\/bergamatiyatrofestivali.com\/wp-content\/uploads\/2022\/05\/bergama-kale-mahallesi-300x300.png 300w, https:\/\/bergamatiyatrofestivali.com\/wp-content\/uploads\/2022\/05\/bergama-kale-mahallesi-1030x1030.png 1030w, https:\/\/bergamatiyatrofestivali.com\/wp-content\/uploads\/2022\/05\/bergama-kale-mahallesi-80x80.png 80w, https:\/\/bergamatiyatrofestivali.com\/wp-content\/uploads\/2022\/05\/bergama-kale-mahallesi-768x768.png 768w, https:\/\/bergamatiyatrofestivali.com\/wp-content\/uploads\/2022\/05\/bergama-kale-mahallesi-12x12.png 12w, https:\/\/bergamatiyatrofestivali.com\/wp-content\/uploads\/2022\/05\/bergama-kale-mahallesi-36x36.png 36w, https:\/\/bergamatiyatrofestivali.com\/wp-content\/uploads\/2022\/05\/bergama-kale-mahallesi-180x180.png 180w, https:\/\/bergamatiyatrofestivali.com\/wp-content\/uploads\/2022\/05\/bergama-kale-mahallesi-705x705.png 705w\" sizes=\"(max-width: 1080px) 100vw, 1080px\" \/><\/div><\/div><\/div><br \/>\n<section class=\"av_textblock_section\"  itemscope=\"itemscope\" itemtype=\"https:\/\/schema.org\/CreativeWork\" ><div class='avia_textblock  av_inherit_color'  style='color:#1d1d1b; '  itemprop=\"text\" ><h2><strong>Bergama Kale Mahallesi&#8217;nde \u00c7ok Katmanl\u0131 Bir Y\u00fcr\u00fcy\u00fc\u015f<\/strong><\/h2>\n<h3><em><strong>A Multi-Layered Walk in Bergama\u2019s Kale Neighbourhood<\/strong><\/em><\/h3>\n<h3><span style=\"font-weight: 400;\">Fatih Kurunaz\u00a0<\/span><\/h3>\n<h4><span style=\"font-weight: 400;\">4 Haziran &#8211; June \/ Cumartesi &#8211; Saturday 17.00<\/span><\/h4>\n<h5><span style=\"font-weight: 400;\">Bulu\u015fma Yeri &#8211; Meeting Point: \u00c7\u0131narl\u0131 Kahve\u00a0<\/span><\/h5>\n<\/div><\/section><br \/>\n\n<style type=\"text\/css\" data-created_by=\"avia_inline_auto\" id=\"style-css-av-4p0dp9-d54a4fad1c164c36b7c593d21f098bc8\">\n#top .hr.hr-invisible.av-4p0dp9-d54a4fad1c164c36b7c593d21f098bc8{\nheight:20px;\n}\n<\/style>\n<div  class='hr av-4p0dp9-d54a4fad1c164c36b7c593d21f098bc8 hr-invisible  avia-builder-el-3  el_after_av_textblock  el_before_av_buttonrow'><span class='hr-inner'><span class=\"hr-inner-style\"><\/span><\/span><\/div><br \/>\n<div  class='avia-buttonrow-wrap av-l37i9zax-c51fbdd1246c867e8f38fc8a0d23f922 avia-buttonrow-left  avia-builder-el-4  el_after_av_hr  avia-builder-el-last'>\n\n<style type=\"text\/css\" data-created_by=\"avia_inline_auto\" id=\"style-css-av-l37i9vsp-dde2e7b8f847467159e37334833d7d71\">\n#top #wrap_all .avia-button.av-l37i9vsp-dde2e7b8f847467159e37334833d7d71{\nmargin-bottom:5px;\nmargin-right:5px;\n}\n#top #wrap_all .avia-button.av-l37i9vsp-dde2e7b8f847467159e37334833d7d71:hover{\nbackground-color:black;\ncolor:#ffffff;\ntransition:all 0.4s ease-in-out;\n-webkit-transition:all 0.4s ease-in-out;\n-moz-transition:all 0.4s ease-in-out;\n-ms-transition:all 0.4s ease-in-out;\n-o-transition:all 0.4s ease-in-out;\n}\n<\/style>\n<a href='https:\/\/www.mobilet.com\/event\/bergama-kale-mahallesinde-cok-katmanli-bir-yuruyus-fatih-kurunaz-11869-7a9c' class='avia-button av-l37i9vsp-dde2e7b8f847467159e37334833d7d71 avia-icon_select-yes-left-icon avia-size-medium avia-color-black avia-font-color-white' target=\"_blank\" rel=\"noopener noreferrer\"><span class='avia_button_icon avia_button_icon_left' aria-hidden='true' data-av_icon='\ue881' data-av_iconfont='entypo-fontello'><\/span><span class='avia_iconbox_title' >MOB\u0130LET<\/span><\/a>\n<\/div><\/p><\/div><div class='flex_column av-1wezbx-32411ba0147d75e55ab12cff19e75720 av_one_half  avia-builder-el-5  el_after_av_one_half  avia-builder-el-last  flex_column_div'   ><p><section class=\"av_textblock_section\"  itemscope=\"itemscope\" itemtype=\"https:\/\/schema.org\/CreativeWork\" ><div class='avia_textblock  av_inherit_color'  style='color:#1d1d1b; '  itemprop=\"text\" ><p><span style=\"font-weight: 400;\">Y\u00fcr\u00fcy\u00fc\u015f bizleri, g\u00fcn\u00fcm\u00fcze ula\u015fan antik d\u00f6nem eserlerinden ve dev\u015firme elemanlardan yola \u00e7\u0131karak, Osmanl\u0131 D\u00f6nemi mimari miras\u0131n\u0131 an\u0131tsal eserler ile sivil konutlar \u00fczerinden yap\u0131lan okumalarla, kentin dar sokaklar\u0131nda \u201c\u00e7ok katmanl\u0131\u201d bir yolculu\u011fa \u00e7\u0131kar\u0131yor.<\/span><\/p>\n<p><span style=\"font-weight: 400;\">&#8211;<\/span><\/p>\n<p><span style=\"font-weight: 400;\">The walk takes us on a \u201cmulti-layered\u201d journey through the narrow streets of the city, with readings of the architectural heritage of the Ottoman Period, based on the ancient period artifacts and spolia elements that have survived to the present day, through monumental works and civil residences.<\/span><\/p>\n<\/div><\/section><br \/>\n\n<style type=\"text\/css\" data-created_by=\"avia_inline_auto\" id=\"style-css-av-l37i8z0n-5488644997e0b889b00e3b8618a23954\">\n#top .hr.hr-invisible.av-l37i8z0n-5488644997e0b889b00e3b8618a23954{\nheight:20px;\n}\n<\/style>\n<div  class='hr av-l37i8z0n-5488644997e0b889b00e3b8618a23954 hr-invisible  avia-builder-el-7  el_after_av_textblock  el_before_av_textblock'><span class='hr-inner'><span class=\"hr-inner-style\"><\/span><\/span><\/div><br \/>\n<section class=\"av_textblock_section\"  itemscope=\"itemscope\" itemtype=\"https:\/\/schema.org\/CreativeWork\" ><div class='avia_textblock  av_inherit_color'  style='color:#1d1d1b; '  itemprop=\"text\" ><p><b>Etkinlik S\u00fcresi \/ Event Duration: <\/b><span style=\"font-weight: 400;\">90\u2019<\/span><\/p>\n<p><b>Kat\u0131l\u0131mc\u0131 Say\u0131s\u0131 \/ Number of Participants:<\/b><span style=\"font-weight: 400;\"> 25<\/span><\/p>\n<\/div><\/section><\/p><\/div><\/p>","protected":false},"excerpt":{"rendered":"","protected":false},"author":1,"featured_media":0,"parent":0,"menu_order":0,"comment_status":"closed","ping_status":"closed","template":"","meta":{"footnotes":""},"class_list":["post-2861","page","type-page","status-publish","hentry"],"_links":{"self":[{"href":"https:\/\/bergamatiyatrofestivali.com\/en\/wp-json\/wp\/v2\/pages\/2861","targetHints":{"allow":["GET"]}}],"collection":[{"href":"https:\/\/bergamatiyatrofestivali.com\/en\/wp-json\/wp\/v2\/pages"}],"about":[{"href":"https:\/\/bergamatiyatrofestivali.com\/en\/wp-json\/wp\/v2\/types\/page"}],"author":[{"embeddable":true,"href":"https:\/\/bergamatiyatrofestivali.com\/en\/wp-json\/wp\/v2\/users\/1"}],"replies":[{"embeddable":true,"href":"https:\/\/bergamatiyatrofestivali.com\/en\/wp-json\/wp\/v2\/comments?post=2861"}],"version-history":[{"count":5,"href":"https:\/\/bergamatiyatrofestivali.com\/en\/wp-json\/wp\/v2\/pages\/2861\/revisions"}],"predecessor-version":[{"id":3270,"href":"https:\/\/bergamatiyatrofestivali.com\/en\/wp-json\/wp\/v2\/pages\/2861\/revisions\/3270"}],"wp:attachment":[{"href":"https:\/\/bergamatiyatrofestivali.com\/en\/wp-json\/wp\/v2\/media?parent=2861"}],"curies":[{"name":"wp","href":"https:\/\/api.w.org\/{rel}","templated":true}]}}