{"id":2858,"date":"2022-05-15T19:17:25","date_gmt":"2022-05-15T16:17:25","guid":{"rendered":"https:\/\/bergamatiyatrofestivali.com\/?page_id=2858"},"modified":"2022-05-31T15:19:20","modified_gmt":"2022-05-31T12:19:20","slug":"kulturel-haklar","status":"publish","type":"page","link":"https:\/\/bergamatiyatrofestivali.com\/en\/kulturel-haklar\/","title":{"rendered":"K\u00dcLT\u00dcREL HAKLAR"},"content":{"rendered":"<div class='flex_column av-60k22i-0a1e285534bd6dc22cdd508c8b0417e5 av_one_half  avia-builder-el-0  el_before_av_one_half  avia-builder-el-first  first flex_column_div'   ><p>\n<style type=\"text\/css\" data-created_by=\"avia_inline_auto\" id=\"style-css-av-3koh6i-d577bedccaa942568dc2b7189bfedb9b\">\n.avia-image-container.av-3koh6i-d577bedccaa942568dc2b7189bfedb9b .av-image-caption-overlay-center{\ncolor:#ffffff;\n}\n<\/style>\n<div  class='avia-image-container av-3koh6i-d577bedccaa942568dc2b7189bfedb9b av-styling- avia-align-center  avia-builder-el-1  el_before_av_textblock  avia-builder-el-first'  itemprop=\"image\" itemscope=\"itemscope\" itemtype=\"https:\/\/schema.org\/ImageObject\" ><div class=\"avia-image-container-inner\"><div class=\"avia-image-overlay-wrap\"><img decoding=\"async\" class='wp-image-3393 avia-img-lazy-loading-not-3393 avia_image' src=\"https:\/\/bergamatiyatrofestivali.com\/wp-content\/uploads\/2022\/05\/Kulturel-Haklar.png\" alt='' title='K\u00fclt\u00fcrel Haklar'  height=\"1080\" width=\"1080\"  itemprop=\"thumbnailUrl\" srcset=\"https:\/\/bergamatiyatrofestivali.com\/wp-content\/uploads\/2022\/05\/Kulturel-Haklar.png 1080w, https:\/\/bergamatiyatrofestivali.com\/wp-content\/uploads\/2022\/05\/Kulturel-Haklar-300x300.png 300w, https:\/\/bergamatiyatrofestivali.com\/wp-content\/uploads\/2022\/05\/Kulturel-Haklar-1030x1030.png 1030w, https:\/\/bergamatiyatrofestivali.com\/wp-content\/uploads\/2022\/05\/Kulturel-Haklar-80x80.png 80w, https:\/\/bergamatiyatrofestivali.com\/wp-content\/uploads\/2022\/05\/Kulturel-Haklar-768x768.png 768w, https:\/\/bergamatiyatrofestivali.com\/wp-content\/uploads\/2022\/05\/Kulturel-Haklar-12x12.png 12w, https:\/\/bergamatiyatrofestivali.com\/wp-content\/uploads\/2022\/05\/Kulturel-Haklar-36x36.png 36w, https:\/\/bergamatiyatrofestivali.com\/wp-content\/uploads\/2022\/05\/Kulturel-Haklar-180x180.png 180w, https:\/\/bergamatiyatrofestivali.com\/wp-content\/uploads\/2022\/05\/Kulturel-Haklar-705x705.png 705w\" sizes=\"(max-width: 1080px) 100vw, 1080px\" \/><\/div><\/div><\/div><br \/>\n<section class=\"av_textblock_section\"  itemscope=\"itemscope\" itemtype=\"https:\/\/schema.org\/CreativeWork\" ><div class='avia_textblock  av_inherit_color'  style='color:#1d1d1b; '  itemprop=\"text\" ><h2><strong>K\u00dcLT\u00dcREL HAKLAR: Kim \u0130\u00e7in, Ne \u0130\u00e7in?<\/strong><\/h2>\n<h3><em><strong>CULTURAL RIGHTS: For Whom, What For?<\/strong><\/em><\/h3>\n<h4><span style=\"font-weight: 400;\"><b>Moderat\u00f6r &#8211; Moderator<\/b><\/span><\/h4>\n<ul>\n<li>\n<h4><span style=\"font-weight: 400;\">Do\u00e7. Dr<b>. <\/b>Serhan Ada (\u0130stanbul Bilgi \u00dcniversitesi Sanat ve K\u00fclt\u00fcr Y\u00f6netimi B\u00f6l\u00fcm\u00fc \u00d6\u011fretim \u00dcyesi, K\u00fclt\u00fcr Politikalar\u0131 ve Y\u00f6netimi Ara\u015ft\u0131rma Merkezi M\u00fcd\u00fcr\u00fc ve K\u00fclt\u00fcr Politikas\u0131 ve K\u00fclt\u00fcrel Diplomasi UNESCO K\u00fcrs\u00fcs\u00fc Ba\u015fkan\u0131)<\/span><\/h4>\n<\/li>\n<\/ul>\n<h4><strong>Konu\u015fmac\u0131lar &#8211; Speakers<\/strong><\/h4>\n<ul>\n<li>\n<h4><span style=\"font-weight: 400;\">Or\u00e7un Ejder (K\u00fclt\u00fcrel Pazarlama M\u00fcd\u00fcr\u00fc), <\/span><span style=\"font-weight: 400;\">Saliha Yavuz (K\u00fclt\u00fcr Y\u00f6neticisi), T. Volkan Aslan <\/span><span style=\"font-weight: 400;\">(Ata\u015fehir Belediyesi K\u00fclt\u00fcr ve Sosyal \u0130\u015fler M\u00fcd\u00fcr\u00fc)<\/span><\/h4>\n<\/li>\n<\/ul>\n<h4><span style=\"font-weight: 400;\">4 Haziran &#8211; June \/ Cumartesi &#8211; Friday, 16:30<\/span><\/h4>\n<h5><span style=\"font-weight: 400;\">Yabets Sinagogu &#8211; \u00a0Yabets Synagogue\u00a0<\/span><\/h5>\n<\/div><\/section><\/p><\/div><div class='flex_column av-2ykfru-7f7367035e82677d78b96fc4c179f916 av_one_half  avia-builder-el-3  el_after_av_one_half  avia-builder-el-last  flex_column_div'   ><p><section class=\"av_textblock_section\"  itemscope=\"itemscope\" itemtype=\"https:\/\/schema.org\/CreativeWork\" ><div class='avia_textblock  av_inherit_color'  style='color:#1d1d1b; '  itemprop=\"text\" ><p><span style=\"font-weight: 400;\">K\u00fclt\u00fcrel haklar bug\u00fcn temel insan haklar\u0131 toplam\u0131n\u0131n ayr\u0131lmaz bir par\u00e7as\u0131 olarak kabul ediliyor. Ger\u00e7ekten \u00f6yle mi?<\/span><\/p>\n<p><span style=\"font-weight: 400;\">Ya\u015fama hakk\u0131n\u0131n dahi zor savunulabildi\u011fi g\u00fcn\u00fcm\u00fcz d\u00fcnyas\u0131nda bu nas\u0131l m\u00fcmk\u00fcn olacak? Son iki y\u0131l boyunca k\u00fclt\u00fcr\u00fcn sa\u011fl\u0131k, ya\u015fanabilir bir \u00e7evre ve esenlik i\u00e7in temiz hava ve su kadar\u00a0 vazge\u00e7ilmez oldu\u011funu apa\u00e7\u0131k g\u00f6rd\u00fck. K\u00fclt\u00fcr \u00fcr\u00fcnleri ve hizmetlerinin da\u011f\u0131l\u0131m\u0131ndaki b\u00fcy\u00fck e\u015fitsizlikler, dijitalin h\u0131z\u0131n\u0131n yan\u0131 s\u0131ra ke\u015ffedilebilirlik kar\u015f\u0131s\u0131nda olu\u015fan tehditler k\u00fclt\u00fcrel haklar\u0131n aciliyet kazand\u0131\u011f\u0131n\u0131 ortaya koyuyor.<\/span><\/p>\n<p><span style=\"font-weight: 400;\">K\u00fclt\u00fcrde cinsiyet e\u015fitli\u011fi i\u00e7in, ihmal ve mahrum edilmi\u015f kesimlerin k\u00fclt\u00fcre eri\u015fimi i\u00e7in ve sanat\u00e7\u0131lar\u0131n yaratmay\u0131 s\u00fcrd\u00fcrmeleri i\u00e7in k\u00fclt\u00fcrel haklar\u0131n miras ve do\u011fa dahil her alanda savunulmas\u0131 bir zorunluluk.<\/span><\/p>\n<p><span style=\"font-weight: 400;\">&#8211;<\/span><\/p>\n<p><span style=\"font-weight: 400;\">Cultural rights are today recognized as an integral part of the totality of basic human rights. But are they really?<\/span><\/p>\n<p><span style=\"font-weight: 400;\">How will this be possible in today&#8217;s world, where even the right to life can hardly be defended? During the last two years, we have clearly seen that culture is as indispensable as clean air and water for health, a livable environment and well-being. The great inequalities in the distribution of cultural products and services, the speed of digital as well as the threats to discoverability reveal the urgency of cultural rights.<\/span><\/p>\n<p><span style=\"font-weight: 400;\">It is a must to defend cultural rights in all areas, including heritage and nature, for gender equality in culture, for the access of the neglected and disenfranchised to culture, and for artists to continue to create.<\/span><\/p>\n<\/div><\/section><br \/>\n\n<style type=\"text\/css\" data-created_by=\"avia_inline_auto\" id=\"style-css-av-l37i0eha-4e87a414e24216d4bc39eac4abe1f7a8\">\n#top .hr.hr-invisible.av-l37i0eha-4e87a414e24216d4bc39eac4abe1f7a8{\nheight:20px;\n}\n<\/style>\n<div  class='hr av-l37i0eha-4e87a414e24216d4bc39eac4abe1f7a8 hr-invisible  avia-builder-el-5  el_after_av_textblock  avia-builder-el-last'><span class='hr-inner'><span class=\"hr-inner-style\"><\/span><\/span><\/div><\/p><\/div><\/p>","protected":false},"excerpt":{"rendered":"","protected":false},"author":1,"featured_media":0,"parent":0,"menu_order":0,"comment_status":"closed","ping_status":"closed","template":"","meta":{"footnotes":""},"class_list":["post-2858","page","type-page","status-publish","hentry"],"_links":{"self":[{"href":"https:\/\/bergamatiyatrofestivali.com\/en\/wp-json\/wp\/v2\/pages\/2858","targetHints":{"allow":["GET"]}}],"collection":[{"href":"https:\/\/bergamatiyatrofestivali.com\/en\/wp-json\/wp\/v2\/pages"}],"about":[{"href":"https:\/\/bergamatiyatrofestivali.com\/en\/wp-json\/wp\/v2\/types\/page"}],"author":[{"embeddable":true,"href":"https:\/\/bergamatiyatrofestivali.com\/en\/wp-json\/wp\/v2\/users\/1"}],"replies":[{"embeddable":true,"href":"https:\/\/bergamatiyatrofestivali.com\/en\/wp-json\/wp\/v2\/comments?post=2858"}],"version-history":[{"count":4,"href":"https:\/\/bergamatiyatrofestivali.com\/en\/wp-json\/wp\/v2\/pages\/2858\/revisions"}],"predecessor-version":[{"id":3398,"href":"https:\/\/bergamatiyatrofestivali.com\/en\/wp-json\/wp\/v2\/pages\/2858\/revisions\/3398"}],"wp:attachment":[{"href":"https:\/\/bergamatiyatrofestivali.com\/en\/wp-json\/wp\/v2\/media?parent=2858"}],"curies":[{"name":"wp","href":"https:\/\/api.w.org\/{rel}","templated":true}]}}