{"id":2855,"date":"2022-05-15T19:09:28","date_gmt":"2022-05-15T16:09:28","guid":{"rendered":"https:\/\/bergamatiyatrofestivali.com\/?page_id=2855"},"modified":"2022-05-31T15:19:04","modified_gmt":"2022-05-31T12:19:04","slug":"beden-perkusyonu-atolyesi","status":"publish","type":"page","link":"https:\/\/bergamatiyatrofestivali.com\/en\/beden-perkusyonu-atolyesi\/","title":{"rendered":"Beden Perk\u00fcsyonu At\u00f6lyesi"},"content":{"rendered":"<div class='flex_column av-7tjiqv-720cc3a861845aa5e477a2bd92c6bea6 av_one_half  avia-builder-el-0  el_before_av_one_half  avia-builder-el-first  first flex_column_div'   ><p>\n<style type=\"text\/css\" data-created_by=\"avia_inline_auto\" id=\"style-css-av-5bm7jb-abccd0a72afd8cbe8e8ed0a760567a3c\">\n.avia-image-container.av-5bm7jb-abccd0a72afd8cbe8e8ed0a760567a3c .av-image-caption-overlay-center{\ncolor:#ffffff;\n}\n<\/style>\n<div  class='avia-image-container av-5bm7jb-abccd0a72afd8cbe8e8ed0a760567a3c av-styling- avia-align-center  avia-builder-el-1  el_before_av_textblock  avia-builder-el-first'  itemprop=\"image\" itemscope=\"itemscope\" itemtype=\"https:\/\/schema.org\/ImageObject\" ><div class=\"avia-image-container-inner\"><div class=\"avia-image-overlay-wrap\"><img decoding=\"async\" class='wp-image-3392 avia-img-lazy-loading-not-3392 avia_image' src=\"https:\/\/bergamatiyatrofestivali.com\/wp-content\/uploads\/2022\/05\/KeKeCa-BTF-Post.png\" alt='' title='KeKe\u00c7a - BTF-Post'  height=\"1080\" width=\"1080\"  itemprop=\"thumbnailUrl\" srcset=\"https:\/\/bergamatiyatrofestivali.com\/wp-content\/uploads\/2022\/05\/KeKeCa-BTF-Post.png 1080w, https:\/\/bergamatiyatrofestivali.com\/wp-content\/uploads\/2022\/05\/KeKeCa-BTF-Post-300x300.png 300w, https:\/\/bergamatiyatrofestivali.com\/wp-content\/uploads\/2022\/05\/KeKeCa-BTF-Post-1030x1030.png 1030w, https:\/\/bergamatiyatrofestivali.com\/wp-content\/uploads\/2022\/05\/KeKeCa-BTF-Post-80x80.png 80w, https:\/\/bergamatiyatrofestivali.com\/wp-content\/uploads\/2022\/05\/KeKeCa-BTF-Post-768x768.png 768w, https:\/\/bergamatiyatrofestivali.com\/wp-content\/uploads\/2022\/05\/KeKeCa-BTF-Post-12x12.png 12w, https:\/\/bergamatiyatrofestivali.com\/wp-content\/uploads\/2022\/05\/KeKeCa-BTF-Post-36x36.png 36w, https:\/\/bergamatiyatrofestivali.com\/wp-content\/uploads\/2022\/05\/KeKeCa-BTF-Post-180x180.png 180w, https:\/\/bergamatiyatrofestivali.com\/wp-content\/uploads\/2022\/05\/KeKeCa-BTF-Post-705x705.png 705w\" sizes=\"(max-width: 1080px) 100vw, 1080px\" \/><\/div><\/div><\/div><br \/>\n<section class=\"av_textblock_section\"  itemscope=\"itemscope\" itemtype=\"https:\/\/schema.org\/CreativeWork\" ><div class='avia_textblock  av_inherit_color'  style='color:#1d1d1b; '  itemprop=\"text\" ><h2><strong>KeKe\u00c7a &#8211; Beden Perk\u00fcsyon At\u00f6lyesi<\/strong><\/h2>\n<h3><em><strong>KeKe\u00c7a &#8211; Body Percussion Workshop<\/strong><\/em><\/h3>\n<h3><span style=\"font-weight: 400;\">Ay\u015fe Akarsu, <\/span><span style=\"font-weight: 400;\">G\u00f6k\u00e7e G\u00fcr\u00e7ay<\/span><\/h3>\n<h4><span style=\"font-weight: 400;\">4 Haziran \/ June &#8211; Cumartesi \/ Saturday, 16:30<\/span><\/h4>\n<h5><span style=\"font-weight: 400;\">BerKM \/ Bergama Cultural Center<\/span><\/h5>\n<\/div><\/section><br \/>\n\n<style type=\"text\/css\" data-created_by=\"avia_inline_auto\" id=\"style-css-av-40qysn-af7349a26fb93d140affd21cfb900187\">\n#top .hr.hr-invisible.av-40qysn-af7349a26fb93d140affd21cfb900187{\nheight:20px;\n}\n<\/style>\n<div  class='hr av-40qysn-af7349a26fb93d140affd21cfb900187 hr-invisible  avia-builder-el-3  el_after_av_textblock  el_before_av_buttonrow'><span class='hr-inner'><span class=\"hr-inner-style\"><\/span><\/span><\/div><br \/>\n<div  class='avia-buttonrow-wrap av-l37hsxxh-bfd79a8ae8080ec0c2e61bdcb9eb0a51 avia-buttonrow-left  avia-builder-el-4  el_after_av_hr  avia-builder-el-last'>\n\n<style type=\"text\/css\" data-created_by=\"avia_inline_auto\" id=\"style-css-av-l37hstsp-432d7f1dde64daa0fb5e77f91c33c5ba\">\n#top #wrap_all .avia-button.av-l37hstsp-432d7f1dde64daa0fb5e77f91c33c5ba{\nmargin-bottom:5px;\nmargin-right:5px;\n}\n#top #wrap_all .avia-button.av-l37hstsp-432d7f1dde64daa0fb5e77f91c33c5ba:hover{\nbackground-color:black;\ncolor:#ffffff;\ntransition:all 0.4s ease-in-out;\n-webkit-transition:all 0.4s ease-in-out;\n-moz-transition:all 0.4s ease-in-out;\n-ms-transition:all 0.4s ease-in-out;\n-o-transition:all 0.4s ease-in-out;\n}\n<\/style>\n<a href='https:\/\/www.mobilet.com\/event\/kekeca-beden-perkusyonu-ayse-akarsu-gokce-gurcay-11861-340f' class='avia-button av-l37hstsp-432d7f1dde64daa0fb5e77f91c33c5ba avia-icon_select-yes-left-icon avia-size-medium avia-color-black avia-font-color-white' target=\"_blank\" rel=\"noopener noreferrer\"><span class='avia_button_icon avia_button_icon_left' aria-hidden='true' data-av_icon='\ue881' data-av_iconfont='entypo-fontello'><\/span><span class='avia_iconbox_title' >MOB\u0130LET<\/span><\/a>\n<\/div><\/p><\/div><div class='flex_column av-2ddu2f-e58a7502e1408c6d6fed9dd015c24d26 av_one_half  avia-builder-el-5  el_after_av_one_half  avia-builder-el-last  flex_column_div'   ><p><section class=\"av_textblock_section\"  itemscope=\"itemscope\" itemtype=\"https:\/\/schema.org\/CreativeWork\" ><div class='avia_textblock  av_inherit_color'  style='color:#1d1d1b; '  itemprop=\"text\" ><p><span style=\"font-weight: 400;\">M\u00fczi\u011fin ve dans\u0131n kesi\u015fim noktas\u0131nda yer alan beden perk\u00fcsyonu at\u00f6lyesi, KeKe\u00c7a&#8217;n\u0131n sese-yola\u00e7an-hareket yakla\u015f\u0131m\u0131 ile, ses ve beden oyunlar\u0131 kullan\u0131larak bu kez \u00e7ocuklara y\u00f6nelik olarak tasarlanm\u0131\u015ft\u0131r.<\/span><\/p>\n<p><span style=\"font-weight: 400;\">At\u00f6lye y\u00fcr\u00fct\u00fcc\u00fcleri, 2008&#8217;den beri \u201cKeKe\u00c7a\u201d beden perk\u00fcsyonu grubu ile performanslar, at\u00f6lyeler, i\u015fitme engelli gen\u00e7lerle beden m\u00fczi\u011fi \u00e7al\u0131\u015fmalar\u0131n\u0131 s\u00fcrd\u00fcrmektedirler. International Body Music Festival&#8217;in resmi sanat\u00e7\u0131s\u0131d\u0131rlar. Beden m\u00fczi\u011fi, sahne koreografisi, \u00f6\u011fretmen e\u011fitimi, e\u011fitim tasar\u0131m\u0131, kurumsal e\u011fitimler, uluslararas\u0131 m\u00fczik e\u011fitimi alanlar\u0131nda \u00e7al\u0131\u015fmalar ve \u00fcretimler ger\u00e7ekle\u015ftirmektedirler.<\/span><\/p>\n<p><span style=\"font-weight: 400;\">&#8211;<\/span><\/p>\n<p><span style=\"font-weight: 400;\">With the intersection of music and dance, this body percussion workshop was designed for children using sound and body games, with KeKe\u00c7a&#8217;s approach of \u201cmovement-creates-sound.\u201d<\/span><\/p>\n<p><span style=\"font-weight: 400;\">The workshop coordinators have been conducting performances, workshops, and body music works with hearing-impaired youth with the \u201cKeKe\u00c7a\u201d body percussion group since 2008. They are the official artists of the International Body Music Festival. They carry out studies and productions in the fields of body music, stage choreography, teacher training, educational design, corporate training, and international music education.<\/span><\/p>\n<\/div><\/section><br \/>\n\n<style type=\"text\/css\" data-created_by=\"avia_inline_auto\" id=\"style-css-av-l37hrq6j-951e791233499381d6dc9929efa47020\">\n#top .hr.hr-invisible.av-l37hrq6j-951e791233499381d6dc9929efa47020{\nheight:20px;\n}\n<\/style>\n<div  class='hr av-l37hrq6j-951e791233499381d6dc9929efa47020 hr-invisible  avia-builder-el-7  el_after_av_textblock  el_before_av_textblock'><span class='hr-inner'><span class=\"hr-inner-style\"><\/span><\/span><\/div><br \/>\n<section class=\"av_textblock_section\"  itemscope=\"itemscope\" itemtype=\"https:\/\/schema.org\/CreativeWork\" ><div class='avia_textblock  av_inherit_color'  style='color:#1d1d1b; '  itemprop=\"text\" ><p><b>Ekip Hakk\u0131nda Bilgi \/ About The Team:<\/b><span style=\"font-weight: 400;\"> Keke\u00c7a<\/span><\/p>\n<p><b>At\u00f6lye S\u00fcresi \/ Workshop Duration: <\/b><span style=\"font-weight: 400;\">60\u2019<\/span><\/p>\n<p><b>Kat\u0131l\u0131mc\u0131 Say\u0131s\u0131 \/ Number of Participants: <\/b><span style=\"font-weight: 400;\">20<\/span><\/p>\n<p><b>Ya\u015f \/ Age: <\/b><span style=\"font-weight: 400;\">7-14 Ya\u015f \/ 7-14 Year Olds<\/span><\/p>\n<\/div><\/section><\/p><\/div><\/p>","protected":false},"excerpt":{"rendered":"","protected":false},"author":1,"featured_media":0,"parent":0,"menu_order":0,"comment_status":"closed","ping_status":"closed","template":"","meta":{"footnotes":""},"class_list":["post-2855","page","type-page","status-publish","hentry"],"_links":{"self":[{"href":"https:\/\/bergamatiyatrofestivali.com\/en\/wp-json\/wp\/v2\/pages\/2855","targetHints":{"allow":["GET"]}}],"collection":[{"href":"https:\/\/bergamatiyatrofestivali.com\/en\/wp-json\/wp\/v2\/pages"}],"about":[{"href":"https:\/\/bergamatiyatrofestivali.com\/en\/wp-json\/wp\/v2\/types\/page"}],"author":[{"embeddable":true,"href":"https:\/\/bergamatiyatrofestivali.com\/en\/wp-json\/wp\/v2\/users\/1"}],"replies":[{"embeddable":true,"href":"https:\/\/bergamatiyatrofestivali.com\/en\/wp-json\/wp\/v2\/comments?post=2855"}],"version-history":[{"count":4,"href":"https:\/\/bergamatiyatrofestivali.com\/en\/wp-json\/wp\/v2\/pages\/2855\/revisions"}],"predecessor-version":[{"id":3397,"href":"https:\/\/bergamatiyatrofestivali.com\/en\/wp-json\/wp\/v2\/pages\/2855\/revisions\/3397"}],"wp:attachment":[{"href":"https:\/\/bergamatiyatrofestivali.com\/en\/wp-json\/wp\/v2\/media?parent=2855"}],"curies":[{"name":"wp","href":"https:\/\/api.w.org\/{rel}","templated":true}]}}