{"id":2851,"date":"2022-05-15T18:57:30","date_gmt":"2022-05-15T15:57:30","guid":{"rendered":"https:\/\/bergamatiyatrofestivali.com\/?page_id=2851"},"modified":"2022-05-31T15:19:30","modified_gmt":"2022-05-31T12:19:30","slug":"sepet-orme-atolyesi","status":"publish","type":"page","link":"https:\/\/bergamatiyatrofestivali.com\/en\/sepet-orme-atolyesi\/","title":{"rendered":"Basket Weaving Workshop"},"content":{"rendered":"<div class='flex_column av-7qh4z7-8a93fc9129f93efe639fcc186d642d23 av_one_half  avia-builder-el-0  el_before_av_one_half  avia-builder-el-first  first flex_column_div'   ><p>\n<style type=\"text\/css\" data-created_by=\"avia_inline_auto\" id=\"style-css-av-54lq0z-0ec43c2bbebdafc01e188a36a5bf1d77\">\n.avia-image-container.av-54lq0z-0ec43c2bbebdafc01e188a36a5bf1d77 .av-image-caption-overlay-center{\ncolor:#ffffff;\n}\n<\/style>\n<div  class='avia-image-container av-54lq0z-0ec43c2bbebdafc01e188a36a5bf1d77 av-styling- avia-align-center  avia-builder-el-1  el_before_av_textblock  avia-builder-el-first'  itemprop=\"image\" itemscope=\"itemscope\" itemtype=\"https:\/\/schema.org\/ImageObject\" ><div class=\"avia-image-container-inner\"><div class=\"avia-image-overlay-wrap\"><img decoding=\"async\" class='wp-image-3394 avia-img-lazy-loading-not-3394 avia_image' src=\"https:\/\/bergamatiyatrofestivali.com\/wp-content\/uploads\/2022\/05\/sepet-orme-atolyesi-post.png\" alt='' title='sepet \u00f6rme at\u00f6lyesi-post'  height=\"1080\" width=\"1080\"  itemprop=\"thumbnailUrl\" srcset=\"https:\/\/bergamatiyatrofestivali.com\/wp-content\/uploads\/2022\/05\/sepet-orme-atolyesi-post.png 1080w, https:\/\/bergamatiyatrofestivali.com\/wp-content\/uploads\/2022\/05\/sepet-orme-atolyesi-post-300x300.png 300w, https:\/\/bergamatiyatrofestivali.com\/wp-content\/uploads\/2022\/05\/sepet-orme-atolyesi-post-1030x1030.png 1030w, https:\/\/bergamatiyatrofestivali.com\/wp-content\/uploads\/2022\/05\/sepet-orme-atolyesi-post-80x80.png 80w, https:\/\/bergamatiyatrofestivali.com\/wp-content\/uploads\/2022\/05\/sepet-orme-atolyesi-post-768x768.png 768w, https:\/\/bergamatiyatrofestivali.com\/wp-content\/uploads\/2022\/05\/sepet-orme-atolyesi-post-12x12.png 12w, https:\/\/bergamatiyatrofestivali.com\/wp-content\/uploads\/2022\/05\/sepet-orme-atolyesi-post-36x36.png 36w, https:\/\/bergamatiyatrofestivali.com\/wp-content\/uploads\/2022\/05\/sepet-orme-atolyesi-post-180x180.png 180w, https:\/\/bergamatiyatrofestivali.com\/wp-content\/uploads\/2022\/05\/sepet-orme-atolyesi-post-705x705.png 705w\" sizes=\"(max-width: 1080px) 100vw, 1080px\" \/><\/div><\/div><\/div><br \/>\n<section class=\"av_textblock_section\"  itemscope=\"itemscope\" itemtype=\"https:\/\/schema.org\/CreativeWork\" ><div class='avia_textblock  av_inherit_color'  style='color:#1d1d1b; '  itemprop=\"text\" ><h2><strong>Basket Weaving Workshop<\/strong><\/h2>\n<h3><em><strong>Basket Weaving Workshop\u00a0<\/strong><\/em><\/h3>\n<h3><span style=\"font-weight: 400;\">Mustafa Pancar\u00a0<\/span><\/h3>\n<h4><span style=\"font-weight: 400;\">4\u00a0 HaziranJune \/ Cumartesi-Saturday, 15.00 (1. oturum &#8211; 1st session)<\/span><\/h4>\n<h4><span style=\"font-weight: 400;\">5 Haziran-June \/ Pazar-Sunday, 15.00 (2. oturum &#8211; 2nd session)<\/span><\/h4>\n<h5><span style=\"font-weight: 400;\">Bergama Kad\u0131n Kooperatifi,<\/span><\/h5>\n<h5><span style=\"font-weight: 400;\">Bulu\u015fma Yeri \/ Meeting Point : \u00c7\u0131narl\u0131 Kahve<\/span><\/h5>\n<\/div><\/section><br \/>\n\n<style type=\"text\/css\" data-created_by=\"avia_inline_auto\" id=\"style-css-av-b1fr7-85449b884126462cf9a6fb481dc65259\">\n#top .hr.hr-invisible.av-b1fr7-85449b884126462cf9a6fb481dc65259{\nheight:20px;\n}\n<\/style>\n<div  class='hr av-b1fr7-85449b884126462cf9a6fb481dc65259 hr-invisible  avia-builder-el-3  el_after_av_textblock  el_before_av_buttonrow'><span class='hr-inner'><span class=\"hr-inner-style\"><\/span><\/span><\/div><br \/>\n<div  class='avia-buttonrow-wrap av-l37hfw01-546618f56d51c8635bc5b5a29a81ca08 avia-buttonrow-left  avia-builder-el-4  el_after_av_hr  avia-builder-el-last'>\n\n<style type=\"text\/css\" data-created_by=\"avia_inline_auto\" id=\"style-css-av-l37hfdmq-cc13a69ae0358696d4eb0c718acf2ed8\">\n#top #wrap_all .avia-button.av-l37hfdmq-cc13a69ae0358696d4eb0c718acf2ed8{\nmargin-bottom:5px;\nmargin-right:5px;\n}\n#top #wrap_all .avia-button.av-l37hfdmq-cc13a69ae0358696d4eb0c718acf2ed8:hover{\nbackground-color:black;\ncolor:#ffffff;\ntransition:all 0.4s ease-in-out;\n-webkit-transition:all 0.4s ease-in-out;\n-moz-transition:all 0.4s ease-in-out;\n-ms-transition:all 0.4s ease-in-out;\n-o-transition:all 0.4s ease-in-out;\n}\n<\/style>\n<a href='https:\/\/www.mobilet.com\/event\/sepet-orme-atolyesi-mustafa-pancar-11877-5a05' class='avia-button av-l37hfdmq-cc13a69ae0358696d4eb0c718acf2ed8 avia-icon_select-yes-left-icon avia-size-medium avia-color-black avia-font-color-white' target=\"_blank\" rel=\"noopener noreferrer\"><span class='avia_button_icon avia_button_icon_left' aria-hidden='true' data-av_icon='\ue881' data-av_iconfont='entypo-fontello'><\/span><span class='avia_iconbox_title' >MOB\u0130LET<\/span><\/a>\n<\/div><\/p><\/div><div class='flex_column av-4pjvur-68e06d1229ca3880f147158771ed4faf av_one_half  avia-builder-el-5  el_after_av_one_half  avia-builder-el-last  flex_column_div'   ><p><section class=\"av_textblock_section\"  itemscope=\"itemscope\" itemtype=\"https:\/\/schema.org\/CreativeWork\" ><div class='avia_textblock  av_inherit_color'  style='color:#1d1d1b; '  itemprop=\"text\" ><p><span style=\"font-weight: 400;\">Sepetin hammaddesi olan Bak\u0131r\u00e7ay ve B\u00f6lcek\u00f6y \u00c7ay\u0131 kenarlar\u0131ndaki kara ve beyaz s\u00f6\u011f\u00fct a\u011fa\u00e7lar\u0131ndan kesilen s\u00f6\u011f\u00fct dallar\u0131, zeytinlik aralar\u0131ndan toplan\u0131lan hay\u0131t dallar\u0131 ve karg\u0131lar \u00e7e\u015fitli a\u015famalardan ge\u00e7irilip farkl\u0131 motiflerle \u00f6r\u00fclerek de\u011fi\u015fik boylarda ve farkl\u0131 ama\u00e7larda kullan\u0131lan sepetlere d\u00f6n\u00fc\u015f\u00fcyor. \u0130ki g\u00fcn s\u00fcrecek at\u00f6lye \u00e7al\u0131\u015fmas\u0131nda Mustafa Usta ve onun yeti\u015ftirdi\u011fi \u00e7\u0131raklarla birlikte herkes, kendi sepetini Haziran ay\u0131n\u0131n do\u011fal malzemesi olan s\u00f6\u011f\u00fct dallar\u0131ndan \u00f6rme deneyimini ya\u015fayacak.\u00a0<\/span><\/p>\n<p><span style=\"font-weight: 400;\">Mustafa Pancar dede mesle\u011fi olan sepet\u00e7ilik zanaat\u0131n\u0131 babas\u0131 Cavit Pancar\u2019dan \u00f6\u011frendi ve 7 ya\u015f\u0131ndan beri Bergama\u2019da s\u00fcrd\u00fcr\u00fcyor. \u00c7ok say\u0131da \u00f6\u011frenci yeti\u015ftiren Mustafa Usta, \u0130zmir B\u00fcy\u00fck\u015fehir Belediyesi\u2019nin 2017 y\u0131l\u0131nda d\u00fczenledi\u011fi 15. Tarihe Sayg\u0131 Yerel Koruma \u00d6d\u00fclleri\u2019nde <\/span><span style=\"font-weight: 400;\">Geleneksel Zanaatlar\u0131n Ya\u015fat\u0131lmas\u0131 \u00d6d\u00fcl\u00fc\u2019n\u00fc ald\u0131.\u00a0<\/span><\/p>\n<p><span style=\"font-weight: 400;\">&#8211;<\/span><\/p>\n<p><span style=\"font-weight: 400;\">Raw materials used in basket weaving are willow branches cut from the black and white willow trees on the banks of the Bak\u0131r\u00e7ay and B\u00f6lcek\u00f6y Streams, along with chaste tree branches and pikes. These raw materials pass through various stages to be transformed into baskets after being knitted with different motifs.\u00a0 The baskets are of different sizes and are used for different purposes. During this two-day workshop, participants will experience how to weave their own basket from the willow branches that are natural materials for the period of June. This workshop is facilitated by master basket weaver Mustafa and his apprentices.\u00a0<\/span><\/p>\n<p><span style=\"font-weight: 400;\">Mustafa Pancar learned the craft of basketry, which was his grandfather&#8217;s profession, from his father, Cavit Pancar, and has been continuing it in Bergama since he was 7 years old. Mustafa Usta, who has trained a large number of students, received the Award for the Survival of Traditional Crafts at the 15th Respect for History Local Preservation Awards organized by the Izmir Metropolitan Municipality in 2017.<\/span><\/p>\n<\/div><\/section><br \/>\n\n<style type=\"text\/css\" data-created_by=\"avia_inline_auto\" id=\"style-css-av-1uwyvn-4b102e79c37ecb66770f6de7b75e64a4\">\n#top .hr.hr-invisible.av-1uwyvn-4b102e79c37ecb66770f6de7b75e64a4{\nheight:20px;\n}\n<\/style>\n<div  class='hr av-1uwyvn-4b102e79c37ecb66770f6de7b75e64a4 hr-invisible  avia-builder-el-7  el_after_av_textblock  el_before_av_textblock'><span class='hr-inner'><span class=\"hr-inner-style\"><\/span><\/span><\/div><br \/>\n<section class=\"av_textblock_section\"  itemscope=\"itemscope\" itemtype=\"https:\/\/schema.org\/CreativeWork\" ><div class='avia_textblock  av_inherit_color'  style='color:#1d1d1b; '  itemprop=\"text\" ><p><b>At\u00f6lye S\u00fcresi \/ Workshop Duration<\/b><span style=\"font-weight: 400;\">: 2 g\u00fcn 2\u2019\u015fer saat, 2 hours\/day for 2 days\u00a0<\/span><\/p>\n<p><b>Kat\u0131l\u0131mc\u0131 Say\u0131s\u0131 \/ Number of Participants: <\/b><span style=\"font-weight: 400;\">15<\/span><\/p>\n<p><b>Ya\u015f \/ Age:<\/b><span style=\"font-weight: 400;\"> +16<\/span><\/p>\n<\/div><\/section><\/p><\/div><\/p>","protected":false},"excerpt":{"rendered":"","protected":false},"author":1,"featured_media":0,"parent":0,"menu_order":0,"comment_status":"closed","ping_status":"closed","template":"","meta":{"footnotes":""},"class_list":["post-2851","page","type-page","status-publish","hentry"],"_links":{"self":[{"href":"https:\/\/bergamatiyatrofestivali.com\/en\/wp-json\/wp\/v2\/pages\/2851","targetHints":{"allow":["GET"]}}],"collection":[{"href":"https:\/\/bergamatiyatrofestivali.com\/en\/wp-json\/wp\/v2\/pages"}],"about":[{"href":"https:\/\/bergamatiyatrofestivali.com\/en\/wp-json\/wp\/v2\/types\/page"}],"author":[{"embeddable":true,"href":"https:\/\/bergamatiyatrofestivali.com\/en\/wp-json\/wp\/v2\/users\/1"}],"replies":[{"embeddable":true,"href":"https:\/\/bergamatiyatrofestivali.com\/en\/wp-json\/wp\/v2\/comments?post=2851"}],"version-history":[{"count":5,"href":"https:\/\/bergamatiyatrofestivali.com\/en\/wp-json\/wp\/v2\/pages\/2851\/revisions"}],"predecessor-version":[{"id":3399,"href":"https:\/\/bergamatiyatrofestivali.com\/en\/wp-json\/wp\/v2\/pages\/2851\/revisions\/3399"}],"wp:attachment":[{"href":"https:\/\/bergamatiyatrofestivali.com\/en\/wp-json\/wp\/v2\/media?parent=2851"}],"curies":[{"name":"wp","href":"https:\/\/api.w.org\/{rel}","templated":true}]}}