{"id":2841,"date":"2022-05-14T22:52:21","date_gmt":"2022-05-14T19:52:21","guid":{"rendered":"https:\/\/bergamatiyatrofestivali.com\/?page_id=2841"},"modified":"2022-05-31T15:19:48","modified_gmt":"2022-05-31T12:19:48","slug":"dogaclama-tiyatro-gosterisi","status":"publish","type":"page","link":"https:\/\/bergamatiyatrofestivali.com\/en\/dogaclama-tiyatro-gosterisi\/","title":{"rendered":"Do\u011fa\u00e7lama Tiyatro G\u00f6sterisi"},"content":{"rendered":"<div class='flex_column av-66godl-d15d45827360651419899b8c8c8926c7 av_one_half  avia-builder-el-0  el_before_av_one_half  avia-builder-el-first  first flex_column_div'   ><p>\n<style type=\"text\/css\" data-created_by=\"avia_inline_auto\" id=\"style-css-av-4y9gfd-534a03172526aa5495bcf6a416d72004\">\n.avia-image-container.av-4y9gfd-534a03172526aa5495bcf6a416d72004 .av-image-caption-overlay-center{\ncolor:#ffffff;\n}\n<\/style>\n<div  class='avia-image-container av-4y9gfd-534a03172526aa5495bcf6a416d72004 av-styling- avia-align-center  avia-builder-el-1  el_before_av_textblock  avia-builder-el-first'  itemprop=\"image\" itemscope=\"itemscope\" itemtype=\"https:\/\/schema.org\/ImageObject\" ><div class=\"avia-image-container-inner\"><div class=\"avia-image-overlay-wrap\"><img decoding=\"async\" class='wp-image-3396 avia-img-lazy-loading-not-3396 avia_image' src=\"https:\/\/bergamatiyatrofestivali.com\/wp-content\/uploads\/2022\/05\/dogaclama-post.png\" alt='' title='do\u011fa\u00e7lama-post'  height=\"1080\" width=\"1080\"  itemprop=\"thumbnailUrl\" srcset=\"https:\/\/bergamatiyatrofestivali.com\/wp-content\/uploads\/2022\/05\/dogaclama-post.png 1080w, https:\/\/bergamatiyatrofestivali.com\/wp-content\/uploads\/2022\/05\/dogaclama-post-300x300.png 300w, https:\/\/bergamatiyatrofestivali.com\/wp-content\/uploads\/2022\/05\/dogaclama-post-1030x1030.png 1030w, https:\/\/bergamatiyatrofestivali.com\/wp-content\/uploads\/2022\/05\/dogaclama-post-80x80.png 80w, https:\/\/bergamatiyatrofestivali.com\/wp-content\/uploads\/2022\/05\/dogaclama-post-768x768.png 768w, https:\/\/bergamatiyatrofestivali.com\/wp-content\/uploads\/2022\/05\/dogaclama-post-12x12.png 12w, https:\/\/bergamatiyatrofestivali.com\/wp-content\/uploads\/2022\/05\/dogaclama-post-36x36.png 36w, https:\/\/bergamatiyatrofestivali.com\/wp-content\/uploads\/2022\/05\/dogaclama-post-180x180.png 180w, https:\/\/bergamatiyatrofestivali.com\/wp-content\/uploads\/2022\/05\/dogaclama-post-705x705.png 705w\" sizes=\"(max-width: 1080px) 100vw, 1080px\" \/><\/div><\/div><\/div><br \/>\n<section class=\"av_textblock_section\"  itemscope=\"itemscope\" itemtype=\"https:\/\/schema.org\/CreativeWork\" ><div class='avia_textblock  av_inherit_color'  style='color:#1d1d1b; '  itemprop=\"text\" ><h2><strong>Do\u011fa\u00e7lama Tiyatro G\u00f6sterisi<\/strong><\/h2>\n<h3><em><strong>Improvisational Theatre Performance<\/strong><\/em><\/h3>\n<h3><span style=\"font-weight: 400;\">Oyun Hamuru Tiyatrosu\u00a0<\/span><\/h3>\n<h4><span style=\"font-weight: 400;\">4 Haziran \/ June &#8211; Cumartesi \/ Saturday, 14:00<\/span><\/h4>\n<h4><span style=\"font-weight: 400;\">5 Haziran \/ June Pazar &#8211; Sunday, 17:30<\/span><\/h4>\n<h5><span style=\"font-weight: 400;\">Arasta \/\u00a0<\/span><span style=\"font-weight: 400;\">Ottoman Bazaar<\/span><span style=\"font-weight: 400;\">\u00a0\u00a0<\/span><\/h5>\n<p><span style=\"font-weight: 400;\">Etkinlik \u00fccretsizdir. This event is free.<\/span><\/p>\n<\/div><\/section><\/p><\/div><div class='flex_column av-22lw09-69c1e6ee81ae4914f9d1f123cdddee5a av_one_half  avia-builder-el-3  el_after_av_one_half  avia-builder-el-last  flex_column_div'   ><p><section class=\"av_textblock_section\"  itemscope=\"itemscope\" itemtype=\"https:\/\/schema.org\/CreativeWork\" ><div class='avia_textblock  av_inherit_color'  style='color:#1d1d1b; '  itemprop=\"text\" ><p><span style=\"font-weight: 400;\">Tiyatro sporu hem do\u011fa\u00e7lamaya dayal\u0131d\u0131r hem de seyirciler s\u00fcrekli olarak aktif durumdad\u0131rlar. Oyunculuk tamamen spontanl\u0131\u011fa dayal\u0131d\u0131r. Tiyatro Sporu oyuncu ve seyircilerin, sahnede biraz sonra ne olaca\u011f\u0131n\u0131 bilmedikleri \u00e7a\u011fr\u0131\u015f\u0131mlara dayal\u0131 bir oyun t\u00fcr\u00fcd\u00fcr. Sahneler genelde 3 ve 15 dakika aras\u0131nda de\u011fi\u015fir. Bir m\u00fczisyen oyuncularla e\u015fit durumda sahnede yer al\u0131r. Uygulay\u0131c\u0131lar\u0131 hem yazar hem y\u00f6netmen hem de oyuncu olarak g\u00f6rev al\u0131rlar. Do\u011fa\u00e7lamalar, sahnede oyuncuya s\u0131n\u0131rlamalar getiren \u00e7e\u015fitli turlar arac\u0131l\u0131\u011f\u0131yla ger\u00e7ekle\u015ftirilir. Seyirci oyunlar\u0131n konular\u0131n\u0131, kahramanlar\u0131n\u0131, oyunun ge\u00e7ti\u011fi mek\u00e2nlar\u0131 belirlemede etkilidir. Seyirciler her b\u00f6l\u00fcm\u00fcn sonunda alk\u0131\u015flarla ya da oy kartlar\u0131n\u0131 kullanarak hangi tak\u0131m\u0131n en iyi performans g\u00f6sterdi\u011fine karar verirler.<\/span><\/p>\n<p><span style=\"font-weight: 400;\">&#8211;<\/span><\/p>\n<p><span style=\"font-weight: 400;\">Theatre, as a sport, is based both on improvisation and the audience\u2019s constant activity. Acting is completely based on spontaneity. Theatre Sport is a type of play based on associations that actors and audience do not know what will happen next on the stage. Stage durations usually range between 3 and 15 minutes. A musician is on stage on equal footing with the actors. Its practitioners take charge as writers, directors and actors. Improvisations are accomplished through various rounds on stage that impose limitations on the actor. The audience is effective in determining the subjects, heroes, and places where the play takes place. At the end of each episode, the audience decides which team performs best, either by applause or by using voting cards.<\/span><\/p>\n<\/div><\/section><br \/>\n\n<style type=\"text\/css\" data-created_by=\"avia_inline_auto\" id=\"style-css-av-l36ah3nr-67cc5df011a50ea52ca58c58861050f1\">\n#top .hr.hr-invisible.av-l36ah3nr-67cc5df011a50ea52ca58c58861050f1{\nheight:20px;\n}\n<\/style>\n<div  class='hr av-l36ah3nr-67cc5df011a50ea52ca58c58861050f1 hr-invisible  avia-builder-el-5  el_after_av_textblock  el_before_av_textblock'><span class='hr-inner'><span class=\"hr-inner-style\"><\/span><\/span><\/div><br \/>\n<section class=\"av_textblock_section\"  itemscope=\"itemscope\" itemtype=\"https:\/\/schema.org\/CreativeWork\" ><div class='avia_textblock  av_inherit_color'  style='color:#1d1d1b; '  itemprop=\"text\" ><p><b>Oyuncular \/ Casts: <\/b><span style=\"font-weight: 400;\">Burak \u00d6zbayku\u015f, Sevin\u00e7 Ustaba\u015f, Umut \u00d6zan, Cenk \u00d6ztekin\u00a0<\/span><\/p>\n<p><b>Teknik \/ Technical: <\/b><span style=\"font-weight: 400;\">H\u00fcseyin Koca<\/span><\/p>\n<p><b>Oyun S\u00fcresi \/ Performance Duration :<\/b> <span style=\"font-weight: 400;\">90\u2019<\/span><\/p>\n<p><b>Ya\u015f \/ Age : <\/b><span style=\"font-weight: 400;\">+16\u00a0<\/span><\/p>\n<\/div><\/section><\/p><\/div><\/p>","protected":false},"excerpt":{"rendered":"","protected":false},"author":1,"featured_media":0,"parent":0,"menu_order":0,"comment_status":"closed","ping_status":"closed","template":"","meta":{"footnotes":""},"class_list":["post-2841","page","type-page","status-publish","hentry"],"_links":{"self":[{"href":"https:\/\/bergamatiyatrofestivali.com\/en\/wp-json\/wp\/v2\/pages\/2841","targetHints":{"allow":["GET"]}}],"collection":[{"href":"https:\/\/bergamatiyatrofestivali.com\/en\/wp-json\/wp\/v2\/pages"}],"about":[{"href":"https:\/\/bergamatiyatrofestivali.com\/en\/wp-json\/wp\/v2\/types\/page"}],"author":[{"embeddable":true,"href":"https:\/\/bergamatiyatrofestivali.com\/en\/wp-json\/wp\/v2\/users\/1"}],"replies":[{"embeddable":true,"href":"https:\/\/bergamatiyatrofestivali.com\/en\/wp-json\/wp\/v2\/comments?post=2841"}],"version-history":[{"count":5,"href":"https:\/\/bergamatiyatrofestivali.com\/en\/wp-json\/wp\/v2\/pages\/2841\/revisions"}],"predecessor-version":[{"id":3401,"href":"https:\/\/bergamatiyatrofestivali.com\/en\/wp-json\/wp\/v2\/pages\/2841\/revisions\/3401"}],"wp:attachment":[{"href":"https:\/\/bergamatiyatrofestivali.com\/en\/wp-json\/wp\/v2\/media?parent=2841"}],"curies":[{"name":"wp","href":"https:\/\/api.w.org\/{rel}","templated":true}]}}