{"id":2838,"date":"2022-05-16T22:45:00","date_gmt":"2022-05-16T19:45:00","guid":{"rendered":"https:\/\/bergamatiyatrofestivali.com\/?page_id=2838"},"modified":"2022-05-31T15:11:37","modified_gmt":"2022-05-31T12:11:37","slug":"bergamada-zeytin-ve-zeytinyagi","status":"publish","type":"page","link":"https:\/\/bergamatiyatrofestivali.com\/en\/bergamada-zeytin-ve-zeytinyagi\/","title":{"rendered":"Bergama&#8217;da Zeytin ve Zeytinya\u011f\u0131"},"content":{"rendered":"<div class='flex_column av-ep946-c132ea9dc43f51f3f41cf6759e8d3b86 av_one_half  avia-builder-el-0  el_before_av_one_half  avia-builder-el-first  first flex_column_div'   ><p>\n<style type=\"text\/css\" data-created_by=\"avia_inline_auto\" id=\"style-css-av-l394y6nk-b140df0d04b0ad7a63708ece5e6e7263\">\n.avia-image-container.av-l394y6nk-b140df0d04b0ad7a63708ece5e6e7263 .av-image-caption-overlay-center{\ncolor:#ffffff;\n}\n<\/style>\n<div  class='avia-image-container av-l394y6nk-b140df0d04b0ad7a63708ece5e6e7263 av-styling- avia-align-center  avia-builder-el-1  el_before_av_textblock  avia-builder-el-first'  itemprop=\"image\" itemscope=\"itemscope\" itemtype=\"https:\/\/schema.org\/ImageObject\" ><div class=\"avia-image-container-inner\"><div class=\"avia-image-overlay-wrap\"><img decoding=\"async\" class='wp-image-3373 avia-img-lazy-loading-not-3373 avia_image' src=\"https:\/\/bergamatiyatrofestivali.com\/wp-content\/uploads\/2022\/05\/zeytinyagi-post.png\" alt='' title='zeytinya\u011f\u0131-post'  height=\"1080\" width=\"1080\"  itemprop=\"thumbnailUrl\" srcset=\"https:\/\/bergamatiyatrofestivali.com\/wp-content\/uploads\/2022\/05\/zeytinyagi-post.png 1080w, https:\/\/bergamatiyatrofestivali.com\/wp-content\/uploads\/2022\/05\/zeytinyagi-post-300x300.png 300w, https:\/\/bergamatiyatrofestivali.com\/wp-content\/uploads\/2022\/05\/zeytinyagi-post-1030x1030.png 1030w, https:\/\/bergamatiyatrofestivali.com\/wp-content\/uploads\/2022\/05\/zeytinyagi-post-80x80.png 80w, https:\/\/bergamatiyatrofestivali.com\/wp-content\/uploads\/2022\/05\/zeytinyagi-post-768x768.png 768w, https:\/\/bergamatiyatrofestivali.com\/wp-content\/uploads\/2022\/05\/zeytinyagi-post-12x12.png 12w, https:\/\/bergamatiyatrofestivali.com\/wp-content\/uploads\/2022\/05\/zeytinyagi-post-36x36.png 36w, https:\/\/bergamatiyatrofestivali.com\/wp-content\/uploads\/2022\/05\/zeytinyagi-post-180x180.png 180w, https:\/\/bergamatiyatrofestivali.com\/wp-content\/uploads\/2022\/05\/zeytinyagi-post-705x705.png 705w\" sizes=\"(max-width: 1080px) 100vw, 1080px\" \/><\/div><\/div><\/div><br \/>\n<section class=\"av_textblock_section\"  itemscope=\"itemscope\" itemtype=\"https:\/\/schema.org\/CreativeWork\" ><div class='avia_textblock  av_inherit_color'  style='color:#1d1d1b; '  itemprop=\"text\" ><h2><strong>Bergama\u2019da Zeytin ve Zeytinya\u011f\u0131 K\u00fclt\u00fcr\u00fc At\u00f6lyesi<\/strong><\/h2>\n<h3><em><strong>Bergama\u2019s Olive and Olive Oil Culture Workshop<\/strong><\/em><\/h3>\n<h3><span style=\"font-weight: 400;\">Ayhan Ak\u00e7ay\u00a0<\/span><\/h3>\n<h4><span style=\"font-weight: 400;\">4 Haziran &#8211; June \/ Cumartesi &#8211; Saturday, 13:00<\/span><\/h4>\n<h5><b><span style=\"font-weight: 400;\">Tabakhaneler &#8211; Tanneries<\/span><\/b><\/h5>\n<p>Etkinlik \u00fccretsizdir. This event is free.<\/p>\n<\/div><\/section><\/p><\/div><div class='flex_column av-1ukjc6-22f9592205586cde5d87af8605b1ef01 av_one_half  avia-builder-el-3  el_after_av_one_half  avia-builder-el-last  flex_column_div'   ><p><section class=\"av_textblock_section\"  itemscope=\"itemscope\" itemtype=\"https:\/\/schema.org\/CreativeWork\" ><div class='avia_textblock  av_inherit_color'  style='color:#1d1d1b; '  itemprop=\"text\" ><p><span style=\"font-weight: 400;\">At\u00f6lye s\u00fcresince, d\u00fcnyada ve Bergama\u2019da zeytinin \u00f6nemi, zeytin a\u011fac\u0131n\u0131n s\u0131rlar\u0131,<\/span><\/p>\n<p><span style=\"font-weight: 400;\">kaliteli zeytin ve zeytinya\u011f\u0131n\u0131 ay\u0131rt etmenin yollar\u0131, zeytin ve yan \u00fcr\u00fcnlerinin faydalar\u0131 ve s\u00fcrd\u00fcr\u00fclebilir zeytin i\u015fleme s\u00fcre\u00e7leri \u00fczerine konu\u015fulacak ve ard\u0131ndan zeytin ve zeytinya\u011f\u0131 tad\u0131m\u0131 yap\u0131lacakt\u0131r.<\/span><\/p>\n<p><span style=\"font-weight: 400;\">At\u00f6lye y\u00fcr\u00fct\u00fcc\u00fcs\u00fc Ayhan Ak\u00e7ay Ege \u00dcniversitesi Ziraat Fak\u00fcltesi\u2019nde S\u00fcrd\u00fcr\u00fclebilir Tar\u0131m ve G\u0131da Sistemleri \u00fczerine y\u00fcksek lisans yap\u0131yor. Bergama\u2019n\u0131n \u00c7al\u0131bah\u00e7e k\u00f6y\u00fcnde kendisine ait zeytinlikleri, s\u00fcrd\u00fcr\u00fclebilir tar\u0131m anlay\u0131\u015f\u0131 ile i\u015fleyip kendi markas\u0131 \u00c7al\u0131bah\u00e7e ad\u0131 alt\u0131nda \u00fcr\u00fcnlerini t\u00fcketiciyle bulu\u015fturuyor. Hayat\u0131na giri\u015fimci \u00e7ift\u00e7i olarak devam ediyor.<\/span><\/p>\n<p><span style=\"font-weight: 400;\">&#8211;<\/span><\/p>\n<p><span style=\"font-weight: 400;\">During the workshop, the importance of olives in the world and in Bergama, the secrets of the olive tree, ways to distinguish quality olives and olive oil, the benefits of olives and their by-products and sustainable olive processing methods will be discussed, and then the olive and olive oil tasting will be held.<\/span><\/p>\n<p><span style=\"font-weight: 400;\">Workshop coordinator, Ayhan Ak\u00e7ay: He is completing his master&#8217;s degree on Sustainable Agriculture and Food Systems at the Ege University Faculty of Agriculture. He processes his own olive groves in the \u00c7al\u0131bah\u00e7e village of Bergama with the understanding of sustainable agriculture and brings its products to the consumers under its own brand \u00c7al\u0131bah\u00e7e. He continues his life as an entrepreneurial farmer.<\/span><\/p>\n<\/div><\/section><br \/>\n\n<style type=\"text\/css\" data-created_by=\"avia_inline_auto\" id=\"style-css-av-l36aakxo-b52933a2e37b77c604849e23c543b730\">\n#top .hr.hr-invisible.av-l36aakxo-b52933a2e37b77c604849e23c543b730{\nheight:20px;\n}\n<\/style>\n<div  class='hr av-l36aakxo-b52933a2e37b77c604849e23c543b730 hr-invisible  avia-builder-el-5  el_after_av_textblock  el_before_av_textblock'><span class='hr-inner'><span class=\"hr-inner-style\"><\/span><\/span><\/div><br \/>\n<section class=\"av_textblock_section\"  itemscope=\"itemscope\" itemtype=\"https:\/\/schema.org\/CreativeWork\" ><div class='avia_textblock  av_inherit_color'  style='color:#1d1d1b; '  itemprop=\"text\" ><p><b>At\u00f6lye S\u00fcresi \/ Workshop Duration: <\/b><span style=\"font-weight: 400;\">90\u2019<\/span><\/p>\n<p><b>Kat\u0131l\u0131mc\u0131 Say\u0131s\u0131 \/ Number of Participants: <\/b><span style=\"font-weight: 400;\">40<\/span><\/p>\n<p><b>Ya\u015f \/ Age: <\/b><span style=\"font-weight: 400;\">+16<\/span><\/p>\n<\/div><\/section><\/p><\/div><\/p>","protected":false},"excerpt":{"rendered":"","protected":false},"author":1,"featured_media":0,"parent":0,"menu_order":0,"comment_status":"closed","ping_status":"closed","template":"","meta":{"footnotes":""},"class_list":["post-2838","page","type-page","status-publish","hentry"],"_links":{"self":[{"href":"https:\/\/bergamatiyatrofestivali.com\/en\/wp-json\/wp\/v2\/pages\/2838","targetHints":{"allow":["GET"]}}],"collection":[{"href":"https:\/\/bergamatiyatrofestivali.com\/en\/wp-json\/wp\/v2\/pages"}],"about":[{"href":"https:\/\/bergamatiyatrofestivali.com\/en\/wp-json\/wp\/v2\/types\/page"}],"author":[{"embeddable":true,"href":"https:\/\/bergamatiyatrofestivali.com\/en\/wp-json\/wp\/v2\/users\/1"}],"replies":[{"embeddable":true,"href":"https:\/\/bergamatiyatrofestivali.com\/en\/wp-json\/wp\/v2\/comments?post=2838"}],"version-history":[{"count":11,"href":"https:\/\/bergamatiyatrofestivali.com\/en\/wp-json\/wp\/v2\/pages\/2838\/revisions"}],"predecessor-version":[{"id":3382,"href":"https:\/\/bergamatiyatrofestivali.com\/en\/wp-json\/wp\/v2\/pages\/2838\/revisions\/3382"}],"wp:attachment":[{"href":"https:\/\/bergamatiyatrofestivali.com\/en\/wp-json\/wp\/v2\/media?parent=2838"}],"curies":[{"name":"wp","href":"https:\/\/api.w.org\/{rel}","templated":true}]}}