{"id":2835,"date":"2022-05-14T20:02:32","date_gmt":"2022-05-14T17:02:32","guid":{"rendered":"https:\/\/bergamatiyatrofestivali.com\/?page_id=2835"},"modified":"2022-05-31T14:09:49","modified_gmt":"2022-05-31T11:09:49","slug":"mitolojik-hikayeler","status":"publish","type":"page","link":"https:\/\/bergamatiyatrofestivali.com\/en\/mitolojik-hikayeler\/","title":{"rendered":"Mitolojik Hikayeler"},"content":{"rendered":"<div class='flex_column av-6btktf-ebb63bfeae406eae95dbcbf59ef35335 av_one_half  avia-builder-el-0  el_before_av_one_half  avia-builder-el-first  first flex_column_div'   ><p>\n<style type=\"text\/css\" data-created_by=\"avia_inline_auto\" id=\"style-css-av-gnjz7-2f9762069d08a8c98f700c90b4136278\">\n.avia-image-container.av-gnjz7-2f9762069d08a8c98f700c90b4136278 .av-image-caption-overlay-center{\ncolor:#ffffff;\n}\n<\/style>\n<div  class='avia-image-container av-gnjz7-2f9762069d08a8c98f700c90b4136278 av-styling- avia-align-center  avia-builder-el-1  el_before_av_textblock  avia-builder-el-first'  itemprop=\"image\" itemscope=\"itemscope\" itemtype=\"https:\/\/schema.org\/ImageObject\" ><div class=\"avia-image-container-inner\"><div class=\"avia-image-overlay-wrap\"><img decoding=\"async\" class='wp-image-3368 avia-img-lazy-loading-not-3368 avia_image' src=\"https:\/\/bergamatiyatrofestivali.com\/wp-content\/uploads\/2022\/05\/mitolojik-hikayeler-post1.png\" alt='' title='mitolojik hikayeler-post1'  height=\"1080\" width=\"1080\"  itemprop=\"thumbnailUrl\" srcset=\"https:\/\/bergamatiyatrofestivali.com\/wp-content\/uploads\/2022\/05\/mitolojik-hikayeler-post1.png 1080w, https:\/\/bergamatiyatrofestivali.com\/wp-content\/uploads\/2022\/05\/mitolojik-hikayeler-post1-300x300.png 300w, https:\/\/bergamatiyatrofestivali.com\/wp-content\/uploads\/2022\/05\/mitolojik-hikayeler-post1-1030x1030.png 1030w, https:\/\/bergamatiyatrofestivali.com\/wp-content\/uploads\/2022\/05\/mitolojik-hikayeler-post1-80x80.png 80w, https:\/\/bergamatiyatrofestivali.com\/wp-content\/uploads\/2022\/05\/mitolojik-hikayeler-post1-768x768.png 768w, https:\/\/bergamatiyatrofestivali.com\/wp-content\/uploads\/2022\/05\/mitolojik-hikayeler-post1-12x12.png 12w, https:\/\/bergamatiyatrofestivali.com\/wp-content\/uploads\/2022\/05\/mitolojik-hikayeler-post1-36x36.png 36w, https:\/\/bergamatiyatrofestivali.com\/wp-content\/uploads\/2022\/05\/mitolojik-hikayeler-post1-180x180.png 180w, https:\/\/bergamatiyatrofestivali.com\/wp-content\/uploads\/2022\/05\/mitolojik-hikayeler-post1-705x705.png 705w\" sizes=\"(max-width: 1080px) 100vw, 1080px\" \/><\/div><\/div><\/div><br \/>\n<section class=\"av_textblock_section\"  itemscope=\"itemscope\" itemtype=\"https:\/\/schema.org\/CreativeWork\" ><div class='avia_textblock  av_inherit_color'  style='color:#1d1d1b; '  itemprop=\"text\" ><h2><strong>Mitolojik Hik\u00e2yeler<\/strong><\/h2>\n<h3><em><strong>Mythological Tales<\/strong><\/em><\/h3>\n<h3><span style=\"font-weight: 400;\"> \u0130KSV Alt Kat &amp; Anu\u015fka&#8217;n\u0131n At\u00f6lyesi<\/span><\/h3>\n<h4><span style=\"font-weight: 400;\">4 Haziran &#8211; June \/ Cumartesi &#8211; Saturday, 13:00<\/span><\/h4>\n<h5><span style=\"font-weight: 400;\">Bergama M\u00fczesi &#8211; Bergama Museum<\/span><\/h5>\n<\/div><\/section><br \/>\n\n<style type=\"text\/css\" data-created_by=\"avia_inline_auto\" id=\"style-css-av-l3648vij-945a56697e3f9ecbde4d01c9bc0e61dc\">\n#top .hr.hr-invisible.av-l3648vij-945a56697e3f9ecbde4d01c9bc0e61dc{\nheight:20px;\n}\n<\/style>\n<div  class='hr av-l3648vij-945a56697e3f9ecbde4d01c9bc0e61dc hr-invisible  avia-builder-el-3  el_after_av_textblock  el_before_av_buttonrow'><span class='hr-inner'><span class=\"hr-inner-style\"><\/span><\/span><\/div><br \/>\n<div  class='avia-buttonrow-wrap av-l3649f1w-9185db70a5b4dc24441d8148d225fee8 avia-buttonrow-left  avia-builder-el-4  el_after_av_hr  avia-builder-el-last'>\n\n<style type=\"text\/css\" data-created_by=\"avia_inline_auto\" id=\"style-css-av-l3649cn4-eb53a81b3b11fb1c26f9fd4b81e9ba70\">\n#top #wrap_all .avia-button.av-l3649cn4-eb53a81b3b11fb1c26f9fd4b81e9ba70{\nmargin-bottom:5px;\nmargin-right:5px;\n}\n#top #wrap_all .avia-button.av-l3649cn4-eb53a81b3b11fb1c26f9fd4b81e9ba70:hover{\nbackground-color:black;\ncolor:#ffffff;\ntransition:all 0.4s ease-in-out;\n-webkit-transition:all 0.4s ease-in-out;\n-moz-transition:all 0.4s ease-in-out;\n-ms-transition:all 0.4s ease-in-out;\n-o-transition:all 0.4s ease-in-out;\n}\n<\/style>\n<a href='https:\/\/www.mobilet.com\/event\/mitolojik-hikayeler-iksv-alt-kat-and-anuskanin-atolyesi-11824-030e' class='avia-button av-l3649cn4-eb53a81b3b11fb1c26f9fd4b81e9ba70 avia-icon_select-yes-left-icon avia-size-medium avia-color-black avia-font-color-white' target=\"_blank\" rel=\"noopener noreferrer\"><span class='avia_button_icon avia_button_icon_left' aria-hidden='true' data-av_icon='\ue881' data-av_iconfont='entypo-fontello'><\/span><span class='avia_iconbox_title' >MOB\u0130LET<\/span><\/a>\n<\/div><\/p><\/div><div class='flex_column av-1xs2ab-1ef8b04d674893cae4cb8ee2fbd85fb7 av_one_half  avia-builder-el-5  el_after_av_one_half  avia-builder-el-last  flex_column_div'   ><p><section class=\"av_textblock_section\"  itemscope=\"itemscope\" itemtype=\"https:\/\/schema.org\/CreativeWork\" ><div class='avia_textblock  av_inherit_color'  style='color:#1d1d1b; '  itemprop=\"text\" ><p><span style=\"font-weight: 400;\">Mitolojik Hik\u00e2yeler, Anu\u015fka\u2019n\u0131n At\u00f6lyesi ve \u0130KSV Alt Kat\u2019\u0131n ortakla\u015fa \u00fcretti\u011fi kuklal\u0131 bir \u00e7ocuk g\u00f6sterisidir. Ana karakter\/kukla Afrodit\u2019in anlat\u0131m\u0131yla payla\u015f\u0131lan \u201cTruva\u2019n\u0131n At\u0131\u201d ve \u201cMidas\u2019\u0131n Alt\u0131nlar\u0131\u201d hik\u00e2yelerinde, co\u011frafyam\u0131zda ge\u00e7en efsaneler, \u00f6zg\u00fcn tahta kuklalar ve her b\u00f6l\u00fcmde ekibe kat\u0131lacak bir konuk sanat\u00e7\u0131yla sahnelenecek.<\/span><\/p>\n<p><span style=\"font-weight: 400;\">&#8211;<\/span><\/p>\n<p><span style=\"font-weight: 400;\">Mythological Tales is a children&#8217;s puppet show jointly produced by Anushka&#8217;s Atelier and \u0130KSV Alt Kat. In the stories of &#8220;Trojan&#8217;s Horse&#8221; and &#8220;Midas&#8217; Gold,&#8221; shared with the narration of the main character\/puppet Aphrodite, the legends of our lands will be staged with unique wooden puppets and a guest artist who will join the team in each episode.<\/span><\/p>\n<\/div><\/section><br \/>\n\n<style type=\"text\/css\" data-created_by=\"avia_inline_auto\" id=\"style-css-av-l3648rj7-794c40799519e80a1216a423ef96377f\">\n#top .hr.hr-invisible.av-l3648rj7-794c40799519e80a1216a423ef96377f{\nheight:20px;\n}\n<\/style>\n<div  class='hr av-l3648rj7-794c40799519e80a1216a423ef96377f hr-invisible  avia-builder-el-7  el_after_av_textblock  el_before_av_textblock'><span class='hr-inner'><span class=\"hr-inner-style\"><\/span><\/span><\/div><br \/>\n<section class=\"av_textblock_section\"  itemscope=\"itemscope\" itemtype=\"https:\/\/schema.org\/CreativeWork\" ><div class='avia_textblock  av_inherit_color'  style='color:#1d1d1b; '  itemprop=\"text\" ><p><b>Yazan ve Tasarlayan \/ Written and Designed by:<\/b> <span style=\"font-weight: 400;\">Ani Haddeler<\/span><b>\u00a0<\/b><\/p>\n<p><b>Dekor Tasar\u0131m \/ Decor Design: <\/b><span style=\"font-weight: 400;\">Tolunay T\u00fcrk\u00f6z<\/span><\/p>\n<p><b>I\u015f\u0131k Tasar\u0131m\u0131 \/ Lighting Design: <\/b><span style=\"font-weight: 400;\">Cem Y\u0131lmazer\u00a0<\/span><\/p>\n<p><b>Kost\u00fcm Tasar\u0131m\u0131 \/ Costume Design: <\/b><span style=\"font-weight: 400;\">Hande \u00d6m\u00fcrl\u00fc Y\u0131lmazer<\/span><\/p>\n<p><b>Tasvir Tasar\u0131m\u0131 &amp; Akustik M\u00fczik &amp; Efektler \/ Figurine Design &amp; Acoustic Music &amp; Effects :<\/b><span style=\"font-weight: 400;\"> Ay\u015fe Akarsu\u00a0<\/span><\/p>\n<p><b>Kuklalar &amp; Oyuncular \/ Puppeteers and Cast :<\/b><span style=\"font-weight: 400;\"> Ani Haddeler, Onur G\u00fcr\u00e7ay, Hande \u00d6m\u00fcrl\u00fc Y\u0131lmazer<\/span><\/p>\n<p><b>Konuk Sanat\u00e7\u0131lar \/ Guest Artists :<\/b><span style=\"font-weight: 400;\"> KeKe\u00c7a Beden Perk\u00fcsyonu Toplulu\u011fu (Truva At\u0131) &#8211; G\u00f6k\u00e7e \u00c7e\u00c7e G\u00fcr\u00e7ay (Midas&#8217;\u0131n Alt\u0131nlar\u0131)<\/span><\/p>\n<p><b>Metin Dan\u0131\u015fman\u0131 \/ Text Advisor :<\/b> <span style=\"font-weight: 400;\">Prof. Dr. Nihal Kuyumcu<\/span><\/p>\n<p><b>Oyun S\u00fcresi \/ Performance Duration :<\/b><span style=\"font-weight: 400;\"> 45\u2019<\/span><\/p>\n<p><b>Ya\u015f \/ Age : <\/b><span style=\"font-weight: 400;\">+7<\/span><\/p>\n<\/div><\/section><\/p><\/div><\/p>","protected":false},"excerpt":{"rendered":"","protected":false},"author":1,"featured_media":0,"parent":0,"menu_order":0,"comment_status":"closed","ping_status":"closed","template":"","meta":{"footnotes":""},"class_list":["post-2835","page","type-page","status-publish","hentry"],"_links":{"self":[{"href":"https:\/\/bergamatiyatrofestivali.com\/en\/wp-json\/wp\/v2\/pages\/2835","targetHints":{"allow":["GET"]}}],"collection":[{"href":"https:\/\/bergamatiyatrofestivali.com\/en\/wp-json\/wp\/v2\/pages"}],"about":[{"href":"https:\/\/bergamatiyatrofestivali.com\/en\/wp-json\/wp\/v2\/types\/page"}],"author":[{"embeddable":true,"href":"https:\/\/bergamatiyatrofestivali.com\/en\/wp-json\/wp\/v2\/users\/1"}],"replies":[{"embeddable":true,"href":"https:\/\/bergamatiyatrofestivali.com\/en\/wp-json\/wp\/v2\/comments?post=2835"}],"version-history":[{"count":4,"href":"https:\/\/bergamatiyatrofestivali.com\/en\/wp-json\/wp\/v2\/pages\/2835\/revisions"}],"predecessor-version":[{"id":3374,"href":"https:\/\/bergamatiyatrofestivali.com\/en\/wp-json\/wp\/v2\/pages\/2835\/revisions\/3374"}],"wp:attachment":[{"href":"https:\/\/bergamatiyatrofestivali.com\/en\/wp-json\/wp\/v2\/media?parent=2835"}],"curies":[{"name":"wp","href":"https:\/\/api.w.org\/{rel}","templated":true}]}}