{"id":2832,"date":"2022-05-14T19:38:43","date_gmt":"2022-05-14T16:38:43","guid":{"rendered":"https:\/\/bergamatiyatrofestivali.com\/?page_id=2832"},"modified":"2022-05-31T14:09:40","modified_gmt":"2022-05-31T11:09:40","slug":"koyun-hanimlari","status":"publish","type":"page","link":"https:\/\/bergamatiyatrofestivali.com\/en\/koyun-hanimlari\/","title":{"rendered":"The Ladies Of The Village"},"content":{"rendered":"<div class='flex_column av-5cqi4w-6a0194e64b5edbcc0b617daa79572f52 av_one_half  avia-builder-el-0  el_before_av_one_half  avia-builder-el-first  first flex_column_div'   ><p>\n<style type=\"text\/css\" data-created_by=\"avia_inline_auto\" id=\"style-css-av-4aa468-1881d929a4683de6b018ab02fc819f31\">\n.avia-image-container.av-4aa468-1881d929a4683de6b018ab02fc819f31 .av-image-caption-overlay-center{\ncolor:#ffffff;\n}\n<\/style>\n<div  class='avia-image-container av-4aa468-1881d929a4683de6b018ab02fc819f31 av-styling- avia-align-center  avia-builder-el-1  el_before_av_textblock  avia-builder-el-first'  itemprop=\"image\" itemscope=\"itemscope\" itemtype=\"https:\/\/schema.org\/ImageObject\" ><div class=\"avia-image-container-inner\"><div class=\"avia-image-overlay-wrap\"><img decoding=\"async\" class='wp-image-3367 avia-img-lazy-loading-not-3367 avia_image' src=\"https:\/\/bergamatiyatrofestivali.com\/wp-content\/uploads\/2022\/05\/Koyun-Hanimlari-post.png\" alt='' title='K\u00f6y\u00fcn Han\u0131mlar\u0131-post'  height=\"1080\" width=\"1080\"  itemprop=\"thumbnailUrl\" srcset=\"https:\/\/bergamatiyatrofestivali.com\/wp-content\/uploads\/2022\/05\/Koyun-Hanimlari-post.png 1080w, https:\/\/bergamatiyatrofestivali.com\/wp-content\/uploads\/2022\/05\/Koyun-Hanimlari-post-300x300.png 300w, https:\/\/bergamatiyatrofestivali.com\/wp-content\/uploads\/2022\/05\/Koyun-Hanimlari-post-1030x1030.png 1030w, https:\/\/bergamatiyatrofestivali.com\/wp-content\/uploads\/2022\/05\/Koyun-Hanimlari-post-80x80.png 80w, https:\/\/bergamatiyatrofestivali.com\/wp-content\/uploads\/2022\/05\/Koyun-Hanimlari-post-768x768.png 768w, https:\/\/bergamatiyatrofestivali.com\/wp-content\/uploads\/2022\/05\/Koyun-Hanimlari-post-12x12.png 12w, https:\/\/bergamatiyatrofestivali.com\/wp-content\/uploads\/2022\/05\/Koyun-Hanimlari-post-36x36.png 36w, https:\/\/bergamatiyatrofestivali.com\/wp-content\/uploads\/2022\/05\/Koyun-Hanimlari-post-180x180.png 180w, https:\/\/bergamatiyatrofestivali.com\/wp-content\/uploads\/2022\/05\/Koyun-Hanimlari-post-705x705.png 705w\" sizes=\"(max-width: 1080px) 100vw, 1080px\" \/><\/div><\/div><\/div><br \/>\n<section class=\"av_textblock_section\"  itemscope=\"itemscope\" itemtype=\"https:\/\/schema.org\/CreativeWork\" ><div class='avia_textblock  av_inherit_color'  style='color:#1d1d1b; '  itemprop=\"text\" ><h2><strong> The Ladies Of The Village<\/strong><\/h2>\n<h3><em><strong>The Ladies Of The Village<\/strong><\/em><\/h3>\n<h3><span style=\"font-weight: 400;\">\u0130zmir B\u015eB Ulam\u0131\u015f K\u00f6y Tiyatrosu<\/span><\/h3>\n<h4><span style=\"font-weight: 400;\"> 4 Haziran &#8211; June &#8211; Cumartesi &#8211; Saturday 12:00<\/span><\/h4>\n<h4><span style=\"font-weight: 400;\">5 Haziran \/ June Pazar-Sunday, 17:30<\/span><\/h4>\n<h5><span style=\"font-weight: 400;\">Kozak Yaylas\u0131 &#8211; Yukar\u0131bey Mahallesi, \u00c7\u0131narl\u0131 Kahve\u00a0<\/span><\/h5>\n<\/div><\/section><br \/>\n\n<style type=\"text\/css\" data-created_by=\"avia_inline_auto\" id=\"style-css-av-l363d3m2-491a2cb5cb53a2e35260d090407033cf\">\n#top .hr.hr-invisible.av-l363d3m2-491a2cb5cb53a2e35260d090407033cf{\nheight:20px;\n}\n<\/style>\n<div  class='hr av-l363d3m2-491a2cb5cb53a2e35260d090407033cf hr-invisible  avia-builder-el-3  el_after_av_textblock  el_before_av_textblock'><span class='hr-inner'><span class=\"hr-inner-style\"><\/span><\/span><\/div><br \/>\n<section class=\"av_textblock_section\"  itemscope=\"itemscope\" itemtype=\"https:\/\/schema.org\/CreativeWork\" ><div class='avia_textblock  av_inherit_color'  style='color:#1d1d1b; '  itemprop=\"text\" ><p><span style=\"font-weight: 400;\">*Etkinli\u011fin sonunda ekip ile s\u00f6yle\u015fi olacakt\u0131r.<\/span><\/p>\n<p><i><span style=\"font-weight: 400;\">*There will be a conversation with the team at the end of the event.<\/span><\/i><\/p>\n<\/div><\/section><\/p><\/div><div class='flex_column av-2950i8-15bfb3337f1f70026a8d0a5d0a401e98 av_one_half  avia-builder-el-5  el_after_av_one_half  avia-builder-el-last  flex_column_div'   ><p><section class=\"av_textblock_section\"  itemscope=\"itemscope\" itemtype=\"https:\/\/schema.org\/CreativeWork\" ><div class='avia_textblock  av_inherit_color'  style='color:#1d1d1b; '  itemprop=\"text\" ><p><span style=\"font-weight: 400;\">Sakin, sessiz, \u015firin k\u00f6ylerine atanan doktor ile k\u0131zlar\u0131n\u0131 evlendirmeye \u00e7al\u0131\u015fan d\u00f6rt han\u0131ma\u011fan\u0131n hik\u00e2yesini anlat\u0131r. Han\u0131mlar\u0131n her biri birbirinden ceng\u00e2ver ve kararl\u0131 olunca da bir s\u00fcr\u00fc yanl\u0131\u015f anla\u015f\u0131lman\u0131n ve komik olaylar\u0131n ya\u015fan\u0131lmas\u0131 ka\u00e7\u0131n\u0131lmaz olur. Bu m\u00fccadele i\u00e7inde \u015firin k\u00f6yleri art\u0131k eskisi gibi sessiz kalmayacakt\u0131r elbette. Han\u0131mlar\u0131n hem kendileri hem birbirleriyle ya\u015fad\u0131klar\u0131 tatl\u0131 s\u00fcrt\u00fc\u015fmelerin anlat\u0131ld\u0131\u011f\u0131, k\u00f6y dokusunun korunarak seyirciye aktar\u0131ld\u0131\u011f\u0131, komedi t\u00fcr\u00fcnde bir oyundur.<\/span><\/p>\n<p><span style=\"font-weight: 400;\">&#8211;<\/span><\/p>\n<p><span style=\"font-weight: 400;\">It tells the story of four ladies who try to get their daughters married to the doctor who is assigned to their calm, quiet, quaint village. When each of the ladies is more brave and determined than the other, it is inevitable to experience many misunderstandings and funny incidents. Of course, in this struggle, their cute village will no longer remain silent as before. It is a comedy type play in which the sweet frictions experienced by the ladies both with themselves and with each other are told, and the village texture is preserved and transferred to the audience.<\/span><\/p>\n<\/div><\/section><br \/>\n\n<style type=\"text\/css\" data-created_by=\"avia_inline_auto\" id=\"style-css-av-l363d7n6-92cb775171438a5d1f7f3e5bf48425aa\">\n#top .hr.hr-invisible.av-l363d7n6-92cb775171438a5d1f7f3e5bf48425aa{\nheight:20px;\n}\n<\/style>\n<div  class='hr av-l363d7n6-92cb775171438a5d1f7f3e5bf48425aa hr-invisible  avia-builder-el-7  el_after_av_textblock  el_before_av_textblock'><span class='hr-inner'><span class=\"hr-inner-style\"><\/span><\/span><\/div><br \/>\n<section class=\"av_textblock_section\"  itemscope=\"itemscope\" itemtype=\"https:\/\/schema.org\/CreativeWork\" ><div class='avia_textblock  av_inherit_color'  style='color:#1d1d1b; '  itemprop=\"text\" ><p><b>Uyarlayan ve Y\u00f6neten \/ Adapted and Directed by :<\/b> <span style=\"font-weight: 400;\">Vedat Murat G\u00fczel<\/span><\/p>\n<p><b>Y\u00f6netmen Yard\u0131mc\u0131s\u0131 \/ Assistant Director: <\/b><span style=\"font-weight: 400;\">Selcan Ako\u011flu Kondu\u00a0<\/span><\/p>\n<p><b>Dans-Koreografi \/ Dance-Choreography<\/b><span style=\"font-weight: 400;\"> : Aysun Adilo\u011flu<\/span><\/p>\n<p><b>Oyuncular \/ Casts<\/b><span style=\"font-weight: 400;\">: Sevgi Yatar, Hatice \u00c7amtepe, Hasan \u00c7amtepe, Eralp G\u00fcrsu \u00c7amtepe, Nilg\u00fcn Bahar, Ay\u015fe Duruk, Rukiye Sezen, Asl\u0131 Esenli, Ay\u015fe Berrin Bayus, Enis Bayus, Huriye Delen, Sebahat Ba\u015faran, Selcan Ako\u011flu Kondu, G\u00f6n\u00fcl \u00d6zdemir, Meltem Esenli\u00a0<\/span><\/p>\n<p><b>Oyun S\u00fcresi \/ Performance Duration :<\/b><span style=\"font-weight: 400;\"> 60\u2019<\/span><\/p>\n<p><b>Ya\u015f \/ Age : <\/b><span style=\"font-weight: 400;\">+10<\/span><\/p>\n<\/div><\/section><\/p><\/div><\/p>","protected":false},"excerpt":{"rendered":"","protected":false},"author":2,"featured_media":0,"parent":0,"menu_order":0,"comment_status":"closed","ping_status":"closed","template":"","meta":{"footnotes":""},"class_list":["post-2832","page","type-page","status-publish","hentry"],"_links":{"self":[{"href":"https:\/\/bergamatiyatrofestivali.com\/en\/wp-json\/wp\/v2\/pages\/2832","targetHints":{"allow":["GET"]}}],"collection":[{"href":"https:\/\/bergamatiyatrofestivali.com\/en\/wp-json\/wp\/v2\/pages"}],"about":[{"href":"https:\/\/bergamatiyatrofestivali.com\/en\/wp-json\/wp\/v2\/types\/page"}],"author":[{"embeddable":true,"href":"https:\/\/bergamatiyatrofestivali.com\/en\/wp-json\/wp\/v2\/users\/2"}],"replies":[{"embeddable":true,"href":"https:\/\/bergamatiyatrofestivali.com\/en\/wp-json\/wp\/v2\/comments?post=2832"}],"version-history":[{"count":4,"href":"https:\/\/bergamatiyatrofestivali.com\/en\/wp-json\/wp\/v2\/pages\/2832\/revisions"}],"predecessor-version":[{"id":3456,"href":"https:\/\/bergamatiyatrofestivali.com\/en\/wp-json\/wp\/v2\/pages\/2832\/revisions\/3456"}],"wp:attachment":[{"href":"https:\/\/bergamatiyatrofestivali.com\/en\/wp-json\/wp\/v2\/media?parent=2832"}],"curies":[{"name":"wp","href":"https:\/\/api.w.org\/{rel}","templated":true}]}}