{"id":2829,"date":"2022-05-14T19:33:57","date_gmt":"2022-05-14T16:33:57","guid":{"rendered":"https:\/\/bergamatiyatrofestivali.com\/?page_id=2829"},"modified":"2022-05-31T14:09:31","modified_gmt":"2022-05-31T11:09:31","slug":"camur-atolyesi","status":"publish","type":"page","link":"https:\/\/bergamatiyatrofestivali.com\/en\/camur-atolyesi\/","title":{"rendered":"Mud Workshop"},"content":{"rendered":"<div class='flex_column av-6hvzgt-afd9b0b1eb4a837f5c2ff165291ff421 av_one_half  avia-builder-el-0  el_before_av_one_half  avia-builder-el-first  first flex_column_div'   ><p>\n<style type=\"text\/css\" data-created_by=\"avia_inline_auto\" id=\"style-css-av-4uxuv1-e9bbc8f12e059ba42090f1ee1fec8422\">\n.avia-image-container.av-4uxuv1-e9bbc8f12e059ba42090f1ee1fec8422 .av-image-caption-overlay-center{\ncolor:#ffffff;\n}\n<\/style>\n<div  class='avia-image-container av-4uxuv1-e9bbc8f12e059ba42090f1ee1fec8422 av-styling- avia-align-center  avia-builder-el-1  el_before_av_textblock  avia-builder-el-first'  itemprop=\"image\" itemscope=\"itemscope\" itemtype=\"https:\/\/schema.org\/ImageObject\" ><div class=\"avia-image-container-inner\"><div class=\"avia-image-overlay-wrap\"><img decoding=\"async\" class='wp-image-3366 avia-img-lazy-loading-not-3366 avia_image' src=\"https:\/\/bergamatiyatrofestivali.com\/wp-content\/uploads\/2022\/05\/Camur-Atolyesi-Post-29.jpg\" alt='' title='\u00c7amur At\u00f6lyesi Post-29'  height=\"1080\" width=\"1080\"  itemprop=\"thumbnailUrl\" srcset=\"https:\/\/bergamatiyatrofestivali.com\/wp-content\/uploads\/2022\/05\/Camur-Atolyesi-Post-29.jpg 1080w, https:\/\/bergamatiyatrofestivali.com\/wp-content\/uploads\/2022\/05\/Camur-Atolyesi-Post-29-300x300.jpg 300w, https:\/\/bergamatiyatrofestivali.com\/wp-content\/uploads\/2022\/05\/Camur-Atolyesi-Post-29-1030x1030.jpg 1030w, https:\/\/bergamatiyatrofestivali.com\/wp-content\/uploads\/2022\/05\/Camur-Atolyesi-Post-29-80x80.jpg 80w, https:\/\/bergamatiyatrofestivali.com\/wp-content\/uploads\/2022\/05\/Camur-Atolyesi-Post-29-768x768.jpg 768w, https:\/\/bergamatiyatrofestivali.com\/wp-content\/uploads\/2022\/05\/Camur-Atolyesi-Post-29-12x12.jpg 12w, https:\/\/bergamatiyatrofestivali.com\/wp-content\/uploads\/2022\/05\/Camur-Atolyesi-Post-29-36x36.jpg 36w, https:\/\/bergamatiyatrofestivali.com\/wp-content\/uploads\/2022\/05\/Camur-Atolyesi-Post-29-180x180.jpg 180w, https:\/\/bergamatiyatrofestivali.com\/wp-content\/uploads\/2022\/05\/Camur-Atolyesi-Post-29-705x705.jpg 705w\" sizes=\"(max-width: 1080px) 100vw, 1080px\" \/><\/div><\/div><\/div><br \/>\n<section class=\"av_textblock_section\"  itemscope=\"itemscope\" itemtype=\"https:\/\/schema.org\/CreativeWork\" ><div class='avia_textblock  av_inherit_color'  style='color:#1d1d1b; '  itemprop=\"text\" ><h2><strong>Mud Workshop<\/strong><\/h2>\n<h3><strong><em>Mud Workshop<\/em><\/strong><\/h3>\n<h3><span style=\"font-weight: 400;\">H\u00fcseyin Besli\u00a0<\/span><\/h3>\n<h4><span style=\"font-weight: 400;\">4 Haziran &#8211; June \/ Cumartesi &#8211; Saturday, 11:00, 13:00<\/span><\/h4>\n<h5><span style=\"font-weight: 400;\">Arthistik Creative Studio,<\/span><\/h5>\n<h5><span style=\"font-weight: 400;\">Bulu\u015fma Noktas\u0131 &#8211; Meeting Point: \u00c7\u0131narl\u0131 Kahve<\/span><\/h5>\n<\/div><\/section><br \/>\n\n<style type=\"text\/css\" data-created_by=\"avia_inline_auto\" id=\"style-css-av-l3638ny8-ccfe0adcb2b39dcc589fad8e635fbdef\">\n#top .hr.hr-invisible.av-l3638ny8-ccfe0adcb2b39dcc589fad8e635fbdef{\nheight:20px;\n}\n<\/style>\n<div  class='hr av-l3638ny8-ccfe0adcb2b39dcc589fad8e635fbdef hr-invisible  avia-builder-el-3  el_after_av_textblock  el_before_av_buttonrow'><span class='hr-inner'><span class=\"hr-inner-style\"><\/span><\/span><\/div><br \/>\n<div  class='avia-buttonrow-wrap av-l3637g25-d9710fa0ae1f1d9e184ebe3a996e31db avia-buttonrow-left  avia-builder-el-4  el_after_av_hr  avia-builder-el-last'>\n\n<style type=\"text\/css\" data-created_by=\"avia_inline_auto\" id=\"style-css-av-l3637dw2-1a7549e40b8dd069da87abd8f179b435\">\n#top #wrap_all .avia-button.av-l3637dw2-1a7549e40b8dd069da87abd8f179b435{\nmargin-bottom:5px;\nmargin-right:5px;\n}\n#top #wrap_all .avia-button.av-l3637dw2-1a7549e40b8dd069da87abd8f179b435:hover{\nbackground-color:black;\ncolor:#ffffff;\ntransition:all 0.4s ease-in-out;\n-webkit-transition:all 0.4s ease-in-out;\n-moz-transition:all 0.4s ease-in-out;\n-ms-transition:all 0.4s ease-in-out;\n-o-transition:all 0.4s ease-in-out;\n}\n<\/style>\n<a href='https:\/\/www.mobilet.com\/event\/camur-atolyesi-huseyin-besli-11853-0de9' class='avia-button av-l3637dw2-1a7549e40b8dd069da87abd8f179b435 avia-icon_select-yes-left-icon avia-size-medium avia-color-black avia-font-color-white' target=\"_blank\" rel=\"noopener noreferrer\"><span class='avia_button_icon avia_button_icon_left' aria-hidden='true' data-av_icon='\ue881' data-av_iconfont='entypo-fontello'><\/span><span class='avia_iconbox_title' >MOB\u0130LET 11:00<\/span><\/a>\n\n<style type=\"text\/css\" data-created_by=\"avia_inline_auto\" id=\"style-css-av-l3637dw2-d9a261f69f08b169831a76ad10b87473\">\n#top #wrap_all .avia-button.av-l3637dw2-d9a261f69f08b169831a76ad10b87473{\nmargin-bottom:5px;\nmargin-right:5px;\n}\n#top #wrap_all .avia-button.av-l3637dw2-d9a261f69f08b169831a76ad10b87473:hover{\nbackground-color:black;\ncolor:#ffffff;\ntransition:all 0.4s ease-in-out;\n-webkit-transition:all 0.4s ease-in-out;\n-moz-transition:all 0.4s ease-in-out;\n-ms-transition:all 0.4s ease-in-out;\n-o-transition:all 0.4s ease-in-out;\n}\n<\/style>\n<a href='https:\/\/www.mobilet.com\/event\/camur-atolyesi-huseyin-besli-11854-1845' class='avia-button av-l3637dw2-d9a261f69f08b169831a76ad10b87473 avia-icon_select-yes-left-icon avia-size-medium avia-color-black avia-font-color-white' target=\"_blank\" rel=\"noopener noreferrer\"><span class='avia_button_icon avia_button_icon_left' aria-hidden='true' data-av_icon='\ue881' data-av_iconfont='entypo-fontello'><\/span><span class='avia_iconbox_title' >MOB\u0130LET 13:00<\/span><\/a>\n<\/div><\/p><\/div><div class='flex_column av-2b6yjh-d15c789dcc835b84be295d52f64cce46 av_one_half  avia-builder-el-5  el_after_av_one_half  avia-builder-el-last  flex_column_div'   ><p><section class=\"av_textblock_section\"  itemscope=\"itemscope\" itemtype=\"https:\/\/schema.org\/CreativeWork\" ><div class='avia_textblock  av_inherit_color'  style='color:#1d1d1b; '  itemprop=\"text\" ><p><span style=\"font-weight: 400;\">7-12 ya\u015f aras\u0131ndaki \u00e7ocuklarla bir heykel at\u00f6lyesinde heykelin temelini olu\u015fturan \u00e7amura \u015fekil verme deneyiminden yola \u00e7\u0131karak her kat\u0131l\u0131mc\u0131 kendi istedi\u011fi bir objeyi \u015fekillendirerek \u00e7amur ile tan\u0131\u015facak ve basit aletleri kullanmay\u0131 \u00f6\u011frenecek. Kirlenebilecek k\u0131yafetler tercih edilebilir.\u00a0<\/span><\/p>\n<p><span style=\"font-weight: 400;\">1976 Bergama do\u011fumlu. Eski\u015fehir Anadolu \u00dcniversitesi G\u00fczel Sanatlar Fak\u00fcltesi Heykel B\u00f6l\u00fcm\u00fc mezunu. 2003 y\u0131l\u0131ndan beri Bergama Arastas\u0131\u2019nda yer alan Arthistik Creative Studio adl\u0131 at\u00f6lyesinde sanatsal \u00e7al\u0131\u015fmalar\u0131n\u0131 s\u00fcrd\u00fcr\u00fcyor. <\/span><span style=\"font-weight: 400;\">Heykel, dekorasyon, resim, tasar\u0131m uygulamalar\u0131 yap\u0131yor. Hobi ve g\u00fczel sanatlara haz\u0131rl\u0131k kurslar\u0131, \u00e7ocuklara ve yeti\u015fkinlere y\u00f6nelik <\/span><span style=\"font-weight: 400;\">\u00e7amur at\u00f6lye \u00e7al\u0131\u015fmalar\u0131 d\u00fczenliyor.\u00a0<\/span><\/p>\n<p><span style=\"font-weight: 400;\">&#8211;<\/span><\/p>\n<p><span style=\"font-weight: 400;\">In this sculpture workshop held with children between the ages of 7 and 12, each participant will shape an object of their own choice, based on the experience of shaping the mud that forms the basis of the sculpture, and will meet with mud and learn to use simple tools. Clothing to get messy, please dress accordingly.<\/span><\/p>\n<p><span style=\"font-weight: 400;\">\u00a0<\/span><span style=\"font-weight: 400;\">H\u00fcseyin Besli <\/span><span style=\"font-weight: 400;\">was born in 1976 in Bergama. He graduated from Eski\u015fehir Anadolu University, Faculty of Fine Arts, Department of Sculpture. Since 2003, he has been continuing his artistic works in his workshop called<\/span><span style=\"font-weight: 400;\"> Arthistic Creative Studio, <\/span><span style=\"font-weight: 400;\">located in Bergama Arasta. He creates sculpture, decoration, painting and design applications and also organizes hobby and fine arts preparation courses, and mud workshops for children and adults.<\/span><\/p>\n<\/div><\/section><br \/>\n\n<style type=\"text\/css\" data-created_by=\"avia_inline_auto\" id=\"style-css-av-l3638k7j-39fe86c109016f4b439c526136531844\">\n#top .hr.hr-invisible.av-l3638k7j-39fe86c109016f4b439c526136531844{\nheight:20px;\n}\n<\/style>\n<div  class='hr av-l3638k7j-39fe86c109016f4b439c526136531844 hr-invisible  avia-builder-el-7  el_after_av_textblock  el_before_av_textblock'><span class='hr-inner'><span class=\"hr-inner-style\"><\/span><\/span><\/div><br \/>\n<section class=\"av_textblock_section\"  itemscope=\"itemscope\" itemtype=\"https:\/\/schema.org\/CreativeWork\" ><div class='avia_textblock  av_inherit_color'  style='color:#1d1d1b; '  itemprop=\"text\" ><p><b>At\u00f6lye S\u00fcresi \/ Workshop Duration: <\/b><span style=\"font-weight: 400;\">60\u2019<\/span><\/p>\n<p><b>Kat\u0131l\u0131mc\u0131 Say\u0131s\u0131 \/ Number of Participants: <\/b><span style=\"font-weight: 400;\">10<\/span><\/p>\n<p><b>Ya\u015f \/ Age: <\/b><span style=\"font-weight: 400;\">7-12 Ya\u015f \/ 7-12 Year Olds<\/span><\/p>\n<\/div><\/section><\/p><\/div><\/p>","protected":false},"excerpt":{"rendered":"","protected":false},"author":1,"featured_media":0,"parent":0,"menu_order":0,"comment_status":"closed","ping_status":"closed","template":"","meta":{"footnotes":""},"class_list":["post-2829","page","type-page","status-publish","hentry"],"_links":{"self":[{"href":"https:\/\/bergamatiyatrofestivali.com\/en\/wp-json\/wp\/v2\/pages\/2829","targetHints":{"allow":["GET"]}}],"collection":[{"href":"https:\/\/bergamatiyatrofestivali.com\/en\/wp-json\/wp\/v2\/pages"}],"about":[{"href":"https:\/\/bergamatiyatrofestivali.com\/en\/wp-json\/wp\/v2\/types\/page"}],"author":[{"embeddable":true,"href":"https:\/\/bergamatiyatrofestivali.com\/en\/wp-json\/wp\/v2\/users\/1"}],"replies":[{"embeddable":true,"href":"https:\/\/bergamatiyatrofestivali.com\/en\/wp-json\/wp\/v2\/comments?post=2829"}],"version-history":[{"count":4,"href":"https:\/\/bergamatiyatrofestivali.com\/en\/wp-json\/wp\/v2\/pages\/2829\/revisions"}],"predecessor-version":[{"id":3370,"href":"https:\/\/bergamatiyatrofestivali.com\/en\/wp-json\/wp\/v2\/pages\/2829\/revisions\/3370"}],"wp:attachment":[{"href":"https:\/\/bergamatiyatrofestivali.com\/en\/wp-json\/wp\/v2\/media?parent=2829"}],"curies":[{"name":"wp","href":"https:\/\/api.w.org\/{rel}","templated":true}]}}