{"id":2826,"date":"2022-05-14T19:29:59","date_gmt":"2022-05-14T16:29:59","guid":{"rendered":"https:\/\/bergamatiyatrofestivali.com\/?page_id=2826"},"modified":"2022-05-31T14:09:20","modified_gmt":"2022-05-31T11:09:20","slug":"kiz-bergama-halisi-dokuma","status":"publish","type":"page","link":"https:\/\/bergamatiyatrofestivali.com\/en\/kiz-bergama-halisi-dokuma\/","title":{"rendered":"K\u0131z Bergama Hal\u0131s\u0131 Dokuma"},"content":{"rendered":"<div class='flex_column av-5kva96-918def0dc291f0004d18e8ad096bc2ae av_one_half  avia-builder-el-0  el_before_av_one_half  avia-builder-el-first  first flex_column_div'   ><p>\n<style type=\"text\/css\" data-created_by=\"avia_inline_auto\" id=\"style-css-av-4urfdm-8eee96d0abc2852bdb5bce1da364ad1d\">\n.avia-image-container.av-4urfdm-8eee96d0abc2852bdb5bce1da364ad1d .av-image-caption-overlay-center{\ncolor:#ffffff;\n}\n<\/style>\n<div  class='avia-image-container av-4urfdm-8eee96d0abc2852bdb5bce1da364ad1d av-styling- avia-align-center  avia-builder-el-1  el_before_av_textblock  avia-builder-el-first'  itemprop=\"image\" itemscope=\"itemscope\" itemtype=\"https:\/\/schema.org\/ImageObject\" ><div class=\"avia-image-container-inner\"><div class=\"avia-image-overlay-wrap\"><img decoding=\"async\" class='wp-image-3365 avia-img-lazy-loading-not-3365 avia_image' src=\"https:\/\/bergamatiyatrofestivali.com\/wp-content\/uploads\/2022\/05\/hali-dokuma-post.png\" alt='' title='hal\u0131 dokuma-post'  height=\"1080\" width=\"1080\"  itemprop=\"thumbnailUrl\" srcset=\"https:\/\/bergamatiyatrofestivali.com\/wp-content\/uploads\/2022\/05\/hali-dokuma-post.png 1080w, https:\/\/bergamatiyatrofestivali.com\/wp-content\/uploads\/2022\/05\/hali-dokuma-post-300x300.png 300w, https:\/\/bergamatiyatrofestivali.com\/wp-content\/uploads\/2022\/05\/hali-dokuma-post-1030x1030.png 1030w, https:\/\/bergamatiyatrofestivali.com\/wp-content\/uploads\/2022\/05\/hali-dokuma-post-80x80.png 80w, https:\/\/bergamatiyatrofestivali.com\/wp-content\/uploads\/2022\/05\/hali-dokuma-post-768x768.png 768w, https:\/\/bergamatiyatrofestivali.com\/wp-content\/uploads\/2022\/05\/hali-dokuma-post-12x12.png 12w, https:\/\/bergamatiyatrofestivali.com\/wp-content\/uploads\/2022\/05\/hali-dokuma-post-36x36.png 36w, https:\/\/bergamatiyatrofestivali.com\/wp-content\/uploads\/2022\/05\/hali-dokuma-post-180x180.png 180w, https:\/\/bergamatiyatrofestivali.com\/wp-content\/uploads\/2022\/05\/hali-dokuma-post-705x705.png 705w\" sizes=\"(max-width: 1080px) 100vw, 1080px\" \/><\/div><\/div><\/div><br \/>\n<section class=\"av_textblock_section\"  itemscope=\"itemscope\" itemtype=\"https:\/\/schema.org\/CreativeWork\" ><div class='avia_textblock  av_inherit_color'  style='color:#1d1d1b; '  itemprop=\"text\" ><h2><strong>K\u0131z Bergama Hal\u0131s\u0131 Dokuma At\u00f6lyesi<\/strong><\/h2>\n<h3><em><strong>Maiden Bergama Carpet Weaving Workshop<\/strong><\/em><\/h3>\n<h3><span style=\"font-weight: 400;\">Fatma \u00c7elik<\/span><\/h3>\n<h4><span style=\"font-weight: 400;\">4 Haziran &#8211; June \/ Cumartesi &#8211; Saturday, 11.00<\/span><\/h4>\n<h5><span style=\"font-weight: 400;\">Yabets Sinagogu \/ Yabets Synagogue\u00a0<\/span><\/h5>\n<\/div><\/section><br \/>\n\n<style type=\"text\/css\" data-created_by=\"avia_inline_auto\" id=\"style-css-av-l3631zea-875ec3287cbccf593668405d80c2d7ae\">\n#top .hr.hr-invisible.av-l3631zea-875ec3287cbccf593668405d80c2d7ae{\nheight:20px;\n}\n<\/style>\n<div  class='hr av-l3631zea-875ec3287cbccf593668405d80c2d7ae hr-invisible  avia-builder-el-3  el_after_av_textblock  el_before_av_buttonrow'><span class='hr-inner'><span class=\"hr-inner-style\"><\/span><\/span><\/div><br \/>\n<div  class='avia-buttonrow-wrap av-l3632irt-147da7ec703461a586d80a442bd7de9c avia-buttonrow-left  avia-builder-el-4  el_after_av_hr  avia-builder-el-last'>\n\n<style type=\"text\/css\" data-created_by=\"avia_inline_auto\" id=\"style-css-av-l3632hv2-01aec03b6198062d7a54bdb39829c44c\">\n#top #wrap_all .avia-button.av-l3632hv2-01aec03b6198062d7a54bdb39829c44c{\nmargin-bottom:5px;\nmargin-right:5px;\n}\n#top #wrap_all .avia-button.av-l3632hv2-01aec03b6198062d7a54bdb39829c44c:hover{\nbackground-color:black;\ncolor:#ffffff;\ntransition:all 0.4s ease-in-out;\n-webkit-transition:all 0.4s ease-in-out;\n-moz-transition:all 0.4s ease-in-out;\n-ms-transition:all 0.4s ease-in-out;\n-o-transition:all 0.4s ease-in-out;\n}\n<\/style>\n<a href='https:\/\/www.mobilet.com\/event\/kiz-bergama-halisi-dokuma-atolyesi-fatma-celik-11863-8a22' class='avia-button av-l3632hv2-01aec03b6198062d7a54bdb39829c44c avia-icon_select-yes-left-icon avia-size-medium avia-color-black avia-font-color-white' target=\"_blank\" rel=\"noopener noreferrer\"><span class='avia_button_icon avia_button_icon_left' aria-hidden='true' data-av_icon='\ue881' data-av_iconfont='entypo-fontello'><\/span><span class='avia_iconbox_title' >MOB\u0130LET<\/span><\/a>\n<\/div><\/p><\/div><div class='flex_column av-33xrmi-30e5b177dd09bcc53d3f1aaa6381fc88 av_one_half  avia-builder-el-5  el_after_av_one_half  avia-builder-el-last  flex_column_div'   ><p><section class=\"av_textblock_section\"  itemscope=\"itemscope\" itemtype=\"https:\/\/schema.org\/CreativeWork\" ><div class='avia_textblock  av_inherit_color'  style='color:#1d1d1b; '  itemprop=\"text\" ><p><span style=\"font-weight: 400;\">Kat\u0131l\u0131mc\u0131lara, \u015f\u00f6hreti Bergama\u2019n\u0131n s\u0131n\u0131rlar\u0131n\u0131 a\u015fm\u0131\u015f olan K\u0131z Bergama Ya\u011fc\u0131bedir Hal\u0131s\u0131\u2019n\u0131n renk ve \u00f6zellikleri ile \u00f6yk\u00fcs\u00fcne ili\u015fkin bilgi aktar\u0131m\u0131nda bulunulacak ve ayn\u0131 zamanda dokuma at\u00f6lyesi ger\u00e7ekle\u015ftirilecektir. Kat\u0131l\u0131mc\u0131lar kullan\u0131lan renklerin nas\u0131l elde edildi\u011fini, motiflerin ge\u00e7mi\u015fini ve anlamlar\u0131 ile birlikte hal\u0131 dokumaya dair temel becerileri \u00f6\u011frenme \u015fans\u0131 bulacakt\u0131r.<\/span><\/p>\n<p><span style=\"font-weight: 400;\">Fatma \u00c7elik 1967 Manisa Demirci do\u011fumlu. \u00c7ocuklu\u011fundan bu yana hal\u0131 ve kilim dokumakta, hal\u0131-kilim dokumay\u0131 bir sevda olarak g\u00f6rmektedir. Bergama\u2019da usta \u00f6\u011freticilik yapmaktad\u0131r.<\/span><\/p>\n<p><span style=\"font-weight: 400;\">&#8211;<\/span><\/p>\n<p><span style=\"font-weight: 400;\">Participants will be informed about the colors, characteristics and story of the \u201cMaiden Bergama Ya\u011fc\u0131bedir Carpet,\u201d whose fame has exceeded the borders of Bergama. A weaving workshop will also be held. Participants will have the chance to learn how the colors are obtained, the history of the motifs and their meanings, as well as the basic skills of carpet weaving.<\/span><\/p>\n<p><span style=\"font-weight: 400;\">Fatma \u00c7elik was born in 1967 in Demirci, Manisa. She has been weaving carpets and rugs since her childhood, and she sees weaving carpets and rugs as her passion. She is a master instructor for carpet weaving in Bergama.<\/span><\/p>\n<\/div><\/section><br \/>\n\n<style type=\"text\/css\" data-created_by=\"avia_inline_auto\" id=\"style-css-av-l3633l89-a1d07c52e902b20866247941661eba70\">\n#top .hr.hr-invisible.av-l3633l89-a1d07c52e902b20866247941661eba70{\nheight:20px;\n}\n<\/style>\n<div  class='hr av-l3633l89-a1d07c52e902b20866247941661eba70 hr-invisible  avia-builder-el-7  el_after_av_textblock  el_before_av_textblock'><span class='hr-inner'><span class=\"hr-inner-style\"><\/span><\/span><\/div><br \/>\n<section class=\"av_textblock_section\"  itemscope=\"itemscope\" itemtype=\"https:\/\/schema.org\/CreativeWork\" ><div class='avia_textblock  av_inherit_color'  style='color:#1d1d1b; '  itemprop=\"text\" ><p><b>At\u00f6lye S\u00fcresi \/ Workshop Duration: <\/b><span style=\"font-weight: 400;\">60\u2019<\/span><\/p>\n<p><b>Kat\u0131l\u0131mc\u0131 Say\u0131s\u0131 \/ Number of Participants: <\/b><span style=\"font-weight: 400;\">15<\/span><\/p>\n<p><b>Ya\u015f \/ Age: <\/b><span style=\"font-weight: 400;\">+16<\/span><\/p>\n<\/div><\/section><\/p><\/div><\/p>","protected":false},"excerpt":{"rendered":"","protected":false},"author":1,"featured_media":0,"parent":0,"menu_order":0,"comment_status":"closed","ping_status":"closed","template":"","meta":{"footnotes":""},"class_list":["post-2826","page","type-page","status-publish","hentry"],"_links":{"self":[{"href":"https:\/\/bergamatiyatrofestivali.com\/en\/wp-json\/wp\/v2\/pages\/2826","targetHints":{"allow":["GET"]}}],"collection":[{"href":"https:\/\/bergamatiyatrofestivali.com\/en\/wp-json\/wp\/v2\/pages"}],"about":[{"href":"https:\/\/bergamatiyatrofestivali.com\/en\/wp-json\/wp\/v2\/types\/page"}],"author":[{"embeddable":true,"href":"https:\/\/bergamatiyatrofestivali.com\/en\/wp-json\/wp\/v2\/users\/1"}],"replies":[{"embeddable":true,"href":"https:\/\/bergamatiyatrofestivali.com\/en\/wp-json\/wp\/v2\/comments?post=2826"}],"version-history":[{"count":3,"href":"https:\/\/bergamatiyatrofestivali.com\/en\/wp-json\/wp\/v2\/pages\/2826\/revisions"}],"predecessor-version":[{"id":3369,"href":"https:\/\/bergamatiyatrofestivali.com\/en\/wp-json\/wp\/v2\/pages\/2826\/revisions\/3369"}],"wp:attachment":[{"href":"https:\/\/bergamatiyatrofestivali.com\/en\/wp-json\/wp\/v2\/media?parent=2826"}],"curies":[{"name":"wp","href":"https:\/\/api.w.org\/{rel}","templated":true}]}}