{"id":2823,"date":"2022-05-14T19:25:47","date_gmt":"2022-05-14T16:25:47","guid":{"rendered":"https:\/\/bergamatiyatrofestivali.com\/?page_id=2823"},"modified":"2022-05-18T22:38:30","modified_gmt":"2022-05-18T19:38:30","slug":"tiyatro-teknik-produksiyon","status":"publish","type":"page","link":"https:\/\/bergamatiyatrofestivali.com\/en\/tiyatro-teknik-produksiyon\/","title":{"rendered":"Tiyatro Teknik Prod\u00fcksiyon"},"content":{"rendered":"<div class='flex_column av-6j7zuv-61566ead7f378609c5ca42f7dd63081a av_one_half  avia-builder-el-0  el_before_av_one_half  avia-builder-el-first  first flex_column_div'   ><p>\n<style type=\"text\/css\" data-created_by=\"avia_inline_auto\" id=\"style-css-av-4v6n7r-f61af8ca888295c8a781382f53218c1a\">\n.avia-image-container.av-4v6n7r-f61af8ca888295c8a781382f53218c1a .av-image-caption-overlay-center{\ncolor:#ffffff;\n}\n<\/style>\n<div  class='avia-image-container av-4v6n7r-f61af8ca888295c8a781382f53218c1a av-styling- avia-align-center  avia-builder-el-1  el_before_av_textblock  avia-builder-el-first'  itemprop=\"image\" itemscope=\"itemscope\" itemtype=\"https:\/\/schema.org\/ImageObject\" ><div class=\"avia-image-container-inner\"><div class=\"avia-image-overlay-wrap\"><img decoding=\"async\" class='wp-image-3007 avia-img-lazy-loading-not-3007 avia_image' src=\"https:\/\/bergamatiyatrofestivali.com\/wp-content\/uploads\/2022\/05\/tiyatro-teknik_olcek.jpg\" alt='' title=''  height=\"1080\" width=\"1080\"  itemprop=\"thumbnailUrl\" srcset=\"https:\/\/bergamatiyatrofestivali.com\/wp-content\/uploads\/2022\/05\/tiyatro-teknik_olcek.jpg 1080w, https:\/\/bergamatiyatrofestivali.com\/wp-content\/uploads\/2022\/05\/tiyatro-teknik_olcek-300x300.jpg 300w, https:\/\/bergamatiyatrofestivali.com\/wp-content\/uploads\/2022\/05\/tiyatro-teknik_olcek-1030x1030.jpg 1030w, https:\/\/bergamatiyatrofestivali.com\/wp-content\/uploads\/2022\/05\/tiyatro-teknik_olcek-80x80.jpg 80w, https:\/\/bergamatiyatrofestivali.com\/wp-content\/uploads\/2022\/05\/tiyatro-teknik_olcek-768x768.jpg 768w, https:\/\/bergamatiyatrofestivali.com\/wp-content\/uploads\/2022\/05\/tiyatro-teknik_olcek-12x12.jpg 12w, https:\/\/bergamatiyatrofestivali.com\/wp-content\/uploads\/2022\/05\/tiyatro-teknik_olcek-36x36.jpg 36w, https:\/\/bergamatiyatrofestivali.com\/wp-content\/uploads\/2022\/05\/tiyatro-teknik_olcek-180x180.jpg 180w, https:\/\/bergamatiyatrofestivali.com\/wp-content\/uploads\/2022\/05\/tiyatro-teknik_olcek-705x705.jpg 705w\" sizes=\"(max-width: 1080px) 100vw, 1080px\" \/><\/div><\/div><\/div><br \/>\n<section class=\"av_textblock_section\"  itemscope=\"itemscope\" itemtype=\"https:\/\/schema.org\/CreativeWork\" ><div class='avia_textblock  av_inherit_color'  style='color:#1d1d1b; '  itemprop=\"text\" ><h2><strong> Tiyatro Teknik Prod\u00fcksiyon At\u00f6lyesi<\/strong><\/h2>\n<h3><em><strong>Technical Production for Theatre Workshop<\/strong><\/em><\/h3>\n<h3><span style=\"font-weight: 400;\">Bar\u0131\u015f Hamarat<\/span><\/h3>\n<h4><span style=\"font-weight: 400;\">4 Haziran \/ June &#8211; Cumartesi \/ Saturday, <\/span><span style=\"font-weight: 400;\">11:00<\/span><\/h4>\n<h5><span style=\"font-weight: 400;\">BerKM \/ <\/span><span style=\"font-weight: 400;\">Bergama Cultural Center<\/span><\/h5>\n<p>Etkinlik \u00fccretsizdir. This event is free.<\/p>\n<\/div><\/section><\/p><\/div><div class='flex_column av-2pf06f-bd9bcde07286eda08d872d41fb8f7d28 av_one_half  avia-builder-el-3  el_after_av_one_half  avia-builder-el-last  flex_column_div'   ><p><section class=\"av_textblock_section\"  itemscope=\"itemscope\" itemtype=\"https:\/\/schema.org\/CreativeWork\" ><div class='avia_textblock  av_inherit_color'  style='color:#1d1d1b; '  itemprop=\"text\" ><p><span style=\"font-weight: 400;\">Tiyatro Teknik Prod\u00fcksiyonu At\u00f6lyesi bir tiyatro oyununun prova ve haz\u0131rl\u0131k a\u015famas\u0131ndan itibaren sahnelenme \u00f6ncesi, sahnelenme s\u0131ras\u0131 ve sonras\u0131n\u0131 kapsayan zaman diliminde ilgili oyunun teknik gerekliliklerine dair t\u00fcm s\u00fcre\u00e7leri kapsayan teknik prod\u00fcksiyon g\u00f6revlerini ele al\u0131r. Bu alandaki temel konseptleri, sorumluluklar\u0131 ve \u00e7al\u0131\u015fma alanlar\u0131n\u0131 anlat\u0131rken; bu sorumlulu\u011fu \u00fcstlenen ki\u015filerin oyun ekibindeki yerinden, oyunun di\u011fer bile\u015fenleri ile ilgili ili\u015fkilerinden ve y\u00fcr\u00fctt\u00fc\u011f\u00fc koordinasyonun esaslar\u0131ndan bahseder.<\/span><\/p>\n<p><span style=\"font-weight: 400;\">&#8211;<\/span><\/p>\n<p><span style=\"font-weight: 400;\">The Technical Production for Theatre Workshop deals with the technical production tasks covering all the processes related to the technical requirements of the play, from the rehearsal to the stage preparation of a theatre play, including the pre, during and post staging periods. While explaining the basic concepts, responsibilities and working areas in this field, the workshop discusses the role of the technical production team members within the entire play team, their relations with the other components of the play and the principles of coordination that they are accountable for.<\/span><\/p>\n<\/div><\/section><br \/>\n\n<style type=\"text\/css\" data-created_by=\"avia_inline_auto\" id=\"style-css-av-l362xa0v-37df86467a724a80726533e70799bb37\">\n#top .hr.hr-invisible.av-l362xa0v-37df86467a724a80726533e70799bb37{\nheight:20px;\n}\n<\/style>\n<div  class='hr av-l362xa0v-37df86467a724a80726533e70799bb37 hr-invisible  avia-builder-el-5  el_after_av_textblock  el_before_av_textblock'><span class='hr-inner'><span class=\"hr-inner-style\"><\/span><\/span><\/div><br \/>\n<section class=\"av_textblock_section\"  itemscope=\"itemscope\" itemtype=\"https:\/\/schema.org\/CreativeWork\" ><div class='avia_textblock  av_inherit_color'  style='color:#1d1d1b; '  itemprop=\"text\" ><p><b>At\u00f6lye S\u00fcresi \/ Workshop Duration: <\/b><span style=\"font-weight: 400;\">60\u2019<\/span><\/p>\n<p><b>Kat\u0131l\u0131mc\u0131 Say\u0131s\u0131 \/ Number of Participants: <\/b><span style=\"font-weight: 400;\">30<\/span><\/p>\n<p><b>Ya\u015f \/ Age: <\/b><span style=\"font-weight: 400;\">+16<\/span><\/p>\n<\/div><\/section><\/p><\/div><\/p>","protected":false},"excerpt":{"rendered":"","protected":false},"author":1,"featured_media":0,"parent":0,"menu_order":0,"comment_status":"closed","ping_status":"closed","template":"","meta":{"footnotes":""},"class_list":["post-2823","page","type-page","status-publish","hentry"],"_links":{"self":[{"href":"https:\/\/bergamatiyatrofestivali.com\/en\/wp-json\/wp\/v2\/pages\/2823","targetHints":{"allow":["GET"]}}],"collection":[{"href":"https:\/\/bergamatiyatrofestivali.com\/en\/wp-json\/wp\/v2\/pages"}],"about":[{"href":"https:\/\/bergamatiyatrofestivali.com\/en\/wp-json\/wp\/v2\/types\/page"}],"author":[{"embeddable":true,"href":"https:\/\/bergamatiyatrofestivali.com\/en\/wp-json\/wp\/v2\/users\/1"}],"replies":[{"embeddable":true,"href":"https:\/\/bergamatiyatrofestivali.com\/en\/wp-json\/wp\/v2\/comments?post=2823"}],"version-history":[{"count":4,"href":"https:\/\/bergamatiyatrofestivali.com\/en\/wp-json\/wp\/v2\/pages\/2823\/revisions"}],"predecessor-version":[{"id":3362,"href":"https:\/\/bergamatiyatrofestivali.com\/en\/wp-json\/wp\/v2\/pages\/2823\/revisions\/3362"}],"wp:attachment":[{"href":"https:\/\/bergamatiyatrofestivali.com\/en\/wp-json\/wp\/v2\/media?parent=2823"}],"curies":[{"name":"wp","href":"https:\/\/api.w.org\/{rel}","templated":true}]}}