{"id":2818,"date":"2022-05-14T19:18:14","date_gmt":"2022-05-14T16:18:14","guid":{"rendered":"https:\/\/bergamatiyatrofestivali.com\/?page_id=2818"},"modified":"2022-06-01T14:17:56","modified_gmt":"2022-06-01T11:17:56","slug":"safe-place","status":"publish","type":"page","link":"https:\/\/bergamatiyatrofestivali.com\/en\/safe-place\/","title":{"rendered":"Safe Place"},"content":{"rendered":"<div class='flex_column av-6fqe8y-f95f9e8cec2ef3021da755b5983acfb2 av_one_half  avia-builder-el-0  el_before_av_one_half  avia-builder-el-first  first flex_column_div'   ><p>\n<style type=\"text\/css\" data-created_by=\"avia_inline_auto\" id=\"style-css-av-4k3jxe-9c586724af4b216b1f1458ca34efaf31\">\n.avia-image-container.av-4k3jxe-9c586724af4b216b1f1458ca34efaf31 .av-image-caption-overlay-center{\ncolor:#ffffff;\n}\n<\/style>\n<div  class='avia-image-container av-4k3jxe-9c586724af4b216b1f1458ca34efaf31 av-styling- avia-align-center  avia-builder-el-1  el_before_av_textblock  avia-builder-el-first'  itemprop=\"image\" itemscope=\"itemscope\" itemtype=\"https:\/\/schema.org\/ImageObject\" ><div class=\"avia-image-container-inner\"><div class=\"avia-image-overlay-wrap\"><img decoding=\"async\" class='wp-image-3359 avia-img-lazy-loading-not-3359 avia_image' src=\"https:\/\/bergamatiyatrofestivali.com\/wp-content\/uploads\/2022\/05\/Safe-Places-Post-300x300.png\" alt='' title='Safe Places-Post'  height=\"300\" width=\"300\"  itemprop=\"thumbnailUrl\" srcset=\"https:\/\/bergamatiyatrofestivali.com\/wp-content\/uploads\/2022\/05\/Safe-Places-Post-300x300.png 300w, https:\/\/bergamatiyatrofestivali.com\/wp-content\/uploads\/2022\/05\/Safe-Places-Post-1030x1030.png 1030w, https:\/\/bergamatiyatrofestivali.com\/wp-content\/uploads\/2022\/05\/Safe-Places-Post-80x80.png 80w, https:\/\/bergamatiyatrofestivali.com\/wp-content\/uploads\/2022\/05\/Safe-Places-Post-768x768.png 768w, https:\/\/bergamatiyatrofestivali.com\/wp-content\/uploads\/2022\/05\/Safe-Places-Post-12x12.png 12w, https:\/\/bergamatiyatrofestivali.com\/wp-content\/uploads\/2022\/05\/Safe-Places-Post-36x36.png 36w, https:\/\/bergamatiyatrofestivali.com\/wp-content\/uploads\/2022\/05\/Safe-Places-Post-180x180.png 180w, https:\/\/bergamatiyatrofestivali.com\/wp-content\/uploads\/2022\/05\/Safe-Places-Post-705x705.png 705w, https:\/\/bergamatiyatrofestivali.com\/wp-content\/uploads\/2022\/05\/Safe-Places-Post.png 1080w\" sizes=\"(max-width: 300px) 100vw, 300px\" \/><\/div><\/div><\/div><br \/>\n<section class=\"av_textblock_section\"  itemscope=\"itemscope\" itemtype=\"https:\/\/schema.org\/CreativeWork\" ><div class='avia_textblock  av_inherit_color'  style='color:#1d1d1b; '  itemprop=\"text\" ><h2><strong>\u201cSafe Place\u201d At\u00f6lyesi &#8211; \u201cKapsay\u0131c\u0131l\u0131k-Bu bir i\u015f de\u011fil, bir vazife\u201d<\/strong><\/h2>\n<h3><em><strong>\u201cSafe Place\u201d Workshop &#8211; \u201cInclusion &#8211; It&#8217;s not a task, it\u2019s a mission\u201d<\/strong><\/em><\/h3>\n<h3><span style=\"font-weight: 400;\">Sharon Gavrielov, Or Alterman Barnea (Safe Place)<\/span><\/h3>\n<h4><span style=\"font-weight: 400;\">4 Haziran \/ June &#8211; Cumartesi \/ Saturday, 09:00<\/span><\/h4>\n<h5><span style=\"font-weight: 400;\">Yabets Sinagogu &#8211; Yabets Synagogue\u00a0<\/span><\/h5>\n<\/div><\/section><br \/>\n\n<style type=\"text\/css\" data-created_by=\"avia_inline_auto\" id=\"style-css-av-l362lx8k-0eb5ac3a5693e44b41c9abe4fcbaf734\">\n#top .hr.hr-invisible.av-l362lx8k-0eb5ac3a5693e44b41c9abe4fcbaf734{\nheight:20px;\n}\n<\/style>\n<div  class='hr av-l362lx8k-0eb5ac3a5693e44b41c9abe4fcbaf734 hr-invisible  avia-builder-el-3  el_after_av_textblock  el_before_av_buttonrow'><span class='hr-inner'><span class=\"hr-inner-style\"><\/span><\/span><\/div><br \/>\n<div  class='avia-buttonrow-wrap av-l362oems-471476f674130b10c5b0b299ad4b545e avia-buttonrow-left  avia-builder-el-4  el_after_av_hr  avia-builder-el-last'>\n\n<style type=\"text\/css\" data-created_by=\"avia_inline_auto\" id=\"style-css-av-l362obf3-4e9c3ab64aef54929e993892bf35b63d\">\n#top #wrap_all .avia-button.av-l362obf3-4e9c3ab64aef54929e993892bf35b63d{\nmargin-bottom:5px;\nmargin-right:5px;\n}\n#top #wrap_all .avia-button.av-l362obf3-4e9c3ab64aef54929e993892bf35b63d:hover{\nbackground-color:black;\ncolor:#ffffff;\ntransition:all 0.4s ease-in-out;\n-webkit-transition:all 0.4s ease-in-out;\n-moz-transition:all 0.4s ease-in-out;\n-ms-transition:all 0.4s ease-in-out;\n-o-transition:all 0.4s ease-in-out;\n}\n<\/style>\n<a href='https:\/\/www.mobilet.com\/event\/safe-place-workshop-sharon-gavrielov-or-alterman-barnea-11847-a1a5' class='avia-button av-l362obf3-4e9c3ab64aef54929e993892bf35b63d avia-icon_select-yes-left-icon avia-size-medium avia-color-black avia-font-color-white' target=\"_blank\" rel=\"noopener noreferrer\"><span class='avia_button_icon avia_button_icon_left' aria-hidden='true' data-av_icon='\ue889' data-av_iconfont='entypo-fontello'><\/span><span class='avia_iconbox_title' >MOB\u0130LET<\/span><\/a>\n<\/div><\/p><\/div><div class='flex_column av-1w2z76-df3d35f7913dd2504b628aa3501da936 av_one_half  avia-builder-el-5  el_after_av_one_half  avia-builder-el-last  flex_column_div'   ><p><section class=\"av_textblock_section\"  itemscope=\"itemscope\" itemtype=\"https:\/\/schema.org\/CreativeWork\" ><div class='avia_textblock  av_inherit_color'  style='color:#1d1d1b; '  itemprop=\"text\" ><p><span style=\"font-weight: 400;\">At\u00f6lyenin amac\u0131, n\u00f6rolojik farkl\u0131l\u0131klar\u0131 olan seyircilerin k\u00fclt\u00fcr ve sanata kat\u0131l\u0131m\u0131n\u0131n kolayla\u015ft\u0131r\u0131lmas\u0131 i\u00e7in fark\u0131ndal\u0131k ve pratik bilgiler kazand\u0131rmakt\u0131r.<\/span><\/p>\n<p><span style=\"font-weight: 400;\">B\u00f6l\u00fcm 1- Teorik sunum<\/span><\/p>\n<ul>\n<li style=\"font-weight: 400;\" aria-level=\"1\"><span style=\"font-weight: 400;\">Duyusal a\u015f\u0131r\u0131 y\u00fcklenme hakk\u0131nda temel bilgiler ve olgular<\/span><\/li>\n<li style=\"font-weight: 400;\" aria-level=\"1\"><span style=\"font-weight: 400;\">Rahat ve duyusal bir performans nedir ve onu \u00e7al\u0131\u015fmam\u0131za nas\u0131l dahil edebiliriz?<\/span><\/li>\n<li style=\"font-weight: 400;\" aria-level=\"1\"><span style=\"font-weight: 400;\">\u201cG\u00fcvenli alan\u201d \u00e7al\u0131\u015fmas\u0131<\/span><\/li>\n<\/ul>\n<p><span style=\"font-weight: 400;\">Soru-Cevap dahil toplam 1 saat.<\/span><\/p>\n<p><span style=\"font-weight: 400;\">B\u00f6l\u00fcm 2 &#8211; Pratik \u00c7al\u0131\u015fma<\/span><\/p>\n<ul>\n<li style=\"font-weight: 400;\" aria-level=\"1\"><span style=\"font-weight: 400;\">Kapsay\u0131c\u0131 \u00e7al\u0131\u015fmalarda pratik ara\u00e7lara genel bak\u0131\u015f<\/span><\/li>\n<li style=\"font-weight: 400;\" aria-level=\"1\"><span style=\"font-weight: 400;\">Sahnedeki zorluklar ve bunlarla y\u00fczle\u015fmek<\/span><\/li>\n<\/ul>\n<p><span style=\"font-weight: 400;\">Soru-Cevap dahil toplam 2 saat.<\/span><\/p>\n<p>&#8211;<\/p>\n<p><span style=\"font-weight: 400;\">The aim of the workshop is to raise awareness and practical information in order to facilitate the participation of the audience with neurological differences in culture and art<\/span><b>.<\/b><\/p>\n<p><b>Part 1- The Theoretical presentation<\/b><\/p>\n<ul>\n<li style=\"font-weight: 400;\" aria-level=\"1\"><span style=\"font-weight: 400;\">Basic info and facts about sensory overload<\/span><\/li>\n<li style=\"font-weight: 400;\" aria-level=\"1\"><span style=\"font-weight: 400;\">What is a relaxed and sensory performance and how to immerse it into our work?<\/span><\/li>\n<li style=\"font-weight: 400;\" aria-level=\"1\"><span style=\"font-weight: 400;\">The work of \u201csafe place\u201d<\/span><\/li>\n<\/ul>\n<p><span style=\"font-weight: 400;\">A total of up to 1 hour including Q&amp;A<\/span><\/p>\n<p><b>Part 2 &#8211; Getting practical<\/b><\/p>\n<ul>\n<li style=\"font-weight: 400;\" aria-level=\"1\"><span style=\"font-weight: 400;\">Overview of practical tools in inclusive work<\/span><\/li>\n<li style=\"font-weight: 400;\" aria-level=\"1\"><span style=\"font-weight: 400;\">On stage challenges and how to face them<\/span><\/li>\n<\/ul>\n<p><span style=\"font-weight: 400;\">A total of up to 2 hours including Q&amp;A<\/span><\/p>\n<\/div><\/section><br \/>\n\n<style type=\"text\/css\" data-created_by=\"avia_inline_auto\" id=\"style-css-av-l362lqr8-47a613d8ee0805db1e19aecdaf455682\">\n#top .hr.hr-invisible.av-l362lqr8-47a613d8ee0805db1e19aecdaf455682{\nheight:20px;\n}\n<\/style>\n<div  class='hr av-l362lqr8-47a613d8ee0805db1e19aecdaf455682 hr-invisible  avia-builder-el-7  el_after_av_textblock  el_before_av_textblock'><span class='hr-inner'><span class=\"hr-inner-style\"><\/span><\/span><\/div><br \/>\n<section class=\"av_textblock_section\"  itemscope=\"itemscope\" itemtype=\"https:\/\/schema.org\/CreativeWork\" ><div class='avia_textblock  av_inherit_color'  style='color:#1d1d1b; '  itemprop=\"text\" ><p><b>At\u00f6lye S\u00fcresi \/ Workshop Duration: <\/b><span style=\"font-weight: 400;\">60\u2019 teorik, 120\u2019 pratik toplam<\/span> <span style=\"font-weight: 400;\">180\u2019<\/span><\/p>\n<p><b>Kat\u0131l\u0131mc\u0131 Say\u0131s\u0131 \/ Number of Participants: <\/b><span style=\"font-weight: 400;\">20<\/span><\/p>\n<p><b>Ya\u015f \/ Age: <\/b><span style=\"font-weight: 400;\">+16 \/ Profesyonel\u00a0<\/span><\/p>\n<\/div><\/section><\/p><\/div><\/p>","protected":false},"excerpt":{"rendered":"","protected":false},"author":1,"featured_media":0,"parent":0,"menu_order":0,"comment_status":"closed","ping_status":"closed","template":"","meta":{"footnotes":""},"class_list":["post-2818","page","type-page","status-publish","hentry"],"_links":{"self":[{"href":"https:\/\/bergamatiyatrofestivali.com\/en\/wp-json\/wp\/v2\/pages\/2818","targetHints":{"allow":["GET"]}}],"collection":[{"href":"https:\/\/bergamatiyatrofestivali.com\/en\/wp-json\/wp\/v2\/pages"}],"about":[{"href":"https:\/\/bergamatiyatrofestivali.com\/en\/wp-json\/wp\/v2\/types\/page"}],"author":[{"embeddable":true,"href":"https:\/\/bergamatiyatrofestivali.com\/en\/wp-json\/wp\/v2\/users\/1"}],"replies":[{"embeddable":true,"href":"https:\/\/bergamatiyatrofestivali.com\/en\/wp-json\/wp\/v2\/comments?post=2818"}],"version-history":[{"count":9,"href":"https:\/\/bergamatiyatrofestivali.com\/en\/wp-json\/wp\/v2\/pages\/2818\/revisions"}],"predecessor-version":[{"id":3458,"href":"https:\/\/bergamatiyatrofestivali.com\/en\/wp-json\/wp\/v2\/pages\/2818\/revisions\/3458"}],"wp:attachment":[{"href":"https:\/\/bergamatiyatrofestivali.com\/en\/wp-json\/wp\/v2\/media?parent=2818"}],"curies":[{"name":"wp","href":"https:\/\/api.w.org\/{rel}","templated":true}]}}