{"id":2815,"date":"2022-05-14T19:08:39","date_gmt":"2022-05-14T16:08:39","guid":{"rendered":"https:\/\/bergamatiyatrofestivali.com\/?page_id=2815"},"modified":"2022-05-30T21:34:10","modified_gmt":"2022-05-30T18:34:10","slug":"bergama-antik-tiyatrolar","status":"publish","type":"page","link":"https:\/\/bergamatiyatrofestivali.com\/en\/bergama-antik-tiyatrolar\/","title":{"rendered":"BERGAMA ANT\u0130K T\u0130YATROLAR"},"content":{"rendered":"<div class='flex_column av-d5mlm7-39228391ac6efd915689cd5b7d3735a1 av_one_half  avia-builder-el-0  el_before_av_one_half  avia-builder-el-first  first flex_column_div'   ><p>\n<style type=\"text\/css\" data-created_by=\"avia_inline_auto\" id=\"style-css-av-akqjtb-0367bb60ed102b1dab442194145ecdd0\">\n.avia-image-container.av-akqjtb-0367bb60ed102b1dab442194145ecdd0 .av-image-caption-overlay-center{\ncolor:#ffffff;\n}\n<\/style>\n<div  class='avia-image-container av-akqjtb-0367bb60ed102b1dab442194145ecdd0 av-styling- avia-align-center  avia-builder-el-1  el_before_av_textblock  avia-builder-el-first'  itemprop=\"image\" itemscope=\"itemscope\" itemtype=\"https:\/\/schema.org\/ImageObject\" ><div class=\"avia-image-container-inner\"><div class=\"avia-image-overlay-wrap\"><img decoding=\"async\" class='wp-image-3332 avia-img-lazy-loading-not-3332 avia_image' src=\"https:\/\/bergamatiyatrofestivali.com\/wp-content\/uploads\/2022\/05\/Bergama-Antik-Tiyatrolari-Yuruyusu-Post.png\" alt='' title='Bergama Antik Tiyatrolar\u0131 Y\u00fcr\u00fcy\u00fc\u015f\u00fc - Post'  height=\"1080\" width=\"1080\"  itemprop=\"thumbnailUrl\" srcset=\"https:\/\/bergamatiyatrofestivali.com\/wp-content\/uploads\/2022\/05\/Bergama-Antik-Tiyatrolari-Yuruyusu-Post.png 1080w, https:\/\/bergamatiyatrofestivali.com\/wp-content\/uploads\/2022\/05\/Bergama-Antik-Tiyatrolari-Yuruyusu-Post-300x300.png 300w, https:\/\/bergamatiyatrofestivali.com\/wp-content\/uploads\/2022\/05\/Bergama-Antik-Tiyatrolari-Yuruyusu-Post-1030x1030.png 1030w, https:\/\/bergamatiyatrofestivali.com\/wp-content\/uploads\/2022\/05\/Bergama-Antik-Tiyatrolari-Yuruyusu-Post-80x80.png 80w, https:\/\/bergamatiyatrofestivali.com\/wp-content\/uploads\/2022\/05\/Bergama-Antik-Tiyatrolari-Yuruyusu-Post-768x768.png 768w, https:\/\/bergamatiyatrofestivali.com\/wp-content\/uploads\/2022\/05\/Bergama-Antik-Tiyatrolari-Yuruyusu-Post-12x12.png 12w, https:\/\/bergamatiyatrofestivali.com\/wp-content\/uploads\/2022\/05\/Bergama-Antik-Tiyatrolari-Yuruyusu-Post-36x36.png 36w, https:\/\/bergamatiyatrofestivali.com\/wp-content\/uploads\/2022\/05\/Bergama-Antik-Tiyatrolari-Yuruyusu-Post-180x180.png 180w, https:\/\/bergamatiyatrofestivali.com\/wp-content\/uploads\/2022\/05\/Bergama-Antik-Tiyatrolari-Yuruyusu-Post-705x705.png 705w\" sizes=\"(max-width: 1080px) 100vw, 1080px\" \/><\/div><\/div><\/div><br \/>\n<section class=\"av_textblock_section\"  itemscope=\"itemscope\" itemtype=\"https:\/\/schema.org\/CreativeWork\" ><div class='avia_textblock  av_inherit_color'  style='color:#1d1d1b; '  itemprop=\"text\" ><h2><strong>Bergama Antik Tiyatrolar Y\u00fcr\u00fcy\u00fc\u015f\u00fc<\/strong><\/h2>\n<h3><em><strong>Pergamon Ancient Theatres Walking Tour\u00a0<\/strong><\/em><\/h3>\n<h3><span style=\"font-weight: 400;\">B\u00fclent T\u00fcrkmen\u00a0<\/span><\/h3>\n<h4><span style=\"font-weight: 400;\">4 Haziran &#8211; June \/ Cumartesi &#8211; Saturday, 09.00<\/span><\/h4>\n<h5><b> <\/b><span style=\"font-weight: 400;\">\u00c7\u0131narl\u0131 Kahve\u00a0<\/span><\/h5>\n<\/div><\/section><br \/>\n\n<style type=\"text\/css\" data-created_by=\"avia_inline_auto\" id=\"style-css-av-l362b07o-5cceeba8ba2431a5589925f489410d64\">\n#top .hr.hr-invisible.av-l362b07o-5cceeba8ba2431a5589925f489410d64{\nheight:20px;\n}\n<\/style>\n<div  class='hr av-l362b07o-5cceeba8ba2431a5589925f489410d64 hr-invisible  avia-builder-el-3  el_after_av_textblock  el_before_av_buttonrow'><span class='hr-inner'><span class=\"hr-inner-style\"><\/span><\/span><\/div><br \/>\n<div  class='avia-buttonrow-wrap av-95pp9r-27106f5d10ca1aaa5438a012723b14be avia-buttonrow-left  avia-builder-el-4  el_after_av_hr  avia-builder-el-last'>\n\n<style type=\"text\/css\" data-created_by=\"avia_inline_auto\" id=\"style-css-av-6tm0cv-16c14aa9f3ac92c0bf4d3d04a408b2b1\">\n#top #wrap_all .avia-button.av-6tm0cv-16c14aa9f3ac92c0bf4d3d04a408b2b1{\nmargin-bottom:5px;\nmargin-right:5px;\n}\n#top #wrap_all .avia-button.av-6tm0cv-16c14aa9f3ac92c0bf4d3d04a408b2b1:hover{\nbackground-color:black;\ncolor:#ffffff;\ntransition:all 0.4s ease-in-out;\n-webkit-transition:all 0.4s ease-in-out;\n-moz-transition:all 0.4s ease-in-out;\n-ms-transition:all 0.4s ease-in-out;\n-o-transition:all 0.4s ease-in-out;\n}\n<\/style>\n<a href='https:\/\/www.mobilet.com\/event\/bergama-antik-tiyatrolar-yuruyusu-bulent-turkmen-11867-1d90' class='avia-button av-6tm0cv-16c14aa9f3ac92c0bf4d3d04a408b2b1 avia-icon_select-yes-left-icon avia-size-medium avia-color-black avia-font-color-white' target=\"_blank\" rel=\"noopener noreferrer\"><span class='avia_button_icon avia_button_icon_left' aria-hidden='true' data-av_icon='\ue881' data-av_iconfont='entypo-fontello'><\/span><span class='avia_iconbox_title' >MOB\u0130LET<\/span><\/a>\n<\/div><\/p><\/div><div class='flex_column av-2w2ufj-b2b28afa43520a6c8946a44c59c0df91 av_one_half  avia-builder-el-5  el_after_av_one_half  avia-builder-el-last  flex_column_div'   ><p><section class=\"av_textblock_section\"  itemscope=\"itemscope\" itemtype=\"https:\/\/schema.org\/CreativeWork\" ><div class='avia_textblock  av_inherit_color'  style='color:#1d1d1b; '  itemprop=\"text\" ><p><span style=\"font-weight: 400;\">Antik Pergamon kentinde in\u015fa edilmi\u015f d\u00f6rt tiyatro yap\u0131s\u0131 hakk\u0131nda bilgi verirken, antik \u00e7a\u011fda tiyatro yap\u0131lar\u0131n\u0131n ortaya \u00e7\u0131k\u0131\u015f\u0131na, geli\u015fimine, mimarisine ve kullan\u0131m\u0131na de\u011finece\u011fiz.\u00a0<\/span><\/p>\n<p><span style=\"font-weight: 400;\">Antik Pergamon kentinin ilk tiyatrosu olan, Kale Tepesi\u2019nde (Akropol\u2019de) in\u015fa edilen tiyatronun d\u00fczl\u00fckten g\u00f6r\u00fcn\u00fcm\u00fcn\u00fc izleyerek hakk\u0131nda bilgi edinece\u011fiz. Ard\u0131ndan Roma imparatorluk d\u00f6neminde a\u015fa\u011f\u0131 kentte in\u015fa edilmi\u015f olan iki tiyatro yap\u0131s\u0131n\u0131 g\u00f6rece\u011fiz ve y\u00fcr\u00fcy\u00fc\u015f\u00fcm\u00fcz\u00fc sa\u011fl\u0131k tanr\u0131s\u0131 Asklepios\u2019a adanm\u0131\u015f antik \u00e7a\u011f\u0131n en \u00f6nemli sa\u011fl\u0131k merkezlerinden biri olan Pergamon Asklepionu\u2019ndaki tiyatroda tamamlayaca\u011f\u0131z.<\/span><\/p>\n<p><span style=\"font-weight: 400;\">B\u00fclent T\u00fcrkmen, 2012\u2019de Bergama Belediyesi UNESCO D\u00fcnya Miras\u0131 Birimi\u2019nde arkeolog olarak \u00e7al\u0131\u015fmaya ba\u015flam\u0131\u015f, Bergama\u2019n\u0131n UNESCO D\u00fcnya Miras\u0131 Adayl\u0131k Dosyas\u0131\u2019n\u0131n ve Bergama Alan Y\u00f6netim Plan\u0131\u2019n\u0131n haz\u0131rlanmas\u0131nda \u00e7al\u0131\u015fm\u0131\u015ft\u0131r.\u00a0<\/span><\/p>\n<p><span style=\"font-weight: 400;\">&#8211;<\/span><\/p>\n<p><span style=\"font-weight: 400;\">We will be informed about four ancient theatres of ancient Pergamon. While talking about the theatres of Pergamon, we will touch on the emergence, development, architecture and use of theatre structures in ancient times.<\/span><\/p>\n<p><span style=\"font-weight: 400;\">We will see the ancient theatre, built on Kale Hill (Acropolis) from the plain and be informed. Afterwards, we will see two theatrical structures built in the lower city during the Roman period, and we will finish our tour at the theatre in the Pergamon Asklepion, one of the most important health centers of antiquity, dedicated to Asclepius, the God of Health.<\/span><\/p>\n<p><span style=\"font-weight: 400;\">The coordinator B\u00fclent T\u00fcrkmen started to work in 2012 as an archaeologist at the UNESCO World Heritage Unit of Bergama Municipality and took part in the preparation of Bergama&#8217;s UNESCO World Heritage Candidacy File and Bergama Site Management Plan.<\/span><\/p>\n<\/div><\/section><br \/>\n\n<style type=\"text\/css\" data-created_by=\"avia_inline_auto\" id=\"style-css-av-l362avw4-d23057f8882f50ad64819de15045320e\">\n#top .hr.hr-invisible.av-l362avw4-d23057f8882f50ad64819de15045320e{\nheight:20px;\n}\n<\/style>\n<div  class='hr av-l362avw4-d23057f8882f50ad64819de15045320e hr-invisible  avia-builder-el-7  el_after_av_textblock  el_before_av_textblock'><span class='hr-inner'><span class=\"hr-inner-style\"><\/span><\/span><\/div><br \/>\n<section class=\"av_textblock_section\"  itemscope=\"itemscope\" itemtype=\"https:\/\/schema.org\/CreativeWork\" ><div class='avia_textblock  av_inherit_color'  style='color:#1d1d1b; '  itemprop=\"text\" ><p><b>Etkinlik S\u00fcresi \/ Event Duration: <\/b><span style=\"font-weight: 400;\">120\u2019<\/span><\/p>\n<p><b>Kat\u0131l\u0131mc\u0131 Say\u0131s\u0131 \/ Number of Participants:<\/b><span style=\"font-weight: 400;\"> 50<\/span><\/p>\n<\/div><\/section><\/p><\/div><\/p>","protected":false},"excerpt":{"rendered":"","protected":false},"author":1,"featured_media":0,"parent":0,"menu_order":0,"comment_status":"closed","ping_status":"closed","template":"","meta":{"footnotes":""},"class_list":["post-2815","page","type-page","status-publish","hentry"],"_links":{"self":[{"href":"https:\/\/bergamatiyatrofestivali.com\/en\/wp-json\/wp\/v2\/pages\/2815","targetHints":{"allow":["GET"]}}],"collection":[{"href":"https:\/\/bergamatiyatrofestivali.com\/en\/wp-json\/wp\/v2\/pages"}],"about":[{"href":"https:\/\/bergamatiyatrofestivali.com\/en\/wp-json\/wp\/v2\/types\/page"}],"author":[{"embeddable":true,"href":"https:\/\/bergamatiyatrofestivali.com\/en\/wp-json\/wp\/v2\/users\/1"}],"replies":[{"embeddable":true,"href":"https:\/\/bergamatiyatrofestivali.com\/en\/wp-json\/wp\/v2\/comments?post=2815"}],"version-history":[{"count":4,"href":"https:\/\/bergamatiyatrofestivali.com\/en\/wp-json\/wp\/v2\/pages\/2815\/revisions"}],"predecessor-version":[{"id":3339,"href":"https:\/\/bergamatiyatrofestivali.com\/en\/wp-json\/wp\/v2\/pages\/2815\/revisions\/3339"}],"wp:attachment":[{"href":"https:\/\/bergamatiyatrofestivali.com\/en\/wp-json\/wp\/v2\/media?parent=2815"}],"curies":[{"name":"wp","href":"https:\/\/api.w.org\/{rel}","templated":true}]}}