{"id":2804,"date":"2022-05-14T18:51:30","date_gmt":"2022-05-14T15:51:30","guid":{"rendered":"https:\/\/bergamatiyatrofestivali.com\/?page_id=2804"},"modified":"2022-05-30T19:08:05","modified_gmt":"2022-05-30T16:08:05","slug":"yoga-atolyesi","status":"publish","type":"page","link":"https:\/\/bergamatiyatrofestivali.com\/en\/yoga-atolyesi\/","title":{"rendered":"Yoga At\u00f6lyesi"},"content":{"rendered":"<div class='flex_column av-js1uis-702d0c3eac155245ee342935acd6b577 av_one_half  avia-builder-el-0  el_before_av_one_half  avia-builder-el-first  first flex_column_div'   ><p>\n<style type=\"text\/css\" data-created_by=\"avia_inline_auto\" id=\"style-css-av-gq2nno-97087bcb7db64ce56874aa2c3175c411\">\n.avia-image-container.av-gq2nno-97087bcb7db64ce56874aa2c3175c411 .av-image-caption-overlay-center{\ncolor:#ffffff;\n}\n<\/style>\n<div  class='avia-image-container av-gq2nno-97087bcb7db64ce56874aa2c3175c411 av-styling- avia-align-center  avia-builder-el-1  el_before_av_textblock  avia-builder-el-first'  itemprop=\"image\" itemscope=\"itemscope\" itemtype=\"https:\/\/schema.org\/ImageObject\" ><div class=\"avia-image-container-inner\"><div class=\"avia-image-overlay-wrap\"><img decoding=\"async\" class='wp-image-3330 avia-img-lazy-loading-not-3330 avia_image' src=\"https:\/\/bergamatiyatrofestivali.com\/wp-content\/uploads\/2022\/05\/Yoga-Atolyesi_-Ic-Huzur-Icin-Hareket-Post.png\" alt='' title='Yoga At\u00f6lyesi_ \u0130\u00e7 Huzur \u0130\u00e7in Hareket - Post'  height=\"1080\" width=\"1080\"  itemprop=\"thumbnailUrl\" srcset=\"https:\/\/bergamatiyatrofestivali.com\/wp-content\/uploads\/2022\/05\/Yoga-Atolyesi_-Ic-Huzur-Icin-Hareket-Post.png 1080w, https:\/\/bergamatiyatrofestivali.com\/wp-content\/uploads\/2022\/05\/Yoga-Atolyesi_-Ic-Huzur-Icin-Hareket-Post-300x300.png 300w, https:\/\/bergamatiyatrofestivali.com\/wp-content\/uploads\/2022\/05\/Yoga-Atolyesi_-Ic-Huzur-Icin-Hareket-Post-1030x1030.png 1030w, https:\/\/bergamatiyatrofestivali.com\/wp-content\/uploads\/2022\/05\/Yoga-Atolyesi_-Ic-Huzur-Icin-Hareket-Post-80x80.png 80w, https:\/\/bergamatiyatrofestivali.com\/wp-content\/uploads\/2022\/05\/Yoga-Atolyesi_-Ic-Huzur-Icin-Hareket-Post-768x768.png 768w, https:\/\/bergamatiyatrofestivali.com\/wp-content\/uploads\/2022\/05\/Yoga-Atolyesi_-Ic-Huzur-Icin-Hareket-Post-12x12.png 12w, https:\/\/bergamatiyatrofestivali.com\/wp-content\/uploads\/2022\/05\/Yoga-Atolyesi_-Ic-Huzur-Icin-Hareket-Post-36x36.png 36w, https:\/\/bergamatiyatrofestivali.com\/wp-content\/uploads\/2022\/05\/Yoga-Atolyesi_-Ic-Huzur-Icin-Hareket-Post-180x180.png 180w, https:\/\/bergamatiyatrofestivali.com\/wp-content\/uploads\/2022\/05\/Yoga-Atolyesi_-Ic-Huzur-Icin-Hareket-Post-705x705.png 705w\" sizes=\"(max-width: 1080px) 100vw, 1080px\" \/><\/div><\/div><\/div><br \/>\n<section class=\"av_textblock_section\"  itemscope=\"itemscope\" itemtype=\"https:\/\/schema.org\/CreativeWork\" ><div class='avia_textblock  av_inherit_color'  style='color:#1d1d1b; '  itemprop=\"text\" ><h2><strong>Yoga At\u00f6lyesi: \u0130\u00e7 Huzur \u0130\u00e7in Hareket<\/strong><\/h2>\n<h3><em><strong>Yoga Workshop: Movement For Inner Peace<\/strong><\/em><\/h3>\n<h3><span style=\"font-weight: 400;\">Ramona Faltin<\/span><\/h3>\n<h4><span style=\"font-weight: 400;\">4 Haziran-June \/Cumartesi-Saturday, 08.00\u00a0<\/span><\/h4>\n<h5><span style=\"font-weight: 400;\">Asklepion \/\u00a0 Asclepeion<\/span><\/h5>\n<p><b>Bulu\u015fma Yeri ve Saati \/ Meeting Point &amp; Time :<\/b><span style=\"font-weight: 400;\"> BerKM, 07.30<\/span><\/p>\n<\/div><\/section><br \/>\n\n<style type=\"text\/css\" data-created_by=\"avia_inline_auto\" id=\"style-css-av-f70hms-50fbccab7fdc479f64171e74cb4b7590\">\n#top .hr.hr-invisible.av-f70hms-50fbccab7fdc479f64171e74cb4b7590{\nheight:20px;\n}\n<\/style>\n<div  class='hr av-f70hms-50fbccab7fdc479f64171e74cb4b7590 hr-invisible  avia-builder-el-3  el_after_av_textblock  el_before_av_buttonrow'><span class='hr-inner'><span class=\"hr-inner-style\"><\/span><\/span><\/div><br \/>\n<div  class='avia-buttonrow-wrap av-dr4cjo-46a16a8a843de36105fd639af7b199c4 avia-buttonrow-left  avia-builder-el-4  el_after_av_hr  el_before_av_textblock'>\n\n<style type=\"text\/css\" data-created_by=\"avia_inline_auto\" id=\"style-css-av-d06hf8-cf98e4b8da507cfd326e41263738d280\">\n#top #wrap_all .avia-button.av-d06hf8-cf98e4b8da507cfd326e41263738d280{\nmargin-bottom:5px;\nmargin-right:5px;\n}\n#top #wrap_all .avia-button.av-d06hf8-cf98e4b8da507cfd326e41263738d280:hover{\nbackground-color:black;\ncolor:#ffffff;\ntransition:all 0.4s ease-in-out;\n-webkit-transition:all 0.4s ease-in-out;\n-moz-transition:all 0.4s ease-in-out;\n-ms-transition:all 0.4s ease-in-out;\n-o-transition:all 0.4s ease-in-out;\n}\n<\/style>\n<a href='https:\/\/www.mobilet.com\/event\/yoga-atolyesi-ic-huzur-icin-hareket-ramona-faltin-11871-ac5f' class='avia-button av-d06hf8-cf98e4b8da507cfd326e41263738d280 avia-icon_select-yes-left-icon avia-size-medium avia-color-black avia-font-color-white' target=\"_blank\" rel=\"noopener noreferrer\"><span class='avia_button_icon avia_button_icon_left' aria-hidden='true' data-av_icon='\ue881' data-av_iconfont='entypo-fontello'><\/span><span class='avia_iconbox_title' >MOB\u0130LET<\/span><\/a>\n<\/div><br \/>\n<section class=\"av_textblock_section\"  itemscope=\"itemscope\" itemtype=\"https:\/\/schema.org\/CreativeWork\" ><div class='avia_textblock  av_inherit_color'  style='color:#1d1d1b; '  itemprop=\"text\" ><p><span style=\"font-weight: 400;\">*Kat\u0131l\u0131mc\u0131lar\u0131n kendi yoga matlar\u0131n\u0131 getirmeleri gerekmektedir.<\/span><\/p>\n<p><i><span style=\"font-weight: 400;\">*Participants must bring their own yoga mat.<\/span><\/i><\/p>\n<\/div><\/section><\/p><\/div><div class='flex_column av-844tk4-eae8ca91def662dea11b66d4226d2821 av_one_half  avia-builder-el-6  el_after_av_one_half  avia-builder-el-last  flex_column_div'   ><p><section class=\"av_textblock_section\"  itemscope=\"itemscope\" itemtype=\"https:\/\/schema.org\/CreativeWork\" ><div class='avia_textblock  av_inherit_color'  style='color:#1d1d1b; '  itemprop=\"text\" ><p><span style=\"font-weight: 400;\">\u0130yi bir ya\u015fam i\u00e7in iki temel ko\u015ful, huzur ve sa\u011fl\u0131kt\u0131r. Her iki temel de kendimizde ba\u015flar. Nazik Hatha-Yoga hareketleri v\u00fccudumuza yeteneklerini ke\u015ffetme ve onlardan yararlanma f\u0131rsat\u0131 verir. At\u00f6lye, ileri d\u00fczey \u00f6\u011frenciler ve yeni ba\u015flayanlar i\u00e7in nefes ve v\u00fccut egzersizleri sunar.<\/span><\/p>\n<p><span style=\"font-weight: 400;\">Ramona Faltin, kendini yoga, meditasyon, aikido, felsefe ve \u00e7a\u011fda\u015f sanata adayan bir hareket sanat\u00e7\u0131s\u0131d\u0131r. Ramona sanat fak\u00fcltesinde okudu, d\u00fcnyan\u0131n d\u00f6rt bir yan\u0131ndaki e\u011fitmenlerden e\u011fitim ald\u0131 ve sonunda kendi tarz\u0131n\u0131 buldu: Fark\u0131ndal\u0131kla hareket etmek; i\u00e7g\u00f6zlem ve ki\u015fisel geli\u015fim i\u00e7in \u00f6m\u00fcr boyu s\u00fcrecek bir taahh\u00fctt\u00fcr.<\/span><\/p>\n<p>&#8211;<\/p>\n<p><span style=\"font-weight: 400;\">Two basic preconditions for a good life are peace and health. Both basics start in ourselves. Gentle Hatha-Yoga movements give our body the opportunity to discover its capabilities and to benefit from them. The workshop offers breathing and body exercise for advanced students and beginners.<\/span><\/p>\n<p><span style=\"font-weight: 400;\">She is a motion artist devoting herself to yoga, meditation, aikido, philosophy and contemporary art. Ramona studied at the arts faculty, learned from teachers around the globe and finally found her own style, which can be understood like this: Moving mindfully is a lifelong commitment to self-reflection and personal development.<\/span><\/p>\n<\/div><\/section><br \/>\n\n<style type=\"text\/css\" data-created_by=\"avia_inline_auto\" id=\"style-css-av-eotno-8fefbf789916342bff3627c843d6d79c\">\n#top .hr.hr-invisible.av-eotno-8fefbf789916342bff3627c843d6d79c{\nheight:20px;\n}\n<\/style>\n<div  class='hr av-eotno-8fefbf789916342bff3627c843d6d79c hr-invisible  avia-builder-el-8  el_after_av_textblock  el_before_av_textblock'><span class='hr-inner'><span class=\"hr-inner-style\"><\/span><\/span><\/div><br \/>\n<section class=\"av_textblock_section\"  itemscope=\"itemscope\" itemtype=\"https:\/\/schema.org\/CreativeWork\" ><div class='avia_textblock  av_inherit_color'  style='color:#1d1d1b; '  itemprop=\"text\" ><p><b>Etkinlik S\u00fcresi \/ Event Duration: <\/b><span style=\"font-weight: 400;\">60\u2019<\/span><\/p>\n<p><b>Kat\u0131l\u0131mc\u0131 Say\u0131s\u0131 \/ Number of Participants:<\/b><span style=\"font-weight: 400;\"> 30\u00a0<\/span><\/p>\n<p><b>Ya\u015f \/ Age: <\/b><span style=\"font-weight: 400;\">+16<\/span><\/p>\n<\/div><\/section><\/p><\/div><\/p>","protected":false},"excerpt":{"rendered":"","protected":false},"author":1,"featured_media":0,"parent":0,"menu_order":0,"comment_status":"closed","ping_status":"closed","template":"","meta":{"footnotes":""},"class_list":["post-2804","page","type-page","status-publish","hentry"],"_links":{"self":[{"href":"https:\/\/bergamatiyatrofestivali.com\/en\/wp-json\/wp\/v2\/pages\/2804","targetHints":{"allow":["GET"]}}],"collection":[{"href":"https:\/\/bergamatiyatrofestivali.com\/en\/wp-json\/wp\/v2\/pages"}],"about":[{"href":"https:\/\/bergamatiyatrofestivali.com\/en\/wp-json\/wp\/v2\/types\/page"}],"author":[{"embeddable":true,"href":"https:\/\/bergamatiyatrofestivali.com\/en\/wp-json\/wp\/v2\/users\/1"}],"replies":[{"embeddable":true,"href":"https:\/\/bergamatiyatrofestivali.com\/en\/wp-json\/wp\/v2\/comments?post=2804"}],"version-history":[{"count":6,"href":"https:\/\/bergamatiyatrofestivali.com\/en\/wp-json\/wp\/v2\/pages\/2804\/revisions"}],"predecessor-version":[{"id":2807,"href":"https:\/\/bergamatiyatrofestivali.com\/en\/wp-json\/wp\/v2\/pages\/2804\/revisions\/2807"}],"wp:attachment":[{"href":"https:\/\/bergamatiyatrofestivali.com\/en\/wp-json\/wp\/v2\/media?parent=2804"}],"curies":[{"name":"wp","href":"https:\/\/api.w.org\/{rel}","templated":true}]}}