{"id":2791,"date":"2022-05-13T23:35:34","date_gmt":"2022-05-13T20:35:34","guid":{"rendered":"https:\/\/bergamatiyatrofestivali.com\/?page_id=2791"},"modified":"2022-05-30T19:05:16","modified_gmt":"2022-05-30T16:05:16","slug":"satonun-altinda","status":"publish","type":"page","link":"https:\/\/bergamatiyatrofestivali.com\/en\/satonun-altinda\/","title":{"rendered":"Under The Castle"},"content":{"rendered":"<div class='flex_column av-dg9tw7-2346c6c9c40d48ea114e2176b543cec8 av_one_half  avia-builder-el-0  el_before_av_one_half  avia-builder-el-first  first flex_column_div'   ><p>\n<style type=\"text\/css\" data-created_by=\"avia_inline_auto\" id=\"style-css-av-d0uhlz-3b57b5769410471ae6c77fab80a1e58d\">\n.avia-image-container.av-d0uhlz-3b57b5769410471ae6c77fab80a1e58d .av-image-caption-overlay-center{\ncolor:#ffffff;\n}\n<\/style>\n<div  class='avia-image-container av-d0uhlz-3b57b5769410471ae6c77fab80a1e58d av-styling- avia-align-center  avia-builder-el-1  el_before_av_textblock  avia-builder-el-first'  itemprop=\"image\" itemscope=\"itemscope\" itemtype=\"https:\/\/schema.org\/ImageObject\" ><div class=\"avia-image-container-inner\"><div class=\"avia-image-overlay-wrap\"><img decoding=\"async\" class='wp-image-3327 avia-img-lazy-loading-not-3327 avia_image' src=\"https:\/\/bergamatiyatrofestivali.com\/wp-content\/uploads\/2022\/05\/Satonun-altinda-post.png\" alt='' title='\u015eatonun alt\u0131nda-post'  height=\"1080\" width=\"1080\"  itemprop=\"thumbnailUrl\" srcset=\"https:\/\/bergamatiyatrofestivali.com\/wp-content\/uploads\/2022\/05\/Satonun-altinda-post.png 1080w, https:\/\/bergamatiyatrofestivali.com\/wp-content\/uploads\/2022\/05\/Satonun-altinda-post-300x300.png 300w, https:\/\/bergamatiyatrofestivali.com\/wp-content\/uploads\/2022\/05\/Satonun-altinda-post-1030x1030.png 1030w, https:\/\/bergamatiyatrofestivali.com\/wp-content\/uploads\/2022\/05\/Satonun-altinda-post-80x80.png 80w, https:\/\/bergamatiyatrofestivali.com\/wp-content\/uploads\/2022\/05\/Satonun-altinda-post-768x768.png 768w, https:\/\/bergamatiyatrofestivali.com\/wp-content\/uploads\/2022\/05\/Satonun-altinda-post-12x12.png 12w, https:\/\/bergamatiyatrofestivali.com\/wp-content\/uploads\/2022\/05\/Satonun-altinda-post-36x36.png 36w, https:\/\/bergamatiyatrofestivali.com\/wp-content\/uploads\/2022\/05\/Satonun-altinda-post-180x180.png 180w, https:\/\/bergamatiyatrofestivali.com\/wp-content\/uploads\/2022\/05\/Satonun-altinda-post-705x705.png 705w\" sizes=\"(max-width: 1080px) 100vw, 1080px\" \/><\/div><\/div><\/div><br \/>\n<section class=\"av_textblock_section\"  itemscope=\"itemscope\" itemtype=\"https:\/\/schema.org\/CreativeWork\" ><div class='avia_textblock  av_inherit_color'  style='color:#1d1d1b; '  itemprop=\"text\" ><h2><strong>Under The Castle<\/strong><\/h2>\n<h3><em><strong>Under The Castle<\/strong><\/em><\/h3>\n<h3><span style=\"font-weight: 400;\">Fiziksel Tiyatro Ara\u015ft\u0131rmalar\u0131<\/span><\/h3>\n<h4><span style=\"font-weight: 400;\">3 Haziran-June \/ Cuma-Friday, 20:30<\/span><\/h4>\n<h5><span style=\"font-weight: 400;\">Tabakhaneler \/ Tanneries\u00a0<\/span><\/h5>\n<\/div><\/section><br \/>\n\n<style type=\"text\/css\" data-created_by=\"avia_inline_auto\" id=\"style-css-av-l34wefnq-a49166299b4578c6937368723ad80bd1\">\n#top .hr.hr-invisible.av-l34wefnq-a49166299b4578c6937368723ad80bd1{\nheight:20px;\n}\n<\/style>\n<div  class='hr av-l34wefnq-a49166299b4578c6937368723ad80bd1 hr-invisible  avia-builder-el-3  el_after_av_textblock  el_before_av_buttonrow'><span class='hr-inner'><span class=\"hr-inner-style\"><\/span><\/span><\/div><br \/>\n<div  class='avia-buttonrow-wrap av-anspuf-73ebdffcf9e9c0aa3ad742810beeb5c3 avia-buttonrow-left  avia-builder-el-4  el_after_av_hr  el_before_av_textblock'>\n\n<style type=\"text\/css\" data-created_by=\"avia_inline_auto\" id=\"style-css-av-968zp3-62c4518396313df9d167402e23361615\">\n#top #wrap_all .avia-button.av-968zp3-62c4518396313df9d167402e23361615{\nmargin-bottom:5px;\nmargin-right:5px;\n}\n#top #wrap_all .avia-button.av-968zp3-62c4518396313df9d167402e23361615:hover{\nbackground-color:black;\ncolor:#ffffff;\ntransition:all 0.4s ease-in-out;\n-webkit-transition:all 0.4s ease-in-out;\n-moz-transition:all 0.4s ease-in-out;\n-ms-transition:all 0.4s ease-in-out;\n-o-transition:all 0.4s ease-in-out;\n}\n<\/style>\n<a href='https:\/\/www.mobilet.com\/event\/satonun-altinda-fiziksel-tiyatro-arastirmalari-11814-84ce' class='avia-button av-968zp3-62c4518396313df9d167402e23361615 avia-icon_select-yes-left-icon avia-size-medium avia-color-black avia-font-color-white' target=\"_blank\" rel=\"noopener noreferrer\"><span class='avia_button_icon avia_button_icon_left' aria-hidden='true' data-av_icon='\ue881' data-av_iconfont='entypo-fontello'><\/span><span class='avia_iconbox_title' >MOB\u0130LET<\/span><\/a>\n<\/div><br \/>\n<section class=\"av_textblock_section\"  itemscope=\"itemscope\" itemtype=\"https:\/\/schema.org\/CreativeWork\" ><div class='avia_textblock  av_inherit_color'  style='color:#1d1d1b; '  itemprop=\"text\" ><p><span style=\"font-weight: 400;\">*Bu etkinli\u011fin \u0130ngilizce \u00fcst yaz\u0131s\u0131 olacakt\u0131r.<\/span><\/p>\n<p><i><span style=\"font-weight: 400;\">*There will be English captions for this event.\u00a0<\/span><\/i><\/p>\n<\/div><\/section><\/p><\/div><div class='flex_column av-4msfk7-727b5e2e99cff705f04ed6e2556055ce av_one_half  avia-builder-el-6  el_after_av_one_half  avia-builder-el-last  flex_column_div'   ><p><section class=\"av_textblock_section\"  itemscope=\"itemscope\" itemtype=\"https:\/\/schema.org\/CreativeWork\" ><div class='avia_textblock  av_inherit_color'  style='color:#1d1d1b; '  itemprop=\"text\" ><p><span style=\"font-weight: 400;\">Fiziksel Tiyatro Ara\u015ft\u0131rmalar\u0131, clown, fiziksel hik\u00e2ye anlat\u0131c\u0131l\u0131\u011f\u0131, maske oyunculu\u011fu, bufon, grotesk oyunculuk gibi farkl\u0131 stilleri harmanlayan bir deneme olarak \u201c\u015eatonun Alt\u0131nda\u201d oyunuyla kuruldu.<\/span><\/p>\n<p><span style=\"font-weight: 400;\">Metin, William Shakespeare\u2019in Macbeth oyunundan yola \u00e7\u0131k\u0131larak uyarland\u0131 ve yeni bir yaz\u0131mla sahneye ta\u015f\u0131nd\u0131. Lecoq pedagojisinin en \u00f6zg\u00fcn stillerinden biri olan Bufonlar oyunun temel yap\u0131s\u0131n\u0131 olu\u015fturdular. Hi\u00e7bir\u015feye inanmamak ve her \u015feyle dalga ge\u00e7mek i\u00e7in sahnede var olan, yeralt\u0131 d\u00fcnyas\u0131na ait bu yarat\u0131klar, Shakespeare\u2019in en g\u00fc\u00e7l\u00fc tragedyalar\u0131ndan Macbeth\u2018le bulu\u015ftu\u011funda ortaya abs\u00fcrd, trajik ve bol kanl\u0131 bir g\u00fcld\u00fcr\u00fc \u00e7\u0131kt\u0131. Oyun seyirciyi k\u0131\u015fk\u0131rt\u0131c\u0131, karanl\u0131k, rahats\u0131z edici ve olduk\u00e7a komik bir yolculu\u011fa davet ediyor. Kendi karanl\u0131\u011f\u0131m\u0131z\u0131n yolculu\u011funa\u2026<\/span><\/p>\n<p><span style=\"font-weight: 400;\">&#8211;<\/span><\/p>\n<p><span style=\"font-weight: 400;\">Physical Theatre Studies was founded with the play &#8220;Under The Castle&#8221; as an experiment blending different styles such as clown, physical storytelling, mask acting, bouffon, and grotesque acting.<\/span><\/p>\n<p><span style=\"font-weight: 400;\">The text, which is based on William Shakespeare&#8217;s \u2018Macbeth,\u2019 was adapted onto the stage after a rewriting. Bouffons, which is one of the most unique styles in Lecoq&#8217;s pedagogy, create the foundation of the play. When the creatures of the underworld, whose sole purpose on stage is to make fun of everything and not to believe anything, meet with one of Shakespeare&#8217;s strongest tragedies, the result is a comedy which is absurd, tragic and full of blood.<\/span><\/p>\n<p><span style=\"font-weight: 400;\">The play invites the audience for a journey that is provocative, dark, disturbing and quite funny. It&#8217;s the journey to the darkness within us.<\/span><\/p>\n<\/div><\/section><br \/>\n\n<style type=\"text\/css\" data-created_by=\"avia_inline_auto\" id=\"style-css-av-l34wem89-0c4d54f3c72923f6acaf9e79a39206a8\">\n#top .hr.hr-invisible.av-l34wem89-0c4d54f3c72923f6acaf9e79a39206a8{\nheight:20px;\n}\n<\/style>\n<div  class='hr av-l34wem89-0c4d54f3c72923f6acaf9e79a39206a8 hr-invisible  avia-builder-el-8  el_after_av_textblock  el_before_av_textblock'><span class='hr-inner'><span class=\"hr-inner-style\"><\/span><\/span><\/div><br \/>\n<section class=\"av_textblock_section\"  itemscope=\"itemscope\" itemtype=\"https:\/\/schema.org\/CreativeWork\" ><div class='avia_textblock  av_inherit_color'  style='color:#1d1d1b; '  itemprop=\"text\" ><p><b>Proje Tasar\u0131m\u0131 &amp; <\/b><b>Uyarlayan \/ Project Design &amp; Adapted by: <\/b><span style=\"font-weight: 400;\">P\u0131nar Akkuzu, G\u00fclden Arsal\u00a0<\/span><\/p>\n<p><b>Yazan \/ Written by: <\/b><span style=\"font-weight: 400;\">William Shakespeare<\/span><\/p>\n<p><b>Y\u00f6neten \/ Directed by:<\/b> <span style=\"font-weight: 400;\">G\u00fcray Din\u00e7ol<\/span><\/p>\n<p><b>Oyuncular \/ Cast :<\/b> <span style=\"font-weight: 400;\">P\u0131nar Akkuzu, G\u00fclden Arsal<\/span><\/p>\n<p><b>Proje Asistan\u0131 \/ Project Assistant:<\/b><span style=\"font-weight: 400;\"> Tuba Kele\u015f<\/span><\/p>\n<p><b>Sahne, Kost\u00fcm Tasar\u0131m\u0131 ve Uygulama \/ Stage, Costume Design and Implementation: <\/b><span style=\"font-weight: 400;\">Fiziksel Tiyatro Ara\u015ft\u0131rmalar\u0131\u00a0<\/span><\/p>\n<p><b>G\u00f6rsel Tasar\u0131m \/ Visual Design: <\/b><span style=\"font-weight: 400;\">U\u011fur A\u00e7\u0131kg\u00f6z<\/span><\/p>\n<p><b>I\u015f\u0131k Uygulama \/ <\/b><b>Lighting <\/b><b>Implementation : <\/b><span style=\"font-weight: 400;\">Y\u0131lmaz G\u00f6kg\u00f6z<\/span><b>\u00a0<\/b><\/p>\n<p><b>Oyun S\u00fcresi \/ Performance Duration:<\/b><span style=\"font-weight: 400;\"> 70\u2019<\/span><\/p>\n<p><b>Ya\u015f \/ Age: <\/b><span style=\"font-weight: 400;\">+15<\/span><\/p>\n<\/div><\/section><\/p><\/div><\/p>","protected":false},"excerpt":{"rendered":"","protected":false},"author":1,"featured_media":0,"parent":0,"menu_order":0,"comment_status":"closed","ping_status":"closed","template":"","meta":{"footnotes":""},"class_list":["post-2791","page","type-page","status-publish","hentry"],"_links":{"self":[{"href":"https:\/\/bergamatiyatrofestivali.com\/en\/wp-json\/wp\/v2\/pages\/2791","targetHints":{"allow":["GET"]}}],"collection":[{"href":"https:\/\/bergamatiyatrofestivali.com\/en\/wp-json\/wp\/v2\/pages"}],"about":[{"href":"https:\/\/bergamatiyatrofestivali.com\/en\/wp-json\/wp\/v2\/types\/page"}],"author":[{"embeddable":true,"href":"https:\/\/bergamatiyatrofestivali.com\/en\/wp-json\/wp\/v2\/users\/1"}],"replies":[{"embeddable":true,"href":"https:\/\/bergamatiyatrofestivali.com\/en\/wp-json\/wp\/v2\/comments?post=2791"}],"version-history":[{"count":4,"href":"https:\/\/bergamatiyatrofestivali.com\/en\/wp-json\/wp\/v2\/pages\/2791\/revisions"}],"predecessor-version":[{"id":3329,"href":"https:\/\/bergamatiyatrofestivali.com\/en\/wp-json\/wp\/v2\/pages\/2791\/revisions\/3329"}],"wp:attachment":[{"href":"https:\/\/bergamatiyatrofestivali.com\/en\/wp-json\/wp\/v2\/media?parent=2791"}],"curies":[{"name":"wp","href":"https:\/\/api.w.org\/{rel}","templated":true}]}}