{"id":2788,"date":"2022-05-13T23:30:36","date_gmt":"2022-05-13T20:30:36","guid":{"rendered":"https:\/\/bergamatiyatrofestivali.com\/?page_id=2788"},"modified":"2022-05-30T19:03:14","modified_gmt":"2022-05-30T16:03:14","slug":"istirap-korosu","status":"publish","type":"page","link":"https:\/\/bergamatiyatrofestivali.com\/en\/istirap-korosu\/","title":{"rendered":"ISTIRAP KOROSU"},"content":{"rendered":"<div class='flex_column av-6sdfec-b4da2faf43218e7d78f7361d959a3cfe av_one_half  avia-builder-el-0  el_before_av_one_half  avia-builder-el-first  first flex_column_div'   ><p>\n<style type=\"text\/css\" data-created_by=\"avia_inline_auto\" id=\"style-css-av-iv2lg-937ce5cfa572533e2b8def0548f1b0c8\">\n.avia-image-container.av-iv2lg-937ce5cfa572533e2b8def0548f1b0c8 .av-image-caption-overlay-center{\ncolor:#ffffff;\n}\n<\/style>\n<div  class='avia-image-container av-iv2lg-937ce5cfa572533e2b8def0548f1b0c8 av-styling- avia-align-center  avia-builder-el-1  el_before_av_textblock  avia-builder-el-first'  itemprop=\"image\" itemscope=\"itemscope\" itemtype=\"https:\/\/schema.org\/ImageObject\" ><div class=\"avia-image-container-inner\"><div class=\"avia-image-overlay-wrap\"><img decoding=\"async\" class='wp-image-3323 avia-img-lazy-loading-not-3323 avia_image' src=\"https:\/\/bergamatiyatrofestivali.com\/wp-content\/uploads\/2022\/05\/Istirap-Korosu_post-05-05.jpg\" alt='' title='Ist\u0131rap Korosu_post-05-05'  height=\"1080\" width=\"1080\"  itemprop=\"thumbnailUrl\" srcset=\"https:\/\/bergamatiyatrofestivali.com\/wp-content\/uploads\/2022\/05\/Istirap-Korosu_post-05-05.jpg 1080w, https:\/\/bergamatiyatrofestivali.com\/wp-content\/uploads\/2022\/05\/Istirap-Korosu_post-05-05-300x300.jpg 300w, https:\/\/bergamatiyatrofestivali.com\/wp-content\/uploads\/2022\/05\/Istirap-Korosu_post-05-05-1030x1030.jpg 1030w, https:\/\/bergamatiyatrofestivali.com\/wp-content\/uploads\/2022\/05\/Istirap-Korosu_post-05-05-80x80.jpg 80w, https:\/\/bergamatiyatrofestivali.com\/wp-content\/uploads\/2022\/05\/Istirap-Korosu_post-05-05-768x768.jpg 768w, https:\/\/bergamatiyatrofestivali.com\/wp-content\/uploads\/2022\/05\/Istirap-Korosu_post-05-05-12x12.jpg 12w, https:\/\/bergamatiyatrofestivali.com\/wp-content\/uploads\/2022\/05\/Istirap-Korosu_post-05-05-36x36.jpg 36w, https:\/\/bergamatiyatrofestivali.com\/wp-content\/uploads\/2022\/05\/Istirap-Korosu_post-05-05-180x180.jpg 180w, https:\/\/bergamatiyatrofestivali.com\/wp-content\/uploads\/2022\/05\/Istirap-Korosu_post-05-05-705x705.jpg 705w\" sizes=\"(max-width: 1080px) 100vw, 1080px\" \/><\/div><\/div><\/div><br \/>\n<section class=\"av_textblock_section\"  itemscope=\"itemscope\" itemtype=\"https:\/\/schema.org\/CreativeWork\" ><div class='avia_textblock  av_inherit_color'  style='color:#1d1d1b; '  itemprop=\"text\" ><h2><strong>Chorus of Agony<\/strong><\/h2>\n<h3><em><strong>Chorus of Agony<\/strong><\/em><\/h3>\n<h3><span style=\"font-weight: 400;\">BAM \u0130stanbul<\/span><\/h3>\n<h4><span style=\"font-weight: 400;\">3 Haziran \/ June &#8211; Cuma \/ Friday, 19:00<\/span><\/h4>\n<h5><span style=\"font-weight: 400;\">BerKM \/ <\/span><span style=\"font-weight: 400;\">Bergama Cultural Center<\/span><\/h5>\n<\/div><\/section><br \/>\n\n<style type=\"text\/css\" data-created_by=\"avia_inline_auto\" id=\"style-css-av-l34w4nlw-8964ba589ad5078c9443b7f27dc2cbd0\">\n#top .hr.hr-invisible.av-l34w4nlw-8964ba589ad5078c9443b7f27dc2cbd0{\nheight:20px;\n}\n<\/style>\n<div  class='hr av-l34w4nlw-8964ba589ad5078c9443b7f27dc2cbd0 hr-invisible  avia-builder-el-3  el_after_av_textblock  el_before_av_buttonrow'><span class='hr-inner'><span class=\"hr-inner-style\"><\/span><\/span><\/div><br \/>\n<div  class='avia-buttonrow-wrap av-l34w92a1-64ee9f4571038a0f5bded37ce438b513 avia-buttonrow-left  avia-builder-el-4  el_after_av_hr  el_before_av_textblock'>\n\n<style type=\"text\/css\" data-created_by=\"avia_inline_auto\" id=\"style-css-av-l34w8z3v-803996896b05ae3aa86782820bf2ad45\">\n#top #wrap_all .avia-button.av-l34w8z3v-803996896b05ae3aa86782820bf2ad45{\nmargin-bottom:5px;\nmargin-right:5px;\n}\n#top #wrap_all .avia-button.av-l34w8z3v-803996896b05ae3aa86782820bf2ad45:hover{\nbackground-color:black;\ncolor:#ffffff;\ntransition:all 0.4s ease-in-out;\n-webkit-transition:all 0.4s ease-in-out;\n-moz-transition:all 0.4s ease-in-out;\n-ms-transition:all 0.4s ease-in-out;\n-o-transition:all 0.4s ease-in-out;\n}\n<\/style>\n<a href='https:\/\/www.mobilet.com\/event\/istirap-korosu-bam-istanbul-11811-5d06' class='avia-button av-l34w8z3v-803996896b05ae3aa86782820bf2ad45 avia-icon_select-yes-left-icon avia-size-medium avia-color-black avia-font-color-white' target=\"_blank\" rel=\"noopener noreferrer\"><span class='avia_button_icon avia_button_icon_left' aria-hidden='true' data-av_icon='\ue881' data-av_iconfont='entypo-fontello'><\/span><span class='avia_iconbox_title' >MOB\u0130LET<\/span><\/a>\n<\/div><br \/>\n<section class=\"av_textblock_section\"  itemscope=\"itemscope\" itemtype=\"https:\/\/schema.org\/CreativeWork\" ><div class='avia_textblock  av_inherit_color'  style='color:#1d1d1b; '  itemprop=\"text\" ><p><span style=\"font-weight: 400;\">*Oyunumuz \u0130KSV G\u00fclriz Sururi &#8211; Engin Cezzar Te\u015fvik \u00d6d\u00fcl\u00fc deste\u011fiyle \u00fcretilmi\u015ftir.<\/span><\/p>\n<p><em><span style=\"font-weight: 400;\">*<\/span><span style=\"font-weight: 400;\">This performance was supported by the<\/span> <span style=\"font-weight: 400;\">G\u00fclriz Sururi-Engin Cezzar Theatre Encouragement Award.<\/span><\/em><\/p>\n<\/div><\/section><\/p><\/div><div class='flex_column av-3l99l0-80d208f7810b2741cd841cea603a91d9 av_one_half  avia-builder-el-6  el_after_av_one_half  avia-builder-el-last  flex_column_div'   ><p><section class=\"av_textblock_section\"  itemscope=\"itemscope\" itemtype=\"https:\/\/schema.org\/CreativeWork\" ><div class='avia_textblock  av_inherit_color'  style='color:#1d1d1b; '  itemprop=\"text\" ><p><span style=\"font-weight: 400;\">Kendi Halinde\u2026 \u201cSessiz\u201d ve \u201cHuzurlu\u201d bir apartman\u2026<\/span><\/p>\n<p><span style=\"font-weight: 400;\">Ayak seslerinin, g\u0131c\u0131rt\u0131lar\u0131n, \u00e7\u0131\u011fl\u0131klar\u0131n, kahkahalar\u0131n birbirine kar\u0131\u015ft\u0131\u011f\u0131 tuhaf bir gece\u2026<\/span><\/p>\n<p><span style=\"font-weight: 400;\">Merhaba kom\u015fular, han\u0131mlar, beyler!<\/span><\/p>\n<p><span style=\"font-weight: 400;\">\u00d6rt\u00fcn kap\u0131n\u0131z\u0131 pencerenizi!<\/span><\/p>\n<p><span style=\"font-weight: 400;\">\u015e\u015f\u015fttt sessiz\u2026<\/span><\/p>\n<p><span style=\"font-weight: 400;\">\u015e\u015f\u015fttt yava\u015f\u2026<\/span><\/p>\n<p><span style=\"font-weight: 400;\">Ist\u0131rap yaz\u0131l\u0131r, \u0131zzzd\u0131rap \u00e7ekilir!<\/span><\/p>\n<p><span style=\"font-weight: 400;\">&#8211;<\/span><\/p>\n<p><span style=\"font-weight: 400;\">An apartment\u2026 \u201cQuiet\u201d and \u201cPeaceful\u201d\u2026<\/span><\/p>\n<p><span style=\"font-weight: 400;\">A night\u2026 a peculiar night where footsteps, creaks, screams and laughter bleed into each other\u2026<\/span><\/p>\n<p><span style=\"font-weight: 400;\">Hello neighbours! Ladies and gentlemen!<\/span><\/p>\n<p><span style=\"font-weight: 400;\">Close your windows, lock your doors!<\/span><\/p>\n<p><span style=\"font-weight: 400;\">Hush now, be quiet\u2026<\/span><\/p>\n<p><span style=\"font-weight: 400;\">Hush now, don\u2019t move\u2026<\/span><\/p>\n<p><span style=\"font-weight: 400;\">Agony is the consolation of the lazy.<\/span><\/p>\n<\/div><\/section><br \/>\n\n<style type=\"text\/css\" data-created_by=\"avia_inline_auto\" id=\"style-css-av-l34w4u7a-7b222b074be4bdc4150a7d6b4cd586a2\">\n#top .hr.hr-invisible.av-l34w4u7a-7b222b074be4bdc4150a7d6b4cd586a2{\nheight:20px;\n}\n<\/style>\n<div  class='hr av-l34w4u7a-7b222b074be4bdc4150a7d6b4cd586a2 hr-invisible  avia-builder-el-8  el_after_av_textblock  el_before_av_textblock'><span class='hr-inner'><span class=\"hr-inner-style\"><\/span><\/span><\/div><br \/>\n<section class=\"av_textblock_section\"  itemscope=\"itemscope\" itemtype=\"https:\/\/schema.org\/CreativeWork\" ><div class='avia_textblock  av_inherit_color'  style='color:#1d1d1b; '  itemprop=\"text\" ><p><b>Yazan ve Y\u00f6neten \/ Written and Directed by :<\/b> <span style=\"font-weight: 400;\">Murat Mahmutyaz\u0131c\u0131o\u011flu<\/span><\/p>\n<p><b>Oyuncular \/ Cast :<\/b> <span style=\"font-weight: 400;\">Seda T\u00fcrkmen, Deniz Karao\u011flu<\/span><\/p>\n<p><b>Y\u00f6netmen Yard\u0131mc\u0131lar\u0131 \/ Assistant-Directors: <\/b><span style=\"font-weight: 400;\">Sevda Deniz Karali, \u00d6zden Selim Karadana<\/span><\/p>\n<p><b>Dekor \/ Decor : <\/b><span style=\"font-weight: 400;\">Meltem \u00c7akmak\u00a0<\/span><\/p>\n<p><b>Kost\u00fcm Tasar\u0131m\u0131 \/ Costume Design: <\/b><span style=\"font-weight: 400;\">Efe Soykaraman<\/span><\/p>\n<p><b>I\u015f\u0131k Tasar\u0131m\u0131 \/ Lighting Design: <\/b><span style=\"font-weight: 400;\">Osman Onur Can<\/span><\/p>\n<p><b>Hareket D\u00fczeni \/ Motion Design: <\/b><span style=\"font-weight: 400;\">Gizem Bilgen\u00a0<\/span><\/p>\n<p><b>Afi\u015f Tasar\u0131m\u0131 \/ Poster Design : <\/b><span style=\"font-weight: 400;\">B\u0131y\u0131kof\u00a0\u00a0<\/span><\/p>\n<p><b>Foto\u011fraflar &amp; Tan\u0131t\u0131m Filmi \/ Photos &amp; Promotional Film : <\/b><span style=\"font-weight: 400;\">Azize Design Studio<\/span><\/p>\n<p><b>Proje Asistan\u0131 \/ Project Assistant :<\/b><span style=\"font-weight: 400;\"> Cansel Erdo\u011fan<\/span><\/p>\n<p><b>Yap\u0131m orta\u011f\u0131 \/ Co-Producer :<\/b><span style=\"font-weight: 400;\"> Kad\u0131k\u00f6y Boa Sahne<\/span><\/p>\n<p><b>Te\u015fekk\u00fcrler \/ Thanks to :<\/b><span style=\"font-weight: 400;\">\u00a0 Bereze G\u00f6steri Evi, Apartman Sahne, Bar\u0131\u015f Hamarat\u00a0\u00a0<\/span><\/p>\n<p><b>Oyun S\u00fcresi \/ Performance Duration :<\/b><span style=\"font-weight: 400;\"> 65\u2019\u00a0\u00a0<\/span><\/p>\n<p><b>Ya\u015f \/ Age : <\/b><span style=\"font-weight: 400;\">+16<\/span><\/p>\n<\/div><\/section><\/p><\/div><\/p>","protected":false},"excerpt":{"rendered":"","protected":false},"author":1,"featured_media":0,"parent":0,"menu_order":0,"comment_status":"closed","ping_status":"closed","template":"","meta":{"footnotes":""},"class_list":["post-2788","page","type-page","status-publish","hentry"],"_links":{"self":[{"href":"https:\/\/bergamatiyatrofestivali.com\/en\/wp-json\/wp\/v2\/pages\/2788","targetHints":{"allow":["GET"]}}],"collection":[{"href":"https:\/\/bergamatiyatrofestivali.com\/en\/wp-json\/wp\/v2\/pages"}],"about":[{"href":"https:\/\/bergamatiyatrofestivali.com\/en\/wp-json\/wp\/v2\/types\/page"}],"author":[{"embeddable":true,"href":"https:\/\/bergamatiyatrofestivali.com\/en\/wp-json\/wp\/v2\/users\/1"}],"replies":[{"embeddable":true,"href":"https:\/\/bergamatiyatrofestivali.com\/en\/wp-json\/wp\/v2\/comments?post=2788"}],"version-history":[{"count":4,"href":"https:\/\/bergamatiyatrofestivali.com\/en\/wp-json\/wp\/v2\/pages\/2788\/revisions"}],"predecessor-version":[{"id":3325,"href":"https:\/\/bergamatiyatrofestivali.com\/en\/wp-json\/wp\/v2\/pages\/2788\/revisions\/3325"}],"wp:attachment":[{"href":"https:\/\/bergamatiyatrofestivali.com\/en\/wp-json\/wp\/v2\/media?parent=2788"}],"curies":[{"name":"wp","href":"https:\/\/api.w.org\/{rel}","templated":true}]}}