{"id":2784,"date":"2022-05-13T23:25:16","date_gmt":"2022-05-13T20:25:16","guid":{"rendered":"https:\/\/bergamatiyatrofestivali.com\/?page_id=2784"},"modified":"2022-05-30T19:03:06","modified_gmt":"2022-05-30T16:03:06","slug":"esit-masallar","status":"publish","type":"page","link":"https:\/\/bergamatiyatrofestivali.com\/en\/esit-masallar\/","title":{"rendered":"E\u015e\u0130T MASALLAR"},"content":{"rendered":"<div class='flex_column av-8jg380-51ade249fefcda003aa96dc655f1c1ee av_one_half  avia-builder-el-0  el_before_av_one_half  avia-builder-el-first  first flex_column_div'   ><p>\n<style type=\"text\/css\" data-created_by=\"avia_inline_auto\" id=\"style-css-av-7z4zs0-e373d7c2b38c79e478b0ea27de0a106f\">\n.avia-image-container.av-7z4zs0-e373d7c2b38c79e478b0ea27de0a106f .av-image-caption-overlay-center{\ncolor:#ffffff;\n}\n<\/style>\n<div  class='avia-image-container av-7z4zs0-e373d7c2b38c79e478b0ea27de0a106f av-styling- avia-align-center  avia-builder-el-1  el_before_av_textblock  avia-builder-el-first'  itemprop=\"image\" itemscope=\"itemscope\" itemtype=\"https:\/\/schema.org\/ImageObject\" ><div class=\"avia-image-container-inner\"><div class=\"avia-image-overlay-wrap\"><img decoding=\"async\" class='wp-image-3322 avia-img-lazy-loading-not-3322 avia_image' src=\"https:\/\/bergamatiyatrofestivali.com\/wp-content\/uploads\/2022\/05\/esit-masallar.png\" alt='' title='e\u015fit masallar'  height=\"1080\" width=\"1080\"  itemprop=\"thumbnailUrl\" srcset=\"https:\/\/bergamatiyatrofestivali.com\/wp-content\/uploads\/2022\/05\/esit-masallar.png 1080w, https:\/\/bergamatiyatrofestivali.com\/wp-content\/uploads\/2022\/05\/esit-masallar-300x300.png 300w, https:\/\/bergamatiyatrofestivali.com\/wp-content\/uploads\/2022\/05\/esit-masallar-1030x1030.png 1030w, https:\/\/bergamatiyatrofestivali.com\/wp-content\/uploads\/2022\/05\/esit-masallar-80x80.png 80w, https:\/\/bergamatiyatrofestivali.com\/wp-content\/uploads\/2022\/05\/esit-masallar-768x768.png 768w, https:\/\/bergamatiyatrofestivali.com\/wp-content\/uploads\/2022\/05\/esit-masallar-12x12.png 12w, https:\/\/bergamatiyatrofestivali.com\/wp-content\/uploads\/2022\/05\/esit-masallar-36x36.png 36w, https:\/\/bergamatiyatrofestivali.com\/wp-content\/uploads\/2022\/05\/esit-masallar-180x180.png 180w, https:\/\/bergamatiyatrofestivali.com\/wp-content\/uploads\/2022\/05\/esit-masallar-705x705.png 705w\" sizes=\"(max-width: 1080px) 100vw, 1080px\" \/><\/div><\/div><\/div><br \/>\n<section class=\"av_textblock_section\"  itemscope=\"itemscope\" itemtype=\"https:\/\/schema.org\/CreativeWork\" ><div class='avia_textblock  av_inherit_color'  style='color:#1d1d1b; '  itemprop=\"text\" ><h2><strong>Equivalent Tales<\/strong><\/h2>\n<h3><em><strong>Equivalent Tales<\/strong><\/em><\/h3>\n<h3><span style=\"font-weight: 400;\">Odeabank<\/span><\/h3>\n<h4><span style=\"font-weight: 400;\">3 Haziran \/ June Cuma &#8211; Friday, 18:00<\/span><\/h4>\n<h5><span style=\"font-weight: 400;\">Bergama Sokaklar\u0131 \/ Bergama Streets\u00a0<\/span><\/h5>\n<p><span style=\"font-weight: 400;\">Etkinlik \u00fccretsizdir. This event is free.<\/span><\/p>\n<\/div><\/section><\/p><\/div><div class='flex_column av-4vi7uo-1ed270680108cd23cefa91b2071200c2 av_one_half  avia-builder-el-3  el_after_av_one_half  avia-builder-el-last  flex_column_div'   ><p><section class=\"av_textblock_section\"  itemscope=\"itemscope\" itemtype=\"https:\/\/schema.org\/CreativeWork\" ><div class='avia_textblock  av_inherit_color'  style='color:#1d1d1b; '  itemprop=\"text\" ><p><span style=\"font-weight: 400;\">Kad\u0131n-erkek rolleri ve e\u015fitlik kavram\u0131 \u00e7ocukken dinledi\u011fimiz masallarla ba\u015fl\u0131yor. Odeabank taraf\u0131ndan ger\u00e7ekle\u015ftirilen ve Can Yay\u0131nlar\u0131 taraf\u0131ndan e\u015fitlik\u00e7i bir bak\u0131\u015f a\u00e7\u0131s\u0131yla yeniden yorumlanan E\u015fit Masallar kitaplar\u0131 \u015fimdi tiyatro sahnesinde. Kahramanlar\u0131m\u0131z yeni maceralar\u0131nda kal\u0131pla\u015fm\u0131\u015f yarg\u0131lar\u0131 y\u0131karken toplumsal cinsiyet e\u015fitli\u011fine de dikkat \u00e7ekiyor.<\/span><\/p>\n<p><span style=\"font-weight: 400;\">\u00a0<\/span><span style=\"font-weight: 400;\">Rapunzel, Kurba\u011fa Prens, K\u0131rm\u0131z\u0131 Ba\u015fl\u0131kl\u0131 K\u0131z\u00a0<\/span><\/p>\n<p><span style=\"font-weight: 400;\">desek bizce hepiniz tan\u0131rs\u0131n\u0131z.\u00a0<\/span><\/p>\n<p><span style=\"font-weight: 400;\">Pamuk Kalpli Prens, Kurt ve Sindirella\u2026<\/span><\/p>\n<p><span style=\"font-weight: 400;\">Hepsi kahraman bu masalda.\u00a0<\/span><\/p>\n<p><span style=\"font-weight: 400;\">Siz hi\u00e7 d\u00fcnyadaki b\u00fct\u00fcn bilmecelerin cevaplar\u0131n\u0131 bilen bir prensesle tan\u0131\u015ft\u0131n\u0131z m\u0131?<\/span><\/p>\n<p><span style=\"font-weight: 400;\">Peki, bir sa\u00e7 tokas\u0131 ve bir mantardan pusula yapabilen biriyle?\u00a0<\/span><\/p>\n<p><span style=\"font-weight: 400;\">Vezveze Vezir\u2019e meydan okuyan cesur Rapunzel de bu oyunda, kurba\u011faya d\u00f6n\u00fc\u015fen prens de\u2026<\/span><\/p>\n<p><span style=\"font-weight: 400;\">Kahramanlar\u0131m\u0131z\u0131n hepsi ak\u015famki vezir se\u00e7me balosuna davetli.\u00a0<\/span><\/p>\n<p><span style=\"font-weight: 400;\">Bakal\u0131m vezir kim olacak!\u00a0<\/span><\/p>\n<p><span style=\"font-weight: 400;\">&#8211;<\/span><\/p>\n<p><span style=\"font-weight: 400;\">The concept of gender roles and equality begins with the fairy tales we hear as children. \u201cEquivalent Tales\u201d books, produced by Odeabank and reinterpreted by Can Publishing from an egalitarian perspective, are now on the stage. While our heroes break stereotypes in their new adventures, they also draw attention to gender equality.<\/span><\/p>\n<p><span style=\"font-weight: 400;\">Rapunzel, The Frog Prince, Little Red Riding Hood,<\/span><\/p>\n<p><span style=\"font-weight: 400;\">We think you all know them.<\/span><\/p>\n<p><span style=\"font-weight: 400;\">The Snow White Prince, the Wolf and Cinderella\u2026<\/span><\/p>\n<p><span style=\"font-weight: 400;\">All of them are heroes in this fairy tale.<\/span><\/p>\n<p><span style=\"font-weight: 400;\">Have you ever met a princess who knows the answers to all the riddles in the world?<\/span><\/p>\n<p><span style=\"font-weight: 400;\">What about someone who can make a hairpin and a cork compass?<\/span><\/p>\n<p><span style=\"font-weight: 400;\">In this game, the brave Rapunzel who defies the Vezveze Vizier, and the prince who turns into a frog&#8230;<\/span><\/p>\n<p><span style=\"font-weight: 400;\">All of our heroes are invited to the vizier selection ball tonight.<\/span><\/p>\n<p><span style=\"font-weight: 400;\">Let&#8217;s see who will be the vizier!<\/span><\/p>\n<\/div><\/section><br \/>\n\n<style type=\"text\/css\" data-created_by=\"avia_inline_auto\" id=\"style-css-av-l34w1k3a-9d356b9022c7fa7ad57135e87f34a212\">\n#top .hr.hr-invisible.av-l34w1k3a-9d356b9022c7fa7ad57135e87f34a212{\nheight:20px;\n}\n<\/style>\n<div  class='hr av-l34w1k3a-9d356b9022c7fa7ad57135e87f34a212 hr-invisible  avia-builder-el-5  el_after_av_textblock  el_before_av_textblock'><span class='hr-inner'><span class=\"hr-inner-style\"><\/span><\/span><\/div><br \/>\n<section class=\"av_textblock_section\"  itemscope=\"itemscope\" itemtype=\"https:\/\/schema.org\/CreativeWork\" ><div class='avia_textblock  av_inherit_color'  style='color:#1d1d1b; '  itemprop=\"text\" ><p><b>Yazan \/ Written by: <\/b><span style=\"font-weight: 400;\">M\u00fcge Mor\u00a0<\/span><\/p>\n<p><b>Y\u00f6neten \/ Directed by:<\/b><span style=\"font-weight: 400;\"> Deniz Ye\u015fil Mavi\u00a0<\/span><\/p>\n<p><b>Y\u00f6netmen Yard\u0131mc\u0131s\u0131 \/ Assistant Director: <\/b><span style=\"font-weight: 400;\">\u0130brahim Uluta\u015f<\/span><\/p>\n<p><b>Oyuncular \/ Cast:<\/b><span style=\"font-weight: 400;\"> Bayram Bazarov, Beril Korkmaz, B\u00fc\u015fra Ayata, \u0130lteri\u015f Bak\u0131rhan, Merve Kaytuka, Oktay K\u0131l\u0131n\u00e7, Taylan G\u00fcldere, Zeynep \u0130pek\u00a0\u00a0<\/span><\/p>\n<p><b>M\u00fczik \/ Music: <\/b><span style=\"font-weight: 400;\">\u00c7a\u011fr\u0131 \u00d6zg\u00fcr H\u00fcn\u00a0<\/span><\/p>\n<p><b>Dramaturgi \/ Dramaturgy: <\/b><span style=\"font-weight: 400;\">Yelda \u00d6zde\u015f\u00a0<\/span><\/p>\n<p><b>Dekor &amp; Kost\u00fcm Tasar\u0131m\u0131 \/ Decor &amp; Costume Design: <\/b><span style=\"font-weight: 400;\">Sibel Toma\u00e7\u00a0<\/span><\/p>\n<p><b>Hareket D\u00fczeni \/ Motion Design: <\/b><span style=\"font-weight: 400;\">\u0130brahim Uluta\u015f\u00a0<\/span><\/p>\n<p><b>I\u015f\u0131k Tasar\u0131m\u0131 \/ Lighting Design: <\/b><span style=\"font-weight: 400;\">Mustafa Bilal\u00a0<\/span><\/p>\n<p><b>Pedagog \/ Pedagogue :<\/b><span style=\"font-weight: 400;\"> S\u00fcmeyye Nur Karako\u00e7 T\u00fcrko\u011flu\u00a0<\/span><\/p>\n<p><b>Asistan \/ Assistant :<\/b><span style=\"font-weight: 400;\"> Gizemnur Topalo\u011flu\u00a0<\/span><\/p>\n<p><b>Enstr\u00fcman \/ Instrument <\/b><span style=\"font-weight: 400;\">: \u0130lteri\u015f Bak\u0131rhan\u00a0<\/span><\/p>\n<p><b>Oyun S\u00fcresi \/ Performance Duration :<\/b><span style=\"font-weight: 400;\"> 40\u2019<\/span><\/p>\n<p><b>Ya\u015f \/ Age : <\/b><span style=\"font-weight: 400;\">T\u00fcm ya\u015flar \/ All ages<\/span><\/p>\n<\/div><\/section><\/p><\/div><\/p>","protected":false},"excerpt":{"rendered":"","protected":false},"author":1,"featured_media":0,"parent":0,"menu_order":0,"comment_status":"closed","ping_status":"closed","template":"","meta":{"footnotes":""},"class_list":["post-2784","page","type-page","status-publish","hentry"],"_links":{"self":[{"href":"https:\/\/bergamatiyatrofestivali.com\/en\/wp-json\/wp\/v2\/pages\/2784","targetHints":{"allow":["GET"]}}],"collection":[{"href":"https:\/\/bergamatiyatrofestivali.com\/en\/wp-json\/wp\/v2\/pages"}],"about":[{"href":"https:\/\/bergamatiyatrofestivali.com\/en\/wp-json\/wp\/v2\/types\/page"}],"author":[{"embeddable":true,"href":"https:\/\/bergamatiyatrofestivali.com\/en\/wp-json\/wp\/v2\/users\/1"}],"replies":[{"embeddable":true,"href":"https:\/\/bergamatiyatrofestivali.com\/en\/wp-json\/wp\/v2\/comments?post=2784"}],"version-history":[{"count":5,"href":"https:\/\/bergamatiyatrofestivali.com\/en\/wp-json\/wp\/v2\/pages\/2784\/revisions"}],"predecessor-version":[{"id":3324,"href":"https:\/\/bergamatiyatrofestivali.com\/en\/wp-json\/wp\/v2\/pages\/2784\/revisions\/3324"}],"wp:attachment":[{"href":"https:\/\/bergamatiyatrofestivali.com\/en\/wp-json\/wp\/v2\/media?parent=2784"}],"curies":[{"name":"wp","href":"https:\/\/api.w.org\/{rel}","templated":true}]}}