{"id":2779,"date":"2022-05-13T23:16:53","date_gmt":"2022-05-13T20:16:53","guid":{"rendered":"https:\/\/bergamatiyatrofestivali.com\/?page_id=2779"},"modified":"2022-06-01T19:29:27","modified_gmt":"2022-06-01T16:29:27","slug":"btf-clown","status":"publish","type":"page","link":"https:\/\/bergamatiyatrofestivali.com\/en\/btf-clown\/","title":{"rendered":"BTF CLOWN"},"content":{"rendered":"<div class='flex_column av-7tpy63-fc85136234d5805ed2c7c1b50487c922 av_one_half  avia-builder-el-0  el_before_av_one_half  avia-builder-el-first  first flex_column_div'   ><p>\n<style type=\"text\/css\" data-created_by=\"avia_inline_auto\" id=\"style-css-av-6evyjf-97f9fe25505ca2d6b8af78e67e6dc7ca\">\n.avia-image-container.av-6evyjf-97f9fe25505ca2d6b8af78e67e6dc7ca .av-image-caption-overlay-center{\ncolor:#ffffff;\n}\n<\/style>\n<div  class='avia-image-container av-6evyjf-97f9fe25505ca2d6b8af78e67e6dc7ca av-styling- avia-align-center  avia-builder-el-1  el_before_av_textblock  avia-builder-el-first'  itemprop=\"image\" itemscope=\"itemscope\" itemtype=\"https:\/\/schema.org\/ImageObject\" ><div class=\"avia-image-container-inner\"><div class=\"avia-image-overlay-wrap\"><img decoding=\"async\" class='wp-image-3314 avia-img-lazy-loading-not-3314 avia_image' src=\"https:\/\/bergamatiyatrofestivali.com\/wp-content\/uploads\/2022\/05\/BTF-Clown.png\" alt='' title='BTF Clown'  height=\"1080\" width=\"1080\"  itemprop=\"thumbnailUrl\" srcset=\"https:\/\/bergamatiyatrofestivali.com\/wp-content\/uploads\/2022\/05\/BTF-Clown.png 1080w, https:\/\/bergamatiyatrofestivali.com\/wp-content\/uploads\/2022\/05\/BTF-Clown-300x300.png 300w, https:\/\/bergamatiyatrofestivali.com\/wp-content\/uploads\/2022\/05\/BTF-Clown-1030x1030.png 1030w, https:\/\/bergamatiyatrofestivali.com\/wp-content\/uploads\/2022\/05\/BTF-Clown-80x80.png 80w, https:\/\/bergamatiyatrofestivali.com\/wp-content\/uploads\/2022\/05\/BTF-Clown-768x768.png 768w, https:\/\/bergamatiyatrofestivali.com\/wp-content\/uploads\/2022\/05\/BTF-Clown-12x12.png 12w, https:\/\/bergamatiyatrofestivali.com\/wp-content\/uploads\/2022\/05\/BTF-Clown-36x36.png 36w, https:\/\/bergamatiyatrofestivali.com\/wp-content\/uploads\/2022\/05\/BTF-Clown-180x180.png 180w, https:\/\/bergamatiyatrofestivali.com\/wp-content\/uploads\/2022\/05\/BTF-Clown-705x705.png 705w\" sizes=\"(max-width: 1080px) 100vw, 1080px\" \/><\/div><\/div><\/div><br \/>\n<section class=\"av_textblock_section\"  itemscope=\"itemscope\" itemtype=\"https:\/\/schema.org\/CreativeWork\" ><div class='avia_textblock  av_inherit_color'  style='color:#1d1d1b; '  itemprop=\"text\" ><h2><strong>BTF Clown ve Sirk Sanatlar\u0131 Ekibi<\/strong><\/h2>\n<h3><em><strong>BTF Clown and Circus Team<\/strong><\/em><\/h3>\n<h4><span style=\"font-weight: 400;\">2-4 Haziran-June \/ Per\u015fembe\u2019den Cumartesi\u2019ye &#8211; <\/span><\/h4>\n<h4><span style=\"font-weight: 400;\">from Thursday to Saturday<\/span><\/h4>\n<h5><span style=\"font-weight: 400;\">A\u00e7\u0131l\u0131\u015f Panay\u0131r\u0131, <\/span><span style=\"font-weight: 400;\">Bergama Sokaklar\u0131 \/ Opening Fair, Bergama Streets\u00a0<\/span><\/h5>\n<p>Etkinlik \u00fccretsizdir. This event is free.<\/p>\n<h5><\/h5>\n<\/div><\/section><\/p><\/div><div class='flex_column av-3y5atn-c658029b0dd0fb6d9a9c91325e15be30 av_one_half  avia-builder-el-3  el_after_av_one_half  avia-builder-el-last  flex_column_div'   ><p><section class=\"av_textblock_section\"  itemscope=\"itemscope\" itemtype=\"https:\/\/schema.org\/CreativeWork\" ><div class='avia_textblock  av_inherit_color'  style='color:#1d1d1b; '  itemprop=\"text\" ><p><span style=\"font-weight: 400;\">Bergama Tiyatro Festivali Clown Ekibi, Bergama Tiyatro Festivali boyunca mahallelerin farkl\u0131 noktalar\u0131ndan ba\u015flayan kortejle g\u00f6steri alan\u0131na ge\u00e7er. G\u00f6steri, sirk sanatlar\u0131, akrobasi ve dans i\u00e7erikli teatral performanslardan olu\u015fmaktad\u0131r. Her ya\u015f grubundan mahallelinin e\u011flenceli zaman ge\u00e7irebilmesi ve farkl\u0131 sanatsal performanslar\u0131yla bulu\u015fmas\u0131 hedeflenir.<\/span><\/p>\n<p><span style=\"font-weight: 400;\">&#8211;<\/span><\/p>\n<p><span style=\"font-weight: 400;\">The Bergama Theatre Festival Clown Team arrives at the performance area with a cortege starting from different neighbourhoods throughout the festival\u2019s duration. The show consists of theatrical performances of circus arts, acrobatics and dance. Its objective is for neighbourhood residents from all age groups to have a fun time and meet with different artistic performances.<\/span><\/p>\n<\/div><\/section><br \/>\n<div  class='hr av-2az8q3-d5dfcf18b3581bee4d54d41037f1b8ef hr-default  avia-builder-el-5  el_after_av_textblock  el_before_av_textblock'><span class='hr-inner'><span class=\"hr-inner-style\"><\/span><\/span><\/div><br \/>\n<section class=\"av_textblock_section\"  itemscope=\"itemscope\" itemtype=\"https:\/\/schema.org\/CreativeWork\" ><div class='avia_textblock  av_inherit_color'  style='color:#1d1d1b; '  itemprop=\"text\" ><p><b>Grup \u0130smi:<\/b> <span style=\"font-weight: 400;\">Bergama Tiyatro Festivali Clown Ekibi \/ Bergama Theatre Festival Clown Team<\/span><\/p>\n<p><b>Y\u00f6neten &amp; Teknik \/ Directed by &amp; Technical : <\/b><span style=\"font-weight: 400;\">G\u00fcray Din\u00e7ol<\/span><\/p>\n<p><b>Oyuncular \/ Casts :<\/b><span style=\"font-weight: 400;\"> \u00d6zg\u00fcr Do\u011fa G\u00f6r\u00fcrg\u00f6z, Zeynep Kuyumcu, Irmak Kuyumcu, Gurur \u00dcn\u00fck\u00fcr, Ezgi Keskin, Tara Demircio\u011flu, Ece Nur Ate\u015f, Ert\u00fcrk Erkek, P\u0131nar Akkuzu<\/span><\/p>\n<p><b>Teknik \/ <\/b><b>\u00a0Technical : <\/b><span style=\"font-weight: 400;\">Deniz Berk Bekar\u00a0<\/span><\/p>\n<p><b>Oyun S\u00fcresi \/ Performance Duration :<\/b> <span style=\"font-weight: 400;\">70\u2019<\/span><\/p>\n<p><b>Ya\u015f \/ Age : <\/b><span style=\"font-weight: 400;\">T\u00fcm ya\u015flar \/ All ages<\/span><\/p>\n<\/div><\/section><\/p><\/div><\/p>","protected":false},"excerpt":{"rendered":"","protected":false},"author":1,"featured_media":0,"parent":0,"menu_order":0,"comment_status":"closed","ping_status":"closed","template":"","meta":{"footnotes":""},"class_list":["post-2779","page","type-page","status-publish","hentry"],"_links":{"self":[{"href":"https:\/\/bergamatiyatrofestivali.com\/en\/wp-json\/wp\/v2\/pages\/2779","targetHints":{"allow":["GET"]}}],"collection":[{"href":"https:\/\/bergamatiyatrofestivali.com\/en\/wp-json\/wp\/v2\/pages"}],"about":[{"href":"https:\/\/bergamatiyatrofestivali.com\/en\/wp-json\/wp\/v2\/types\/page"}],"author":[{"embeddable":true,"href":"https:\/\/bergamatiyatrofestivali.com\/en\/wp-json\/wp\/v2\/users\/1"}],"replies":[{"embeddable":true,"href":"https:\/\/bergamatiyatrofestivali.com\/en\/wp-json\/wp\/v2\/comments?post=2779"}],"version-history":[{"count":9,"href":"https:\/\/bergamatiyatrofestivali.com\/en\/wp-json\/wp\/v2\/pages\/2779\/revisions"}],"predecessor-version":[{"id":3482,"href":"https:\/\/bergamatiyatrofestivali.com\/en\/wp-json\/wp\/v2\/pages\/2779\/revisions\/3482"}],"wp:attachment":[{"href":"https:\/\/bergamatiyatrofestivali.com\/en\/wp-json\/wp\/v2\/media?parent=2779"}],"curies":[{"name":"wp","href":"https:\/\/api.w.org\/{rel}","templated":true}]}}