{"id":2776,"date":"2022-05-13T23:09:01","date_gmt":"2022-05-13T20:09:01","guid":{"rendered":"https:\/\/bergamatiyatrofestivali.com\/?page_id=2776"},"modified":"2022-05-30T19:01:00","modified_gmt":"2022-05-30T16:01:00","slug":"yorgan-atolyesi","status":"publish","type":"page","link":"https:\/\/bergamatiyatrofestivali.com\/en\/yorgan-atolyesi\/","title":{"rendered":"Quilt Making Workshop"},"content":{"rendered":"<div class='flex_column av-s3ago-8d92fe7c24664e20993ee0bdeb77b36b av_one_half  avia-builder-el-0  el_before_av_one_half  avia-builder-el-first  first flex_column_div'   ><p>\n<style type=\"text\/css\" data-created_by=\"avia_inline_auto\" id=\"style-css-av-5zijp4-355314f0968820618f2811335b7d6583\">\n.avia-image-container.av-5zijp4-355314f0968820618f2811335b7d6583 .av-image-caption-overlay-center{\ncolor:#ffffff;\n}\n<\/style>\n<div  class='avia-image-container av-5zijp4-355314f0968820618f2811335b7d6583 av-styling- avia-align-center  avia-builder-el-1  el_before_av_textblock  avia-builder-el-first'  itemprop=\"image\" itemscope=\"itemscope\" itemtype=\"https:\/\/schema.org\/ImageObject\" ><div class=\"avia-image-container-inner\"><div class=\"avia-image-overlay-wrap\"><img decoding=\"async\" class='wp-image-3313 avia-img-lazy-loading-not-3313 avia_image' src=\"https:\/\/bergamatiyatrofestivali.com\/wp-content\/uploads\/2022\/05\/Yorgan-Atolyesi-post.png\" alt='' title='Yorgan At\u00f6lyesi-post'  height=\"1080\" width=\"1080\"  itemprop=\"thumbnailUrl\" srcset=\"https:\/\/bergamatiyatrofestivali.com\/wp-content\/uploads\/2022\/05\/Yorgan-Atolyesi-post.png 1080w, https:\/\/bergamatiyatrofestivali.com\/wp-content\/uploads\/2022\/05\/Yorgan-Atolyesi-post-300x300.png 300w, https:\/\/bergamatiyatrofestivali.com\/wp-content\/uploads\/2022\/05\/Yorgan-Atolyesi-post-1030x1030.png 1030w, https:\/\/bergamatiyatrofestivali.com\/wp-content\/uploads\/2022\/05\/Yorgan-Atolyesi-post-80x80.png 80w, https:\/\/bergamatiyatrofestivali.com\/wp-content\/uploads\/2022\/05\/Yorgan-Atolyesi-post-768x768.png 768w, https:\/\/bergamatiyatrofestivali.com\/wp-content\/uploads\/2022\/05\/Yorgan-Atolyesi-post-12x12.png 12w, https:\/\/bergamatiyatrofestivali.com\/wp-content\/uploads\/2022\/05\/Yorgan-Atolyesi-post-36x36.png 36w, https:\/\/bergamatiyatrofestivali.com\/wp-content\/uploads\/2022\/05\/Yorgan-Atolyesi-post-180x180.png 180w, https:\/\/bergamatiyatrofestivali.com\/wp-content\/uploads\/2022\/05\/Yorgan-Atolyesi-post-705x705.png 705w\" sizes=\"(max-width: 1080px) 100vw, 1080px\" \/><\/div><\/div><\/div><br \/>\n<section class=\"av_textblock_section\"  itemscope=\"itemscope\" itemtype=\"https:\/\/schema.org\/CreativeWork\" ><div class='avia_textblock  av_inherit_color'  style='color:#1d1d1b; '  itemprop=\"text\" ><h2><strong> Quilt Making Workshop<\/strong><\/h2>\n<h3><em><strong>Quilt Making Workshop\u00a0<\/strong><\/em><\/h3>\n<h3><span style=\"font-weight: 400;\">\u0130brahim \u015eahbaz\u00a0<\/span><\/h3>\n<h4><span style=\"font-weight: 400;\">3 Haziran &#8211; June \/ Cuma &#8211; Friday, 16.00<\/span><\/h4>\n<h5><span style=\"font-weight: 400;\">Naml\u0131 \u0130\u011fne, Bulu\u015fma Yeri \/ Meeting Point : \u00c7\u0131narl\u0131 Kahve<\/span><\/h5>\n<\/div><\/section><br \/>\n\n<style type=\"text\/css\" data-created_by=\"avia_inline_auto\" id=\"style-css-av-eu6jc-fe6d9f13e0b81d0429ee6fbe833840a8\">\n#top .hr.hr-invisible.av-eu6jc-fe6d9f13e0b81d0429ee6fbe833840a8{\nheight:20px;\n}\n<\/style>\n<div  class='hr av-eu6jc-fe6d9f13e0b81d0429ee6fbe833840a8 hr-invisible  avia-builder-el-3  el_after_av_textblock  el_before_av_buttonrow'><span class='hr-inner'><span class=\"hr-inner-style\"><\/span><\/span><\/div><br \/>\n<div  class='avia-buttonrow-wrap av-l34vhc0m-09fe61be543c9cb5471947df032fdaeb avia-buttonrow-left  avia-builder-el-4  el_after_av_hr  avia-builder-el-last'>\n\n<style type=\"text\/css\" data-created_by=\"avia_inline_auto\" id=\"style-css-av-l34vh7mo-02ea5f47b86f0e8e9d79302c70ad26b0\">\n#top #wrap_all .avia-button.av-l34vh7mo-02ea5f47b86f0e8e9d79302c70ad26b0{\nmargin-bottom:5px;\nmargin-right:5px;\n}\n#top #wrap_all .avia-button.av-l34vh7mo-02ea5f47b86f0e8e9d79302c70ad26b0:hover{\nbackground-color:black;\ncolor:#ffffff;\ntransition:all 0.4s ease-in-out;\n-webkit-transition:all 0.4s ease-in-out;\n-moz-transition:all 0.4s ease-in-out;\n-ms-transition:all 0.4s ease-in-out;\n-o-transition:all 0.4s ease-in-out;\n}\n<\/style>\n<a href='https:\/\/www.mobilet.com\/event\/yorgan-atolyesi-ibrahim-sahbaz-11864-2007' class='avia-button av-l34vh7mo-02ea5f47b86f0e8e9d79302c70ad26b0 avia-icon_select-yes-left-icon avia-size-medium avia-color-black avia-font-color-white' target=\"_blank\" rel=\"noopener noreferrer\"><span class='avia_button_icon avia_button_icon_left' aria-hidden='true' data-av_icon='\ue881' data-av_iconfont='entypo-fontello'><\/span><span class='avia_iconbox_title' >MOB\u0130LET<\/span><\/a>\n<\/div><\/p><\/div><div class='flex_column av-1vhra0-3343c767161fa0b92ebda134003e2991 av_one_half  avia-builder-el-5  el_after_av_one_half  avia-builder-el-last  flex_column_div'   ><p><section class=\"av_textblock_section\"  itemscope=\"itemscope\" itemtype=\"https:\/\/schema.org\/CreativeWork\" ><div class='avia_textblock  av_inherit_color'  style='color:#1d1d1b; '  itemprop=\"text\" ><p><span style=\"font-weight: 400;\">Yorganlar ge\u00e7mi\u015ften g\u00fcn\u00fcm\u00fcze k\u00fclt\u00fcrel ve sosyal de\u011ferlerin en \u00f6nemli ta\u015f\u0131y\u0131c\u0131lar\u0131ndan biridir.<\/span><span style=\"font-weight: 400;\"> \u0130ki kuma\u015f\u0131n aras\u0131na y\u00fcn, pamuk gibi do\u011fal malzemeler doldurularak dikilen, dikerken de k\u00fclt\u00fcr\u00fcm\u00fcze has desen ve motiflerle i\u015flenen bir uyku gereci olmas\u0131n\u0131n yan\u0131nda, g\u00fcn\u00fcm\u00fcze de\u011fin s\u00fcregelmi\u015f eski bir Anadolu \u00e2deti olan yorganc\u0131l\u0131k sanat\u0131n\u0131 Bergama\u2019da \u0130brahim \u015eahbaz Usta 52 y\u0131ld\u0131r s\u00fcrd\u00fcrmektedir. At\u00f6lye s\u00fcresince her kat\u0131l\u0131mc\u0131 \u0130brahim Usta ile ad\u0131m ad\u0131m diki\u015f atmay\u0131 ve bebek\/\u00e7ocuk yorgan\u0131 dikmeyi deneyimleyecek.\u00a0<\/span><\/p>\n<p><span style=\"font-weight: 400;\">\u0130brahim \u015eahbaz yorganc\u0131l\u0131k sanat\u0131na 13 ya\u015f\u0131ndayken mahallenin yorganc\u0131s\u0131 Hayrettin Hendek\u2019e \u00e7\u0131rak olarak ba\u015flad\u0131 ve yorganc\u0131 \u00d6mer \u00c7okg\u00f6ren ve \u0130brahim Batmaz ustalar\u0131n\u0131n yan\u0131nda \u00e7al\u0131\u015farak devam etti. 40 y\u0131l \u00f6nce kurdu\u011fu Naml\u0131 \u0130\u011fne isimli d\u00fckk\u00e2n\u0131nda yorganc\u0131l\u0131k sanat\u0131n\u0131 s\u00fcrd\u00fcr\u00fcyor.<\/span><\/p>\n<p><span style=\"font-weight: 400;\">&#8211;<\/span><\/p>\n<p><span style=\"font-weight: 400;\">Quilts are one of the most important carriers of cultural and social values from the past to present. In addition to being a sleeping article that is sewn by stuffing natural materials such as wool and cotton between two fabrics and embroidered with patterns and motifs unique to our culture while sewing, quilt making is an ancient Anatolian custom. \u0130brahim \u015eahbaz Usta has been continuing the art of quilt making in Bergama for 52 years. During the workshop, each participant will experience sewing their own baby quilt with \u0130brahim Usta.<\/span><\/p>\n<p><span style=\"font-weight: 400;\">\u0130brahim \u015eahbaz started his quilting art at the age of 13 as an apprentice to Hayrettin Hendek, the quilter of the neighbourhood, and continued by working with the master quilters \u00d6mer \u00c7okg\u00f6ren and \u0130brahim Batmaz. He continues his quilting art in his shop named Naml\u0131 \u0130\u011fne, which he founded 40 years ago.<\/span><\/p>\n<\/div><\/section><br \/>\n\n<style type=\"text\/css\" data-created_by=\"avia_inline_auto\" id=\"style-css-av-l34vgele-1bf5b53f088746270f4f4f817727af8e\">\n#top .hr.hr-invisible.av-l34vgele-1bf5b53f088746270f4f4f817727af8e{\nheight:20px;\n}\n<\/style>\n<div  class='hr av-l34vgele-1bf5b53f088746270f4f4f817727af8e hr-invisible  avia-builder-el-7  el_after_av_textblock  el_before_av_textblock'><span class='hr-inner'><span class=\"hr-inner-style\"><\/span><\/span><\/div><br \/>\n<section class=\"av_textblock_section\"  itemscope=\"itemscope\" itemtype=\"https:\/\/schema.org\/CreativeWork\" ><div class='avia_textblock  av_inherit_color'  style='color:#1d1d1b; '  itemprop=\"text\" ><p><b>At\u00f6lye S\u00fcresi \/ Workshop Duration: <\/b><span style=\"font-weight: 400;\">60\u2019<\/span><\/p>\n<p><b>Kat\u0131l\u0131mc\u0131 Say\u0131s\u0131 \/ Number of Participants: <\/b><span style=\"font-weight: 400;\">10<\/span><\/p>\n<p><b>Ya\u015f \/ Age:<\/b><span style=\"font-weight: 400;\"> +16<\/span><\/p>\n<\/div><\/section><\/p><\/div><\/p>","protected":false},"excerpt":{"rendered":"","protected":false},"author":1,"featured_media":0,"parent":0,"menu_order":0,"comment_status":"closed","ping_status":"closed","template":"","meta":{"footnotes":""},"class_list":["post-2776","page","type-page","status-publish","hentry"],"_links":{"self":[{"href":"https:\/\/bergamatiyatrofestivali.com\/en\/wp-json\/wp\/v2\/pages\/2776","targetHints":{"allow":["GET"]}}],"collection":[{"href":"https:\/\/bergamatiyatrofestivali.com\/en\/wp-json\/wp\/v2\/pages"}],"about":[{"href":"https:\/\/bergamatiyatrofestivali.com\/en\/wp-json\/wp\/v2\/types\/page"}],"author":[{"embeddable":true,"href":"https:\/\/bergamatiyatrofestivali.com\/en\/wp-json\/wp\/v2\/users\/1"}],"replies":[{"embeddable":true,"href":"https:\/\/bergamatiyatrofestivali.com\/en\/wp-json\/wp\/v2\/comments?post=2776"}],"version-history":[{"count":4,"href":"https:\/\/bergamatiyatrofestivali.com\/en\/wp-json\/wp\/v2\/pages\/2776\/revisions"}],"predecessor-version":[{"id":3317,"href":"https:\/\/bergamatiyatrofestivali.com\/en\/wp-json\/wp\/v2\/pages\/2776\/revisions\/3317"}],"wp:attachment":[{"href":"https:\/\/bergamatiyatrofestivali.com\/en\/wp-json\/wp\/v2\/media?parent=2776"}],"curies":[{"name":"wp","href":"https:\/\/api.w.org\/{rel}","templated":true}]}}