{"id":2773,"date":"2022-05-13T23:04:00","date_gmt":"2022-05-13T20:04:00","guid":{"rendered":"https:\/\/bergamatiyatrofestivali.com\/?page_id=2773"},"modified":"2022-05-30T18:55:40","modified_gmt":"2022-05-30T15:55:40","slug":"kitlenize-karsi","status":"publish","type":"page","link":"https:\/\/bergamatiyatrofestivali.com\/en\/kitlenize-karsi\/","title":{"rendered":"K\u0130TLEN\u0130ZE KAR\u015eI"},"content":{"rendered":"<div class='flex_column av-adv7gl-ded8f42e639f0c027fd259d2c3451aaa av_one_half  avia-builder-el-0  el_before_av_one_half  avia-builder-el-first  first flex_column_div'   ><p>\n<style type=\"text\/css\" data-created_by=\"avia_inline_auto\" id=\"style-css-av-9lm6t1-efab2abf6f28a881bb2a1cee274bb7d2\">\n.avia-image-container.av-9lm6t1-efab2abf6f28a881bb2a1cee274bb7d2 .av-image-caption-overlay-center{\ncolor:#ffffff;\n}\n<\/style>\n<div  class='avia-image-container av-9lm6t1-efab2abf6f28a881bb2a1cee274bb7d2 av-styling- avia-align-center  avia-builder-el-1  el_before_av_textblock  avia-builder-el-first'  itemprop=\"image\" itemscope=\"itemscope\" itemtype=\"https:\/\/schema.org\/ImageObject\" ><div class=\"avia-image-container-inner\"><div class=\"avia-image-overlay-wrap\"><img decoding=\"async\" class='wp-image-3309 avia-img-lazy-loading-not-3309 avia_image' src=\"https:\/\/bergamatiyatrofestivali.com\/wp-content\/uploads\/2022\/05\/How-to-be-more-inclusive-Post.png\" alt='' title='How to be more inclusive - Post'  height=\"1080\" width=\"1080\"  itemprop=\"thumbnailUrl\" srcset=\"https:\/\/bergamatiyatrofestivali.com\/wp-content\/uploads\/2022\/05\/How-to-be-more-inclusive-Post.png 1080w, https:\/\/bergamatiyatrofestivali.com\/wp-content\/uploads\/2022\/05\/How-to-be-more-inclusive-Post-300x300.png 300w, https:\/\/bergamatiyatrofestivali.com\/wp-content\/uploads\/2022\/05\/How-to-be-more-inclusive-Post-1030x1030.png 1030w, https:\/\/bergamatiyatrofestivali.com\/wp-content\/uploads\/2022\/05\/How-to-be-more-inclusive-Post-80x80.png 80w, https:\/\/bergamatiyatrofestivali.com\/wp-content\/uploads\/2022\/05\/How-to-be-more-inclusive-Post-768x768.png 768w, https:\/\/bergamatiyatrofestivali.com\/wp-content\/uploads\/2022\/05\/How-to-be-more-inclusive-Post-12x12.png 12w, https:\/\/bergamatiyatrofestivali.com\/wp-content\/uploads\/2022\/05\/How-to-be-more-inclusive-Post-36x36.png 36w, https:\/\/bergamatiyatrofestivali.com\/wp-content\/uploads\/2022\/05\/How-to-be-more-inclusive-Post-180x180.png 180w, https:\/\/bergamatiyatrofestivali.com\/wp-content\/uploads\/2022\/05\/How-to-be-more-inclusive-Post-705x705.png 705w\" sizes=\"(max-width: 1080px) 100vw, 1080px\" \/><\/div><\/div><\/div><br \/>\n<section class=\"av_textblock_section\"  itemscope=\"itemscope\" itemtype=\"https:\/\/schema.org\/CreativeWork\" ><div class='avia_textblock  av_inherit_color'  style='color:#1d1d1b; '  itemprop=\"text\" ><h2><strong>Kitlenize Kar\u015f\u0131 Nas\u0131l Daha Kapsay\u0131c\u0131 Olabilirsiniz?<\/strong><\/h2>\n<h3><em><strong>How to be More Inclusive of Your Audience?\u00a0<\/strong><\/em><\/h3>\n<h3><\/h3>\n<h4><b>Moderat\u00f6r \/ Moderator<\/b><\/h4>\n<ul>\n<li>\n<h4><span style=\"font-weight: 400;\">Hakan Silahs\u0131zo\u011flu (Founder and Artistic Director of Atta Festival)<\/span><\/h4>\n<\/li>\n<\/ul>\n<h4><b>Konu\u015fmac\u0131lar \/ Speakers<\/b><\/h4>\n<ul>\n<li>\n<h4><span style=\"font-weight: 400;\">Sharon Gavrielov (An Independent Creator, Actress, and\u00a0 Director<\/span><\/h4>\n<\/li>\n<li>\n<h4><span style=\"font-weight: 400;\">Co-founder &amp; Artistic Director of Safe Place), Or Alterman Barnea (Co-Founder and General Director of Safe Place &#8211; Inclusive arts NGO)<\/span><\/h4>\n<\/li>\n<\/ul>\n<h4><span style=\"font-weight: 400;\">3 Haziran \/ June &#8211; Cuma \/ Friday, 15.00\u00a0<\/span><\/h4>\n<h5><span style=\"font-weight: 400;\">Tonoz\u00a0\u00a0<\/span><\/h5>\n<p><span style=\"font-weight: 400;\">\u00dccretsiz Etkinlik. This event is free.<\/span><\/p>\n<\/div><\/section><br \/>\n<div  class='hr av-7ve6dh-e782a3e56c597b421e2dd8644b081ff6 hr-default  avia-builder-el-3  el_after_av_textblock  el_before_av_textblock'><span class='hr-inner'><span class=\"hr-inner-style\"><\/span><\/span><\/div><br \/>\n<section class=\"av_textblock_section\"  itemscope=\"itemscope\" itemtype=\"https:\/\/schema.org\/CreativeWork\" ><div class='avia_textblock  av_inherit_color'  style='color:#1d1d1b; '  itemprop=\"text\" ><p><span style=\"font-weight: 400;\">*Etkinlik s\u0131ras\u0131nda T\u00fcrk\u00e7e \u00e7eviri yap\u0131lacakt\u0131r.<\/span><\/p>\n<p><em><span style=\"font-weight: 400;\">*Simultaneous translation into Turkish will be provided during the event.<\/span><\/em><\/p>\n<\/div><\/section><\/p><\/div><div class='flex_column av-5yew85-f2a279592314d2dc4823c25e65261977 av_one_half  avia-builder-el-5  el_after_av_one_half  avia-builder-el-last  flex_column_div'   ><p><section class=\"av_textblock_section\"  itemscope=\"itemscope\" itemtype=\"https:\/\/schema.org\/CreativeWork\" ><div class='avia_textblock  av_inherit_color'  style='color:#1d1d1b; '  itemprop=\"text\" ><p><span style=\"font-weight: 400;\">N\u00f6ro-\u00e7e\u015fitlili\u011fi olan izleyicilerin k\u00fclt\u00fcrel etkinlikleri deneyimleyebilmesi i\u00e7in, neredeyse hi\u00e7 var olmayan \u00f6zel ve hassas bir eri\u015filebilirli\u011fe ihtiya\u00e7lar\u0131 vard\u0131r. Eri\u015filebilirli\u011fe ula\u015f\u0131lamama sebebi ise y\u00fcksek b\u00fct\u00e7eler veya karma\u015f\u0131k teknoloji gereklili\u011fi de\u011fil. Bu t\u00fcr eri\u015filebilirlik, k\u00fclt\u00fcr alanlar\u0131n\u0131n herkese a\u00e7\u0131k olmas\u0131 gerekti\u011fine dair fark\u0131ndal\u0131k ve anlay\u0131\u015fla ba\u015flar. \u0130\u015fte bu kapsay\u0131c\u0131l\u0131kt\u0131r.<\/span><\/p>\n<p><span style=\"font-weight: 400;\">\u0130lk ad\u0131m rahat performanslard\u0131r &#8211; tiyatroya giderken daha rahat bir ortama ihtiya\u00e7 duyabilecek insanlara uyacak \u015fekilde uyarlanm\u0131\u015f veya olu\u015fturulmu\u015f bir performans.<\/span><\/p>\n<p><span style=\"font-weight: 400;\">Bu performanslar\u0131 nas\u0131l yarat\u0131r\u0131z? Neden bu kadar \u00f6nemli? Ve bundan nas\u0131l yararlanabilirsiniz?<\/span><\/p>\n<p><span style=\"font-weight: 400;\">Her g\u00f6steri i\u00e7in haz\u0131rl\u0131k malzemelerinin \u00f6nemi nedir ve herkes bunu sanatsal plan\u0131n bir par\u00e7as\u0131 haline nas\u0131l getirebilir?<\/span><\/p>\n<p><span style=\"font-weight: 400;\">T\u00fcm bunlar ve daha fazlas\u0131 \u00f6zel s\u00f6yle\u015fimizde.<\/span><\/p>\n<p><span style=\"font-weight: 400;\">&#8211;<\/span><\/p>\n<p><span style=\"font-weight: 400;\">In order for a neurodivergent audience to be able to experience cultural events, they need special and precise accessibility, that is almost non-existent. Not because it demands high budgets or complicated technology. This type of accessibility begins with awareness and understanding that culture should be open for everyone. That\u2019s inclusion.<\/span><\/p>\n<p><span style=\"font-weight: 400;\">The first step is relaxed performances &#8211; a show that\u2019s been adapted or created to suit people who might require a more relaxed environment when going to the theatre.<\/span><\/p>\n<p><span style=\"font-weight: 400;\">How do we create them? Why is it so important? And how can you benefit from it?<\/span><\/p>\n<p><span style=\"font-weight: 400;\">What is the importance of preparation materials for each show and how can everyone make it part of the artistic plan?<\/span><\/p>\n<p><span style=\"font-weight: 400;\">All this and more in our special talk.<\/span><\/p>\n<\/div><\/section><br \/>\n<div  class='hr av-4jnowl-c5b3fdbd65c1e47f6e0d3bf3558fd8cd hr-default  avia-builder-el-7  el_after_av_textblock  el_before_av_textblock'><span class='hr-inner'><span class=\"hr-inner-style\"><\/span><\/span><\/div><br \/>\n<section class=\"av_textblock_section\"  itemscope=\"itemscope\" itemtype=\"https:\/\/schema.org\/CreativeWork\" ><div class='avia_textblock  av_inherit_color'  style='color:#1d1d1b; '  itemprop=\"text\" ><p><b>Konu\u015fma S\u00fcresi \/ Talk Duration : <\/b><span style=\"font-weight: 400;\">90\u2019<\/span><\/p>\n<p><b>Kat\u0131l\u0131mc\u0131 Say\u0131s\u0131 \/ Number of Participants :<\/b><span style=\"font-weight: 400;\"> 50<\/span><\/p>\n<p><b>Ya\u015f \/ Age : <\/b><span style=\"font-weight: 400;\">+16<\/span><\/p>\n<\/div><\/section><\/p><\/div><\/p>","protected":false},"excerpt":{"rendered":"","protected":false},"author":2,"featured_media":0,"parent":0,"menu_order":0,"comment_status":"closed","ping_status":"closed","template":"","meta":{"footnotes":""},"class_list":["post-2773","page","type-page","status-publish","hentry"],"_links":{"self":[{"href":"https:\/\/bergamatiyatrofestivali.com\/en\/wp-json\/wp\/v2\/pages\/2773","targetHints":{"allow":["GET"]}}],"collection":[{"href":"https:\/\/bergamatiyatrofestivali.com\/en\/wp-json\/wp\/v2\/pages"}],"about":[{"href":"https:\/\/bergamatiyatrofestivali.com\/en\/wp-json\/wp\/v2\/types\/page"}],"author":[{"embeddable":true,"href":"https:\/\/bergamatiyatrofestivali.com\/en\/wp-json\/wp\/v2\/users\/2"}],"replies":[{"embeddable":true,"href":"https:\/\/bergamatiyatrofestivali.com\/en\/wp-json\/wp\/v2\/comments?post=2773"}],"version-history":[{"count":5,"href":"https:\/\/bergamatiyatrofestivali.com\/en\/wp-json\/wp\/v2\/pages\/2773\/revisions"}],"predecessor-version":[{"id":3312,"href":"https:\/\/bergamatiyatrofestivali.com\/en\/wp-json\/wp\/v2\/pages\/2773\/revisions\/3312"}],"wp:attachment":[{"href":"https:\/\/bergamatiyatrofestivali.com\/en\/wp-json\/wp\/v2\/media?parent=2773"}],"curies":[{"name":"wp","href":"https:\/\/api.w.org\/{rel}","templated":true}]}}