{"id":2770,"date":"2022-05-13T22:57:21","date_gmt":"2022-05-13T19:57:21","guid":{"rendered":"https:\/\/bergamatiyatrofestivali.com\/?page_id=2770"},"modified":"2022-05-30T19:01:41","modified_gmt":"2022-05-30T16:01:41","slug":"karagoz-tasvir-atolyesi","status":"publish","type":"page","link":"https:\/\/bergamatiyatrofestivali.com\/en\/karagoz-tasvir-atolyesi\/","title":{"rendered":"Karag\u00f6z Tasvir At\u00f6lyesi"},"content":{"rendered":"<div class='flex_column av-757bgy-815e93ff5f54e2867054e5b17c04ee91 av_one_half  avia-builder-el-0  el_before_av_one_half  avia-builder-el-first  first flex_column_div'   ><p>\n<style type=\"text\/css\" data-created_by=\"avia_inline_auto\" id=\"style-css-av-60470i-3f9a87ac12e4a99aa3fe1ae5380fee20\">\n.avia-image-container.av-60470i-3f9a87ac12e4a99aa3fe1ae5380fee20 .av-image-caption-overlay-center{\ncolor:#ffffff;\n}\n<\/style>\n<div  class='avia-image-container av-60470i-3f9a87ac12e4a99aa3fe1ae5380fee20 av-styling- avia-align-center  avia-builder-el-1  el_before_av_textblock  avia-builder-el-first'  itemprop=\"image\" itemscope=\"itemscope\" itemtype=\"https:\/\/schema.org\/ImageObject\" ><div class=\"avia-image-container-inner\"><div class=\"avia-image-overlay-wrap\"><img decoding=\"async\" class='wp-image-3315 avia-img-lazy-loading-not-3315 avia_image' src=\"https:\/\/bergamatiyatrofestivali.com\/wp-content\/uploads\/2022\/05\/Karagoz-Tasvir-Atolyesi-Post.png\" alt='' title='Karag\u00f6z Tasvir At\u00f6lyesi - Post'  height=\"1080\" width=\"1080\"  itemprop=\"thumbnailUrl\" srcset=\"https:\/\/bergamatiyatrofestivali.com\/wp-content\/uploads\/2022\/05\/Karagoz-Tasvir-Atolyesi-Post.png 1080w, https:\/\/bergamatiyatrofestivali.com\/wp-content\/uploads\/2022\/05\/Karagoz-Tasvir-Atolyesi-Post-300x300.png 300w, https:\/\/bergamatiyatrofestivali.com\/wp-content\/uploads\/2022\/05\/Karagoz-Tasvir-Atolyesi-Post-1030x1030.png 1030w, https:\/\/bergamatiyatrofestivali.com\/wp-content\/uploads\/2022\/05\/Karagoz-Tasvir-Atolyesi-Post-80x80.png 80w, https:\/\/bergamatiyatrofestivali.com\/wp-content\/uploads\/2022\/05\/Karagoz-Tasvir-Atolyesi-Post-768x768.png 768w, https:\/\/bergamatiyatrofestivali.com\/wp-content\/uploads\/2022\/05\/Karagoz-Tasvir-Atolyesi-Post-12x12.png 12w, https:\/\/bergamatiyatrofestivali.com\/wp-content\/uploads\/2022\/05\/Karagoz-Tasvir-Atolyesi-Post-36x36.png 36w, https:\/\/bergamatiyatrofestivali.com\/wp-content\/uploads\/2022\/05\/Karagoz-Tasvir-Atolyesi-Post-180x180.png 180w, https:\/\/bergamatiyatrofestivali.com\/wp-content\/uploads\/2022\/05\/Karagoz-Tasvir-Atolyesi-Post-705x705.png 705w\" sizes=\"(max-width: 1080px) 100vw, 1080px\" \/><\/div><\/div><\/div><br \/>\n<section class=\"av_textblock_section\"  itemscope=\"itemscope\" itemtype=\"https:\/\/schema.org\/CreativeWork\" ><div class='avia_textblock  av_inherit_color'  style='color:#1d1d1b; '  itemprop=\"text\" ><h2><strong>Karag\u00f6z Tasvir At\u00f6lyesi<\/strong><\/h2>\n<h3><em><strong>Karag\u00f6z Puppet Workshop\u00a0<\/strong><\/em><\/h3>\n<h3><span style=\"font-weight: 400;\">Deniz \u00d6kg\u00f6kbel (<\/span><span style=\"font-weight: 400;\">G\u00f6lge G\u00f6steri Sanatlar\u0131 Karag\u00f6z ve Kukla Evi)<\/span><\/h3>\n<h4><span style=\"font-weight: 400;\">3 Haziran \/ June &#8211; Cuma \/ Friday, 17:00<\/span><\/h4>\n<h5><span style=\"font-weight: normal;\">Pergamon Hotel<\/span><\/h5>\n<\/div><\/section><br \/>\n\n<style type=\"text\/css\" data-created_by=\"avia_inline_auto\" id=\"style-css-av-47i8g2-22ba344204e7836f3fc73ee0d3099817\">\n#top .hr.hr-invisible.av-47i8g2-22ba344204e7836f3fc73ee0d3099817{\nheight:20px;\n}\n<\/style>\n<div  class='hr av-47i8g2-22ba344204e7836f3fc73ee0d3099817 hr-invisible  avia-builder-el-3  el_after_av_textblock  el_before_av_buttonrow'><span class='hr-inner'><span class=\"hr-inner-style\"><\/span><\/span><\/div><br \/>\n<div  class='avia-buttonrow-wrap av-l34v2fjm-2f320f0deaeb391089d163a0cd55e925 avia-buttonrow-left  avia-builder-el-4  el_after_av_hr  avia-builder-el-last'>\n\n<style type=\"text\/css\" data-created_by=\"avia_inline_auto\" id=\"style-css-av-l34v202v-91b6c79843306006306215ad89d2eba3\">\n#top #wrap_all .avia-button.av-l34v202v-91b6c79843306006306215ad89d2eba3{\nmargin-bottom:5px;\nmargin-right:5px;\n}\n#top #wrap_all .avia-button.av-l34v202v-91b6c79843306006306215ad89d2eba3:hover{\nbackground-color:black;\ncolor:#ffffff;\ntransition:all 0.4s ease-in-out;\n-webkit-transition:all 0.4s ease-in-out;\n-moz-transition:all 0.4s ease-in-out;\n-ms-transition:all 0.4s ease-in-out;\n-o-transition:all 0.4s ease-in-out;\n}\n<\/style>\n<a href='https:\/\/www.mobilet.com\/event\/karagoz-tasvir-atolyesi-deniz-ozgokbel-11856-ba62' class='avia-button av-l34v202v-91b6c79843306006306215ad89d2eba3 avia-icon_select-yes-left-icon avia-size-medium avia-color-black avia-font-color-white' target=\"_blank\" rel=\"noopener noreferrer\"><span class='avia_button_icon avia_button_icon_left' aria-hidden='true' data-av_icon='\ue881' data-av_iconfont='entypo-fontello'><\/span><span class='avia_iconbox_title' >MOB\u0130LET<\/span><\/a>\n<\/div><\/p><\/div><div class='flex_column av-8w9wy-b029cb7549e1040da2694a4edb7f13e1 av_one_half  avia-builder-el-5  el_after_av_one_half  avia-builder-el-last  flex_column_div'   ><p><section class=\"av_textblock_section\"  itemscope=\"itemscope\" itemtype=\"https:\/\/schema.org\/CreativeWork\" ><div class='avia_textblock  av_inherit_color'  style='color:#1d1d1b; '  itemprop=\"text\" ><p><span style=\"font-weight: 400;\">PVC malzeme ile Karag\u00f6z ve Hacivat tasvirleri yap\u0131m at\u00f6lyesi. At\u00f6lye sonunda her kat\u0131l\u0131mc\u0131n\u0131n perdede oynat\u0131labilir, de\u011fnekli, \u015feffaf Karag\u00f6z ve Hacivat tasvirleri olacakt\u0131r. At\u00f6lye sonunda kurulacak bir perdede kat\u0131l\u0131mc\u0131lar yapt\u0131klar\u0131 kuklalar\u0131 oynatacaklard\u0131r.<\/span><\/p>\n<p><span style=\"font-weight: 400;\">1996 y\u0131l\u0131ndan itibaren karag\u00f6z ve kukla oynatan sanat\u00e7\u0131, tasvir yap\u0131m\u0131 e\u011fitimini ustas\u0131 Ya\u015fayan \u0130nsan Hazinesi Orhan Kurt\u2019tan, Karag\u00f6z oynat\u0131m\u0131 ve k\u00fclt\u00fcr\u00fc konusunda Tacettin Diker ve Metin \u00d6zlen&#8217;den e\u011fitim alm\u0131\u015ft\u0131r. 2011 y\u0131l\u0131nda \u201ckukla yap\u0131m, tasvir yap\u0131m, karag\u00f6z ve kukla oynat\u0131m\u0131\u201d dallar\u0131nda\u00a0 \u201cUNESCO Somut Olmayan K\u00fclt\u00fcr Miras\u0131 Ta\u015f\u0131y\u0131c\u0131s\u0131\u201d \u00fcnvan\u0131 alm\u0131\u015ft\u0131r. Bug\u00fcne kadar pek \u00e7ok ulusal\/uluslararas\u0131 festival, \u015fenlik ve Erasmus projelerinde yer alarak oyun, seminer ve at\u00f6lye \u00e7al\u0131\u015fmalar\u0131 yapm\u0131\u015ft\u0131r.<\/span><\/p>\n<p><span style=\"font-weight: 400;\">&#8211;<\/span><\/p>\n<p><span style=\"font-weight: 400;\">Workshop for making Karag\u00f6z and Hacivat shadow puppets with PVC material. At the end of the workshop, each participant will have transparent puppets of Karag\u00f6z and Hacivat with sticks that can be played on the screen. At the end of the workshop, the participants will manipulate the puppets on a shadow play screen.<\/span><\/p>\n<p><span style=\"font-weight: 400;\">Deniz \u00d6kg\u00f6kbel, who has been playing karag\u00f6z and puppetry since 1996, received training in figurine making from his master, Living Human Treasure, Orhan Kurt, and training in Karag\u00f6z performance and culture from Tacettin Diker and Metin \u00d6zlen. In 2011, he received the title of &#8220;UNESCO Intangible Cultural Heritage Bearer&#8221; in the branches of &#8220;puppet making, figurine making, karag\u00f6z and puppet play.&#8221; He has participated in many national and international festivals, and Erasmus projects, and has carried out plays, seminars and workshops.<\/span><\/p>\n<\/div><\/section><br \/>\n\n<style type=\"text\/css\" data-created_by=\"avia_inline_auto\" id=\"style-css-av-l34v02b3-d31adfacdf7cf858dcb7c398383cc96f\">\n#top .hr.hr-invisible.av-l34v02b3-d31adfacdf7cf858dcb7c398383cc96f{\nheight:20px;\n}\n<\/style>\n<div  class='hr av-l34v02b3-d31adfacdf7cf858dcb7c398383cc96f hr-invisible  avia-builder-el-7  el_after_av_textblock  el_before_av_textblock'><span class='hr-inner'><span class=\"hr-inner-style\"><\/span><\/span><\/div><br \/>\n<section class=\"av_textblock_section\"  itemscope=\"itemscope\" itemtype=\"https:\/\/schema.org\/CreativeWork\" ><div class='avia_textblock  av_inherit_color'  style='color:#1d1d1b; '  itemprop=\"text\" ><p><b>At\u00f6lye S\u00fcresi \/ Workshop Duration: <\/b><span style=\"font-weight: 400;\">60\u2019<\/span><\/p>\n<p><b>Kat\u0131l\u0131mc\u0131 Say\u0131s\u0131 \/ Number of Participants: <\/b><span style=\"font-weight: 400;\">15<\/span><\/p>\n<p><b>Ya\u015f \/ Age: <\/b><span style=\"font-weight: 400;\">7-14 ya\u015f \/ 7-14 Year Olds<\/span><\/p>\n<\/div><\/section><\/p><\/div><\/p>","protected":false},"excerpt":{"rendered":"","protected":false},"author":1,"featured_media":0,"parent":0,"menu_order":0,"comment_status":"closed","ping_status":"closed","template":"","meta":{"footnotes":""},"class_list":["post-2770","page","type-page","status-publish","hentry"],"_links":{"self":[{"href":"https:\/\/bergamatiyatrofestivali.com\/en\/wp-json\/wp\/v2\/pages\/2770","targetHints":{"allow":["GET"]}}],"collection":[{"href":"https:\/\/bergamatiyatrofestivali.com\/en\/wp-json\/wp\/v2\/pages"}],"about":[{"href":"https:\/\/bergamatiyatrofestivali.com\/en\/wp-json\/wp\/v2\/types\/page"}],"author":[{"embeddable":true,"href":"https:\/\/bergamatiyatrofestivali.com\/en\/wp-json\/wp\/v2\/users\/1"}],"replies":[{"embeddable":true,"href":"https:\/\/bergamatiyatrofestivali.com\/en\/wp-json\/wp\/v2\/comments?post=2770"}],"version-history":[{"count":5,"href":"https:\/\/bergamatiyatrofestivali.com\/en\/wp-json\/wp\/v2\/pages\/2770\/revisions"}],"predecessor-version":[{"id":3319,"href":"https:\/\/bergamatiyatrofestivali.com\/en\/wp-json\/wp\/v2\/pages\/2770\/revisions\/3319"}],"wp:attachment":[{"href":"https:\/\/bergamatiyatrofestivali.com\/en\/wp-json\/wp\/v2\/media?parent=2770"}],"curies":[{"name":"wp","href":"https:\/\/api.w.org\/{rel}","templated":true}]}}